{"id":69662,"date":"2025-08-03T14:16:05","date_gmt":"2025-08-03T12:16:05","guid":{"rendered":"https:\/\/kurato.ch\/?post_type=product&#038;p=69662"},"modified":"2025-09-02T16:38:49","modified_gmt":"2025-09-02T14:38:49","slug":"buerostuhl-von-egon-eiermann-fuer-wildespieth-1970er-jahre","status":"publish","type":"product","link":"https:\/\/kurato.ch\/fr\/product\/buerostuhl-von-egon-eiermann-fuer-wildespieth-1970er-jahre\/","title":{"rendered":"B\u00fcrostuhl von Egon Eiermann f\u00fcr Wilde+Spieth, 1970er Jahre"},"content":{"rendered":"<p>Dieser elegante B\u00fcrostuhl ist ein Modell des deutschen Traditionsherstellers Wilde+Spieth, das am 16. August 1978 gefertigt wurde \u2013 wie ein gut erhaltener Originalaufkleber auf der Unterseite dokumentiert.<\/p>\n<p>Die klare, reduzierte Gestaltung sowie das markante technische R\u00fcckenelement mit der Pr\u00e4gung \u201eW+S\u201c deuten auf einen Werkentwurf aus der N\u00e4he des ber\u00fchmten Architekten Egon Eiermann hin, der zahlreiche Modelle f\u00fcr Wilde+Spieth entwarf. Dieses Exemplar tr\u00e4gt die interne Bezeichnung \u201eSE 40 R\u201c, ein rollbares Modell mit h\u00f6henverstellbarem Sitz und R\u00fcckenlehne.<\/p>\n<p>Die Sitzfl\u00e4che und R\u00fcckenlehne bestehen aus ergonomisch geformtem Bogenschichtholz mit warmem Klarlackfinish, vermutlich in Buche furniert. Die Sitzschale ist leicht gebogen und k\u00f6rpergerecht geformt, ebenso wie die freischwebende R\u00fcckenlehne, die \u00fcber zwei parallel gef\u00fchrte, verchromte Rundstahlb\u00fcgel mit dem Untergestell verbunden ist. Am hinteren Mittelpunkt sitzt das charakteristische runde Verbindungselement mit dem W+S-Logo, das zugleich als Justiermechanismus dient. Das f\u00fcnfarmige Fusskreuz ist aus schwarzem Kunststoff gefertigt, die Rollen sind ebenfalls schwarz. Die Gasfedermechanik erm\u00f6glicht eine stufenlose H\u00f6henverstellung.<\/p>\n<p>Zustand: Der Stuhl befindet sich in insgesamt gutem Zustand mit funktionst\u00fcchtiger Mechanik und intakter Konstruktion. Die Holzoberfl\u00e4chen zeigen einige kleinere Kratzer, Druckstellen und Gebrauchsspuren, die dem Alter entsprechend sind. Die R\u00fcckenlehne ist stellenweise leicht nachgedunkelt. Die Kunststoffteile sind ebenfalls intakt mit leichten altersbedingten Gebrauchsspuren. Der Originalaufkleber mit Datumsangabe ist gut lesbar erhalten.<\/p>\n<p>Masse: L47 x B49 x H76-89 cm<br \/>Sitzh\u00f6he 43,5-56,5 cm<\/p>\n<p><strong>Vous souhaitez recevoir l'article chez vous ?<\/strong><\/p>\n<p>Contactez le service client\u00e8le de Kurato <a href=\"mailto:hello@kurato.ch\" data-mce-href=\"mailto:hello@kurato.ch\"><strong>hello@kurato.ch<\/strong><\/a> et demandez une offre de livraison personnalis\u00e9e.<\/p>\n<p><br data-mce-bogus=\"1\"><\/p>","protected":false},"excerpt":{"rendered":"<p>Dieser elegante B\u00fcrostuhl ist ein Modell des deutschen Traditionsherstellers Wilde+Spieth, das am 16. August 1978 gefertigt wurde \u2013 wie ein gut erhaltener Originalaufkleber auf der Unterseite dokumentiert. Die klare, reduzierte Gestaltung sowie das markante technische R\u00fcckenelement mit der Pr\u00e4gung \u201eW+S\u201c deuten auf einen Werkentwurf aus der N\u00e4he des ber\u00fchmten Architekten Egon Eiermann hin, der zahlreiche [&hellip;]<\/p>\n","protected":false},"featured_media":69728,"template":"","meta":{"_acf_changed":false,"site-sidebar-layout":"default","site-content-layout":"","ast-site-content-layout":"default","site-content-style":"default","site-sidebar-style":"default","ast-global-header-display":"","ast-banner-title-visibility":"","ast-main-header-display":"","ast-hfb-above-header-display":"","ast-hfb-below-header-display":"","ast-hfb-mobile-header-display":"","site-post-title":"","ast-breadcrumbs-content":"","ast-featured-img":"","footer-sml-layout":"","ast-disable-related-posts":"","theme-transparent-header-meta":"","adv-header-id-meta":"","stick-header-meta":"","header-above-stick-meta":"","header-main-stick-meta":"","header-below-stick-meta":"","astra-migrate-meta-layouts":"default","ast-page-background-enabled":"default","ast-page-background-meta":{"desktop":{"background-color":"","background-image":"","background-repeat":"repeat","background-position":"center center","background-size":"auto","background-attachment":"scroll","background-type":"","background-media":"","overlay-type":"","overlay-color":"","overlay-opacity":"","overlay-gradient":""},"tablet":{"background-color":"","background-image":"","background-repeat":"repeat","background-position":"center center","background-size":"auto","background-attachment":"scroll","background-type":"","background-media":"","overlay-type":"","overlay-color":"","overlay-opacity":"","overlay-gradient":""},"mobile":{"background-color":"","background-image":"","background-repeat":"repeat","background-position":"center center","background-size":"auto","background-attachment":"scroll","background-type":"","background-media":"","overlay-type":"","overlay-color":"","overlay-opacity":"","overlay-gradient":""}},"ast-content-background-meta":{"desktop":{"background-color":"var(--ast-global-color-5)","background-image":"","background-repeat":"repeat","background-position":"center center","background-size":"auto","background-attachment":"scroll","background-type":"","background-media":"","overlay-type":"","overlay-color":"","overlay-opacity":"","overlay-gradient":""},"tablet":{"background-color":"var(--ast-global-color-5)","background-image":"","background-repeat":"repeat","background-position":"center center","background-size":"auto","background-attachment":"scroll","background-type":"","background-media":"","overlay-type":"","overlay-color":"","overlay-opacity":"","overlay-gradient":""},"mobile":{"background-color":"var(--ast-global-color-5)","background-image":"","background-repeat":"repeat","background-position":"center center","background-size":"auto","background-attachment":"scroll","background-type":"","background-media":"","overlay-type":"","overlay-color":"","overlay-opacity":"","overlay-gradient":""}}},"product_brand":[],"product_cat":[163],"product_tag":[],"class_list":{"0":"post-69662","1":"product","2":"type-product","3":"status-publish","4":"has-post-thumbnail","6":"product_cat-vintage-stuhl","7":"pa_designer-eiermann-egon","8":"pa_farbe-braun","9":"pa_farbe-gelb","10":"pa_material-holz","11":"pa_material-metall","12":"pa_stil-vintage","13":"desktop-align-left","14":"tablet-align-left","15":"mobile-align-left","17":"first","18":"outofstock","19":"sold-individually","20":"shipping-taxable","21":"purchasable","22":"product-type-simple"},"acf":[],"yoast_head":"<!-- This site is optimized with the Yoast SEO plugin v27.4 - https:\/\/yoast.com\/product\/yoast-seo-wordpress\/ -->\n<title>B\u00fcrostuhl von Egon Eiermann f\u00fcr Wilde+Spieth, 1970er Jahre | Vintage M\u00f6bel kaufen auf KURATO.CH<\/title>\n<meta name=\"description\" content=\"Entdecke Vintage M\u00f6bel &amp; Dekoration \u27a4 B\u00fcrostuhl von Egon Eiermann f\u00fcr Wilde+Spieth, 1970er Jahre auf Kurato. \u2713Lieferung Schweiz \u271314-Tage R\u00fcckgabe \u2713Secondhand Unikat\" \/>\n<meta name=\"robots\" content=\"index, follow, max-snippet:-1, max-image-preview:large, max-video-preview:-1\" \/>\n<link rel=\"canonical\" href=\"https:\/\/kurato.ch\/fr\/product\/buerostuhl-von-egon-eiermann-fuer-wildespieth-1970er-jahre\/\" \/>\n<meta property=\"og:locale\" content=\"fr_FR\" \/>\n<meta property=\"og:type\" content=\"article\" \/>\n<meta property=\"og:title\" content=\"B\u00fcrostuhl von Egon Eiermann f\u00fcr Wilde+Spieth, 1970er Jahre | Vintage M\u00f6bel kaufen auf KURATO.CH\" \/>\n<meta property=\"og:description\" content=\"Entdecke Vintage M\u00f6bel &amp; Dekoration \u27a4 B\u00fcrostuhl von Egon Eiermann f\u00fcr Wilde+Spieth, 1970er Jahre auf Kurato. \u2713Lieferung Schweiz \u271314-Tage R\u00fcckgabe \u2713Secondhand Unikat\" \/>\n<meta property=\"og:url\" content=\"https:\/\/kurato.ch\/fr\/product\/buerostuhl-von-egon-eiermann-fuer-wildespieth-1970er-jahre\/\" \/>\n<meta property=\"og:site_name\" content=\"Vintage M\u00f6bel &amp; Dekoration I Kurato\" \/>\n<meta property=\"article:publisher\" content=\"https:\/\/www.facebook.com\/kuratoswitzerland\" \/>\n<meta property=\"article:modified_time\" content=\"2025-09-02T14:38:49+00:00\" \/>\n<meta property=\"og:image\" content=\"https:\/\/kurato.ch\/wp-content\/uploads\/2025\/08\/Buerostuhl-von-Egon-Eiermann-fuer-WildeSpieth-1970er-Jahre-vintage-secondhand-gebraucht-schweiz-Instagram-Post.jpg\" \/>\n\t<meta property=\"og:image:width\" content=\"810\" \/>\n\t<meta property=\"og:image:height\" content=\"810\" \/>\n\t<meta property=\"og:image:type\" content=\"image\/jpeg\" \/>\n<meta name=\"twitter:label1\" content=\"Dur\u00e9e de lecture estim\u00e9e\" \/>\n\t<meta name=\"twitter:data1\" content=\"1 minute\" \/>\n<script type=\"application\/ld+json\" class=\"yoast-schema-graph\">{\"@context\":\"https:\\\/\\\/schema.org\",\"@graph\":[{\"@type\":\"WebPage\",\"@id\":\"https:\\\/\\\/kurato.ch\\\/product\\\/buerostuhl-von-egon-eiermann-fuer-wildespieth-1970er-jahre\\\/\",\"url\":\"https:\\\/\\\/kurato.ch\\\/product\\\/buerostuhl-von-egon-eiermann-fuer-wildespieth-1970er-jahre\\\/\",\"name\":\"B\u00fcrostuhl von Egon Eiermann f\u00fcr Wilde+Spieth, 1970er Jahre | Vintage M\u00f6bel kaufen auf KURATO.CH\",\"isPartOf\":{\"@id\":\"https:\\\/\\\/kurato.ch\\\/#website\"},\"primaryImageOfPage\":{\"@id\":\"https:\\\/\\\/kurato.ch\\\/product\\\/buerostuhl-von-egon-eiermann-fuer-wildespieth-1970er-jahre\\\/#primaryimage\"},\"image\":{\"@id\":\"https:\\\/\\\/kurato.ch\\\/product\\\/buerostuhl-von-egon-eiermann-fuer-wildespieth-1970er-jahre\\\/#primaryimage\"},\"thumbnailUrl\":\"https:\\\/\\\/kurato.ch\\\/wp-content\\\/uploads\\\/2025\\\/08\\\/Buerostuhl-von-Egon-Eiermann-fuer-WildeSpieth-1970er-Jahre-vintage-secondhand-gebraucht-schweiz-Instagram-Post.jpg\",\"datePublished\":\"2025-08-03T12:16:05+00:00\",\"dateModified\":\"2025-09-02T14:38:49+00:00\",\"description\":\"Entdecke Vintage M\u00f6bel & Dekoration \u27a4 B\u00fcrostuhl von Egon Eiermann f\u00fcr Wilde+Spieth, 1970er Jahre auf Kurato. \u2713Lieferung Schweiz \u271314-Tage R\u00fcckgabe \u2713Secondhand Unikat\",\"breadcrumb\":{\"@id\":\"https:\\\/\\\/kurato.ch\\\/product\\\/buerostuhl-von-egon-eiermann-fuer-wildespieth-1970er-jahre\\\/#breadcrumb\"},\"inLanguage\":\"fr-FR\",\"potentialAction\":[{\"@type\":\"ReadAction\",\"target\":[\"https:\\\/\\\/kurato.ch\\\/product\\\/buerostuhl-von-egon-eiermann-fuer-wildespieth-1970er-jahre\\\/\"]}]},{\"@type\":\"ImageObject\",\"inLanguage\":\"fr-FR\",\"@id\":\"https:\\\/\\\/kurato.ch\\\/product\\\/buerostuhl-von-egon-eiermann-fuer-wildespieth-1970er-jahre\\\/#primaryimage\",\"url\":\"https:\\\/\\\/kurato.ch\\\/wp-content\\\/uploads\\\/2025\\\/08\\\/Buerostuhl-von-Egon-Eiermann-fuer-WildeSpieth-1970er-Jahre-vintage-secondhand-gebraucht-schweiz-Instagram-Post.jpg\",\"contentUrl\":\"https:\\\/\\\/kurato.ch\\\/wp-content\\\/uploads\\\/2025\\\/08\\\/Buerostuhl-von-Egon-Eiermann-fuer-WildeSpieth-1970er-Jahre-vintage-secondhand-gebraucht-schweiz-Instagram-Post.jpg\",\"width\":810,\"height\":810,\"caption\":\"B\u00fcrostuhl von Egon Eiermann f\u00fcr Wilde+Spieth, 1970er Jahre\"},{\"@type\":\"BreadcrumbList\",\"@id\":\"https:\\\/\\\/kurato.ch\\\/product\\\/buerostuhl-von-egon-eiermann-fuer-wildespieth-1970er-jahre\\\/#breadcrumb\",\"itemListElement\":[{\"@type\":\"ListItem\",\"position\":1,\"name\":\"Home\",\"item\":\"https:\\\/\\\/kurato.ch\\\/\"},{\"@type\":\"ListItem\",\"position\":2,\"name\":\"Neuheiten\",\"item\":\"https:\\\/\\\/kurato.ch\\\/neuheiten\\\/\"},{\"@type\":\"ListItem\",\"position\":3,\"name\":\"B\u00fcrostuhl von Egon Eiermann f\u00fcr Wilde+Spieth, 1970er Jahre\"}]},{\"@type\":\"WebSite\",\"@id\":\"https:\\\/\\\/kurato.ch\\\/#website\",\"url\":\"https:\\\/\\\/kurato.ch\\\/\",\"name\":\"Vintage M\u00f6bel &amp; Dekoration I Kurato\",\"description\":\"Vintage M\u00f6bel &amp; Dekoration I Kurato\",\"publisher\":{\"@id\":\"https:\\\/\\\/kurato.ch\\\/#organization\"},\"potentialAction\":[{\"@type\":\"SearchAction\",\"target\":{\"@type\":\"EntryPoint\",\"urlTemplate\":\"https:\\\/\\\/kurato.ch\\\/?s={search_term_string}\"},\"query-input\":{\"@type\":\"PropertyValueSpecification\",\"valueRequired\":true,\"valueName\":\"search_term_string\"}}],\"inLanguage\":\"fr-FR\"},{\"@type\":\"Organization\",\"@id\":\"https:\\\/\\\/kurato.ch\\\/#organization\",\"name\":\"Kurato.\",\"url\":\"https:\\\/\\\/kurato.ch\\\/\",\"logo\":{\"@type\":\"ImageObject\",\"inLanguage\":\"fr-FR\",\"@id\":\"https:\\\/\\\/kurato.ch\\\/#\\\/schema\\\/logo\\\/image\\\/\",\"url\":\"\",\"contentUrl\":\"\",\"caption\":\"Kurato.\"},\"image\":{\"@id\":\"https:\\\/\\\/kurato.ch\\\/#\\\/schema\\\/logo\\\/image\\\/\"},\"sameAs\":[\"https:\\\/\\\/www.facebook.com\\\/kuratoswitzerland\",\"https:\\\/\\\/www.instagram.com\\\/kurato.ch\\\/\",\"https:\\\/\\\/www.pinterest.ch\\\/kurato_ch\\\/_created\\\/\"]}]}<\/script>\n<!-- \/ Yoast SEO plugin. -->","yoast_head_json":{"title":"B\u00fcrostuhl von Egon Eiermann f\u00fcr Wilde+Spieth, 1970er Jahre | Vintage M\u00f6bel kaufen auf KURATO.CH","description":"Entdecke Vintage M\u00f6bel & Dekoration \u27a4 B\u00fcrostuhl von Egon Eiermann f\u00fcr Wilde+Spieth, 1970er Jahre auf Kurato. \u2713Lieferung Schweiz \u271314-Tage R\u00fcckgabe \u2713Secondhand Unikat","robots":{"index":"index","follow":"follow","max-snippet":"max-snippet:-1","max-image-preview":"max-image-preview:large","max-video-preview":"max-video-preview:-1"},"canonical":"https:\/\/kurato.ch\/fr\/product\/buerostuhl-von-egon-eiermann-fuer-wildespieth-1970er-jahre\/","og_locale":"fr_FR","og_type":"article","og_title":"B\u00fcrostuhl von Egon Eiermann f\u00fcr Wilde+Spieth, 1970er Jahre | Vintage M\u00f6bel kaufen auf KURATO.CH","og_description":"Entdecke Vintage M\u00f6bel & Dekoration \u27a4 B\u00fcrostuhl von Egon Eiermann f\u00fcr Wilde+Spieth, 1970er Jahre auf Kurato. \u2713Lieferung Schweiz \u271314-Tage R\u00fcckgabe \u2713Secondhand Unikat","og_url":"https:\/\/kurato.ch\/fr\/product\/buerostuhl-von-egon-eiermann-fuer-wildespieth-1970er-jahre\/","og_site_name":"Vintage M\u00f6bel &amp; Dekoration I Kurato","article_publisher":"https:\/\/www.facebook.com\/kuratoswitzerland","article_modified_time":"2025-09-02T14:38:49+00:00","og_image":[{"width":810,"height":810,"url":"https:\/\/kurato.ch\/wp-content\/uploads\/2025\/08\/Buerostuhl-von-Egon-Eiermann-fuer-WildeSpieth-1970er-Jahre-vintage-secondhand-gebraucht-schweiz-Instagram-Post.jpg","type":"image\/jpeg"}],"twitter_misc":{"Dur\u00e9e de lecture estim\u00e9e":"1 minute"},"schema":{"@context":"https:\/\/schema.org","@graph":[{"@type":"WebPage","@id":"https:\/\/kurato.ch\/product\/buerostuhl-von-egon-eiermann-fuer-wildespieth-1970er-jahre\/","url":"https:\/\/kurato.ch\/product\/buerostuhl-von-egon-eiermann-fuer-wildespieth-1970er-jahre\/","name":"B\u00fcrostuhl von Egon Eiermann f\u00fcr Wilde+Spieth, 1970er Jahre | Vintage M\u00f6bel kaufen auf KURATO.CH","isPartOf":{"@id":"https:\/\/kurato.ch\/#website"},"primaryImageOfPage":{"@id":"https:\/\/kurato.ch\/product\/buerostuhl-von-egon-eiermann-fuer-wildespieth-1970er-jahre\/#primaryimage"},"image":{"@id":"https:\/\/kurato.ch\/product\/buerostuhl-von-egon-eiermann-fuer-wildespieth-1970er-jahre\/#primaryimage"},"thumbnailUrl":"https:\/\/kurato.ch\/wp-content\/uploads\/2025\/08\/Buerostuhl-von-Egon-Eiermann-fuer-WildeSpieth-1970er-Jahre-vintage-secondhand-gebraucht-schweiz-Instagram-Post.jpg","datePublished":"2025-08-03T12:16:05+00:00","dateModified":"2025-09-02T14:38:49+00:00","description":"Entdecke Vintage M\u00f6bel & Dekoration \u27a4 B\u00fcrostuhl von Egon Eiermann f\u00fcr Wilde+Spieth, 1970er Jahre auf Kurato. \u2713Lieferung Schweiz \u271314-Tage R\u00fcckgabe \u2713Secondhand Unikat","breadcrumb":{"@id":"https:\/\/kurato.ch\/product\/buerostuhl-von-egon-eiermann-fuer-wildespieth-1970er-jahre\/#breadcrumb"},"inLanguage":"fr-FR","potentialAction":[{"@type":"ReadAction","target":["https:\/\/kurato.ch\/product\/buerostuhl-von-egon-eiermann-fuer-wildespieth-1970er-jahre\/"]}]},{"@type":"ImageObject","inLanguage":"fr-FR","@id":"https:\/\/kurato.ch\/product\/buerostuhl-von-egon-eiermann-fuer-wildespieth-1970er-jahre\/#primaryimage","url":"https:\/\/kurato.ch\/wp-content\/uploads\/2025\/08\/Buerostuhl-von-Egon-Eiermann-fuer-WildeSpieth-1970er-Jahre-vintage-secondhand-gebraucht-schweiz-Instagram-Post.jpg","contentUrl":"https:\/\/kurato.ch\/wp-content\/uploads\/2025\/08\/Buerostuhl-von-Egon-Eiermann-fuer-WildeSpieth-1970er-Jahre-vintage-secondhand-gebraucht-schweiz-Instagram-Post.jpg","width":810,"height":810,"caption":"B\u00fcrostuhl von Egon Eiermann f\u00fcr Wilde+Spieth, 1970er Jahre"},{"@type":"BreadcrumbList","@id":"https:\/\/kurato.ch\/product\/buerostuhl-von-egon-eiermann-fuer-wildespieth-1970er-jahre\/#breadcrumb","itemListElement":[{"@type":"ListItem","position":1,"name":"Home","item":"https:\/\/kurato.ch\/"},{"@type":"ListItem","position":2,"name":"Neuheiten","item":"https:\/\/kurato.ch\/neuheiten\/"},{"@type":"ListItem","position":3,"name":"B\u00fcrostuhl von Egon Eiermann f\u00fcr Wilde+Spieth, 1970er Jahre"}]},{"@type":"WebSite","@id":"https:\/\/kurato.ch\/#website","url":"https:\/\/kurato.ch\/","name":"Meubles vintage &amp; d\u00e9coration I Kurato","description":"Meubles vintage &amp; d\u00e9coration I Kurato","publisher":{"@id":"https:\/\/kurato.ch\/#organization"},"potentialAction":[{"@type":"SearchAction","target":{"@type":"EntryPoint","urlTemplate":"https:\/\/kurato.ch\/?s={search_term_string}"},"query-input":{"@type":"PropertyValueSpecification","valueRequired":true,"valueName":"search_term_string"}}],"inLanguage":"fr-FR"},{"@type":"Organization","@id":"https:\/\/kurato.ch\/#organization","name":"Kurato.","url":"https:\/\/kurato.ch\/","logo":{"@type":"ImageObject","inLanguage":"fr-FR","@id":"https:\/\/kurato.ch\/#\/schema\/logo\/image\/","url":"","contentUrl":"","caption":"Kurato."},"image":{"@id":"https:\/\/kurato.ch\/#\/schema\/logo\/image\/"},"sameAs":["https:\/\/www.facebook.com\/kuratoswitzerland","https:\/\/www.instagram.com\/kurato.ch\/","https:\/\/www.pinterest.ch\/kurato_ch\/_created\/"]}]}},"_links":{"self":[{"href":"https:\/\/kurato.ch\/fr\/wp-json\/wp\/v2\/product\/69662","targetHints":{"allow":["GET"]}}],"collection":[{"href":"https:\/\/kurato.ch\/fr\/wp-json\/wp\/v2\/product"}],"about":[{"href":"https:\/\/kurato.ch\/fr\/wp-json\/wp\/v2\/types\/product"}],"wp:featuredmedia":[{"embeddable":true,"href":"https:\/\/kurato.ch\/fr\/wp-json\/wp\/v2\/media\/69728"}],"wp:attachment":[{"href":"https:\/\/kurato.ch\/fr\/wp-json\/wp\/v2\/media?parent=69662"}],"wp:term":[{"taxonomy":"product_brand","embeddable":true,"href":"https:\/\/kurato.ch\/fr\/wp-json\/wp\/v2\/product_brand?post=69662"},{"taxonomy":"product_cat","embeddable":true,"href":"https:\/\/kurato.ch\/fr\/wp-json\/wp\/v2\/product_cat?post=69662"},{"taxonomy":"product_tag","embeddable":true,"href":"https:\/\/kurato.ch\/fr\/wp-json\/wp\/v2\/product_tag?post=69662"}],"curies":[{"name":"wp","href":"https:\/\/api.w.org\/{rel}","templated":true}]}}