{"id":69674,"date":"2025-07-22T21:28:41","date_gmt":"2025-07-22T19:28:41","guid":{"rendered":"https:\/\/kurato.ch\/?post_type=product&#038;p=69674"},"modified":"2025-07-22T21:28:41","modified_gmt":"2025-07-22T19:28:41","slug":"rolltop-schreibtisch-aus-der-action-office-serie-von-george-nelson-fuer-herman-miller-1960er-jahre","status":"publish","type":"product","link":"https:\/\/kurato.ch\/fr\/product\/rolltop-schreibtisch-aus-der-action-office-serie-von-george-nelson-fuer-herman-miller-1960er-jahre\/","title":{"rendered":"Rolltop-Schreibtisch aus der Action Office Serie von George Nelson f\u00fcr Herman Miller, 1960er Jahre"},"content":{"rendered":"<p>Dieser aussergew\u00f6hnliche Rolltop-Schreibtisch stammt aus der legend\u00e4ren \u201eAction Office\u201c-Serie von Herman Miller und wurde in den 1960er-Jahren als Teil eines vision\u00e4ren B\u00fcrogestaltungskonzepts entworfen.<\/p>\n<p>Charakteristisch ist der gebogene Rolladenaufsatz, gefertigt aus feinen Nussbaumholzlamellen, der sich elegant \u00fcber die Schreibfl\u00e4che w\u00f6lbt und durch seine geschlossene Form dem Tisch eine zur\u00fcckhaltende, fast skulpturale Erscheinung verleiht.<\/p>\n<p>Der Korpus ist in mattem Schwarz gehalten und steht auf einem hochwertigen Fussgestell aus verchromtem Aluminium, das durch seine Y-Form Stabilit\u00e4t und eine gewisse Leichtigkeit vermittelt.<\/p>\n<p>Die Arbeitsfl\u00e4che besteht aus strapazierf\u00e4higem, cremeweissem Resopal (Melaminbeschichtung) und l\u00e4sst sich durch herausziehbaren Schubladenelementen erg\u00e4nzen, welche mit schwarzen Kunststoffwannen f\u00fcr Schreibwaren und Ablagef\u00e4cher ausgestattet sind. Besonders hervorzuheben ist die modulare Innenstruktur mit H\u00e4ngerregistraturf\u00e4chern \u2013 ideal zur Organisation von Dokumenten im klassischen B\u00fcroalltag. Seitlich sind die Aluminiumtr\u00e4ger sowie die Schl\u00fcsselmechanik sichtbar, was den technischen Charakter des Designs betont.<\/p>\n<p>Das Modell tr\u00e4gt das Herman Miller Label und weist zus\u00e4tzlich einen originalen Vermerk mit Schl\u00fcsselnummer auf. Das formale Vokabular verweist stark auf das Designverst\u00e4ndnis von George Nelson uns Robert Propst, welche beide an der Entwicklung des \u201eAction Office\u201c-Konzepts beteiligt waren.<\/p>\n<p>Zustand: Der Schreibtisch befindet sich in aussergew\u00f6hnlich gutem Zustand mit nur minimalen Gebrauchsspuren.<\/p>\n<p>Dieser Schreibtisch wurde an ein M\u00f6belhaus als Ausstellungsst\u00fcck geliefert, dieses wurde geschlossen und der Schreibtisch stand 40 Jahrelang in einem Lager eingepackt. Daher ist der Tisch quasi wie neu und aus erster Hand.<\/p>\n<p>Das Rolltop funktioniert einwandfrei, die Holzoberfl\u00e4chen sind sehr gepflegt, die Metallteile gl\u00e4nzen ohne Korrosion und auch das Resopal zeigt keine nennenswerten Kratzer. Ein hervorragend erhaltener Designklassiker f\u00fcr Sammler oder designaffine Arbeitsr\u00e4ume.<\/p>\n<p>Masse: L122 x B82-116 x H82 cm<\/p>\n<p><strong>Vous souhaitez recevoir l'article chez vous ?<\/strong><\/p>\n<p>Contactez le service client\u00e8le de Kurato <a href=\"mailto:hello@kurato.ch\" data-mce-href=\"mailto:hello@kurato.ch\"><strong>hello@kurato.ch<\/strong><\/a> et demandez une offre de livraison personnalis\u00e9e.<\/p>\n<p><br data-mce-bogus=\"1\"><\/p>","protected":false},"excerpt":{"rendered":"<p>Dieser aussergew\u00f6hnliche Rolltop-Schreibtisch stammt aus der legend\u00e4ren \u201eAction Office\u201c-Serie von Herman Miller und wurde in den 1960er-Jahren als Teil eines vision\u00e4ren B\u00fcrogestaltungskonzepts entworfen. Charakteristisch ist der gebogene Rolladenaufsatz, gefertigt aus feinen Nussbaumholzlamellen, der sich elegant \u00fcber die Schreibfl\u00e4che w\u00f6lbt und durch seine geschlossene Form dem Tisch eine zur\u00fcckhaltende, fast skulpturale Erscheinung verleiht. Der Korpus ist [&hellip;]<\/p>\n","protected":false},"featured_media":69695,"template":"","meta":{"_acf_changed":false,"site-sidebar-layout":"default","site-content-layout":"","ast-site-content-layout":"default","site-content-style":"default","site-sidebar-style":"default","ast-global-header-display":"","ast-banner-title-visibility":"","ast-main-header-display":"","ast-hfb-above-header-display":"","ast-hfb-below-header-display":"","ast-hfb-mobile-header-display":"","site-post-title":"","ast-breadcrumbs-content":"","ast-featured-img":"","footer-sml-layout":"","ast-disable-related-posts":"","theme-transparent-header-meta":"","adv-header-id-meta":"","stick-header-meta":"","header-above-stick-meta":"","header-main-stick-meta":"","header-below-stick-meta":"","astra-migrate-meta-layouts":"default","ast-page-background-enabled":"default","ast-page-background-meta":{"desktop":{"background-color":"","background-image":"","background-repeat":"repeat","background-position":"center center","background-size":"auto","background-attachment":"scroll","background-type":"","background-media":"","overlay-type":"","overlay-color":"","overlay-opacity":"","overlay-gradient":""},"tablet":{"background-color":"","background-image":"","background-repeat":"repeat","background-position":"center center","background-size":"auto","background-attachment":"scroll","background-type":"","background-media":"","overlay-type":"","overlay-color":"","overlay-opacity":"","overlay-gradient":""},"mobile":{"background-color":"","background-image":"","background-repeat":"repeat","background-position":"center center","background-size":"auto","background-attachment":"scroll","background-type":"","background-media":"","overlay-type":"","overlay-color":"","overlay-opacity":"","overlay-gradient":""}},"ast-content-background-meta":{"desktop":{"background-color":"var(--ast-global-color-5)","background-image":"","background-repeat":"repeat","background-position":"center center","background-size":"auto","background-attachment":"scroll","background-type":"","background-media":"","overlay-type":"","overlay-color":"","overlay-opacity":"","overlay-gradient":""},"tablet":{"background-color":"var(--ast-global-color-5)","background-image":"","background-repeat":"repeat","background-position":"center center","background-size":"auto","background-attachment":"scroll","background-type":"","background-media":"","overlay-type":"","overlay-color":"","overlay-opacity":"","overlay-gradient":""},"mobile":{"background-color":"var(--ast-global-color-5)","background-image":"","background-repeat":"repeat","background-position":"center center","background-size":"auto","background-attachment":"scroll","background-type":"","background-media":"","overlay-type":"","overlay-color":"","overlay-opacity":"","overlay-gradient":""}}},"product_brand":[],"product_cat":[169],"product_tag":[],"class_list":{"0":"post-69674","1":"product","2":"type-product","3":"status-publish","4":"has-post-thumbnail","6":"product_cat-vintage-schreibtisch","7":"pa_designer-herman-miller","8":"pa_farbe-mehrfarbig","9":"pa_material-holz","10":"pa_material-metall","11":"pa_stil-design","12":"desktop-align-left","13":"tablet-align-left","14":"mobile-align-left","16":"first","17":"instock","18":"sold-individually","19":"shipping-taxable","20":"purchasable","21":"product-type-simple"},"acf":[],"yoast_head":"<!-- This site is optimized with the Yoast SEO plugin v27.4 - https:\/\/yoast.com\/product\/yoast-seo-wordpress\/ -->\n<title>Rolltop-Schreibtisch aus der Action Office Serie von George Nelson f\u00fcr Herman Miller, 1960er Jahre | Vintage M\u00f6bel kaufen auf KURATO.CH<\/title>\n<meta name=\"description\" content=\"Entdecke Vintage M\u00f6bel &amp; Dekoration \u27a4 Rolltop-Schreibtisch aus der Action Office Serie von George Nelson f\u00fcr Herman Miller, 1960er Jahre auf Kurato. \u2713Lieferung Schweiz \u271314-Tage R\u00fcckgabe \u2713Secondhand Unikat\" \/>\n<meta name=\"robots\" content=\"index, follow, max-snippet:-1, max-image-preview:large, max-video-preview:-1\" \/>\n<link rel=\"canonical\" href=\"https:\/\/kurato.ch\/fr\/product\/rolltop-schreibtisch-aus-der-action-office-serie-von-george-nelson-fuer-herman-miller-1960er-jahre\/\" \/>\n<meta property=\"og:locale\" content=\"fr_FR\" \/>\n<meta property=\"og:type\" content=\"article\" \/>\n<meta property=\"og:title\" content=\"Rolltop-Schreibtisch aus der Action Office Serie von George Nelson f\u00fcr Herman Miller, 1960er Jahre | Vintage M\u00f6bel kaufen auf KURATO.CH\" \/>\n<meta property=\"og:description\" content=\"Entdecke Vintage M\u00f6bel &amp; Dekoration \u27a4 Rolltop-Schreibtisch aus der Action Office Serie von George Nelson f\u00fcr Herman Miller, 1960er Jahre auf Kurato. \u2713Lieferung Schweiz \u271314-Tage R\u00fcckgabe \u2713Secondhand Unikat\" \/>\n<meta property=\"og:url\" content=\"https:\/\/kurato.ch\/fr\/product\/rolltop-schreibtisch-aus-der-action-office-serie-von-george-nelson-fuer-herman-miller-1960er-jahre\/\" \/>\n<meta property=\"og:site_name\" content=\"Vintage M\u00f6bel &amp; Dekoration I Kurato\" \/>\n<meta property=\"article:publisher\" content=\"https:\/\/www.facebook.com\/kuratoswitzerland\" \/>\n<meta property=\"og:image\" content=\"https:\/\/kurato.ch\/wp-content\/uploads\/2025\/07\/Rolltop-Schreibtisch-aus-der-Action-Office-Serie-von-George-Nelson-fuer-Herman-Miller-1960er-Jahre-vintage-secondhand-gebraucht-schweiz-Instagram-Post.jpg\" \/>\n\t<meta property=\"og:image:width\" content=\"810\" \/>\n\t<meta property=\"og:image:height\" content=\"810\" \/>\n\t<meta property=\"og:image:type\" content=\"image\/jpeg\" \/>\n<meta name=\"twitter:label1\" content=\"Dur\u00e9e de lecture estim\u00e9e\" \/>\n\t<meta name=\"twitter:data1\" content=\"2 minutes\" \/>\n<script type=\"application\/ld+json\" class=\"yoast-schema-graph\">{\"@context\":\"https:\\\/\\\/schema.org\",\"@graph\":[{\"@type\":\"WebPage\",\"@id\":\"https:\\\/\\\/kurato.ch\\\/product\\\/rolltop-schreibtisch-aus-der-action-office-serie-von-george-nelson-fuer-herman-miller-1960er-jahre\\\/\",\"url\":\"https:\\\/\\\/kurato.ch\\\/product\\\/rolltop-schreibtisch-aus-der-action-office-serie-von-george-nelson-fuer-herman-miller-1960er-jahre\\\/\",\"name\":\"Rolltop-Schreibtisch aus der Action Office Serie von George Nelson f\u00fcr Herman Miller, 1960er Jahre | Vintage M\u00f6bel kaufen auf KURATO.CH\",\"isPartOf\":{\"@id\":\"https:\\\/\\\/kurato.ch\\\/#website\"},\"primaryImageOfPage\":{\"@id\":\"https:\\\/\\\/kurato.ch\\\/product\\\/rolltop-schreibtisch-aus-der-action-office-serie-von-george-nelson-fuer-herman-miller-1960er-jahre\\\/#primaryimage\"},\"image\":{\"@id\":\"https:\\\/\\\/kurato.ch\\\/product\\\/rolltop-schreibtisch-aus-der-action-office-serie-von-george-nelson-fuer-herman-miller-1960er-jahre\\\/#primaryimage\"},\"thumbnailUrl\":\"https:\\\/\\\/kurato.ch\\\/wp-content\\\/uploads\\\/2025\\\/07\\\/Rolltop-Schreibtisch-aus-der-Action-Office-Serie-von-George-Nelson-fuer-Herman-Miller-1960er-Jahre-vintage-secondhand-gebraucht-schweiz-Instagram-Post.jpg\",\"datePublished\":\"2025-07-22T19:28:41+00:00\",\"description\":\"Entdecke Vintage M\u00f6bel & Dekoration \u27a4 Rolltop-Schreibtisch aus der Action Office Serie von George Nelson f\u00fcr Herman Miller, 1960er Jahre auf Kurato. \u2713Lieferung Schweiz \u271314-Tage R\u00fcckgabe \u2713Secondhand Unikat\",\"breadcrumb\":{\"@id\":\"https:\\\/\\\/kurato.ch\\\/product\\\/rolltop-schreibtisch-aus-der-action-office-serie-von-george-nelson-fuer-herman-miller-1960er-jahre\\\/#breadcrumb\"},\"inLanguage\":\"fr-FR\",\"potentialAction\":[{\"@type\":\"ReadAction\",\"target\":[\"https:\\\/\\\/kurato.ch\\\/product\\\/rolltop-schreibtisch-aus-der-action-office-serie-von-george-nelson-fuer-herman-miller-1960er-jahre\\\/\"]}]},{\"@type\":\"ImageObject\",\"inLanguage\":\"fr-FR\",\"@id\":\"https:\\\/\\\/kurato.ch\\\/product\\\/rolltop-schreibtisch-aus-der-action-office-serie-von-george-nelson-fuer-herman-miller-1960er-jahre\\\/#primaryimage\",\"url\":\"https:\\\/\\\/kurato.ch\\\/wp-content\\\/uploads\\\/2025\\\/07\\\/Rolltop-Schreibtisch-aus-der-Action-Office-Serie-von-George-Nelson-fuer-Herman-Miller-1960er-Jahre-vintage-secondhand-gebraucht-schweiz-Instagram-Post.jpg\",\"contentUrl\":\"https:\\\/\\\/kurato.ch\\\/wp-content\\\/uploads\\\/2025\\\/07\\\/Rolltop-Schreibtisch-aus-der-Action-Office-Serie-von-George-Nelson-fuer-Herman-Miller-1960er-Jahre-vintage-secondhand-gebraucht-schweiz-Instagram-Post.jpg\",\"width\":810,\"height\":810,\"caption\":\"Rolltop-Schreibtisch aus der Action Office Serie von George Nelson f\u00fcr Herman Miller, 1960er Jahre\"},{\"@type\":\"BreadcrumbList\",\"@id\":\"https:\\\/\\\/kurato.ch\\\/product\\\/rolltop-schreibtisch-aus-der-action-office-serie-von-george-nelson-fuer-herman-miller-1960er-jahre\\\/#breadcrumb\",\"itemListElement\":[{\"@type\":\"ListItem\",\"position\":1,\"name\":\"Home\",\"item\":\"https:\\\/\\\/kurato.ch\\\/\"},{\"@type\":\"ListItem\",\"position\":2,\"name\":\"Neuheiten\",\"item\":\"https:\\\/\\\/kurato.ch\\\/neuheiten\\\/\"},{\"@type\":\"ListItem\",\"position\":3,\"name\":\"Rolltop-Schreibtisch aus der Action Office Serie von George Nelson f\u00fcr Herman Miller, 1960er Jahre\"}]},{\"@type\":\"WebSite\",\"@id\":\"https:\\\/\\\/kurato.ch\\\/#website\",\"url\":\"https:\\\/\\\/kurato.ch\\\/\",\"name\":\"Vintage M\u00f6bel &amp; Dekoration I Kurato\",\"description\":\"Vintage M\u00f6bel &amp; Dekoration I Kurato\",\"publisher\":{\"@id\":\"https:\\\/\\\/kurato.ch\\\/#organization\"},\"potentialAction\":[{\"@type\":\"SearchAction\",\"target\":{\"@type\":\"EntryPoint\",\"urlTemplate\":\"https:\\\/\\\/kurato.ch\\\/?s={search_term_string}\"},\"query-input\":{\"@type\":\"PropertyValueSpecification\",\"valueRequired\":true,\"valueName\":\"search_term_string\"}}],\"inLanguage\":\"fr-FR\"},{\"@type\":\"Organization\",\"@id\":\"https:\\\/\\\/kurato.ch\\\/#organization\",\"name\":\"Kurato.\",\"url\":\"https:\\\/\\\/kurato.ch\\\/\",\"logo\":{\"@type\":\"ImageObject\",\"inLanguage\":\"fr-FR\",\"@id\":\"https:\\\/\\\/kurato.ch\\\/#\\\/schema\\\/logo\\\/image\\\/\",\"url\":\"\",\"contentUrl\":\"\",\"caption\":\"Kurato.\"},\"image\":{\"@id\":\"https:\\\/\\\/kurato.ch\\\/#\\\/schema\\\/logo\\\/image\\\/\"},\"sameAs\":[\"https:\\\/\\\/www.facebook.com\\\/kuratoswitzerland\",\"https:\\\/\\\/www.instagram.com\\\/kurato.ch\\\/\",\"https:\\\/\\\/www.pinterest.ch\\\/kurato_ch\\\/_created\\\/\"]}]}<\/script>\n<!-- \/ Yoast SEO plugin. -->","yoast_head_json":{"title":"Rolltop-Schreibtisch aus der Action Office Serie von George Nelson f\u00fcr Herman Miller, 1960er Jahre | Vintage M\u00f6bel kaufen auf KURATO.CH","description":"Entdecke Vintage M\u00f6bel & Dekoration \u27a4 Rolltop-Schreibtisch aus der Action Office Serie von George Nelson f\u00fcr Herman Miller, 1960er Jahre auf Kurato. \u2713Lieferung Schweiz \u271314-Tage R\u00fcckgabe \u2713Secondhand Unikat","robots":{"index":"index","follow":"follow","max-snippet":"max-snippet:-1","max-image-preview":"max-image-preview:large","max-video-preview":"max-video-preview:-1"},"canonical":"https:\/\/kurato.ch\/fr\/product\/rolltop-schreibtisch-aus-der-action-office-serie-von-george-nelson-fuer-herman-miller-1960er-jahre\/","og_locale":"fr_FR","og_type":"article","og_title":"Rolltop-Schreibtisch aus der Action Office Serie von George Nelson f\u00fcr Herman Miller, 1960er Jahre | Vintage M\u00f6bel kaufen auf KURATO.CH","og_description":"Entdecke Vintage M\u00f6bel & Dekoration \u27a4 Rolltop-Schreibtisch aus der Action Office Serie von George Nelson f\u00fcr Herman Miller, 1960er Jahre auf Kurato. \u2713Lieferung Schweiz \u271314-Tage R\u00fcckgabe \u2713Secondhand Unikat","og_url":"https:\/\/kurato.ch\/fr\/product\/rolltop-schreibtisch-aus-der-action-office-serie-von-george-nelson-fuer-herman-miller-1960er-jahre\/","og_site_name":"Vintage M\u00f6bel &amp; Dekoration I Kurato","article_publisher":"https:\/\/www.facebook.com\/kuratoswitzerland","og_image":[{"width":810,"height":810,"url":"https:\/\/kurato.ch\/wp-content\/uploads\/2025\/07\/Rolltop-Schreibtisch-aus-der-Action-Office-Serie-von-George-Nelson-fuer-Herman-Miller-1960er-Jahre-vintage-secondhand-gebraucht-schweiz-Instagram-Post.jpg","type":"image\/jpeg"}],"twitter_misc":{"Dur\u00e9e de lecture estim\u00e9e":"2 minutes"},"schema":{"@context":"https:\/\/schema.org","@graph":[{"@type":"WebPage","@id":"https:\/\/kurato.ch\/product\/rolltop-schreibtisch-aus-der-action-office-serie-von-george-nelson-fuer-herman-miller-1960er-jahre\/","url":"https:\/\/kurato.ch\/product\/rolltop-schreibtisch-aus-der-action-office-serie-von-george-nelson-fuer-herman-miller-1960er-jahre\/","name":"Rolltop-Schreibtisch aus der Action Office Serie von George Nelson f\u00fcr Herman Miller, 1960er Jahre | Vintage M\u00f6bel kaufen auf KURATO.CH","isPartOf":{"@id":"https:\/\/kurato.ch\/#website"},"primaryImageOfPage":{"@id":"https:\/\/kurato.ch\/product\/rolltop-schreibtisch-aus-der-action-office-serie-von-george-nelson-fuer-herman-miller-1960er-jahre\/#primaryimage"},"image":{"@id":"https:\/\/kurato.ch\/product\/rolltop-schreibtisch-aus-der-action-office-serie-von-george-nelson-fuer-herman-miller-1960er-jahre\/#primaryimage"},"thumbnailUrl":"https:\/\/kurato.ch\/wp-content\/uploads\/2025\/07\/Rolltop-Schreibtisch-aus-der-Action-Office-Serie-von-George-Nelson-fuer-Herman-Miller-1960er-Jahre-vintage-secondhand-gebraucht-schweiz-Instagram-Post.jpg","datePublished":"2025-07-22T19:28:41+00:00","description":"Entdecke Vintage M\u00f6bel & Dekoration \u27a4 Rolltop-Schreibtisch aus der Action Office Serie von George Nelson f\u00fcr Herman Miller, 1960er Jahre auf Kurato. \u2713Lieferung Schweiz \u271314-Tage R\u00fcckgabe \u2713Secondhand Unikat","breadcrumb":{"@id":"https:\/\/kurato.ch\/product\/rolltop-schreibtisch-aus-der-action-office-serie-von-george-nelson-fuer-herman-miller-1960er-jahre\/#breadcrumb"},"inLanguage":"fr-FR","potentialAction":[{"@type":"ReadAction","target":["https:\/\/kurato.ch\/product\/rolltop-schreibtisch-aus-der-action-office-serie-von-george-nelson-fuer-herman-miller-1960er-jahre\/"]}]},{"@type":"ImageObject","inLanguage":"fr-FR","@id":"https:\/\/kurato.ch\/product\/rolltop-schreibtisch-aus-der-action-office-serie-von-george-nelson-fuer-herman-miller-1960er-jahre\/#primaryimage","url":"https:\/\/kurato.ch\/wp-content\/uploads\/2025\/07\/Rolltop-Schreibtisch-aus-der-Action-Office-Serie-von-George-Nelson-fuer-Herman-Miller-1960er-Jahre-vintage-secondhand-gebraucht-schweiz-Instagram-Post.jpg","contentUrl":"https:\/\/kurato.ch\/wp-content\/uploads\/2025\/07\/Rolltop-Schreibtisch-aus-der-Action-Office-Serie-von-George-Nelson-fuer-Herman-Miller-1960er-Jahre-vintage-secondhand-gebraucht-schweiz-Instagram-Post.jpg","width":810,"height":810,"caption":"Rolltop-Schreibtisch aus der Action Office Serie von George Nelson f\u00fcr Herman Miller, 1960er Jahre"},{"@type":"BreadcrumbList","@id":"https:\/\/kurato.ch\/product\/rolltop-schreibtisch-aus-der-action-office-serie-von-george-nelson-fuer-herman-miller-1960er-jahre\/#breadcrumb","itemListElement":[{"@type":"ListItem","position":1,"name":"Home","item":"https:\/\/kurato.ch\/"},{"@type":"ListItem","position":2,"name":"Neuheiten","item":"https:\/\/kurato.ch\/neuheiten\/"},{"@type":"ListItem","position":3,"name":"Rolltop-Schreibtisch aus der Action Office Serie von George Nelson f\u00fcr Herman Miller, 1960er Jahre"}]},{"@type":"WebSite","@id":"https:\/\/kurato.ch\/#website","url":"https:\/\/kurato.ch\/","name":"Meubles vintage &amp; d\u00e9coration I Kurato","description":"Meubles vintage &amp; d\u00e9coration I Kurato","publisher":{"@id":"https:\/\/kurato.ch\/#organization"},"potentialAction":[{"@type":"SearchAction","target":{"@type":"EntryPoint","urlTemplate":"https:\/\/kurato.ch\/?s={search_term_string}"},"query-input":{"@type":"PropertyValueSpecification","valueRequired":true,"valueName":"search_term_string"}}],"inLanguage":"fr-FR"},{"@type":"Organization","@id":"https:\/\/kurato.ch\/#organization","name":"Kurato.","url":"https:\/\/kurato.ch\/","logo":{"@type":"ImageObject","inLanguage":"fr-FR","@id":"https:\/\/kurato.ch\/#\/schema\/logo\/image\/","url":"","contentUrl":"","caption":"Kurato."},"image":{"@id":"https:\/\/kurato.ch\/#\/schema\/logo\/image\/"},"sameAs":["https:\/\/www.facebook.com\/kuratoswitzerland","https:\/\/www.instagram.com\/kurato.ch\/","https:\/\/www.pinterest.ch\/kurato_ch\/_created\/"]}]}},"_links":{"self":[{"href":"https:\/\/kurato.ch\/fr\/wp-json\/wp\/v2\/product\/69674","targetHints":{"allow":["GET"]}}],"collection":[{"href":"https:\/\/kurato.ch\/fr\/wp-json\/wp\/v2\/product"}],"about":[{"href":"https:\/\/kurato.ch\/fr\/wp-json\/wp\/v2\/types\/product"}],"wp:featuredmedia":[{"embeddable":true,"href":"https:\/\/kurato.ch\/fr\/wp-json\/wp\/v2\/media\/69695"}],"wp:attachment":[{"href":"https:\/\/kurato.ch\/fr\/wp-json\/wp\/v2\/media?parent=69674"}],"wp:term":[{"taxonomy":"product_brand","embeddable":true,"href":"https:\/\/kurato.ch\/fr\/wp-json\/wp\/v2\/product_brand?post=69674"},{"taxonomy":"product_cat","embeddable":true,"href":"https:\/\/kurato.ch\/fr\/wp-json\/wp\/v2\/product_cat?post=69674"},{"taxonomy":"product_tag","embeddable":true,"href":"https:\/\/kurato.ch\/fr\/wp-json\/wp\/v2\/product_tag?post=69674"}],"curies":[{"name":"wp","href":"https:\/\/api.w.org\/{rel}","templated":true}]}}