{"id":69754,"date":"2025-08-07T19:23:59","date_gmt":"2025-08-07T17:23:59","guid":{"rendered":"https:\/\/kurato.ch\/?post_type=product&#038;p=69754"},"modified":"2025-08-07T19:23:59","modified_gmt":"2025-08-07T17:23:59","slug":"charles-eames-ray-eames-office-chair-ea-217-soft-pad","status":"publish","type":"product","link":"https:\/\/kurato.ch\/fr\/product\/charles-eames-ray-eames-office-chair-ea-217-soft-pad\/","title":{"rendered":"Charles Eames, Ray Eames &#8211; Office chair EA 217 Soft Pad"},"content":{"rendered":"<p>Zeitlose Eleganz des EA 217 Soft Pad Chair von Charles and Ray Eames produziert von Vitra.<\/p>\n<p>Heute stellen wir Ihnen ein Werk vor, das die Designphilosophie von Charles und Ray Eames verk\u00f6rpert: den 1969 entworfenen EA 217 Soft Pad Chair. Dieser Stuhl ist ein Beispiel f\u00fcr funktionales und komfortables Design und ein Symbol f\u00fcr den innovativen und experimentellen Ansatz, der die Eames zu Ikonen des Designs des 20. Jahrhunderts machte.\u00a0<\/p>\n<p>Die Designphilosophie der Eames:Charles und Ray Eames glaubten, dass \u201ealles von etwas anderem abh\u00e4ngt\u201c und dass \u201edie Qualit\u00e4t der Verbindungen das Geheimnis der Qualit\u00e4t an sich ist\u201c. Dieser Ansatz spiegelt sich im Design des EA 217 wider, der die elegante Struktur der Aluminium Group mit der Weichheit und dem Komfort der gepolsterten Kissen verbindet.<\/p>\n<p>Einzigartige Eigenschaften des EA 217 Soft Pad: Aussergew\u00f6hnlichen Komfort: Die mit N\u00e4hten versehenen Kissen bilden einen starken Kontrast zu den Aluminiumprofilen und bieten ein weiches und umh\u00fcllendes Sitzerlebnis. Der Sessel ist drehbar und verf\u00fcgt \u00fcber ein Gasfeder- und Friktionssystem zur Einstellung der Neigung, das f\u00fcr mehr Flexibilit\u00e4t und Komfort sorgt.<\/p>\n<p>Qualit\u00e4t der Materialien: Die Struktur aus verchromtem Aluminium und die hochwertige Lederpolsterung sorgen f\u00fcr Langlebigkeit und dauerhafte Best\u00e4ndigkeit.<\/p>\n<p>Ausgezeichneter Zustand: Der Stuhl wurde nur sehr wenig benutzt und befindet sich in einem ausgezeichneten Zustand mit nur leichten Gebrauchsspuren.<\/p>\n<p>.<\/p>","protected":false},"excerpt":{"rendered":"<p>Zeitlose Eleganz des EA 217 Soft Pad Chair von Charles and Ray Eames produziert von Vitra. Heute stellen wir Ihnen ein Werk vor, das die Designphilosophie von Charles und Ray Eames verk\u00f6rpert: den 1969 entworfenen EA 217 Soft Pad Chair. Dieser Stuhl ist ein Beispiel f\u00fcr funktionales und komfortables Design und ein Symbol f\u00fcr den [&hellip;]<\/p>\n","protected":false},"featured_media":69850,"template":"","meta":{"_acf_changed":false,"site-sidebar-layout":"default","site-content-layout":"","ast-site-content-layout":"default","site-content-style":"default","site-sidebar-style":"default","ast-global-header-display":"","ast-banner-title-visibility":"","ast-main-header-display":"","ast-hfb-above-header-display":"","ast-hfb-below-header-display":"","ast-hfb-mobile-header-display":"","site-post-title":"","ast-breadcrumbs-content":"","ast-featured-img":"","footer-sml-layout":"","ast-disable-related-posts":"","theme-transparent-header-meta":"","adv-header-id-meta":"","stick-header-meta":"","header-above-stick-meta":"","header-main-stick-meta":"","header-below-stick-meta":"","astra-migrate-meta-layouts":"default","ast-page-background-enabled":"default","ast-page-background-meta":{"desktop":{"background-color":"","background-image":"","background-repeat":"repeat","background-position":"center center","background-size":"auto","background-attachment":"scroll","background-type":"","background-media":"","overlay-type":"","overlay-color":"","overlay-opacity":"","overlay-gradient":""},"tablet":{"background-color":"","background-image":"","background-repeat":"repeat","background-position":"center center","background-size":"auto","background-attachment":"scroll","background-type":"","background-media":"","overlay-type":"","overlay-color":"","overlay-opacity":"","overlay-gradient":""},"mobile":{"background-color":"","background-image":"","background-repeat":"repeat","background-position":"center center","background-size":"auto","background-attachment":"scroll","background-type":"","background-media":"","overlay-type":"","overlay-color":"","overlay-opacity":"","overlay-gradient":""}},"ast-content-background-meta":{"desktop":{"background-color":"var(--ast-global-color-5)","background-image":"","background-repeat":"repeat","background-position":"center center","background-size":"auto","background-attachment":"scroll","background-type":"","background-media":"","overlay-type":"","overlay-color":"","overlay-opacity":"","overlay-gradient":""},"tablet":{"background-color":"var(--ast-global-color-5)","background-image":"","background-repeat":"repeat","background-position":"center center","background-size":"auto","background-attachment":"scroll","background-type":"","background-media":"","overlay-type":"","overlay-color":"","overlay-opacity":"","overlay-gradient":""},"mobile":{"background-color":"var(--ast-global-color-5)","background-image":"","background-repeat":"repeat","background-position":"center center","background-size":"auto","background-attachment":"scroll","background-type":"","background-media":"","overlay-type":"","overlay-color":"","overlay-opacity":"","overlay-gradient":""}}},"product_brand":[],"product_cat":[164,155,148],"product_tag":[],"class_list":{"0":"post-69754","1":"product","2":"type-product","3":"status-publish","4":"has-post-thumbnail","6":"product_cat-vintage-buerostuhl","7":"product_cat-vintage-sessel","8":"product_cat-vintage-sitzmoebel","9":"pa_designer-eames-charles-ray","10":"pa_designer-vitra","11":"pa_farbe-rot","12":"pa_material-chromstahl","13":"pa_material-leder","14":"pa_stil-design","15":"desktop-align-left","16":"tablet-align-left","17":"mobile-align-left","19":"first","20":"instock","21":"sold-individually","22":"shipping-taxable","23":"purchasable","24":"product-type-simple"},"acf":[],"yoast_head":"<!-- This site is optimized with the Yoast SEO plugin v27.4 - https:\/\/yoast.com\/product\/yoast-seo-wordpress\/ -->\n<title>Charles Eames, Ray Eames - Office chair EA 217 Soft Pad | Vintage M\u00f6bel kaufen auf KURATO.CH<\/title>\n<meta name=\"description\" content=\"Entdecke Vintage M\u00f6bel &amp; Dekoration \u27a4 Charles Eames, Ray Eames - Office chair EA 217 Soft Pad auf Kurato. \u2713Lieferung Schweiz \u271314-Tage R\u00fcckgabe \u2713Secondhand Unikat\" \/>\n<meta name=\"robots\" content=\"index, follow, max-snippet:-1, max-image-preview:large, max-video-preview:-1\" \/>\n<link rel=\"canonical\" href=\"https:\/\/kurato.ch\/fr\/product\/charles-eames-ray-eames-office-chair-ea-217-soft-pad\/\" \/>\n<meta property=\"og:locale\" content=\"fr_FR\" \/>\n<meta property=\"og:type\" content=\"article\" \/>\n<meta property=\"og:title\" content=\"Charles Eames, Ray Eames - Office chair EA 217 Soft Pad | Vintage M\u00f6bel kaufen auf KURATO.CH\" \/>\n<meta property=\"og:description\" content=\"Entdecke Vintage M\u00f6bel &amp; Dekoration \u27a4 Charles Eames, Ray Eames - Office chair EA 217 Soft Pad auf Kurato. \u2713Lieferung Schweiz \u271314-Tage R\u00fcckgabe \u2713Secondhand Unikat\" \/>\n<meta property=\"og:url\" content=\"https:\/\/kurato.ch\/fr\/product\/charles-eames-ray-eames-office-chair-ea-217-soft-pad\/\" \/>\n<meta property=\"og:site_name\" content=\"Vintage M\u00f6bel &amp; Dekoration I Kurato\" \/>\n<meta property=\"article:publisher\" content=\"https:\/\/www.facebook.com\/kuratoswitzerland\" \/>\n<meta property=\"og:image\" content=\"https:\/\/kurato.ch\/wp-content\/uploads\/2025\/08\/Charles-Eames-Ray-Eames-Office-chair-vintage-secondhand-gebraucht-schweiz-Instagram-Post.jpg\" \/>\n\t<meta property=\"og:image:width\" content=\"810\" \/>\n\t<meta property=\"og:image:height\" content=\"810\" \/>\n\t<meta property=\"og:image:type\" content=\"image\/jpeg\" \/>\n<meta name=\"twitter:label1\" content=\"Dur\u00e9e de lecture estim\u00e9e\" \/>\n\t<meta name=\"twitter:data1\" content=\"1 minute\" \/>\n<script type=\"application\/ld+json\" class=\"yoast-schema-graph\">{\"@context\":\"https:\\\/\\\/schema.org\",\"@graph\":[{\"@type\":\"WebPage\",\"@id\":\"https:\\\/\\\/kurato.ch\\\/product\\\/charles-eames-ray-eames-office-chair-ea-217-soft-pad\\\/\",\"url\":\"https:\\\/\\\/kurato.ch\\\/product\\\/charles-eames-ray-eames-office-chair-ea-217-soft-pad\\\/\",\"name\":\"Charles Eames, Ray Eames - Office chair EA 217 Soft Pad | Vintage M\u00f6bel kaufen auf KURATO.CH\",\"isPartOf\":{\"@id\":\"https:\\\/\\\/kurato.ch\\\/#website\"},\"primaryImageOfPage\":{\"@id\":\"https:\\\/\\\/kurato.ch\\\/product\\\/charles-eames-ray-eames-office-chair-ea-217-soft-pad\\\/#primaryimage\"},\"image\":{\"@id\":\"https:\\\/\\\/kurato.ch\\\/product\\\/charles-eames-ray-eames-office-chair-ea-217-soft-pad\\\/#primaryimage\"},\"thumbnailUrl\":\"https:\\\/\\\/kurato.ch\\\/wp-content\\\/uploads\\\/2025\\\/08\\\/Charles-Eames-Ray-Eames-Office-chair-vintage-secondhand-gebraucht-schweiz-Instagram-Post.jpg\",\"datePublished\":\"2025-08-07T17:23:59+00:00\",\"description\":\"Entdecke Vintage M\u00f6bel & Dekoration \u27a4 Charles Eames, Ray Eames - Office chair EA 217 Soft Pad auf Kurato. \u2713Lieferung Schweiz \u271314-Tage R\u00fcckgabe \u2713Secondhand Unikat\",\"breadcrumb\":{\"@id\":\"https:\\\/\\\/kurato.ch\\\/product\\\/charles-eames-ray-eames-office-chair-ea-217-soft-pad\\\/#breadcrumb\"},\"inLanguage\":\"fr-FR\",\"potentialAction\":[{\"@type\":\"ReadAction\",\"target\":[\"https:\\\/\\\/kurato.ch\\\/product\\\/charles-eames-ray-eames-office-chair-ea-217-soft-pad\\\/\"]}]},{\"@type\":\"ImageObject\",\"inLanguage\":\"fr-FR\",\"@id\":\"https:\\\/\\\/kurato.ch\\\/product\\\/charles-eames-ray-eames-office-chair-ea-217-soft-pad\\\/#primaryimage\",\"url\":\"https:\\\/\\\/kurato.ch\\\/wp-content\\\/uploads\\\/2025\\\/08\\\/Charles-Eames-Ray-Eames-Office-chair-vintage-secondhand-gebraucht-schweiz-Instagram-Post.jpg\",\"contentUrl\":\"https:\\\/\\\/kurato.ch\\\/wp-content\\\/uploads\\\/2025\\\/08\\\/Charles-Eames-Ray-Eames-Office-chair-vintage-secondhand-gebraucht-schweiz-Instagram-Post.jpg\",\"width\":810,\"height\":810,\"caption\":\"Charles Eames, Ray Eames - Office chair\"},{\"@type\":\"BreadcrumbList\",\"@id\":\"https:\\\/\\\/kurato.ch\\\/product\\\/charles-eames-ray-eames-office-chair-ea-217-soft-pad\\\/#breadcrumb\",\"itemListElement\":[{\"@type\":\"ListItem\",\"position\":1,\"name\":\"Home\",\"item\":\"https:\\\/\\\/kurato.ch\\\/\"},{\"@type\":\"ListItem\",\"position\":2,\"name\":\"Neuheiten\",\"item\":\"https:\\\/\\\/kurato.ch\\\/neuheiten\\\/\"},{\"@type\":\"ListItem\",\"position\":3,\"name\":\"Charles Eames, Ray Eames &#8211; Office chair EA 217 Soft Pad\"}]},{\"@type\":\"WebSite\",\"@id\":\"https:\\\/\\\/kurato.ch\\\/#website\",\"url\":\"https:\\\/\\\/kurato.ch\\\/\",\"name\":\"Vintage M\u00f6bel &amp; Dekoration I Kurato\",\"description\":\"Vintage M\u00f6bel &amp; Dekoration I Kurato\",\"publisher\":{\"@id\":\"https:\\\/\\\/kurato.ch\\\/#organization\"},\"potentialAction\":[{\"@type\":\"SearchAction\",\"target\":{\"@type\":\"EntryPoint\",\"urlTemplate\":\"https:\\\/\\\/kurato.ch\\\/?s={search_term_string}\"},\"query-input\":{\"@type\":\"PropertyValueSpecification\",\"valueRequired\":true,\"valueName\":\"search_term_string\"}}],\"inLanguage\":\"fr-FR\"},{\"@type\":\"Organization\",\"@id\":\"https:\\\/\\\/kurato.ch\\\/#organization\",\"name\":\"Kurato.\",\"url\":\"https:\\\/\\\/kurato.ch\\\/\",\"logo\":{\"@type\":\"ImageObject\",\"inLanguage\":\"fr-FR\",\"@id\":\"https:\\\/\\\/kurato.ch\\\/#\\\/schema\\\/logo\\\/image\\\/\",\"url\":\"\",\"contentUrl\":\"\",\"caption\":\"Kurato.\"},\"image\":{\"@id\":\"https:\\\/\\\/kurato.ch\\\/#\\\/schema\\\/logo\\\/image\\\/\"},\"sameAs\":[\"https:\\\/\\\/www.facebook.com\\\/kuratoswitzerland\",\"https:\\\/\\\/www.instagram.com\\\/kurato.ch\\\/\",\"https:\\\/\\\/www.pinterest.ch\\\/kurato_ch\\\/_created\\\/\"]}]}<\/script>\n<!-- \/ Yoast SEO plugin. -->","yoast_head_json":{"title":"Charles Eames, Ray Eames - Office chair EA 217 Soft Pad | Vintage M\u00f6bel kaufen auf KURATO.CH","description":"Entdecke Vintage M\u00f6bel & Dekoration \u27a4 Charles Eames, Ray Eames - Office chair EA 217 Soft Pad auf Kurato. \u2713Lieferung Schweiz \u271314-Tage R\u00fcckgabe \u2713Secondhand Unikat","robots":{"index":"index","follow":"follow","max-snippet":"max-snippet:-1","max-image-preview":"max-image-preview:large","max-video-preview":"max-video-preview:-1"},"canonical":"https:\/\/kurato.ch\/fr\/product\/charles-eames-ray-eames-office-chair-ea-217-soft-pad\/","og_locale":"fr_FR","og_type":"article","og_title":"Charles Eames, Ray Eames - Office chair EA 217 Soft Pad | Vintage M\u00f6bel kaufen auf KURATO.CH","og_description":"Entdecke Vintage M\u00f6bel & Dekoration \u27a4 Charles Eames, Ray Eames - Office chair EA 217 Soft Pad auf Kurato. \u2713Lieferung Schweiz \u271314-Tage R\u00fcckgabe \u2713Secondhand Unikat","og_url":"https:\/\/kurato.ch\/fr\/product\/charles-eames-ray-eames-office-chair-ea-217-soft-pad\/","og_site_name":"Vintage M\u00f6bel &amp; Dekoration I Kurato","article_publisher":"https:\/\/www.facebook.com\/kuratoswitzerland","og_image":[{"width":810,"height":810,"url":"https:\/\/kurato.ch\/wp-content\/uploads\/2025\/08\/Charles-Eames-Ray-Eames-Office-chair-vintage-secondhand-gebraucht-schweiz-Instagram-Post.jpg","type":"image\/jpeg"}],"twitter_misc":{"Dur\u00e9e de lecture estim\u00e9e":"1 minute"},"schema":{"@context":"https:\/\/schema.org","@graph":[{"@type":"WebPage","@id":"https:\/\/kurato.ch\/product\/charles-eames-ray-eames-office-chair-ea-217-soft-pad\/","url":"https:\/\/kurato.ch\/product\/charles-eames-ray-eames-office-chair-ea-217-soft-pad\/","name":"Charles Eames, Ray Eames - Office chair EA 217 Soft Pad | Vintage M\u00f6bel kaufen auf KURATO.CH","isPartOf":{"@id":"https:\/\/kurato.ch\/#website"},"primaryImageOfPage":{"@id":"https:\/\/kurato.ch\/product\/charles-eames-ray-eames-office-chair-ea-217-soft-pad\/#primaryimage"},"image":{"@id":"https:\/\/kurato.ch\/product\/charles-eames-ray-eames-office-chair-ea-217-soft-pad\/#primaryimage"},"thumbnailUrl":"https:\/\/kurato.ch\/wp-content\/uploads\/2025\/08\/Charles-Eames-Ray-Eames-Office-chair-vintage-secondhand-gebraucht-schweiz-Instagram-Post.jpg","datePublished":"2025-08-07T17:23:59+00:00","description":"Entdecke Vintage M\u00f6bel & Dekoration \u27a4 Charles Eames, Ray Eames - Office chair EA 217 Soft Pad auf Kurato. \u2713Lieferung Schweiz \u271314-Tage R\u00fcckgabe \u2713Secondhand Unikat","breadcrumb":{"@id":"https:\/\/kurato.ch\/product\/charles-eames-ray-eames-office-chair-ea-217-soft-pad\/#breadcrumb"},"inLanguage":"fr-FR","potentialAction":[{"@type":"ReadAction","target":["https:\/\/kurato.ch\/product\/charles-eames-ray-eames-office-chair-ea-217-soft-pad\/"]}]},{"@type":"ImageObject","inLanguage":"fr-FR","@id":"https:\/\/kurato.ch\/product\/charles-eames-ray-eames-office-chair-ea-217-soft-pad\/#primaryimage","url":"https:\/\/kurato.ch\/wp-content\/uploads\/2025\/08\/Charles-Eames-Ray-Eames-Office-chair-vintage-secondhand-gebraucht-schweiz-Instagram-Post.jpg","contentUrl":"https:\/\/kurato.ch\/wp-content\/uploads\/2025\/08\/Charles-Eames-Ray-Eames-Office-chair-vintage-secondhand-gebraucht-schweiz-Instagram-Post.jpg","width":810,"height":810,"caption":"Charles Eames, Ray Eames - Office chair"},{"@type":"BreadcrumbList","@id":"https:\/\/kurato.ch\/product\/charles-eames-ray-eames-office-chair-ea-217-soft-pad\/#breadcrumb","itemListElement":[{"@type":"ListItem","position":1,"name":"Home","item":"https:\/\/kurato.ch\/"},{"@type":"ListItem","position":2,"name":"Neuheiten","item":"https:\/\/kurato.ch\/neuheiten\/"},{"@type":"ListItem","position":3,"name":"Charles Eames, Ray Eames &#8211; Office chair EA 217 Soft Pad"}]},{"@type":"WebSite","@id":"https:\/\/kurato.ch\/#website","url":"https:\/\/kurato.ch\/","name":"Meubles vintage &amp; d\u00e9coration I Kurato","description":"Meubles vintage &amp; d\u00e9coration I Kurato","publisher":{"@id":"https:\/\/kurato.ch\/#organization"},"potentialAction":[{"@type":"SearchAction","target":{"@type":"EntryPoint","urlTemplate":"https:\/\/kurato.ch\/?s={search_term_string}"},"query-input":{"@type":"PropertyValueSpecification","valueRequired":true,"valueName":"search_term_string"}}],"inLanguage":"fr-FR"},{"@type":"Organization","@id":"https:\/\/kurato.ch\/#organization","name":"Kurato.","url":"https:\/\/kurato.ch\/","logo":{"@type":"ImageObject","inLanguage":"fr-FR","@id":"https:\/\/kurato.ch\/#\/schema\/logo\/image\/","url":"","contentUrl":"","caption":"Kurato."},"image":{"@id":"https:\/\/kurato.ch\/#\/schema\/logo\/image\/"},"sameAs":["https:\/\/www.facebook.com\/kuratoswitzerland","https:\/\/www.instagram.com\/kurato.ch\/","https:\/\/www.pinterest.ch\/kurato_ch\/_created\/"]}]}},"_links":{"self":[{"href":"https:\/\/kurato.ch\/fr\/wp-json\/wp\/v2\/product\/69754","targetHints":{"allow":["GET"]}}],"collection":[{"href":"https:\/\/kurato.ch\/fr\/wp-json\/wp\/v2\/product"}],"about":[{"href":"https:\/\/kurato.ch\/fr\/wp-json\/wp\/v2\/types\/product"}],"wp:featuredmedia":[{"embeddable":true,"href":"https:\/\/kurato.ch\/fr\/wp-json\/wp\/v2\/media\/69850"}],"wp:attachment":[{"href":"https:\/\/kurato.ch\/fr\/wp-json\/wp\/v2\/media?parent=69754"}],"wp:term":[{"taxonomy":"product_brand","embeddable":true,"href":"https:\/\/kurato.ch\/fr\/wp-json\/wp\/v2\/product_brand?post=69754"},{"taxonomy":"product_cat","embeddable":true,"href":"https:\/\/kurato.ch\/fr\/wp-json\/wp\/v2\/product_cat?post=69754"},{"taxonomy":"product_tag","embeddable":true,"href":"https:\/\/kurato.ch\/fr\/wp-json\/wp\/v2\/product_tag?post=69754"}],"curies":[{"name":"wp","href":"https:\/\/api.w.org\/{rel}","templated":true}]}}