{"id":69895,"date":"2025-08-09T21:03:40","date_gmt":"2025-08-09T19:03:40","guid":{"rendered":"https:\/\/kurato.ch\/?post_type=product&#038;p=69895"},"modified":"2025-08-09T21:09:10","modified_gmt":"2025-08-09T19:09:10","slug":"pk-27-sessel-von-poul-kjaerholm-fuer-e-kold-christensen-daenemark-1971","status":"publish","type":"product","link":"https:\/\/kurato.ch\/fr\/product\/pk-27-sessel-von-poul-kjaerholm-fuer-e-kold-christensen-daenemark-1971\/","title":{"rendered":"PK 27 Sessel von Poul Kjaerholm f\u00fcr E. Kold Christensen, D\u00e4nemark, 1971"},"content":{"rendered":"<p>Dieser aussergew\u00f6hnliche Lounge-Sessel ist das Modell PK27, entworfen 1971 von Poul Kjaerholm f\u00fcr E. Kold Christensen in D\u00e4nemark. Der PK27 ist eines der selteneren Werke Kjaerholms und wurde nur f\u00fcr einen kurzen Zeitraum bis 1974 produziert.<\/p>\n<p>In diesem Entwurf verbindet sich Kjaerholms klare Formsprache mit einer f\u00fcr ihn ungew\u00f6hnlich warmen Materialwahl. Die tragende Struktur bildet eine elegant geschwungene Sitzschale aus mehrfach verleimtem Schichtholz und Ahornfurnier, die auf einem ebenfalls aus formverleimtem Bugholz gefertigten Untergestell, mit Ahorn furnier ruht. Charakteristisch ist die raffinierte Aufh\u00e4ngung der Sitzschale \u00fcber elastische Gummielemente, die eine federnde Lagerung erm\u00f6glichen und gleichzeitig die Konstruktion visuell auflockern.<\/p>\n<p>Die Sitz- und R\u00fcckenfl\u00e4che ist mit einem abnehmbaren, passgenauen Polster in weichem, naturbraunem S\u00e4mischleder ausgestattet, das die geometrische Linienf\u00fchrung der Schale aufgreift und durch seine markante, kreuzweise Knopfsteppung zus\u00e4tzlich betont. R\u00fcckseitig bleibt der Sessel formal reduziert und zeigt das hochwertig verarbeitete Ahornfurnier in seiner ganzen Fl\u00e4che. Die leicht zur\u00fcckgelehnte Sitzhaltung sowie die grossz\u00fcgige Breite der Schale verleihen dem PK27 hohen Komfort bei gleichzeitiger skulpturaler Pr\u00e4senz \u2013 typisch f\u00fcr Kjaerholms kompromisslose Verbindung aus Funktionalit\u00e4t und \u00e4sthetischer Pr\u00e4zision.<\/p>\n<p>Zustand: Der Zustand des Sessels ist hervorragend. Die Holzoberfl\u00e4chen pr\u00e4sentieren sich sehr gepflegt mit lediglich minimalen, kaum sichtbaren Gebrauchsspuren. Das S\u00e4mischleder wurde fachgerecht und detailgetreu neu gepolstert, unter Verwendung hochwertiger Materialien und mit grosser R\u00fccksicht auf die originale Verarbeitung. Die Gummielemente sind voll funktionst\u00fcchtig und intakt. Insgesamt befindet sich das M\u00f6bel in einem exzellenten, wohnfertigen Zustand mit musealer Ausstrahlung.<\/p>\n<p>Masse: L70 x B72 x H70 cm<br \/>Sitzh\u00f6he 25 cm<\/p>\n<p><strong>Vous souhaitez recevoir l'article chez vous ?<\/strong><\/p>\n<p>Contactez le service client\u00e8le de Kurato <a href=\"mailto:hello@kurato.ch\" data-mce-href=\"mailto:hello@kurato.ch\"><strong>hello@kurato.ch<\/strong><\/a> et demandez une offre de livraison personnalis\u00e9e.<\/p>","protected":false},"excerpt":{"rendered":"<p>Dieser aussergew\u00f6hnliche Lounge-Sessel ist das Modell PK27, entworfen 1971 von Poul Kjaerholm f\u00fcr E. Kold Christensen in D\u00e4nemark. Der PK27 ist eines der selteneren Werke Kjaerholms und wurde nur f\u00fcr einen kurzen Zeitraum bis 1974 produziert. In diesem Entwurf verbindet sich Kjaerholms klare Formsprache mit einer f\u00fcr ihn ungew\u00f6hnlich warmen Materialwahl. Die tragende Struktur bildet [&hellip;]<\/p>\n","protected":false},"featured_media":69930,"template":"","meta":{"_acf_changed":false,"site-sidebar-layout":"default","site-content-layout":"","ast-site-content-layout":"default","site-content-style":"default","site-sidebar-style":"default","ast-global-header-display":"","ast-banner-title-visibility":"","ast-main-header-display":"","ast-hfb-above-header-display":"","ast-hfb-below-header-display":"","ast-hfb-mobile-header-display":"","site-post-title":"","ast-breadcrumbs-content":"","ast-featured-img":"","footer-sml-layout":"","ast-disable-related-posts":"","theme-transparent-header-meta":"","adv-header-id-meta":"","stick-header-meta":"","header-above-stick-meta":"","header-main-stick-meta":"","header-below-stick-meta":"","astra-migrate-meta-layouts":"default","ast-page-background-enabled":"default","ast-page-background-meta":{"desktop":{"background-color":"","background-image":"","background-repeat":"repeat","background-position":"center center","background-size":"auto","background-attachment":"scroll","background-type":"","background-media":"","overlay-type":"","overlay-color":"","overlay-opacity":"","overlay-gradient":""},"tablet":{"background-color":"","background-image":"","background-repeat":"repeat","background-position":"center center","background-size":"auto","background-attachment":"scroll","background-type":"","background-media":"","overlay-type":"","overlay-color":"","overlay-opacity":"","overlay-gradient":""},"mobile":{"background-color":"","background-image":"","background-repeat":"repeat","background-position":"center center","background-size":"auto","background-attachment":"scroll","background-type":"","background-media":"","overlay-type":"","overlay-color":"","overlay-opacity":"","overlay-gradient":""}},"ast-content-background-meta":{"desktop":{"background-color":"var(--ast-global-color-5)","background-image":"","background-repeat":"repeat","background-position":"center center","background-size":"auto","background-attachment":"scroll","background-type":"","background-media":"","overlay-type":"","overlay-color":"","overlay-opacity":"","overlay-gradient":""},"tablet":{"background-color":"var(--ast-global-color-5)","background-image":"","background-repeat":"repeat","background-position":"center center","background-size":"auto","background-attachment":"scroll","background-type":"","background-media":"","overlay-type":"","overlay-color":"","overlay-opacity":"","overlay-gradient":""},"mobile":{"background-color":"var(--ast-global-color-5)","background-image":"","background-repeat":"repeat","background-position":"center center","background-size":"auto","background-attachment":"scroll","background-type":"","background-media":"","overlay-type":"","overlay-color":"","overlay-opacity":"","overlay-gradient":""}}},"product_brand":[],"product_cat":[152],"product_tag":[],"class_list":{"0":"post-69895","1":"product","2":"type-product","3":"status-publish","4":"has-post-thumbnail","6":"product_cat-vintage-sessel-liege","7":"pa_designer-kjaerholm-poul","8":"pa_farbe-braun","9":"pa_material-holz","10":"pa_stil-skandinavisch-mid-century","11":"desktop-align-left","12":"tablet-align-left","13":"mobile-align-left","15":"first","16":"instock","17":"sold-individually","18":"shipping-taxable","19":"purchasable","20":"product-type-simple"},"acf":[],"yoast_head":"<!-- This site is optimized with the Yoast SEO plugin v27.3 - https:\/\/yoast.com\/product\/yoast-seo-wordpress\/ -->\n<title>PK 27 Sessel von Poul Kjaerholm f\u00fcr E. Kold Christensen, D\u00e4nemark, 1971 | Vintage M\u00f6bel kaufen auf KURATO.CH<\/title>\n<meta name=\"description\" content=\"Entdecke Vintage M\u00f6bel &amp; Dekoration \u27a4 PK 27 Sessel von Poul Kjaerholm f\u00fcr E. Kold Christensen, D\u00e4nemark, 1971 auf Kurato. \u2713Lieferung Schweiz \u271314-Tage R\u00fcckgabe \u2713Secondhand Unikat\" \/>\n<meta name=\"robots\" content=\"index, follow, max-snippet:-1, max-image-preview:large, max-video-preview:-1\" \/>\n<link rel=\"canonical\" href=\"https:\/\/kurato.ch\/fr\/product\/pk-27-sessel-von-poul-kjaerholm-fuer-e-kold-christensen-daenemark-1971\/\" \/>\n<meta property=\"og:locale\" content=\"fr_FR\" \/>\n<meta property=\"og:type\" content=\"article\" \/>\n<meta property=\"og:title\" content=\"PK 27 Sessel von Poul Kjaerholm f\u00fcr E. Kold Christensen, D\u00e4nemark, 1971 | Vintage M\u00f6bel kaufen auf KURATO.CH\" \/>\n<meta property=\"og:description\" content=\"Entdecke Vintage M\u00f6bel &amp; Dekoration \u27a4 PK 27 Sessel von Poul Kjaerholm f\u00fcr E. Kold Christensen, D\u00e4nemark, 1971 auf Kurato. \u2713Lieferung Schweiz \u271314-Tage R\u00fcckgabe \u2713Secondhand Unikat\" \/>\n<meta property=\"og:url\" content=\"https:\/\/kurato.ch\/fr\/product\/pk-27-sessel-von-poul-kjaerholm-fuer-e-kold-christensen-daenemark-1971\/\" \/>\n<meta property=\"og:site_name\" content=\"Vintage M\u00f6bel &amp; Dekoration I Kurato\" \/>\n<meta property=\"article:publisher\" content=\"https:\/\/www.facebook.com\/kuratoswitzerland\" \/>\n<meta property=\"article:modified_time\" content=\"2025-08-09T19:09:10+00:00\" \/>\n<meta property=\"og:image\" content=\"https:\/\/kurato.ch\/wp-content\/uploads\/2025\/08\/PK-27-Sessel-von-Poul-Kjaerholm-fuer-E.-Kold-Christensen-Daenemark-1971-vintage-secondhand-gebraucht-schweiz-Instagram-Post.jpg\" \/>\n\t<meta property=\"og:image:width\" content=\"810\" \/>\n\t<meta property=\"og:image:height\" content=\"810\" \/>\n\t<meta property=\"og:image:type\" content=\"image\/jpeg\" \/>\n<meta name=\"twitter:label1\" content=\"Dur\u00e9e de lecture estim\u00e9e\" \/>\n\t<meta name=\"twitter:data1\" content=\"1 minute\" \/>\n<script type=\"application\/ld+json\" class=\"yoast-schema-graph\">{\"@context\":\"https:\\\/\\\/schema.org\",\"@graph\":[{\"@type\":\"WebPage\",\"@id\":\"https:\\\/\\\/kurato.ch\\\/product\\\/pk-27-sessel-von-poul-kjaerholm-fuer-e-kold-christensen-daenemark-1971\\\/\",\"url\":\"https:\\\/\\\/kurato.ch\\\/product\\\/pk-27-sessel-von-poul-kjaerholm-fuer-e-kold-christensen-daenemark-1971\\\/\",\"name\":\"PK 27 Sessel von Poul Kjaerholm f\u00fcr E. Kold Christensen, D\u00e4nemark, 1971 | Vintage M\u00f6bel kaufen auf KURATO.CH\",\"isPartOf\":{\"@id\":\"https:\\\/\\\/kurato.ch\\\/#website\"},\"primaryImageOfPage\":{\"@id\":\"https:\\\/\\\/kurato.ch\\\/product\\\/pk-27-sessel-von-poul-kjaerholm-fuer-e-kold-christensen-daenemark-1971\\\/#primaryimage\"},\"image\":{\"@id\":\"https:\\\/\\\/kurato.ch\\\/product\\\/pk-27-sessel-von-poul-kjaerholm-fuer-e-kold-christensen-daenemark-1971\\\/#primaryimage\"},\"thumbnailUrl\":\"https:\\\/\\\/kurato.ch\\\/wp-content\\\/uploads\\\/2025\\\/08\\\/PK-27-Sessel-von-Poul-Kjaerholm-fuer-E.-Kold-Christensen-Daenemark-1971-vintage-secondhand-gebraucht-schweiz-Instagram-Post.jpg\",\"datePublished\":\"2025-08-09T19:03:40+00:00\",\"dateModified\":\"2025-08-09T19:09:10+00:00\",\"description\":\"Entdecke Vintage M\u00f6bel & Dekoration \u27a4 PK 27 Sessel von Poul Kjaerholm f\u00fcr E. Kold Christensen, D\u00e4nemark, 1971 auf Kurato. \u2713Lieferung Schweiz \u271314-Tage R\u00fcckgabe \u2713Secondhand Unikat\",\"breadcrumb\":{\"@id\":\"https:\\\/\\\/kurato.ch\\\/product\\\/pk-27-sessel-von-poul-kjaerholm-fuer-e-kold-christensen-daenemark-1971\\\/#breadcrumb\"},\"inLanguage\":\"fr-FR\",\"potentialAction\":[{\"@type\":\"ReadAction\",\"target\":[\"https:\\\/\\\/kurato.ch\\\/product\\\/pk-27-sessel-von-poul-kjaerholm-fuer-e-kold-christensen-daenemark-1971\\\/\"]}]},{\"@type\":\"ImageObject\",\"inLanguage\":\"fr-FR\",\"@id\":\"https:\\\/\\\/kurato.ch\\\/product\\\/pk-27-sessel-von-poul-kjaerholm-fuer-e-kold-christensen-daenemark-1971\\\/#primaryimage\",\"url\":\"https:\\\/\\\/kurato.ch\\\/wp-content\\\/uploads\\\/2025\\\/08\\\/PK-27-Sessel-von-Poul-Kjaerholm-fuer-E.-Kold-Christensen-Daenemark-1971-vintage-secondhand-gebraucht-schweiz-Instagram-Post.jpg\",\"contentUrl\":\"https:\\\/\\\/kurato.ch\\\/wp-content\\\/uploads\\\/2025\\\/08\\\/PK-27-Sessel-von-Poul-Kjaerholm-fuer-E.-Kold-Christensen-Daenemark-1971-vintage-secondhand-gebraucht-schweiz-Instagram-Post.jpg\",\"width\":810,\"height\":810,\"caption\":\"PK 27 Sessel von Poul Kjaerholm f\u00fcr E. Kold Christensen, D\u00e4nemark, 1971\"},{\"@type\":\"BreadcrumbList\",\"@id\":\"https:\\\/\\\/kurato.ch\\\/product\\\/pk-27-sessel-von-poul-kjaerholm-fuer-e-kold-christensen-daenemark-1971\\\/#breadcrumb\",\"itemListElement\":[{\"@type\":\"ListItem\",\"position\":1,\"name\":\"Home\",\"item\":\"https:\\\/\\\/kurato.ch\\\/\"},{\"@type\":\"ListItem\",\"position\":2,\"name\":\"Neuheiten\",\"item\":\"https:\\\/\\\/kurato.ch\\\/neuheiten\\\/\"},{\"@type\":\"ListItem\",\"position\":3,\"name\":\"PK 27 Sessel von Poul Kjaerholm f\u00fcr E. Kold Christensen, D\u00e4nemark, 1971\"}]},{\"@type\":\"WebSite\",\"@id\":\"https:\\\/\\\/kurato.ch\\\/#website\",\"url\":\"https:\\\/\\\/kurato.ch\\\/\",\"name\":\"Vintage M\u00f6bel &amp; Dekoration I Kurato\",\"description\":\"Vintage M\u00f6bel &amp; Dekoration I Kurato\",\"publisher\":{\"@id\":\"https:\\\/\\\/kurato.ch\\\/#organization\"},\"potentialAction\":[{\"@type\":\"SearchAction\",\"target\":{\"@type\":\"EntryPoint\",\"urlTemplate\":\"https:\\\/\\\/kurato.ch\\\/?s={search_term_string}\"},\"query-input\":{\"@type\":\"PropertyValueSpecification\",\"valueRequired\":true,\"valueName\":\"search_term_string\"}}],\"inLanguage\":\"fr-FR\"},{\"@type\":\"Organization\",\"@id\":\"https:\\\/\\\/kurato.ch\\\/#organization\",\"name\":\"Kurato.\",\"url\":\"https:\\\/\\\/kurato.ch\\\/\",\"logo\":{\"@type\":\"ImageObject\",\"inLanguage\":\"fr-FR\",\"@id\":\"https:\\\/\\\/kurato.ch\\\/#\\\/schema\\\/logo\\\/image\\\/\",\"url\":\"\",\"contentUrl\":\"\",\"caption\":\"Kurato.\"},\"image\":{\"@id\":\"https:\\\/\\\/kurato.ch\\\/#\\\/schema\\\/logo\\\/image\\\/\"},\"sameAs\":[\"https:\\\/\\\/www.facebook.com\\\/kuratoswitzerland\",\"https:\\\/\\\/www.instagram.com\\\/kurato.ch\\\/\",\"https:\\\/\\\/www.pinterest.ch\\\/kurato_ch\\\/_created\\\/\"]}]}<\/script>\n<!-- \/ Yoast SEO plugin. -->","yoast_head_json":{"title":"PK 27 Sessel von Poul Kjaerholm f\u00fcr E. Kold Christensen, D\u00e4nemark, 1971 | Vintage M\u00f6bel kaufen auf KURATO.CH","description":"Entdecke Vintage M\u00f6bel & Dekoration \u27a4 PK 27 Sessel von Poul Kjaerholm f\u00fcr E. Kold Christensen, D\u00e4nemark, 1971 auf Kurato. \u2713Lieferung Schweiz \u271314-Tage R\u00fcckgabe \u2713Secondhand Unikat","robots":{"index":"index","follow":"follow","max-snippet":"max-snippet:-1","max-image-preview":"max-image-preview:large","max-video-preview":"max-video-preview:-1"},"canonical":"https:\/\/kurato.ch\/fr\/product\/pk-27-sessel-von-poul-kjaerholm-fuer-e-kold-christensen-daenemark-1971\/","og_locale":"fr_FR","og_type":"article","og_title":"PK 27 Sessel von Poul Kjaerholm f\u00fcr E. Kold Christensen, D\u00e4nemark, 1971 | Vintage M\u00f6bel kaufen auf KURATO.CH","og_description":"Entdecke Vintage M\u00f6bel & Dekoration \u27a4 PK 27 Sessel von Poul Kjaerholm f\u00fcr E. Kold Christensen, D\u00e4nemark, 1971 auf Kurato. \u2713Lieferung Schweiz \u271314-Tage R\u00fcckgabe \u2713Secondhand Unikat","og_url":"https:\/\/kurato.ch\/fr\/product\/pk-27-sessel-von-poul-kjaerholm-fuer-e-kold-christensen-daenemark-1971\/","og_site_name":"Vintage M\u00f6bel &amp; Dekoration I Kurato","article_publisher":"https:\/\/www.facebook.com\/kuratoswitzerland","article_modified_time":"2025-08-09T19:09:10+00:00","og_image":[{"width":810,"height":810,"url":"https:\/\/kurato.ch\/wp-content\/uploads\/2025\/08\/PK-27-Sessel-von-Poul-Kjaerholm-fuer-E.-Kold-Christensen-Daenemark-1971-vintage-secondhand-gebraucht-schweiz-Instagram-Post.jpg","type":"image\/jpeg"}],"twitter_misc":{"Dur\u00e9e de lecture estim\u00e9e":"1 minute"},"schema":{"@context":"https:\/\/schema.org","@graph":[{"@type":"WebPage","@id":"https:\/\/kurato.ch\/product\/pk-27-sessel-von-poul-kjaerholm-fuer-e-kold-christensen-daenemark-1971\/","url":"https:\/\/kurato.ch\/product\/pk-27-sessel-von-poul-kjaerholm-fuer-e-kold-christensen-daenemark-1971\/","name":"PK 27 Sessel von Poul Kjaerholm f\u00fcr E. Kold Christensen, D\u00e4nemark, 1971 | Vintage M\u00f6bel kaufen auf KURATO.CH","isPartOf":{"@id":"https:\/\/kurato.ch\/#website"},"primaryImageOfPage":{"@id":"https:\/\/kurato.ch\/product\/pk-27-sessel-von-poul-kjaerholm-fuer-e-kold-christensen-daenemark-1971\/#primaryimage"},"image":{"@id":"https:\/\/kurato.ch\/product\/pk-27-sessel-von-poul-kjaerholm-fuer-e-kold-christensen-daenemark-1971\/#primaryimage"},"thumbnailUrl":"https:\/\/kurato.ch\/wp-content\/uploads\/2025\/08\/PK-27-Sessel-von-Poul-Kjaerholm-fuer-E.-Kold-Christensen-Daenemark-1971-vintage-secondhand-gebraucht-schweiz-Instagram-Post.jpg","datePublished":"2025-08-09T19:03:40+00:00","dateModified":"2025-08-09T19:09:10+00:00","description":"Entdecke Vintage M\u00f6bel & Dekoration \u27a4 PK 27 Sessel von Poul Kjaerholm f\u00fcr E. Kold Christensen, D\u00e4nemark, 1971 auf Kurato. \u2713Lieferung Schweiz \u271314-Tage R\u00fcckgabe \u2713Secondhand Unikat","breadcrumb":{"@id":"https:\/\/kurato.ch\/product\/pk-27-sessel-von-poul-kjaerholm-fuer-e-kold-christensen-daenemark-1971\/#breadcrumb"},"inLanguage":"fr-FR","potentialAction":[{"@type":"ReadAction","target":["https:\/\/kurato.ch\/product\/pk-27-sessel-von-poul-kjaerholm-fuer-e-kold-christensen-daenemark-1971\/"]}]},{"@type":"ImageObject","inLanguage":"fr-FR","@id":"https:\/\/kurato.ch\/product\/pk-27-sessel-von-poul-kjaerholm-fuer-e-kold-christensen-daenemark-1971\/#primaryimage","url":"https:\/\/kurato.ch\/wp-content\/uploads\/2025\/08\/PK-27-Sessel-von-Poul-Kjaerholm-fuer-E.-Kold-Christensen-Daenemark-1971-vintage-secondhand-gebraucht-schweiz-Instagram-Post.jpg","contentUrl":"https:\/\/kurato.ch\/wp-content\/uploads\/2025\/08\/PK-27-Sessel-von-Poul-Kjaerholm-fuer-E.-Kold-Christensen-Daenemark-1971-vintage-secondhand-gebraucht-schweiz-Instagram-Post.jpg","width":810,"height":810,"caption":"PK 27 Sessel von Poul Kjaerholm f\u00fcr E. Kold Christensen, D\u00e4nemark, 1971"},{"@type":"BreadcrumbList","@id":"https:\/\/kurato.ch\/product\/pk-27-sessel-von-poul-kjaerholm-fuer-e-kold-christensen-daenemark-1971\/#breadcrumb","itemListElement":[{"@type":"ListItem","position":1,"name":"Home","item":"https:\/\/kurato.ch\/"},{"@type":"ListItem","position":2,"name":"Neuheiten","item":"https:\/\/kurato.ch\/neuheiten\/"},{"@type":"ListItem","position":3,"name":"PK 27 Sessel von Poul Kjaerholm f\u00fcr E. Kold Christensen, D\u00e4nemark, 1971"}]},{"@type":"WebSite","@id":"https:\/\/kurato.ch\/#website","url":"https:\/\/kurato.ch\/","name":"Meubles vintage &amp; d\u00e9coration I Kurato","description":"Meubles vintage &amp; d\u00e9coration I Kurato","publisher":{"@id":"https:\/\/kurato.ch\/#organization"},"potentialAction":[{"@type":"SearchAction","target":{"@type":"EntryPoint","urlTemplate":"https:\/\/kurato.ch\/?s={search_term_string}"},"query-input":{"@type":"PropertyValueSpecification","valueRequired":true,"valueName":"search_term_string"}}],"inLanguage":"fr-FR"},{"@type":"Organization","@id":"https:\/\/kurato.ch\/#organization","name":"Kurato.","url":"https:\/\/kurato.ch\/","logo":{"@type":"ImageObject","inLanguage":"fr-FR","@id":"https:\/\/kurato.ch\/#\/schema\/logo\/image\/","url":"","contentUrl":"","caption":"Kurato."},"image":{"@id":"https:\/\/kurato.ch\/#\/schema\/logo\/image\/"},"sameAs":["https:\/\/www.facebook.com\/kuratoswitzerland","https:\/\/www.instagram.com\/kurato.ch\/","https:\/\/www.pinterest.ch\/kurato_ch\/_created\/"]}]}},"_links":{"self":[{"href":"https:\/\/kurato.ch\/fr\/wp-json\/wp\/v2\/product\/69895","targetHints":{"allow":["GET"]}}],"collection":[{"href":"https:\/\/kurato.ch\/fr\/wp-json\/wp\/v2\/product"}],"about":[{"href":"https:\/\/kurato.ch\/fr\/wp-json\/wp\/v2\/types\/product"}],"wp:featuredmedia":[{"embeddable":true,"href":"https:\/\/kurato.ch\/fr\/wp-json\/wp\/v2\/media\/69930"}],"wp:attachment":[{"href":"https:\/\/kurato.ch\/fr\/wp-json\/wp\/v2\/media?parent=69895"}],"wp:term":[{"taxonomy":"product_brand","embeddable":true,"href":"https:\/\/kurato.ch\/fr\/wp-json\/wp\/v2\/product_brand?post=69895"},{"taxonomy":"product_cat","embeddable":true,"href":"https:\/\/kurato.ch\/fr\/wp-json\/wp\/v2\/product_cat?post=69895"},{"taxonomy":"product_tag","embeddable":true,"href":"https:\/\/kurato.ch\/fr\/wp-json\/wp\/v2\/product_tag?post=69895"}],"curies":[{"name":"wp","href":"https:\/\/api.w.org\/{rel}","templated":true}]}}