{"id":69919,"date":"2025-08-11T15:02:21","date_gmt":"2025-08-11T13:02:21","guid":{"rendered":"https:\/\/kurato.ch\/?post_type=product&#038;p=69919"},"modified":"2025-08-11T15:02:22","modified_gmt":"2025-08-11T13:02:22","slug":"runder-tisch-aus-carrara-marmor-von-carlo-scarpa-fuer-cattelan-italia-1970er-jahre","status":"publish","type":"product","link":"https:\/\/kurato.ch\/fr\/product\/runder-tisch-aus-carrara-marmor-von-carlo-scarpa-fuer-cattelan-italia-1970er-jahre\/","title":{"rendered":"Runder Tisch aus Carrara-Marmor von Carlo Scarpa f\u00fcr Cattelan Italia, 1970er Jahre"},"content":{"rendered":"<p>Dieser runde Tisch ist ein elegantes Beispiel f\u00fcr italienisches Design der 1970er Jahre und tr\u00e4gt die gestalterische Handschrift von Carlo Scarpa, einem bedeutenden Architekten und Designer des 20. Jahrhunderts. Hergestellt wurde er vom renommierten Hersteller Cattelan Italia, wie der gut sichtbare Aufkleber auf der Unterseite der Tischplatte best\u00e4tigt.<\/p>\n<p>Der Tisch besteht vollst\u00e4ndig aus hellem Carrara-Marmor, was ihm nicht nur eine edle Anmutung, sondern auch eine skulpturale Pr\u00e4senz verleiht. Die massive, konische S\u00e4ule bildet den zentralen Tr\u00e4ger f\u00fcr die grossz\u00fcgige, kreisrunde Platte, die durch ihre schlanke Ausf\u00fchrung und das zur\u00fcckhaltende, nat\u00fcrliche Maserungsbild des Marmors besonders fein wirkt. Die Verbindung zwischen Sockel und Tischplatte ist durch ein konisches Zwischenst\u00fcck elegant und fliessend gel\u00f6st \u2013 ein typisches Merkmal Scarpa\u2019scher Formensprache, die gerne mit architektonischen \u00dcberg\u00e4ngen spielt.<\/p>\n<p>Die Proportionen des Tisches sind ausgewogen, sodass er sowohl als Esstisch f\u00fcr vier bis sechs Personen als auch als markanter Solit\u00e4r in einer offenen Wohnumgebung funktioniert.<\/p>\n<p>Zustand: Der Tisch befindet sich insgesamt in einem sehr gutem Zustand mit nur sehr leichten altersbedingten Gebrauchsspuren. Die Marmorplatte weist eine sehr sch\u00f6ne Maserung auf. Am Sockel ist eine kleinere Bestossungen beim genauer hinsehen erkennbar, die jedoch die Stabilit\u00e4t und Funktion nicht beeintr\u00e4chtigt. Insgesamt ist der Tisch sehr gut erhalten \u2013 ideal f\u00fcr Liebhaber authentischer Vintage-St\u00fccke mit Patina.<\/p>\n<p>Masse: Durchmesser 129 cm x H72.5 cm<\/p>\n<p><strong>Vous souhaitez recevoir l'article chez vous ?<\/strong><\/p>\n<p>Contactez le service client\u00e8le de Kurato <a href=\"mailto:hello@kurato.ch\" data-mce-href=\"mailto:hello@kurato.ch\"><strong>hello@kurato.ch<\/strong><\/a> et demandez une offre de livraison personnalis\u00e9e.<\/p>\n<p><br data-mce-bogus=\"1\"><\/p>","protected":false},"excerpt":{"rendered":"<p>Dieser runde Tisch ist ein elegantes Beispiel f\u00fcr italienisches Design der 1970er Jahre und tr\u00e4gt die gestalterische Handschrift von Carlo Scarpa, einem bedeutenden Architekten und Designer des 20. Jahrhunderts. Hergestellt wurde er vom renommierten Hersteller Cattelan Italia, wie der gut sichtbare Aufkleber auf der Unterseite der Tischplatte best\u00e4tigt. Der Tisch besteht vollst\u00e4ndig aus hellem Carrara-Marmor, [&hellip;]<\/p>\n","protected":false},"featured_media":69958,"template":"","meta":{"_acf_changed":false,"site-sidebar-layout":"default","site-content-layout":"","ast-site-content-layout":"default","site-content-style":"default","site-sidebar-style":"default","ast-global-header-display":"","ast-banner-title-visibility":"","ast-main-header-display":"","ast-hfb-above-header-display":"","ast-hfb-below-header-display":"","ast-hfb-mobile-header-display":"","site-post-title":"","ast-breadcrumbs-content":"","ast-featured-img":"","footer-sml-layout":"","ast-disable-related-posts":"","theme-transparent-header-meta":"","adv-header-id-meta":"","stick-header-meta":"","header-above-stick-meta":"","header-main-stick-meta":"","header-below-stick-meta":"","astra-migrate-meta-layouts":"default","ast-page-background-enabled":"default","ast-page-background-meta":{"desktop":{"background-color":"","background-image":"","background-repeat":"repeat","background-position":"center center","background-size":"auto","background-attachment":"scroll","background-type":"","background-media":"","overlay-type":"","overlay-color":"","overlay-opacity":"","overlay-gradient":""},"tablet":{"background-color":"","background-image":"","background-repeat":"repeat","background-position":"center center","background-size":"auto","background-attachment":"scroll","background-type":"","background-media":"","overlay-type":"","overlay-color":"","overlay-opacity":"","overlay-gradient":""},"mobile":{"background-color":"","background-image":"","background-repeat":"repeat","background-position":"center center","background-size":"auto","background-attachment":"scroll","background-type":"","background-media":"","overlay-type":"","overlay-color":"","overlay-opacity":"","overlay-gradient":""}},"ast-content-background-meta":{"desktop":{"background-color":"var(--ast-global-color-5)","background-image":"","background-repeat":"repeat","background-position":"center center","background-size":"auto","background-attachment":"scroll","background-type":"","background-media":"","overlay-type":"","overlay-color":"","overlay-opacity":"","overlay-gradient":""},"tablet":{"background-color":"var(--ast-global-color-5)","background-image":"","background-repeat":"repeat","background-position":"center center","background-size":"auto","background-attachment":"scroll","background-type":"","background-media":"","overlay-type":"","overlay-color":"","overlay-opacity":"","overlay-gradient":""},"mobile":{"background-color":"var(--ast-global-color-5)","background-image":"","background-repeat":"repeat","background-position":"center center","background-size":"auto","background-attachment":"scroll","background-type":"","background-media":"","overlay-type":"","overlay-color":"","overlay-opacity":"","overlay-gradient":""}}},"product_brand":[],"product_cat":[168],"product_tag":[],"class_list":{"0":"post-69919","1":"product","2":"type-product","3":"status-publish","4":"has-post-thumbnail","6":"product_cat-vintage-esstisch","7":"pa_farbe-grau","8":"pa_material-marmor","9":"pa_stil-design","10":"desktop-align-left","11":"tablet-align-left","12":"mobile-align-left","14":"first","15":"instock","16":"sold-individually","17":"shipping-taxable","18":"purchasable","19":"product-type-simple"},"acf":[],"yoast_head":"<!-- This site is optimized with the Yoast SEO plugin v27.4 - https:\/\/yoast.com\/product\/yoast-seo-wordpress\/ -->\n<title>Runder Tisch aus Carrara-Marmor von Carlo Scarpa f\u00fcr Cattelan Italia, 1970er Jahre | Vintage M\u00f6bel kaufen auf KURATO.CH<\/title>\n<meta name=\"description\" content=\"Entdecke Vintage M\u00f6bel &amp; Dekoration \u27a4 Runder Tisch aus Carrara-Marmor von Carlo Scarpa f\u00fcr Cattelan Italia, 1970er Jahre auf Kurato. \u2713Lieferung Schweiz \u271314-Tage R\u00fcckgabe \u2713Secondhand Unikat\" \/>\n<meta name=\"robots\" content=\"index, follow, max-snippet:-1, max-image-preview:large, max-video-preview:-1\" \/>\n<link rel=\"canonical\" href=\"https:\/\/kurato.ch\/fr\/product\/runder-tisch-aus-carrara-marmor-von-carlo-scarpa-fuer-cattelan-italia-1970er-jahre\/\" \/>\n<meta property=\"og:locale\" content=\"fr_FR\" \/>\n<meta property=\"og:type\" content=\"article\" \/>\n<meta property=\"og:title\" content=\"Runder Tisch aus Carrara-Marmor von Carlo Scarpa f\u00fcr Cattelan Italia, 1970er Jahre | Vintage M\u00f6bel kaufen auf KURATO.CH\" \/>\n<meta property=\"og:description\" content=\"Entdecke Vintage M\u00f6bel &amp; Dekoration \u27a4 Runder Tisch aus Carrara-Marmor von Carlo Scarpa f\u00fcr Cattelan Italia, 1970er Jahre auf Kurato. \u2713Lieferung Schweiz \u271314-Tage R\u00fcckgabe \u2713Secondhand Unikat\" \/>\n<meta property=\"og:url\" content=\"https:\/\/kurato.ch\/fr\/product\/runder-tisch-aus-carrara-marmor-von-carlo-scarpa-fuer-cattelan-italia-1970er-jahre\/\" \/>\n<meta property=\"og:site_name\" content=\"Vintage M\u00f6bel &amp; Dekoration I Kurato\" \/>\n<meta property=\"article:publisher\" content=\"https:\/\/www.facebook.com\/kuratoswitzerland\" \/>\n<meta property=\"article:modified_time\" content=\"2025-08-11T13:02:22+00:00\" \/>\n<meta property=\"og:image\" content=\"https:\/\/kurato.ch\/wp-content\/uploads\/2025\/08\/Runder-Tisch-aus-Carrara-Marmor-von-Carlo-Scarpa-fuer-Cattelan-Italia-1970er-Jahre-vintage-secondhand-gebraucht-schweiz-Instagram-Post.jpg\" \/>\n\t<meta property=\"og:image:width\" content=\"810\" \/>\n\t<meta property=\"og:image:height\" content=\"810\" \/>\n\t<meta property=\"og:image:type\" content=\"image\/jpeg\" \/>\n<meta name=\"twitter:label1\" content=\"Dur\u00e9e de lecture estim\u00e9e\" \/>\n\t<meta name=\"twitter:data1\" content=\"1 minute\" \/>\n<script type=\"application\/ld+json\" class=\"yoast-schema-graph\">{\"@context\":\"https:\\\/\\\/schema.org\",\"@graph\":[{\"@type\":\"WebPage\",\"@id\":\"https:\\\/\\\/kurato.ch\\\/product\\\/runder-tisch-aus-carrara-marmor-von-carlo-scarpa-fuer-cattelan-italia-1970er-jahre\\\/\",\"url\":\"https:\\\/\\\/kurato.ch\\\/product\\\/runder-tisch-aus-carrara-marmor-von-carlo-scarpa-fuer-cattelan-italia-1970er-jahre\\\/\",\"name\":\"Runder Tisch aus Carrara-Marmor von Carlo Scarpa f\u00fcr Cattelan Italia, 1970er Jahre | Vintage M\u00f6bel kaufen auf KURATO.CH\",\"isPartOf\":{\"@id\":\"https:\\\/\\\/kurato.ch\\\/#website\"},\"primaryImageOfPage\":{\"@id\":\"https:\\\/\\\/kurato.ch\\\/product\\\/runder-tisch-aus-carrara-marmor-von-carlo-scarpa-fuer-cattelan-italia-1970er-jahre\\\/#primaryimage\"},\"image\":{\"@id\":\"https:\\\/\\\/kurato.ch\\\/product\\\/runder-tisch-aus-carrara-marmor-von-carlo-scarpa-fuer-cattelan-italia-1970er-jahre\\\/#primaryimage\"},\"thumbnailUrl\":\"https:\\\/\\\/kurato.ch\\\/wp-content\\\/uploads\\\/2025\\\/08\\\/Runder-Tisch-aus-Carrara-Marmor-von-Carlo-Scarpa-fuer-Cattelan-Italia-1970er-Jahre-vintage-secondhand-gebraucht-schweiz-Instagram-Post.jpg\",\"datePublished\":\"2025-08-11T13:02:21+00:00\",\"dateModified\":\"2025-08-11T13:02:22+00:00\",\"description\":\"Entdecke Vintage M\u00f6bel & Dekoration \u27a4 Runder Tisch aus Carrara-Marmor von Carlo Scarpa f\u00fcr Cattelan Italia, 1970er Jahre auf Kurato. \u2713Lieferung Schweiz \u271314-Tage R\u00fcckgabe \u2713Secondhand Unikat\",\"breadcrumb\":{\"@id\":\"https:\\\/\\\/kurato.ch\\\/product\\\/runder-tisch-aus-carrara-marmor-von-carlo-scarpa-fuer-cattelan-italia-1970er-jahre\\\/#breadcrumb\"},\"inLanguage\":\"fr-FR\",\"potentialAction\":[{\"@type\":\"ReadAction\",\"target\":[\"https:\\\/\\\/kurato.ch\\\/product\\\/runder-tisch-aus-carrara-marmor-von-carlo-scarpa-fuer-cattelan-italia-1970er-jahre\\\/\"]}]},{\"@type\":\"ImageObject\",\"inLanguage\":\"fr-FR\",\"@id\":\"https:\\\/\\\/kurato.ch\\\/product\\\/runder-tisch-aus-carrara-marmor-von-carlo-scarpa-fuer-cattelan-italia-1970er-jahre\\\/#primaryimage\",\"url\":\"https:\\\/\\\/kurato.ch\\\/wp-content\\\/uploads\\\/2025\\\/08\\\/Runder-Tisch-aus-Carrara-Marmor-von-Carlo-Scarpa-fuer-Cattelan-Italia-1970er-Jahre-vintage-secondhand-gebraucht-schweiz-Instagram-Post.jpg\",\"contentUrl\":\"https:\\\/\\\/kurato.ch\\\/wp-content\\\/uploads\\\/2025\\\/08\\\/Runder-Tisch-aus-Carrara-Marmor-von-Carlo-Scarpa-fuer-Cattelan-Italia-1970er-Jahre-vintage-secondhand-gebraucht-schweiz-Instagram-Post.jpg\",\"width\":810,\"height\":810,\"caption\":\"Runder Tisch aus Carrara-Marmor von Carlo Scarpa f\u00fcr Cattelan Italia, 1970er Jahre\"},{\"@type\":\"BreadcrumbList\",\"@id\":\"https:\\\/\\\/kurato.ch\\\/product\\\/runder-tisch-aus-carrara-marmor-von-carlo-scarpa-fuer-cattelan-italia-1970er-jahre\\\/#breadcrumb\",\"itemListElement\":[{\"@type\":\"ListItem\",\"position\":1,\"name\":\"Home\",\"item\":\"https:\\\/\\\/kurato.ch\\\/\"},{\"@type\":\"ListItem\",\"position\":2,\"name\":\"Neuheiten\",\"item\":\"https:\\\/\\\/kurato.ch\\\/neuheiten\\\/\"},{\"@type\":\"ListItem\",\"position\":3,\"name\":\"Runder Tisch aus Carrara-Marmor von Carlo Scarpa f\u00fcr Cattelan Italia, 1970er Jahre\"}]},{\"@type\":\"WebSite\",\"@id\":\"https:\\\/\\\/kurato.ch\\\/#website\",\"url\":\"https:\\\/\\\/kurato.ch\\\/\",\"name\":\"Vintage M\u00f6bel &amp; Dekoration I Kurato\",\"description\":\"Vintage M\u00f6bel &amp; Dekoration I Kurato\",\"publisher\":{\"@id\":\"https:\\\/\\\/kurato.ch\\\/#organization\"},\"potentialAction\":[{\"@type\":\"SearchAction\",\"target\":{\"@type\":\"EntryPoint\",\"urlTemplate\":\"https:\\\/\\\/kurato.ch\\\/?s={search_term_string}\"},\"query-input\":{\"@type\":\"PropertyValueSpecification\",\"valueRequired\":true,\"valueName\":\"search_term_string\"}}],\"inLanguage\":\"fr-FR\"},{\"@type\":\"Organization\",\"@id\":\"https:\\\/\\\/kurato.ch\\\/#organization\",\"name\":\"Kurato.\",\"url\":\"https:\\\/\\\/kurato.ch\\\/\",\"logo\":{\"@type\":\"ImageObject\",\"inLanguage\":\"fr-FR\",\"@id\":\"https:\\\/\\\/kurato.ch\\\/#\\\/schema\\\/logo\\\/image\\\/\",\"url\":\"\",\"contentUrl\":\"\",\"caption\":\"Kurato.\"},\"image\":{\"@id\":\"https:\\\/\\\/kurato.ch\\\/#\\\/schema\\\/logo\\\/image\\\/\"},\"sameAs\":[\"https:\\\/\\\/www.facebook.com\\\/kuratoswitzerland\",\"https:\\\/\\\/www.instagram.com\\\/kurato.ch\\\/\",\"https:\\\/\\\/www.pinterest.ch\\\/kurato_ch\\\/_created\\\/\"]}]}<\/script>\n<!-- \/ Yoast SEO plugin. -->","yoast_head_json":{"title":"Runder Tisch aus Carrara-Marmor von Carlo Scarpa f\u00fcr Cattelan Italia, 1970er Jahre | Vintage M\u00f6bel kaufen auf KURATO.CH","description":"Entdecke Vintage M\u00f6bel & Dekoration \u27a4 Runder Tisch aus Carrara-Marmor von Carlo Scarpa f\u00fcr Cattelan Italia, 1970er Jahre auf Kurato. \u2713Lieferung Schweiz \u271314-Tage R\u00fcckgabe \u2713Secondhand Unikat","robots":{"index":"index","follow":"follow","max-snippet":"max-snippet:-1","max-image-preview":"max-image-preview:large","max-video-preview":"max-video-preview:-1"},"canonical":"https:\/\/kurato.ch\/fr\/product\/runder-tisch-aus-carrara-marmor-von-carlo-scarpa-fuer-cattelan-italia-1970er-jahre\/","og_locale":"fr_FR","og_type":"article","og_title":"Runder Tisch aus Carrara-Marmor von Carlo Scarpa f\u00fcr Cattelan Italia, 1970er Jahre | Vintage M\u00f6bel kaufen auf KURATO.CH","og_description":"Entdecke Vintage M\u00f6bel & Dekoration \u27a4 Runder Tisch aus Carrara-Marmor von Carlo Scarpa f\u00fcr Cattelan Italia, 1970er Jahre auf Kurato. \u2713Lieferung Schweiz \u271314-Tage R\u00fcckgabe \u2713Secondhand Unikat","og_url":"https:\/\/kurato.ch\/fr\/product\/runder-tisch-aus-carrara-marmor-von-carlo-scarpa-fuer-cattelan-italia-1970er-jahre\/","og_site_name":"Vintage M\u00f6bel &amp; Dekoration I Kurato","article_publisher":"https:\/\/www.facebook.com\/kuratoswitzerland","article_modified_time":"2025-08-11T13:02:22+00:00","og_image":[{"width":810,"height":810,"url":"https:\/\/kurato.ch\/wp-content\/uploads\/2025\/08\/Runder-Tisch-aus-Carrara-Marmor-von-Carlo-Scarpa-fuer-Cattelan-Italia-1970er-Jahre-vintage-secondhand-gebraucht-schweiz-Instagram-Post.jpg","type":"image\/jpeg"}],"twitter_misc":{"Dur\u00e9e de lecture estim\u00e9e":"1 minute"},"schema":{"@context":"https:\/\/schema.org","@graph":[{"@type":"WebPage","@id":"https:\/\/kurato.ch\/product\/runder-tisch-aus-carrara-marmor-von-carlo-scarpa-fuer-cattelan-italia-1970er-jahre\/","url":"https:\/\/kurato.ch\/product\/runder-tisch-aus-carrara-marmor-von-carlo-scarpa-fuer-cattelan-italia-1970er-jahre\/","name":"Runder Tisch aus Carrara-Marmor von Carlo Scarpa f\u00fcr Cattelan Italia, 1970er Jahre | Vintage M\u00f6bel kaufen auf KURATO.CH","isPartOf":{"@id":"https:\/\/kurato.ch\/#website"},"primaryImageOfPage":{"@id":"https:\/\/kurato.ch\/product\/runder-tisch-aus-carrara-marmor-von-carlo-scarpa-fuer-cattelan-italia-1970er-jahre\/#primaryimage"},"image":{"@id":"https:\/\/kurato.ch\/product\/runder-tisch-aus-carrara-marmor-von-carlo-scarpa-fuer-cattelan-italia-1970er-jahre\/#primaryimage"},"thumbnailUrl":"https:\/\/kurato.ch\/wp-content\/uploads\/2025\/08\/Runder-Tisch-aus-Carrara-Marmor-von-Carlo-Scarpa-fuer-Cattelan-Italia-1970er-Jahre-vintage-secondhand-gebraucht-schweiz-Instagram-Post.jpg","datePublished":"2025-08-11T13:02:21+00:00","dateModified":"2025-08-11T13:02:22+00:00","description":"Entdecke Vintage M\u00f6bel & Dekoration \u27a4 Runder Tisch aus Carrara-Marmor von Carlo Scarpa f\u00fcr Cattelan Italia, 1970er Jahre auf Kurato. \u2713Lieferung Schweiz \u271314-Tage R\u00fcckgabe \u2713Secondhand Unikat","breadcrumb":{"@id":"https:\/\/kurato.ch\/product\/runder-tisch-aus-carrara-marmor-von-carlo-scarpa-fuer-cattelan-italia-1970er-jahre\/#breadcrumb"},"inLanguage":"fr-FR","potentialAction":[{"@type":"ReadAction","target":["https:\/\/kurato.ch\/product\/runder-tisch-aus-carrara-marmor-von-carlo-scarpa-fuer-cattelan-italia-1970er-jahre\/"]}]},{"@type":"ImageObject","inLanguage":"fr-FR","@id":"https:\/\/kurato.ch\/product\/runder-tisch-aus-carrara-marmor-von-carlo-scarpa-fuer-cattelan-italia-1970er-jahre\/#primaryimage","url":"https:\/\/kurato.ch\/wp-content\/uploads\/2025\/08\/Runder-Tisch-aus-Carrara-Marmor-von-Carlo-Scarpa-fuer-Cattelan-Italia-1970er-Jahre-vintage-secondhand-gebraucht-schweiz-Instagram-Post.jpg","contentUrl":"https:\/\/kurato.ch\/wp-content\/uploads\/2025\/08\/Runder-Tisch-aus-Carrara-Marmor-von-Carlo-Scarpa-fuer-Cattelan-Italia-1970er-Jahre-vintage-secondhand-gebraucht-schweiz-Instagram-Post.jpg","width":810,"height":810,"caption":"Runder Tisch aus Carrara-Marmor von Carlo Scarpa f\u00fcr Cattelan Italia, 1970er Jahre"},{"@type":"BreadcrumbList","@id":"https:\/\/kurato.ch\/product\/runder-tisch-aus-carrara-marmor-von-carlo-scarpa-fuer-cattelan-italia-1970er-jahre\/#breadcrumb","itemListElement":[{"@type":"ListItem","position":1,"name":"Home","item":"https:\/\/kurato.ch\/"},{"@type":"ListItem","position":2,"name":"Neuheiten","item":"https:\/\/kurato.ch\/neuheiten\/"},{"@type":"ListItem","position":3,"name":"Runder Tisch aus Carrara-Marmor von Carlo Scarpa f\u00fcr Cattelan Italia, 1970er Jahre"}]},{"@type":"WebSite","@id":"https:\/\/kurato.ch\/#website","url":"https:\/\/kurato.ch\/","name":"Meubles vintage &amp; d\u00e9coration I Kurato","description":"Meubles vintage &amp; d\u00e9coration I Kurato","publisher":{"@id":"https:\/\/kurato.ch\/#organization"},"potentialAction":[{"@type":"SearchAction","target":{"@type":"EntryPoint","urlTemplate":"https:\/\/kurato.ch\/?s={search_term_string}"},"query-input":{"@type":"PropertyValueSpecification","valueRequired":true,"valueName":"search_term_string"}}],"inLanguage":"fr-FR"},{"@type":"Organization","@id":"https:\/\/kurato.ch\/#organization","name":"Kurato.","url":"https:\/\/kurato.ch\/","logo":{"@type":"ImageObject","inLanguage":"fr-FR","@id":"https:\/\/kurato.ch\/#\/schema\/logo\/image\/","url":"","contentUrl":"","caption":"Kurato."},"image":{"@id":"https:\/\/kurato.ch\/#\/schema\/logo\/image\/"},"sameAs":["https:\/\/www.facebook.com\/kuratoswitzerland","https:\/\/www.instagram.com\/kurato.ch\/","https:\/\/www.pinterest.ch\/kurato_ch\/_created\/"]}]}},"_links":{"self":[{"href":"https:\/\/kurato.ch\/fr\/wp-json\/wp\/v2\/product\/69919","targetHints":{"allow":["GET"]}}],"collection":[{"href":"https:\/\/kurato.ch\/fr\/wp-json\/wp\/v2\/product"}],"about":[{"href":"https:\/\/kurato.ch\/fr\/wp-json\/wp\/v2\/types\/product"}],"wp:featuredmedia":[{"embeddable":true,"href":"https:\/\/kurato.ch\/fr\/wp-json\/wp\/v2\/media\/69958"}],"wp:attachment":[{"href":"https:\/\/kurato.ch\/fr\/wp-json\/wp\/v2\/media?parent=69919"}],"wp:term":[{"taxonomy":"product_brand","embeddable":true,"href":"https:\/\/kurato.ch\/fr\/wp-json\/wp\/v2\/product_brand?post=69919"},{"taxonomy":"product_cat","embeddable":true,"href":"https:\/\/kurato.ch\/fr\/wp-json\/wp\/v2\/product_cat?post=69919"},{"taxonomy":"product_tag","embeddable":true,"href":"https:\/\/kurato.ch\/fr\/wp-json\/wp\/v2\/product_tag?post=69919"}],"curies":[{"name":"wp","href":"https:\/\/api.w.org\/{rel}","templated":true}]}}