{"id":70050,"date":"2025-08-16T15:39:11","date_gmt":"2025-08-16T13:39:11","guid":{"rendered":"https:\/\/kurato.ch\/?post_type=product&#038;p=70050"},"modified":"2025-08-16T15:39:12","modified_gmt":"2025-08-16T13:39:12","slug":"marco-acerbis-coral-lounge-armchair","status":"publish","type":"product","link":"https:\/\/kurato.ch\/fr\/product\/marco-acerbis-coral-lounge-armchair\/","title":{"rendered":"Marco Acerbis &#8211; Coral Lounge Armchair"},"content":{"rendered":"<p>Talenti Living Outdoor \u201aNUOVE\u2018 Coral Armchair Lounge Designer Marco Acerbis<\/p>\n<p>Marco Acerbis \u2013 Coral Lounge Armchair Der Coral Outdoor-Sessel ist von der Idee der Modularit\u00e4t inspiriert, die die gesamte Kollektion durchzieht. Seine breite und gro\u00dfz\u00fcgige Sitzfl\u00e4che eignet sich hervorragend, um Ihren Aussenbereich aufzuwerten. Die hochwertigen und luxuri\u00f6sen Stoffe der Polsterung stehen im Kontrast zu den klaren und minimalistischen Linien des Aluminiumrahmens, die durch die F\u00fc\u00dfe und die Seilgriffe der Sitzfl\u00e4che hervorgehoben werden. Die Polsterung aus schnell trocknendem Schaumstoff ist abnehmbar, leicht zu reinigen und witterungsbest\u00e4ndig.<br \/>Forschung, Stil und Qualit\u00e4t sind die drei Hauptmerkmale der Produkte von Talenti: M\u00f6bel und Accessoires f\u00fcr den Au\u00dfenbereich, die sich durch Komfort auszeichnen und so sorgf\u00e4ltig entworfen wurden, so dass sie die \u00fcbliche Trennung zwischen Innen- und Au\u00dfenm\u00f6beln in Frage stellen. Die Produkte von Talenti werden von international renommierten Designern entworfen, die es verstehen, die W\u00fcnsche der Kunden zu interpretieren und Markttrends zu antizipieren. Jedes M\u00f6belst\u00fcck wird mit viel Liebe zum Detail hergestellt: von der Auswahl der Stoffe und Farbvarianten bis hin zur Langlebigkeit der Materialien.<br \/>Die Entscheidung f\u00fcr Outdoor-M\u00f6bel oder Accessoires von Talenti bedeutet, die Sch\u00f6nheit und W\u00e4rme eines einzigartigen Designs zu erleben, das geschaffen wurde, um Momente des Wohlbefindens im Freien zu erm\u00f6glichen.<\/p>\n<p>Der Versand erfolgt im Original-Karton und wird f\u00fcr den Transport auf einer Palette festgezurrt.<\/p>\n<p>Der Preis versteht sich f\u00fcr das Set mit 2 Sesseln<\/p>","protected":false},"excerpt":{"rendered":"<p>Talenti Living Outdoor \u201aNUOVE\u2018 Coral Armchair Lounge Designer Marco Acerbis Marco Acerbis \u2013 Coral Lounge Armchair Der Coral Outdoor-Sessel ist von der Idee der Modularit\u00e4t inspiriert, die die gesamte Kollektion durchzieht. Seine breite und gro\u00dfz\u00fcgige Sitzfl\u00e4che eignet sich hervorragend, um Ihren Aussenbereich aufzuwerten. Die hochwertigen und luxuri\u00f6sen Stoffe der Polsterung stehen im Kontrast zu den [&hellip;]<\/p>\n","protected":false},"featured_media":70144,"template":"","meta":{"_acf_changed":false,"site-sidebar-layout":"default","site-content-layout":"","ast-site-content-layout":"default","site-content-style":"default","site-sidebar-style":"default","ast-global-header-display":"","ast-banner-title-visibility":"","ast-main-header-display":"","ast-hfb-above-header-display":"","ast-hfb-below-header-display":"","ast-hfb-mobile-header-display":"","site-post-title":"","ast-breadcrumbs-content":"","ast-featured-img":"","footer-sml-layout":"","ast-disable-related-posts":"","theme-transparent-header-meta":"","adv-header-id-meta":"","stick-header-meta":"","header-above-stick-meta":"","header-main-stick-meta":"","header-below-stick-meta":"","astra-migrate-meta-layouts":"default","ast-page-background-enabled":"default","ast-page-background-meta":{"desktop":{"background-color":"","background-image":"","background-repeat":"repeat","background-position":"center center","background-size":"auto","background-attachment":"scroll","background-type":"","background-media":"","overlay-type":"","overlay-color":"","overlay-opacity":"","overlay-gradient":""},"tablet":{"background-color":"","background-image":"","background-repeat":"repeat","background-position":"center center","background-size":"auto","background-attachment":"scroll","background-type":"","background-media":"","overlay-type":"","overlay-color":"","overlay-opacity":"","overlay-gradient":""},"mobile":{"background-color":"","background-image":"","background-repeat":"repeat","background-position":"center center","background-size":"auto","background-attachment":"scroll","background-type":"","background-media":"","overlay-type":"","overlay-color":"","overlay-opacity":"","overlay-gradient":""}},"ast-content-background-meta":{"desktop":{"background-color":"var(--ast-global-color-5)","background-image":"","background-repeat":"repeat","background-position":"center center","background-size":"auto","background-attachment":"scroll","background-type":"","background-media":"","overlay-type":"","overlay-color":"","overlay-opacity":"","overlay-gradient":""},"tablet":{"background-color":"var(--ast-global-color-5)","background-image":"","background-repeat":"repeat","background-position":"center center","background-size":"auto","background-attachment":"scroll","background-type":"","background-media":"","overlay-type":"","overlay-color":"","overlay-opacity":"","overlay-gradient":""},"mobile":{"background-color":"var(--ast-global-color-5)","background-image":"","background-repeat":"repeat","background-position":"center center","background-size":"auto","background-attachment":"scroll","background-type":"","background-media":"","overlay-type":"","overlay-color":"","overlay-opacity":"","overlay-gradient":""}}},"product_brand":[],"product_cat":[155,152,163],"product_tag":[],"class_list":{"0":"post-70050","1":"product","2":"type-product","3":"status-publish","4":"has-post-thumbnail","6":"product_cat-vintage-sessel","7":"product_cat-vintage-sessel-liege","8":"product_cat-vintage-stuhl","9":"pa_farbe-farbebeige","10":"pa_farbe-weiss","11":"pa_material-metall","12":"pa_material-stoff","13":"pa_stil-zeitgenossisch","14":"desktop-align-left","15":"tablet-align-left","16":"mobile-align-left","18":"first","19":"instock","20":"sold-individually","21":"shipping-taxable","22":"purchasable","23":"product-type-simple"},"acf":[],"yoast_head":"<!-- This site is optimized with the Yoast SEO plugin v27.3 - https:\/\/yoast.com\/product\/yoast-seo-wordpress\/ -->\n<title>Marco Acerbis - Coral Lounge Armchair | Vintage M\u00f6bel kaufen auf KURATO.CH<\/title>\n<meta name=\"description\" content=\"Entdecke Vintage M\u00f6bel &amp; Dekoration \u27a4 Marco Acerbis - Coral Lounge Armchair auf Kurato. \u2713Lieferung Schweiz \u271314-Tage R\u00fcckgabe \u2713Secondhand Unikat\" \/>\n<meta name=\"robots\" content=\"index, follow, max-snippet:-1, max-image-preview:large, max-video-preview:-1\" \/>\n<link rel=\"canonical\" href=\"https:\/\/kurato.ch\/fr\/product\/marco-acerbis-coral-lounge-armchair\/\" \/>\n<meta property=\"og:locale\" content=\"fr_FR\" \/>\n<meta property=\"og:type\" content=\"article\" \/>\n<meta property=\"og:title\" content=\"Marco Acerbis - Coral Lounge Armchair | Vintage M\u00f6bel kaufen auf KURATO.CH\" \/>\n<meta property=\"og:description\" content=\"Entdecke Vintage M\u00f6bel &amp; Dekoration \u27a4 Marco Acerbis - Coral Lounge Armchair auf Kurato. \u2713Lieferung Schweiz \u271314-Tage R\u00fcckgabe \u2713Secondhand Unikat\" \/>\n<meta property=\"og:url\" content=\"https:\/\/kurato.ch\/fr\/product\/marco-acerbis-coral-lounge-armchair\/\" \/>\n<meta property=\"og:site_name\" content=\"Vintage M\u00f6bel &amp; Dekoration I Kurato\" \/>\n<meta property=\"article:publisher\" content=\"https:\/\/www.facebook.com\/kuratoswitzerland\" \/>\n<meta property=\"article:modified_time\" content=\"2025-08-16T13:39:12+00:00\" \/>\n<meta property=\"og:image\" content=\"https:\/\/kurato.ch\/wp-content\/uploads\/2025\/08\/Marco-Acerbis-Coral-Lounge-Armchair-vintage-secondhand-gebraucht-schweiz-Instagram-Post.jpg\" \/>\n\t<meta property=\"og:image:width\" content=\"810\" \/>\n\t<meta property=\"og:image:height\" content=\"810\" \/>\n\t<meta property=\"og:image:type\" content=\"image\/jpeg\" \/>\n<meta name=\"twitter:label1\" content=\"Dur\u00e9e de lecture estim\u00e9e\" \/>\n\t<meta name=\"twitter:data1\" content=\"1 minute\" \/>\n<script type=\"application\/ld+json\" class=\"yoast-schema-graph\">{\"@context\":\"https:\\\/\\\/schema.org\",\"@graph\":[{\"@type\":\"WebPage\",\"@id\":\"https:\\\/\\\/kurato.ch\\\/product\\\/marco-acerbis-coral-lounge-armchair\\\/\",\"url\":\"https:\\\/\\\/kurato.ch\\\/product\\\/marco-acerbis-coral-lounge-armchair\\\/\",\"name\":\"Marco Acerbis - Coral Lounge Armchair | Vintage M\u00f6bel kaufen auf KURATO.CH\",\"isPartOf\":{\"@id\":\"https:\\\/\\\/kurato.ch\\\/#website\"},\"primaryImageOfPage\":{\"@id\":\"https:\\\/\\\/kurato.ch\\\/product\\\/marco-acerbis-coral-lounge-armchair\\\/#primaryimage\"},\"image\":{\"@id\":\"https:\\\/\\\/kurato.ch\\\/product\\\/marco-acerbis-coral-lounge-armchair\\\/#primaryimage\"},\"thumbnailUrl\":\"https:\\\/\\\/kurato.ch\\\/wp-content\\\/uploads\\\/2025\\\/08\\\/Marco-Acerbis-Coral-Lounge-Armchair-vintage-secondhand-gebraucht-schweiz-Instagram-Post.jpg\",\"datePublished\":\"2025-08-16T13:39:11+00:00\",\"dateModified\":\"2025-08-16T13:39:12+00:00\",\"description\":\"Entdecke Vintage M\u00f6bel & Dekoration \u27a4 Marco Acerbis - Coral Lounge Armchair auf Kurato. \u2713Lieferung Schweiz \u271314-Tage R\u00fcckgabe \u2713Secondhand Unikat\",\"breadcrumb\":{\"@id\":\"https:\\\/\\\/kurato.ch\\\/product\\\/marco-acerbis-coral-lounge-armchair\\\/#breadcrumb\"},\"inLanguage\":\"fr-FR\",\"potentialAction\":[{\"@type\":\"ReadAction\",\"target\":[\"https:\\\/\\\/kurato.ch\\\/product\\\/marco-acerbis-coral-lounge-armchair\\\/\"]}]},{\"@type\":\"ImageObject\",\"inLanguage\":\"fr-FR\",\"@id\":\"https:\\\/\\\/kurato.ch\\\/product\\\/marco-acerbis-coral-lounge-armchair\\\/#primaryimage\",\"url\":\"https:\\\/\\\/kurato.ch\\\/wp-content\\\/uploads\\\/2025\\\/08\\\/Marco-Acerbis-Coral-Lounge-Armchair-vintage-secondhand-gebraucht-schweiz-Instagram-Post.jpg\",\"contentUrl\":\"https:\\\/\\\/kurato.ch\\\/wp-content\\\/uploads\\\/2025\\\/08\\\/Marco-Acerbis-Coral-Lounge-Armchair-vintage-secondhand-gebraucht-schweiz-Instagram-Post.jpg\",\"width\":810,\"height\":810,\"caption\":\"Marco Acerbis - Coral Lounge Armchair\"},{\"@type\":\"BreadcrumbList\",\"@id\":\"https:\\\/\\\/kurato.ch\\\/product\\\/marco-acerbis-coral-lounge-armchair\\\/#breadcrumb\",\"itemListElement\":[{\"@type\":\"ListItem\",\"position\":1,\"name\":\"Home\",\"item\":\"https:\\\/\\\/kurato.ch\\\/\"},{\"@type\":\"ListItem\",\"position\":2,\"name\":\"Neuheiten\",\"item\":\"https:\\\/\\\/kurato.ch\\\/neuheiten\\\/\"},{\"@type\":\"ListItem\",\"position\":3,\"name\":\"Marco Acerbis &#8211; Coral Lounge Armchair\"}]},{\"@type\":\"WebSite\",\"@id\":\"https:\\\/\\\/kurato.ch\\\/#website\",\"url\":\"https:\\\/\\\/kurato.ch\\\/\",\"name\":\"Vintage M\u00f6bel &amp; Dekoration I Kurato\",\"description\":\"Vintage M\u00f6bel &amp; Dekoration I Kurato\",\"publisher\":{\"@id\":\"https:\\\/\\\/kurato.ch\\\/#organization\"},\"potentialAction\":[{\"@type\":\"SearchAction\",\"target\":{\"@type\":\"EntryPoint\",\"urlTemplate\":\"https:\\\/\\\/kurato.ch\\\/?s={search_term_string}\"},\"query-input\":{\"@type\":\"PropertyValueSpecification\",\"valueRequired\":true,\"valueName\":\"search_term_string\"}}],\"inLanguage\":\"fr-FR\"},{\"@type\":\"Organization\",\"@id\":\"https:\\\/\\\/kurato.ch\\\/#organization\",\"name\":\"Kurato.\",\"url\":\"https:\\\/\\\/kurato.ch\\\/\",\"logo\":{\"@type\":\"ImageObject\",\"inLanguage\":\"fr-FR\",\"@id\":\"https:\\\/\\\/kurato.ch\\\/#\\\/schema\\\/logo\\\/image\\\/\",\"url\":\"\",\"contentUrl\":\"\",\"caption\":\"Kurato.\"},\"image\":{\"@id\":\"https:\\\/\\\/kurato.ch\\\/#\\\/schema\\\/logo\\\/image\\\/\"},\"sameAs\":[\"https:\\\/\\\/www.facebook.com\\\/kuratoswitzerland\",\"https:\\\/\\\/www.instagram.com\\\/kurato.ch\\\/\",\"https:\\\/\\\/www.pinterest.ch\\\/kurato_ch\\\/_created\\\/\"]}]}<\/script>\n<!-- \/ Yoast SEO plugin. -->","yoast_head_json":{"title":"Marco Acerbis - Coral Lounge Armchair | Vintage M\u00f6bel kaufen auf KURATO.CH","description":"Entdecke Vintage M\u00f6bel & Dekoration \u27a4 Marco Acerbis - Coral Lounge Armchair auf Kurato. \u2713Lieferung Schweiz \u271314-Tage R\u00fcckgabe \u2713Secondhand Unikat","robots":{"index":"index","follow":"follow","max-snippet":"max-snippet:-1","max-image-preview":"max-image-preview:large","max-video-preview":"max-video-preview:-1"},"canonical":"https:\/\/kurato.ch\/fr\/product\/marco-acerbis-coral-lounge-armchair\/","og_locale":"fr_FR","og_type":"article","og_title":"Marco Acerbis - Coral Lounge Armchair | Vintage M\u00f6bel kaufen auf KURATO.CH","og_description":"Entdecke Vintage M\u00f6bel & Dekoration \u27a4 Marco Acerbis - Coral Lounge Armchair auf Kurato. \u2713Lieferung Schweiz \u271314-Tage R\u00fcckgabe \u2713Secondhand Unikat","og_url":"https:\/\/kurato.ch\/fr\/product\/marco-acerbis-coral-lounge-armchair\/","og_site_name":"Vintage M\u00f6bel &amp; Dekoration I Kurato","article_publisher":"https:\/\/www.facebook.com\/kuratoswitzerland","article_modified_time":"2025-08-16T13:39:12+00:00","og_image":[{"width":810,"height":810,"url":"https:\/\/kurato.ch\/wp-content\/uploads\/2025\/08\/Marco-Acerbis-Coral-Lounge-Armchair-vintage-secondhand-gebraucht-schweiz-Instagram-Post.jpg","type":"image\/jpeg"}],"twitter_misc":{"Dur\u00e9e de lecture estim\u00e9e":"1 minute"},"schema":{"@context":"https:\/\/schema.org","@graph":[{"@type":"WebPage","@id":"https:\/\/kurato.ch\/product\/marco-acerbis-coral-lounge-armchair\/","url":"https:\/\/kurato.ch\/product\/marco-acerbis-coral-lounge-armchair\/","name":"Marco Acerbis - Coral Lounge Armchair | Vintage M\u00f6bel kaufen auf KURATO.CH","isPartOf":{"@id":"https:\/\/kurato.ch\/#website"},"primaryImageOfPage":{"@id":"https:\/\/kurato.ch\/product\/marco-acerbis-coral-lounge-armchair\/#primaryimage"},"image":{"@id":"https:\/\/kurato.ch\/product\/marco-acerbis-coral-lounge-armchair\/#primaryimage"},"thumbnailUrl":"https:\/\/kurato.ch\/wp-content\/uploads\/2025\/08\/Marco-Acerbis-Coral-Lounge-Armchair-vintage-secondhand-gebraucht-schweiz-Instagram-Post.jpg","datePublished":"2025-08-16T13:39:11+00:00","dateModified":"2025-08-16T13:39:12+00:00","description":"Entdecke Vintage M\u00f6bel & Dekoration \u27a4 Marco Acerbis - Coral Lounge Armchair auf Kurato. \u2713Lieferung Schweiz \u271314-Tage R\u00fcckgabe \u2713Secondhand Unikat","breadcrumb":{"@id":"https:\/\/kurato.ch\/product\/marco-acerbis-coral-lounge-armchair\/#breadcrumb"},"inLanguage":"fr-FR","potentialAction":[{"@type":"ReadAction","target":["https:\/\/kurato.ch\/product\/marco-acerbis-coral-lounge-armchair\/"]}]},{"@type":"ImageObject","inLanguage":"fr-FR","@id":"https:\/\/kurato.ch\/product\/marco-acerbis-coral-lounge-armchair\/#primaryimage","url":"https:\/\/kurato.ch\/wp-content\/uploads\/2025\/08\/Marco-Acerbis-Coral-Lounge-Armchair-vintage-secondhand-gebraucht-schweiz-Instagram-Post.jpg","contentUrl":"https:\/\/kurato.ch\/wp-content\/uploads\/2025\/08\/Marco-Acerbis-Coral-Lounge-Armchair-vintage-secondhand-gebraucht-schweiz-Instagram-Post.jpg","width":810,"height":810,"caption":"Marco Acerbis - Coral Lounge Armchair"},{"@type":"BreadcrumbList","@id":"https:\/\/kurato.ch\/product\/marco-acerbis-coral-lounge-armchair\/#breadcrumb","itemListElement":[{"@type":"ListItem","position":1,"name":"Home","item":"https:\/\/kurato.ch\/"},{"@type":"ListItem","position":2,"name":"Neuheiten","item":"https:\/\/kurato.ch\/neuheiten\/"},{"@type":"ListItem","position":3,"name":"Marco Acerbis &#8211; Coral Lounge Armchair"}]},{"@type":"WebSite","@id":"https:\/\/kurato.ch\/#website","url":"https:\/\/kurato.ch\/","name":"Meubles vintage &amp; d\u00e9coration I Kurato","description":"Meubles vintage &amp; d\u00e9coration I Kurato","publisher":{"@id":"https:\/\/kurato.ch\/#organization"},"potentialAction":[{"@type":"SearchAction","target":{"@type":"EntryPoint","urlTemplate":"https:\/\/kurato.ch\/?s={search_term_string}"},"query-input":{"@type":"PropertyValueSpecification","valueRequired":true,"valueName":"search_term_string"}}],"inLanguage":"fr-FR"},{"@type":"Organization","@id":"https:\/\/kurato.ch\/#organization","name":"Kurato.","url":"https:\/\/kurato.ch\/","logo":{"@type":"ImageObject","inLanguage":"fr-FR","@id":"https:\/\/kurato.ch\/#\/schema\/logo\/image\/","url":"","contentUrl":"","caption":"Kurato."},"image":{"@id":"https:\/\/kurato.ch\/#\/schema\/logo\/image\/"},"sameAs":["https:\/\/www.facebook.com\/kuratoswitzerland","https:\/\/www.instagram.com\/kurato.ch\/","https:\/\/www.pinterest.ch\/kurato_ch\/_created\/"]}]}},"_links":{"self":[{"href":"https:\/\/kurato.ch\/fr\/wp-json\/wp\/v2\/product\/70050","targetHints":{"allow":["GET"]}}],"collection":[{"href":"https:\/\/kurato.ch\/fr\/wp-json\/wp\/v2\/product"}],"about":[{"href":"https:\/\/kurato.ch\/fr\/wp-json\/wp\/v2\/types\/product"}],"wp:featuredmedia":[{"embeddable":true,"href":"https:\/\/kurato.ch\/fr\/wp-json\/wp\/v2\/media\/70144"}],"wp:attachment":[{"href":"https:\/\/kurato.ch\/fr\/wp-json\/wp\/v2\/media?parent=70050"}],"wp:term":[{"taxonomy":"product_brand","embeddable":true,"href":"https:\/\/kurato.ch\/fr\/wp-json\/wp\/v2\/product_brand?post=70050"},{"taxonomy":"product_cat","embeddable":true,"href":"https:\/\/kurato.ch\/fr\/wp-json\/wp\/v2\/product_cat?post=70050"},{"taxonomy":"product_tag","embeddable":true,"href":"https:\/\/kurato.ch\/fr\/wp-json\/wp\/v2\/product_tag?post=70050"}],"curies":[{"name":"wp","href":"https:\/\/api.w.org\/{rel}","templated":true}]}}