{"id":70489,"date":"2025-08-28T10:47:32","date_gmt":"2025-08-28T08:47:32","guid":{"rendered":"https:\/\/kurato.ch\/?post_type=product&#038;p=70489"},"modified":"2025-08-28T10:47:33","modified_gmt":"2025-08-28T08:47:33","slug":"vintage-klappleiter-von-scab-design-italien-1970er-jahre","status":"publish","type":"product","link":"https:\/\/kurato.ch\/fr\/product\/vintage-klappleiter-von-scab-design-italien-1970er-jahre\/","title":{"rendered":"Vintage Klappleiter von SCAB Design, Italien 1970er Jahre"},"content":{"rendered":"<p>Diese Klappleiter stammt von SCAB Design (Italien) und wurde vermutlich in den 1960er-\/70er-Jahren produziert. SCAB war bekannt f\u00fcr die Verbindung von verchromtem Metall und farbigem Kunststoff, ein Materialmix, der f\u00fcr die Nachkriegsmoderne typisch war und bis heute mit italienischem Design der Epoche assoziiert wird.<\/p>\n<p>Die Leiter ist als klassisches A-Modell konstruiert: ein stabiles Gestell aus verchromten Rundstahlrohren, das durch Querstreben und Kunststoffverbindungen verst\u00e4rkt ist. Auff\u00e4llig sind die Trittstufen in kr\u00e4ftigem Orange, gefertigt aus Holz mit aufliegendem Kunststoffbelag, die farblich einen spannenden Akzent zum k\u00fchlen Chrom bilden. Die oberen Gelenk- und Verbindungsst\u00fccke sind aus hellem Kunststoff, teils gepr\u00e4gt mit den Buchstaben S.C.A.B., was den Hersteller klar ausweist. Die Leiter vereint Funktionalit\u00e4t mit einer klaren, modernen Formensprache, wie sie in italienischen Haushalten der 1960er-Jahre weit verbreitet war.<\/p>\n<p>Zustand: Die Leiter befindet sich in einem guten, funktionsf\u00e4higen Vintage-Zustand. Das verchromte Metallgestell zeigt leichte, altersgerechte Gebrauchsspuren, bleibt jedoch gl\u00e4nzend und stabil. Die Kunststoffteile sind intakt, mit nur geringf\u00fcgigen Verf\u00e4rbungen. Die farbigen Stufen sind gut erhalten und weisen nur leichte Abnutzungen an den Kanten auf. Insgesamt ein authentisches St\u00fcck italienischen Industriedesigns mit charmantem Zeitkolorit.<\/p>\n<p>Masse: L79 x B30 x H140cm<br \/>Oberste Tritthohe 90 cm<\/p>\n<p><strong>Vous souhaitez recevoir l'article chez vous ?<\/strong><\/p>\n<p>Contactez le service client\u00e8le de Kurato <a href=\"mailto:hello@kurato.ch\" data-mce-href=\"mailto:hello@kurato.ch\"><strong>hello@kurato.ch<\/strong><\/a> et demandez une offre de livraison personnalis\u00e9e.<\/p>","protected":false},"excerpt":{"rendered":"<p>Diese Klappleiter stammt von SCAB Design (Italien) und wurde vermutlich in den 1960er-\/70er-Jahren produziert. SCAB war bekannt f\u00fcr die Verbindung von verchromtem Metall und farbigem Kunststoff, ein Materialmix, der f\u00fcr die Nachkriegsmoderne typisch war und bis heute mit italienischem Design der Epoche assoziiert wird. Die Leiter ist als klassisches A-Modell konstruiert: ein stabiles Gestell aus [&hellip;]<\/p>\n","protected":false},"featured_media":70589,"template":"","meta":{"_acf_changed":false,"site-sidebar-layout":"default","site-content-layout":"","ast-site-content-layout":"default","site-content-style":"default","site-sidebar-style":"default","ast-global-header-display":"","ast-banner-title-visibility":"","ast-main-header-display":"","ast-hfb-above-header-display":"","ast-hfb-below-header-display":"","ast-hfb-mobile-header-display":"","site-post-title":"","ast-breadcrumbs-content":"","ast-featured-img":"","footer-sml-layout":"","ast-disable-related-posts":"","theme-transparent-header-meta":"","adv-header-id-meta":"","stick-header-meta":"","header-above-stick-meta":"","header-main-stick-meta":"","header-below-stick-meta":"","astra-migrate-meta-layouts":"default","ast-page-background-enabled":"default","ast-page-background-meta":{"desktop":{"background-color":"","background-image":"","background-repeat":"repeat","background-position":"center center","background-size":"auto","background-attachment":"scroll","background-type":"","background-media":"","overlay-type":"","overlay-color":"","overlay-opacity":"","overlay-gradient":""},"tablet":{"background-color":"","background-image":"","background-repeat":"repeat","background-position":"center center","background-size":"auto","background-attachment":"scroll","background-type":"","background-media":"","overlay-type":"","overlay-color":"","overlay-opacity":"","overlay-gradient":""},"mobile":{"background-color":"","background-image":"","background-repeat":"repeat","background-position":"center center","background-size":"auto","background-attachment":"scroll","background-type":"","background-media":"","overlay-type":"","overlay-color":"","overlay-opacity":"","overlay-gradient":""}},"ast-content-background-meta":{"desktop":{"background-color":"var(--ast-global-color-5)","background-image":"","background-repeat":"repeat","background-position":"center center","background-size":"auto","background-attachment":"scroll","background-type":"","background-media":"","overlay-type":"","overlay-color":"","overlay-opacity":"","overlay-gradient":""},"tablet":{"background-color":"var(--ast-global-color-5)","background-image":"","background-repeat":"repeat","background-position":"center center","background-size":"auto","background-attachment":"scroll","background-type":"","background-media":"","overlay-type":"","overlay-color":"","overlay-opacity":"","overlay-gradient":""},"mobile":{"background-color":"var(--ast-global-color-5)","background-image":"","background-repeat":"repeat","background-position":"center center","background-size":"auto","background-attachment":"scroll","background-type":"","background-media":"","overlay-type":"","overlay-color":"","overlay-opacity":"","overlay-gradient":""}}},"product_brand":[],"product_cat":[396,71],"product_tag":[],"class_list":{"0":"post-70489","1":"product","2":"type-product","3":"status-publish","4":"has-post-thumbnail","6":"product_cat-vintage-dekorative-objekte","7":"product_cat-vintage-dekoration","8":"pa_farbe-mehrfarbig","9":"pa_material-metall","10":"pa_stil-vintage","11":"desktop-align-left","12":"tablet-align-left","13":"mobile-align-left","15":"first","16":"instock","17":"sold-individually","18":"shipping-taxable","19":"purchasable","20":"product-type-simple"},"acf":[],"yoast_head":"<!-- This site is optimized with the Yoast SEO plugin v27.4 - https:\/\/yoast.com\/product\/yoast-seo-wordpress\/ -->\n<title>Vintage Klappleiter von SCAB Design, Italien 1970er Jahre | Vintage M\u00f6bel kaufen auf KURATO.CH<\/title>\n<meta name=\"description\" content=\"Entdecke Vintage M\u00f6bel &amp; Dekoration \u27a4 Vintage Klappleiter von SCAB Design, Italien 1970er Jahre auf Kurato. \u2713Lieferung Schweiz \u271314-Tage R\u00fcckgabe \u2713Secondhand Unikat\" \/>\n<meta name=\"robots\" content=\"index, follow, max-snippet:-1, max-image-preview:large, max-video-preview:-1\" \/>\n<link rel=\"canonical\" href=\"https:\/\/kurato.ch\/fr\/product\/vintage-klappleiter-von-scab-design-italien-1970er-jahre\/\" \/>\n<meta property=\"og:locale\" content=\"fr_FR\" \/>\n<meta property=\"og:type\" content=\"article\" \/>\n<meta property=\"og:title\" content=\"Vintage Klappleiter von SCAB Design, Italien 1970er Jahre | Vintage M\u00f6bel kaufen auf KURATO.CH\" \/>\n<meta property=\"og:description\" content=\"Entdecke Vintage M\u00f6bel &amp; Dekoration \u27a4 Vintage Klappleiter von SCAB Design, Italien 1970er Jahre auf Kurato. \u2713Lieferung Schweiz \u271314-Tage R\u00fcckgabe \u2713Secondhand Unikat\" \/>\n<meta property=\"og:url\" content=\"https:\/\/kurato.ch\/fr\/product\/vintage-klappleiter-von-scab-design-italien-1970er-jahre\/\" \/>\n<meta property=\"og:site_name\" content=\"Vintage M\u00f6bel &amp; Dekoration I Kurato\" \/>\n<meta property=\"article:publisher\" content=\"https:\/\/www.facebook.com\/kuratoswitzerland\" \/>\n<meta property=\"article:modified_time\" content=\"2025-08-28T08:47:33+00:00\" \/>\n<meta property=\"og:image\" content=\"https:\/\/kurato.ch\/wp-content\/uploads\/2025\/08\/Vintage-Klappleiter-von-SCAB-Design-Italien-1970er-Jahre-vintage-secondhand-gebraucht-schweiz-Instagram-Post.jpg\" \/>\n\t<meta property=\"og:image:width\" content=\"810\" \/>\n\t<meta property=\"og:image:height\" content=\"810\" \/>\n\t<meta property=\"og:image:type\" content=\"image\/jpeg\" \/>\n<meta name=\"twitter:label1\" content=\"Dur\u00e9e de lecture estim\u00e9e\" \/>\n\t<meta name=\"twitter:data1\" content=\"1 minute\" \/>\n<script type=\"application\/ld+json\" class=\"yoast-schema-graph\">{\"@context\":\"https:\\\/\\\/schema.org\",\"@graph\":[{\"@type\":\"WebPage\",\"@id\":\"https:\\\/\\\/kurato.ch\\\/product\\\/vintage-klappleiter-von-scab-design-italien-1970er-jahre\\\/\",\"url\":\"https:\\\/\\\/kurato.ch\\\/product\\\/vintage-klappleiter-von-scab-design-italien-1970er-jahre\\\/\",\"name\":\"Vintage Klappleiter von SCAB Design, Italien 1970er Jahre | Vintage M\u00f6bel kaufen auf KURATO.CH\",\"isPartOf\":{\"@id\":\"https:\\\/\\\/kurato.ch\\\/#website\"},\"primaryImageOfPage\":{\"@id\":\"https:\\\/\\\/kurato.ch\\\/product\\\/vintage-klappleiter-von-scab-design-italien-1970er-jahre\\\/#primaryimage\"},\"image\":{\"@id\":\"https:\\\/\\\/kurato.ch\\\/product\\\/vintage-klappleiter-von-scab-design-italien-1970er-jahre\\\/#primaryimage\"},\"thumbnailUrl\":\"https:\\\/\\\/kurato.ch\\\/wp-content\\\/uploads\\\/2025\\\/08\\\/Vintage-Klappleiter-von-SCAB-Design-Italien-1970er-Jahre-vintage-secondhand-gebraucht-schweiz-Instagram-Post.jpg\",\"datePublished\":\"2025-08-28T08:47:32+00:00\",\"dateModified\":\"2025-08-28T08:47:33+00:00\",\"description\":\"Entdecke Vintage M\u00f6bel & Dekoration \u27a4 Vintage Klappleiter von SCAB Design, Italien 1970er Jahre auf Kurato. \u2713Lieferung Schweiz \u271314-Tage R\u00fcckgabe \u2713Secondhand Unikat\",\"breadcrumb\":{\"@id\":\"https:\\\/\\\/kurato.ch\\\/product\\\/vintage-klappleiter-von-scab-design-italien-1970er-jahre\\\/#breadcrumb\"},\"inLanguage\":\"fr-FR\",\"potentialAction\":[{\"@type\":\"ReadAction\",\"target\":[\"https:\\\/\\\/kurato.ch\\\/product\\\/vintage-klappleiter-von-scab-design-italien-1970er-jahre\\\/\"]}]},{\"@type\":\"ImageObject\",\"inLanguage\":\"fr-FR\",\"@id\":\"https:\\\/\\\/kurato.ch\\\/product\\\/vintage-klappleiter-von-scab-design-italien-1970er-jahre\\\/#primaryimage\",\"url\":\"https:\\\/\\\/kurato.ch\\\/wp-content\\\/uploads\\\/2025\\\/08\\\/Vintage-Klappleiter-von-SCAB-Design-Italien-1970er-Jahre-vintage-secondhand-gebraucht-schweiz-Instagram-Post.jpg\",\"contentUrl\":\"https:\\\/\\\/kurato.ch\\\/wp-content\\\/uploads\\\/2025\\\/08\\\/Vintage-Klappleiter-von-SCAB-Design-Italien-1970er-Jahre-vintage-secondhand-gebraucht-schweiz-Instagram-Post.jpg\",\"width\":810,\"height\":810,\"caption\":\"Vintage Klappleiter von SCAB Design, Italien 1970er Jahre\"},{\"@type\":\"BreadcrumbList\",\"@id\":\"https:\\\/\\\/kurato.ch\\\/product\\\/vintage-klappleiter-von-scab-design-italien-1970er-jahre\\\/#breadcrumb\",\"itemListElement\":[{\"@type\":\"ListItem\",\"position\":1,\"name\":\"Home\",\"item\":\"https:\\\/\\\/kurato.ch\\\/\"},{\"@type\":\"ListItem\",\"position\":2,\"name\":\"Neuheiten\",\"item\":\"https:\\\/\\\/kurato.ch\\\/neuheiten\\\/\"},{\"@type\":\"ListItem\",\"position\":3,\"name\":\"Vintage Klappleiter von SCAB Design, Italien 1970er Jahre\"}]},{\"@type\":\"WebSite\",\"@id\":\"https:\\\/\\\/kurato.ch\\\/#website\",\"url\":\"https:\\\/\\\/kurato.ch\\\/\",\"name\":\"Vintage M\u00f6bel &amp; Dekoration I Kurato\",\"description\":\"Vintage M\u00f6bel &amp; Dekoration I Kurato\",\"publisher\":{\"@id\":\"https:\\\/\\\/kurato.ch\\\/#organization\"},\"potentialAction\":[{\"@type\":\"SearchAction\",\"target\":{\"@type\":\"EntryPoint\",\"urlTemplate\":\"https:\\\/\\\/kurato.ch\\\/?s={search_term_string}\"},\"query-input\":{\"@type\":\"PropertyValueSpecification\",\"valueRequired\":true,\"valueName\":\"search_term_string\"}}],\"inLanguage\":\"fr-FR\"},{\"@type\":\"Organization\",\"@id\":\"https:\\\/\\\/kurato.ch\\\/#organization\",\"name\":\"Kurato.\",\"url\":\"https:\\\/\\\/kurato.ch\\\/\",\"logo\":{\"@type\":\"ImageObject\",\"inLanguage\":\"fr-FR\",\"@id\":\"https:\\\/\\\/kurato.ch\\\/#\\\/schema\\\/logo\\\/image\\\/\",\"url\":\"\",\"contentUrl\":\"\",\"caption\":\"Kurato.\"},\"image\":{\"@id\":\"https:\\\/\\\/kurato.ch\\\/#\\\/schema\\\/logo\\\/image\\\/\"},\"sameAs\":[\"https:\\\/\\\/www.facebook.com\\\/kuratoswitzerland\",\"https:\\\/\\\/www.instagram.com\\\/kurato.ch\\\/\",\"https:\\\/\\\/www.pinterest.ch\\\/kurato_ch\\\/_created\\\/\"]}]}<\/script>\n<!-- \/ Yoast SEO plugin. -->","yoast_head_json":{"title":"Vintage Klappleiter von SCAB Design, Italien 1970er Jahre | Vintage M\u00f6bel kaufen auf KURATO.CH","description":"Entdecke Vintage M\u00f6bel & Dekoration \u27a4 Vintage Klappleiter von SCAB Design, Italien 1970er Jahre auf Kurato. \u2713Lieferung Schweiz \u271314-Tage R\u00fcckgabe \u2713Secondhand Unikat","robots":{"index":"index","follow":"follow","max-snippet":"max-snippet:-1","max-image-preview":"max-image-preview:large","max-video-preview":"max-video-preview:-1"},"canonical":"https:\/\/kurato.ch\/fr\/product\/vintage-klappleiter-von-scab-design-italien-1970er-jahre\/","og_locale":"fr_FR","og_type":"article","og_title":"Vintage Klappleiter von SCAB Design, Italien 1970er Jahre | Vintage M\u00f6bel kaufen auf KURATO.CH","og_description":"Entdecke Vintage M\u00f6bel & Dekoration \u27a4 Vintage Klappleiter von SCAB Design, Italien 1970er Jahre auf Kurato. \u2713Lieferung Schweiz \u271314-Tage R\u00fcckgabe \u2713Secondhand Unikat","og_url":"https:\/\/kurato.ch\/fr\/product\/vintage-klappleiter-von-scab-design-italien-1970er-jahre\/","og_site_name":"Vintage M\u00f6bel &amp; Dekoration I Kurato","article_publisher":"https:\/\/www.facebook.com\/kuratoswitzerland","article_modified_time":"2025-08-28T08:47:33+00:00","og_image":[{"width":810,"height":810,"url":"https:\/\/kurato.ch\/wp-content\/uploads\/2025\/08\/Vintage-Klappleiter-von-SCAB-Design-Italien-1970er-Jahre-vintage-secondhand-gebraucht-schweiz-Instagram-Post.jpg","type":"image\/jpeg"}],"twitter_misc":{"Dur\u00e9e de lecture estim\u00e9e":"1 minute"},"schema":{"@context":"https:\/\/schema.org","@graph":[{"@type":"WebPage","@id":"https:\/\/kurato.ch\/product\/vintage-klappleiter-von-scab-design-italien-1970er-jahre\/","url":"https:\/\/kurato.ch\/product\/vintage-klappleiter-von-scab-design-italien-1970er-jahre\/","name":"Vintage Klappleiter von SCAB Design, Italien 1970er Jahre | Vintage M\u00f6bel kaufen auf KURATO.CH","isPartOf":{"@id":"https:\/\/kurato.ch\/#website"},"primaryImageOfPage":{"@id":"https:\/\/kurato.ch\/product\/vintage-klappleiter-von-scab-design-italien-1970er-jahre\/#primaryimage"},"image":{"@id":"https:\/\/kurato.ch\/product\/vintage-klappleiter-von-scab-design-italien-1970er-jahre\/#primaryimage"},"thumbnailUrl":"https:\/\/kurato.ch\/wp-content\/uploads\/2025\/08\/Vintage-Klappleiter-von-SCAB-Design-Italien-1970er-Jahre-vintage-secondhand-gebraucht-schweiz-Instagram-Post.jpg","datePublished":"2025-08-28T08:47:32+00:00","dateModified":"2025-08-28T08:47:33+00:00","description":"Entdecke Vintage M\u00f6bel & Dekoration \u27a4 Vintage Klappleiter von SCAB Design, Italien 1970er Jahre auf Kurato. \u2713Lieferung Schweiz \u271314-Tage R\u00fcckgabe \u2713Secondhand Unikat","breadcrumb":{"@id":"https:\/\/kurato.ch\/product\/vintage-klappleiter-von-scab-design-italien-1970er-jahre\/#breadcrumb"},"inLanguage":"fr-FR","potentialAction":[{"@type":"ReadAction","target":["https:\/\/kurato.ch\/product\/vintage-klappleiter-von-scab-design-italien-1970er-jahre\/"]}]},{"@type":"ImageObject","inLanguage":"fr-FR","@id":"https:\/\/kurato.ch\/product\/vintage-klappleiter-von-scab-design-italien-1970er-jahre\/#primaryimage","url":"https:\/\/kurato.ch\/wp-content\/uploads\/2025\/08\/Vintage-Klappleiter-von-SCAB-Design-Italien-1970er-Jahre-vintage-secondhand-gebraucht-schweiz-Instagram-Post.jpg","contentUrl":"https:\/\/kurato.ch\/wp-content\/uploads\/2025\/08\/Vintage-Klappleiter-von-SCAB-Design-Italien-1970er-Jahre-vintage-secondhand-gebraucht-schweiz-Instagram-Post.jpg","width":810,"height":810,"caption":"Vintage Klappleiter von SCAB Design, Italien 1970er Jahre"},{"@type":"BreadcrumbList","@id":"https:\/\/kurato.ch\/product\/vintage-klappleiter-von-scab-design-italien-1970er-jahre\/#breadcrumb","itemListElement":[{"@type":"ListItem","position":1,"name":"Home","item":"https:\/\/kurato.ch\/"},{"@type":"ListItem","position":2,"name":"Neuheiten","item":"https:\/\/kurato.ch\/neuheiten\/"},{"@type":"ListItem","position":3,"name":"Vintage Klappleiter von SCAB Design, Italien 1970er Jahre"}]},{"@type":"WebSite","@id":"https:\/\/kurato.ch\/#website","url":"https:\/\/kurato.ch\/","name":"Meubles vintage &amp; d\u00e9coration I Kurato","description":"Meubles vintage &amp; d\u00e9coration I Kurato","publisher":{"@id":"https:\/\/kurato.ch\/#organization"},"potentialAction":[{"@type":"SearchAction","target":{"@type":"EntryPoint","urlTemplate":"https:\/\/kurato.ch\/?s={search_term_string}"},"query-input":{"@type":"PropertyValueSpecification","valueRequired":true,"valueName":"search_term_string"}}],"inLanguage":"fr-FR"},{"@type":"Organization","@id":"https:\/\/kurato.ch\/#organization","name":"Kurato.","url":"https:\/\/kurato.ch\/","logo":{"@type":"ImageObject","inLanguage":"fr-FR","@id":"https:\/\/kurato.ch\/#\/schema\/logo\/image\/","url":"","contentUrl":"","caption":"Kurato."},"image":{"@id":"https:\/\/kurato.ch\/#\/schema\/logo\/image\/"},"sameAs":["https:\/\/www.facebook.com\/kuratoswitzerland","https:\/\/www.instagram.com\/kurato.ch\/","https:\/\/www.pinterest.ch\/kurato_ch\/_created\/"]}]}},"_links":{"self":[{"href":"https:\/\/kurato.ch\/fr\/wp-json\/wp\/v2\/product\/70489","targetHints":{"allow":["GET"]}}],"collection":[{"href":"https:\/\/kurato.ch\/fr\/wp-json\/wp\/v2\/product"}],"about":[{"href":"https:\/\/kurato.ch\/fr\/wp-json\/wp\/v2\/types\/product"}],"wp:featuredmedia":[{"embeddable":true,"href":"https:\/\/kurato.ch\/fr\/wp-json\/wp\/v2\/media\/70589"}],"wp:attachment":[{"href":"https:\/\/kurato.ch\/fr\/wp-json\/wp\/v2\/media?parent=70489"}],"wp:term":[{"taxonomy":"product_brand","embeddable":true,"href":"https:\/\/kurato.ch\/fr\/wp-json\/wp\/v2\/product_brand?post=70489"},{"taxonomy":"product_cat","embeddable":true,"href":"https:\/\/kurato.ch\/fr\/wp-json\/wp\/v2\/product_cat?post=70489"},{"taxonomy":"product_tag","embeddable":true,"href":"https:\/\/kurato.ch\/fr\/wp-json\/wp\/v2\/product_tag?post=70489"}],"curies":[{"name":"wp","href":"https:\/\/api.w.org\/{rel}","templated":true}]}}