{"id":70666,"date":"2025-09-04T19:54:12","date_gmt":"2025-09-04T17:54:12","guid":{"rendered":"https:\/\/kurato.ch\/?post_type=product&#038;p=70666"},"modified":"2025-09-04T19:54:12","modified_gmt":"2025-09-04T17:54:12","slug":"johnson-wax-schreibtisch-modell-617-von-frank-lloyd-wright-fuer-cassina-1992er-jahre","status":"publish","type":"product","link":"https:\/\/kurato.ch\/fr\/product\/johnson-wax-schreibtisch-modell-617-von-frank-lloyd-wright-fuer-cassina-1992er-jahre\/","title":{"rendered":"Johnson Wax Schreibtisch Modell 617 von Frank Lloyd Wright f\u00fcr Cassina, 1992er Jahre"},"content":{"rendered":"<p>Hierbei handelt es sich um den seltenen Johnson Wax Schreibtisch, Modell 617, entworfen 1936 von Frank Lloyd Wright f\u00fcr die Verwaltungsr\u00e4ume des Johnson Wax Headquarters in Racine (Wisconsin, USA).<\/p>\n<p>Hergestellt wurde dieses Exemplar von Cassina, Italien, die 1985 von der Frank Lloyd Wright Foundation die exklusiven Rechte zur Produktion der originalen M\u00f6belentw\u00fcrfe erhielten. Im Jahr 1992 wurden max. 500 Tische in Schwarz produziert, dieses Model geh\u00f6rt zu den seltenen Varianten.<\/p>\n<p>Der Schreibtisch besticht durch seine skulpturale Erscheinung: Die grossz\u00fcgige Tischplatte in elliptischer Form wird von einer aufgesetzten zweiten Ebene erg\u00e4nzt, die als Ablagefl\u00e4che f\u00fcr Dokumente oder als dekorativer Aufbau dient. Die Konstruktion besteht aus schwarz lackiertem Holz und Metall, kombiniert mit Details in Messing. Charakteristisch sind die seitlichen Rundungen und die funktionalen Elemente \u2013 rechts ein halbrunder Container mit zwei Schubladen, links ein abnehmbarer Papierkorb, der elegant in die Metallstruktur eingeh\u00e4ngt ist. Die filigranen Streben unterstreichen den architektonischen Charakter des Entwurfs, der den klaren Linien und der organischen Formsprache Wrights folgt.<\/p>\n<p>Besonders hervorzuheben ist die auf der Unterseite angebrachte Signatur mit Cassina-Label, Wright-Signatur und die Nr. 319, welche die Authentizit\u00e4t dieses M\u00f6bels belegt. Dieser Schreibtisch geh\u00f6rt zu den exklusivsten Designklassikern im Cassina-Programm.<\/p>\n<p>Frank Lloyd Wright z\u00e4hlt zu den einflussreichsten Architekten und Designern des 20. Jahrhunderts, dessen M\u00f6belentw\u00fcrfe eng mit seiner Architektur verbunden sind. Der Johnson Wax Schreibtisch wurde als Teil einer Gesamtkonzeption f\u00fcr eines seiner ikonischsten Geb\u00e4ude entwickelt und gilt als Manifestation seiner organischen Designphilosophie. Die Reeditionen von Cassina sind heute nicht mehr erh\u00e4ltlich, was die Nachfrage auf dem Sammlermarkt steigert. St\u00fccke mit dokumentierter Seriennummer wie dieses Exemplar Nr. 319 sind besonders begehrt, da sie die Verbindung zwischen Wrights Vision und Cassinas hochwertiger Fertigungskunst belegen. Entsprechend hoch ist der Sammlerwert, sowohl f\u00fcr Liebhaber von Wright als auch f\u00fcr Kenner bedeutender Designklassiker des 20. Jahrhunderts.<\/p>\n<p>Zustand: Der Schreibtisch befindet sich in einem guten Vintage-Zustand mit wenigen leichten Gebrauchsspuren, wie kleinen Kratzern und minimalen Lackunebenheiten an den Metallteilen. Alle Teile, inklusive Aufsatz und Papierkorb, sind vollst\u00e4ndig vorhanden. Die Patina verleiht dem St\u00fcck Authentizit\u00e4t, beeintr\u00e4chtigt aber nicht seine Funktion oder die \u00e4sthetische Wirkung.<\/p>\n<p>Masse: L214 x B96 x H99 cm<\/p>\n<p><strong>Vous souhaitez recevoir l'article chez vous ?<\/strong><\/p>\n<p>Contactez le service client\u00e8le de Kurato <a href=\"mailto:hello@kurato.ch\" data-mce-href=\"mailto:hello@kurato.ch\"><strong>hello@kurato.ch<\/strong><\/a> et demandez une offre de livraison personnalis\u00e9e.<\/p>","protected":false},"excerpt":{"rendered":"<p>Hierbei handelt es sich um den seltenen Johnson Wax Schreibtisch, Modell 617, entworfen 1936 von Frank Lloyd Wright f\u00fcr die Verwaltungsr\u00e4ume des Johnson Wax Headquarters in Racine (Wisconsin, USA). Hergestellt wurde dieses Exemplar von Cassina, Italien, die 1985 von der Frank Lloyd Wright Foundation die exklusiven Rechte zur Produktion der originalen M\u00f6belentw\u00fcrfe erhielten. Im Jahr [&hellip;]<\/p>\n","protected":false},"featured_media":70722,"template":"","meta":{"_acf_changed":false,"site-sidebar-layout":"default","site-content-layout":"","ast-site-content-layout":"default","site-content-style":"default","site-sidebar-style":"default","ast-global-header-display":"","ast-banner-title-visibility":"","ast-main-header-display":"","ast-hfb-above-header-display":"","ast-hfb-below-header-display":"","ast-hfb-mobile-header-display":"","site-post-title":"","ast-breadcrumbs-content":"","ast-featured-img":"","footer-sml-layout":"","ast-disable-related-posts":"","theme-transparent-header-meta":"","adv-header-id-meta":"","stick-header-meta":"","header-above-stick-meta":"","header-main-stick-meta":"","header-below-stick-meta":"","astra-migrate-meta-layouts":"default","ast-page-background-enabled":"default","ast-page-background-meta":{"desktop":{"background-color":"","background-image":"","background-repeat":"repeat","background-position":"center center","background-size":"auto","background-attachment":"scroll","background-type":"","background-media":"","overlay-type":"","overlay-color":"","overlay-opacity":"","overlay-gradient":""},"tablet":{"background-color":"","background-image":"","background-repeat":"repeat","background-position":"center center","background-size":"auto","background-attachment":"scroll","background-type":"","background-media":"","overlay-type":"","overlay-color":"","overlay-opacity":"","overlay-gradient":""},"mobile":{"background-color":"","background-image":"","background-repeat":"repeat","background-position":"center center","background-size":"auto","background-attachment":"scroll","background-type":"","background-media":"","overlay-type":"","overlay-color":"","overlay-opacity":"","overlay-gradient":""}},"ast-content-background-meta":{"desktop":{"background-color":"var(--ast-global-color-5)","background-image":"","background-repeat":"repeat","background-position":"center center","background-size":"auto","background-attachment":"scroll","background-type":"","background-media":"","overlay-type":"","overlay-color":"","overlay-opacity":"","overlay-gradient":""},"tablet":{"background-color":"var(--ast-global-color-5)","background-image":"","background-repeat":"repeat","background-position":"center center","background-size":"auto","background-attachment":"scroll","background-type":"","background-media":"","overlay-type":"","overlay-color":"","overlay-opacity":"","overlay-gradient":""},"mobile":{"background-color":"var(--ast-global-color-5)","background-image":"","background-repeat":"repeat","background-position":"center center","background-size":"auto","background-attachment":"scroll","background-type":"","background-media":"","overlay-type":"","overlay-color":"","overlay-opacity":"","overlay-gradient":""}}},"product_brand":[],"product_cat":[169],"product_tag":[],"class_list":{"0":"post-70666","1":"product","2":"type-product","3":"status-publish","4":"has-post-thumbnail","6":"product_cat-vintage-schreibtisch","7":"pa_designer-cassina","8":"pa_farbe-schwarz","9":"pa_material-holz","10":"pa_material-metall","11":"pa_stil-design","12":"desktop-align-left","13":"tablet-align-left","14":"mobile-align-left","16":"first","17":"instock","18":"sold-individually","19":"shipping-taxable","20":"purchasable","21":"product-type-simple"},"acf":[],"yoast_head":"<!-- This site is optimized with the Yoast SEO plugin v27.3 - https:\/\/yoast.com\/product\/yoast-seo-wordpress\/ -->\n<title>Johnson Wax Schreibtisch Modell 617 von Frank Lloyd Wright f\u00fcr Cassina, 1992er Jahre | Vintage M\u00f6bel kaufen auf KURATO.CH<\/title>\n<meta name=\"description\" content=\"Entdecke Vintage M\u00f6bel &amp; Dekoration \u27a4 Johnson Wax Schreibtisch Modell 617 von Frank Lloyd Wright f\u00fcr Cassina, 1992er Jahre auf Kurato. \u2713Lieferung Schweiz \u271314-Tage R\u00fcckgabe \u2713Secondhand Unikat\" \/>\n<meta name=\"robots\" content=\"index, follow, max-snippet:-1, max-image-preview:large, max-video-preview:-1\" \/>\n<link rel=\"canonical\" href=\"https:\/\/kurato.ch\/fr\/product\/johnson-wax-schreibtisch-modell-617-von-frank-lloyd-wright-fuer-cassina-1992er-jahre\/\" \/>\n<meta property=\"og:locale\" content=\"fr_FR\" \/>\n<meta property=\"og:type\" content=\"article\" \/>\n<meta property=\"og:title\" content=\"Johnson Wax Schreibtisch Modell 617 von Frank Lloyd Wright f\u00fcr Cassina, 1992er Jahre | Vintage M\u00f6bel kaufen auf KURATO.CH\" \/>\n<meta property=\"og:description\" content=\"Entdecke Vintage M\u00f6bel &amp; Dekoration \u27a4 Johnson Wax Schreibtisch Modell 617 von Frank Lloyd Wright f\u00fcr Cassina, 1992er Jahre auf Kurato. \u2713Lieferung Schweiz \u271314-Tage R\u00fcckgabe \u2713Secondhand Unikat\" \/>\n<meta property=\"og:url\" content=\"https:\/\/kurato.ch\/fr\/product\/johnson-wax-schreibtisch-modell-617-von-frank-lloyd-wright-fuer-cassina-1992er-jahre\/\" \/>\n<meta property=\"og:site_name\" content=\"Vintage M\u00f6bel &amp; Dekoration I Kurato\" \/>\n<meta property=\"article:publisher\" content=\"https:\/\/www.facebook.com\/kuratoswitzerland\" \/>\n<meta property=\"og:image\" content=\"https:\/\/kurato.ch\/wp-content\/uploads\/2025\/09\/Johnson-Wax-Schreibtisch-Modell-617-von-Frank-Lloyd-Wright-fuer-Cassina-1992er-Jahre-vintage-secondhand-gebraucht-schweiz-Instagram-Post.jpg\" \/>\n\t<meta property=\"og:image:width\" content=\"810\" \/>\n\t<meta property=\"og:image:height\" content=\"810\" \/>\n\t<meta property=\"og:image:type\" content=\"image\/jpeg\" \/>\n<meta name=\"twitter:label1\" content=\"Dur\u00e9e de lecture estim\u00e9e\" \/>\n\t<meta name=\"twitter:data1\" content=\"2 minutes\" \/>\n<script type=\"application\/ld+json\" class=\"yoast-schema-graph\">{\"@context\":\"https:\\\/\\\/schema.org\",\"@graph\":[{\"@type\":\"WebPage\",\"@id\":\"https:\\\/\\\/kurato.ch\\\/product\\\/johnson-wax-schreibtisch-modell-617-von-frank-lloyd-wright-fuer-cassina-1992er-jahre\\\/\",\"url\":\"https:\\\/\\\/kurato.ch\\\/product\\\/johnson-wax-schreibtisch-modell-617-von-frank-lloyd-wright-fuer-cassina-1992er-jahre\\\/\",\"name\":\"Johnson Wax Schreibtisch Modell 617 von Frank Lloyd Wright f\u00fcr Cassina, 1992er Jahre | Vintage M\u00f6bel kaufen auf KURATO.CH\",\"isPartOf\":{\"@id\":\"https:\\\/\\\/kurato.ch\\\/#website\"},\"primaryImageOfPage\":{\"@id\":\"https:\\\/\\\/kurato.ch\\\/product\\\/johnson-wax-schreibtisch-modell-617-von-frank-lloyd-wright-fuer-cassina-1992er-jahre\\\/#primaryimage\"},\"image\":{\"@id\":\"https:\\\/\\\/kurato.ch\\\/product\\\/johnson-wax-schreibtisch-modell-617-von-frank-lloyd-wright-fuer-cassina-1992er-jahre\\\/#primaryimage\"},\"thumbnailUrl\":\"https:\\\/\\\/kurato.ch\\\/wp-content\\\/uploads\\\/2025\\\/09\\\/Johnson-Wax-Schreibtisch-Modell-617-von-Frank-Lloyd-Wright-fuer-Cassina-1992er-Jahre-vintage-secondhand-gebraucht-schweiz-Instagram-Post.jpg\",\"datePublished\":\"2025-09-04T17:54:12+00:00\",\"description\":\"Entdecke Vintage M\u00f6bel & Dekoration \u27a4 Johnson Wax Schreibtisch Modell 617 von Frank Lloyd Wright f\u00fcr Cassina, 1992er Jahre auf Kurato. \u2713Lieferung Schweiz \u271314-Tage R\u00fcckgabe \u2713Secondhand Unikat\",\"breadcrumb\":{\"@id\":\"https:\\\/\\\/kurato.ch\\\/product\\\/johnson-wax-schreibtisch-modell-617-von-frank-lloyd-wright-fuer-cassina-1992er-jahre\\\/#breadcrumb\"},\"inLanguage\":\"fr-FR\",\"potentialAction\":[{\"@type\":\"ReadAction\",\"target\":[\"https:\\\/\\\/kurato.ch\\\/product\\\/johnson-wax-schreibtisch-modell-617-von-frank-lloyd-wright-fuer-cassina-1992er-jahre\\\/\"]}]},{\"@type\":\"ImageObject\",\"inLanguage\":\"fr-FR\",\"@id\":\"https:\\\/\\\/kurato.ch\\\/product\\\/johnson-wax-schreibtisch-modell-617-von-frank-lloyd-wright-fuer-cassina-1992er-jahre\\\/#primaryimage\",\"url\":\"https:\\\/\\\/kurato.ch\\\/wp-content\\\/uploads\\\/2025\\\/09\\\/Johnson-Wax-Schreibtisch-Modell-617-von-Frank-Lloyd-Wright-fuer-Cassina-1992er-Jahre-vintage-secondhand-gebraucht-schweiz-Instagram-Post.jpg\",\"contentUrl\":\"https:\\\/\\\/kurato.ch\\\/wp-content\\\/uploads\\\/2025\\\/09\\\/Johnson-Wax-Schreibtisch-Modell-617-von-Frank-Lloyd-Wright-fuer-Cassina-1992er-Jahre-vintage-secondhand-gebraucht-schweiz-Instagram-Post.jpg\",\"width\":810,\"height\":810,\"caption\":\"Johnson Wax Schreibtisch Modell 617 von Frank Lloyd Wright f\u00fcr Cassina, 1992er Jahre\"},{\"@type\":\"BreadcrumbList\",\"@id\":\"https:\\\/\\\/kurato.ch\\\/product\\\/johnson-wax-schreibtisch-modell-617-von-frank-lloyd-wright-fuer-cassina-1992er-jahre\\\/#breadcrumb\",\"itemListElement\":[{\"@type\":\"ListItem\",\"position\":1,\"name\":\"Home\",\"item\":\"https:\\\/\\\/kurato.ch\\\/\"},{\"@type\":\"ListItem\",\"position\":2,\"name\":\"Neuheiten\",\"item\":\"https:\\\/\\\/kurato.ch\\\/neuheiten\\\/\"},{\"@type\":\"ListItem\",\"position\":3,\"name\":\"Johnson Wax Schreibtisch Modell 617 von Frank Lloyd Wright f\u00fcr Cassina, 1992er Jahre\"}]},{\"@type\":\"WebSite\",\"@id\":\"https:\\\/\\\/kurato.ch\\\/#website\",\"url\":\"https:\\\/\\\/kurato.ch\\\/\",\"name\":\"Vintage M\u00f6bel &amp; Dekoration I Kurato\",\"description\":\"Vintage M\u00f6bel &amp; Dekoration I Kurato\",\"publisher\":{\"@id\":\"https:\\\/\\\/kurato.ch\\\/#organization\"},\"potentialAction\":[{\"@type\":\"SearchAction\",\"target\":{\"@type\":\"EntryPoint\",\"urlTemplate\":\"https:\\\/\\\/kurato.ch\\\/?s={search_term_string}\"},\"query-input\":{\"@type\":\"PropertyValueSpecification\",\"valueRequired\":true,\"valueName\":\"search_term_string\"}}],\"inLanguage\":\"fr-FR\"},{\"@type\":\"Organization\",\"@id\":\"https:\\\/\\\/kurato.ch\\\/#organization\",\"name\":\"Kurato.\",\"url\":\"https:\\\/\\\/kurato.ch\\\/\",\"logo\":{\"@type\":\"ImageObject\",\"inLanguage\":\"fr-FR\",\"@id\":\"https:\\\/\\\/kurato.ch\\\/#\\\/schema\\\/logo\\\/image\\\/\",\"url\":\"\",\"contentUrl\":\"\",\"caption\":\"Kurato.\"},\"image\":{\"@id\":\"https:\\\/\\\/kurato.ch\\\/#\\\/schema\\\/logo\\\/image\\\/\"},\"sameAs\":[\"https:\\\/\\\/www.facebook.com\\\/kuratoswitzerland\",\"https:\\\/\\\/www.instagram.com\\\/kurato.ch\\\/\",\"https:\\\/\\\/www.pinterest.ch\\\/kurato_ch\\\/_created\\\/\"]}]}<\/script>\n<!-- \/ Yoast SEO plugin. -->","yoast_head_json":{"title":"Johnson Wax Schreibtisch Modell 617 von Frank Lloyd Wright f\u00fcr Cassina, 1992er Jahre | Vintage M\u00f6bel kaufen auf KURATO.CH","description":"Entdecke Vintage M\u00f6bel & Dekoration \u27a4 Johnson Wax Schreibtisch Modell 617 von Frank Lloyd Wright f\u00fcr Cassina, 1992er Jahre auf Kurato. \u2713Lieferung Schweiz \u271314-Tage R\u00fcckgabe \u2713Secondhand Unikat","robots":{"index":"index","follow":"follow","max-snippet":"max-snippet:-1","max-image-preview":"max-image-preview:large","max-video-preview":"max-video-preview:-1"},"canonical":"https:\/\/kurato.ch\/fr\/product\/johnson-wax-schreibtisch-modell-617-von-frank-lloyd-wright-fuer-cassina-1992er-jahre\/","og_locale":"fr_FR","og_type":"article","og_title":"Johnson Wax Schreibtisch Modell 617 von Frank Lloyd Wright f\u00fcr Cassina, 1992er Jahre | Vintage M\u00f6bel kaufen auf KURATO.CH","og_description":"Entdecke Vintage M\u00f6bel & Dekoration \u27a4 Johnson Wax Schreibtisch Modell 617 von Frank Lloyd Wright f\u00fcr Cassina, 1992er Jahre auf Kurato. \u2713Lieferung Schweiz \u271314-Tage R\u00fcckgabe \u2713Secondhand Unikat","og_url":"https:\/\/kurato.ch\/fr\/product\/johnson-wax-schreibtisch-modell-617-von-frank-lloyd-wright-fuer-cassina-1992er-jahre\/","og_site_name":"Vintage M\u00f6bel &amp; Dekoration I Kurato","article_publisher":"https:\/\/www.facebook.com\/kuratoswitzerland","og_image":[{"width":810,"height":810,"url":"https:\/\/kurato.ch\/wp-content\/uploads\/2025\/09\/Johnson-Wax-Schreibtisch-Modell-617-von-Frank-Lloyd-Wright-fuer-Cassina-1992er-Jahre-vintage-secondhand-gebraucht-schweiz-Instagram-Post.jpg","type":"image\/jpeg"}],"twitter_misc":{"Dur\u00e9e de lecture estim\u00e9e":"2 minutes"},"schema":{"@context":"https:\/\/schema.org","@graph":[{"@type":"WebPage","@id":"https:\/\/kurato.ch\/product\/johnson-wax-schreibtisch-modell-617-von-frank-lloyd-wright-fuer-cassina-1992er-jahre\/","url":"https:\/\/kurato.ch\/product\/johnson-wax-schreibtisch-modell-617-von-frank-lloyd-wright-fuer-cassina-1992er-jahre\/","name":"Johnson Wax Schreibtisch Modell 617 von Frank Lloyd Wright f\u00fcr Cassina, 1992er Jahre | Vintage M\u00f6bel kaufen auf KURATO.CH","isPartOf":{"@id":"https:\/\/kurato.ch\/#website"},"primaryImageOfPage":{"@id":"https:\/\/kurato.ch\/product\/johnson-wax-schreibtisch-modell-617-von-frank-lloyd-wright-fuer-cassina-1992er-jahre\/#primaryimage"},"image":{"@id":"https:\/\/kurato.ch\/product\/johnson-wax-schreibtisch-modell-617-von-frank-lloyd-wright-fuer-cassina-1992er-jahre\/#primaryimage"},"thumbnailUrl":"https:\/\/kurato.ch\/wp-content\/uploads\/2025\/09\/Johnson-Wax-Schreibtisch-Modell-617-von-Frank-Lloyd-Wright-fuer-Cassina-1992er-Jahre-vintage-secondhand-gebraucht-schweiz-Instagram-Post.jpg","datePublished":"2025-09-04T17:54:12+00:00","description":"Entdecke Vintage M\u00f6bel & Dekoration \u27a4 Johnson Wax Schreibtisch Modell 617 von Frank Lloyd Wright f\u00fcr Cassina, 1992er Jahre auf Kurato. \u2713Lieferung Schweiz \u271314-Tage R\u00fcckgabe \u2713Secondhand Unikat","breadcrumb":{"@id":"https:\/\/kurato.ch\/product\/johnson-wax-schreibtisch-modell-617-von-frank-lloyd-wright-fuer-cassina-1992er-jahre\/#breadcrumb"},"inLanguage":"fr-FR","potentialAction":[{"@type":"ReadAction","target":["https:\/\/kurato.ch\/product\/johnson-wax-schreibtisch-modell-617-von-frank-lloyd-wright-fuer-cassina-1992er-jahre\/"]}]},{"@type":"ImageObject","inLanguage":"fr-FR","@id":"https:\/\/kurato.ch\/product\/johnson-wax-schreibtisch-modell-617-von-frank-lloyd-wright-fuer-cassina-1992er-jahre\/#primaryimage","url":"https:\/\/kurato.ch\/wp-content\/uploads\/2025\/09\/Johnson-Wax-Schreibtisch-Modell-617-von-Frank-Lloyd-Wright-fuer-Cassina-1992er-Jahre-vintage-secondhand-gebraucht-schweiz-Instagram-Post.jpg","contentUrl":"https:\/\/kurato.ch\/wp-content\/uploads\/2025\/09\/Johnson-Wax-Schreibtisch-Modell-617-von-Frank-Lloyd-Wright-fuer-Cassina-1992er-Jahre-vintage-secondhand-gebraucht-schweiz-Instagram-Post.jpg","width":810,"height":810,"caption":"Johnson Wax Schreibtisch Modell 617 von Frank Lloyd Wright f\u00fcr Cassina, 1992er Jahre"},{"@type":"BreadcrumbList","@id":"https:\/\/kurato.ch\/product\/johnson-wax-schreibtisch-modell-617-von-frank-lloyd-wright-fuer-cassina-1992er-jahre\/#breadcrumb","itemListElement":[{"@type":"ListItem","position":1,"name":"Home","item":"https:\/\/kurato.ch\/"},{"@type":"ListItem","position":2,"name":"Neuheiten","item":"https:\/\/kurato.ch\/neuheiten\/"},{"@type":"ListItem","position":3,"name":"Johnson Wax Schreibtisch Modell 617 von Frank Lloyd Wright f\u00fcr Cassina, 1992er Jahre"}]},{"@type":"WebSite","@id":"https:\/\/kurato.ch\/#website","url":"https:\/\/kurato.ch\/","name":"Meubles vintage &amp; d\u00e9coration I Kurato","description":"Meubles vintage &amp; d\u00e9coration I Kurato","publisher":{"@id":"https:\/\/kurato.ch\/#organization"},"potentialAction":[{"@type":"SearchAction","target":{"@type":"EntryPoint","urlTemplate":"https:\/\/kurato.ch\/?s={search_term_string}"},"query-input":{"@type":"PropertyValueSpecification","valueRequired":true,"valueName":"search_term_string"}}],"inLanguage":"fr-FR"},{"@type":"Organization","@id":"https:\/\/kurato.ch\/#organization","name":"Kurato.","url":"https:\/\/kurato.ch\/","logo":{"@type":"ImageObject","inLanguage":"fr-FR","@id":"https:\/\/kurato.ch\/#\/schema\/logo\/image\/","url":"","contentUrl":"","caption":"Kurato."},"image":{"@id":"https:\/\/kurato.ch\/#\/schema\/logo\/image\/"},"sameAs":["https:\/\/www.facebook.com\/kuratoswitzerland","https:\/\/www.instagram.com\/kurato.ch\/","https:\/\/www.pinterest.ch\/kurato_ch\/_created\/"]}]}},"_links":{"self":[{"href":"https:\/\/kurato.ch\/fr\/wp-json\/wp\/v2\/product\/70666","targetHints":{"allow":["GET"]}}],"collection":[{"href":"https:\/\/kurato.ch\/fr\/wp-json\/wp\/v2\/product"}],"about":[{"href":"https:\/\/kurato.ch\/fr\/wp-json\/wp\/v2\/types\/product"}],"wp:featuredmedia":[{"embeddable":true,"href":"https:\/\/kurato.ch\/fr\/wp-json\/wp\/v2\/media\/70722"}],"wp:attachment":[{"href":"https:\/\/kurato.ch\/fr\/wp-json\/wp\/v2\/media?parent=70666"}],"wp:term":[{"taxonomy":"product_brand","embeddable":true,"href":"https:\/\/kurato.ch\/fr\/wp-json\/wp\/v2\/product_brand?post=70666"},{"taxonomy":"product_cat","embeddable":true,"href":"https:\/\/kurato.ch\/fr\/wp-json\/wp\/v2\/product_cat?post=70666"},{"taxonomy":"product_tag","embeddable":true,"href":"https:\/\/kurato.ch\/fr\/wp-json\/wp\/v2\/product_tag?post=70666"}],"curies":[{"name":"wp","href":"https:\/\/api.w.org\/{rel}","templated":true}]}}