{"id":71020,"date":"2025-09-14T14:12:14","date_gmt":"2025-09-14T12:12:14","guid":{"rendered":"https:\/\/kurato.ch\/?post_type=product&#038;p=71020"},"modified":"2025-09-14T14:12:15","modified_gmt":"2025-09-14T12:12:15","slug":"mobiles-aufbewahrungsmoebel-von-raymond-loewy","status":"publish","type":"product","link":"https:\/\/kurato.ch\/fr\/product\/mobiles-aufbewahrungsmoebel-von-raymond-loewy\/","title":{"rendered":"Mobiles Aufbewahrungsm\u00f6bel von Raymond LOEWY"},"content":{"rendered":"<p>Mobile Aufbewahrungseinheit aus rot lackiertem Schicht- und Methacrylat mit Schubladen aus weissem Formkunststoff. Dieses M\u00f6belst\u00fcck (kann als Frisiertisch verwendet werden) bietet verschiedene Staur\u00e4ume: Die obere Schublade verbirgt einen Spiegel und ein Fach, darunter befinden sich 4 Schubladen, eine Doppelschublade und ein horizontal zu \u00f6ffnender Stauraum. <\/p>\n<p>Dieses M\u00f6belst\u00fcck auf Rollen verf\u00fcgt an der Seite \u00fcber einen Kleiderb\u00fcgel. Dieses Meisterwerk von Raymond Loewy wurde in den 1980er Jahren f\u00fcr die CEI (Compagnie d&#8217;Esth\u00e9tique Industrielle) entworfen. Herausgeber: DOUBINSKY FRERES. Raymond Loewy (1893\u20131986) war ein franz\u00f6sisch-amerikanischer Industriedesigner, der in Paris geboren wurde und im 20. Jahrhundert zu einem Pionier des Industriedesigns in den Vereinigten Staaten wurde. Er ist daf\u00fcr bekannt, den \u201eAmerican Way of Life\u201d gepr\u00e4gt zu haben, indem er elegante und funktionale Produkte entwarf, darunter ikonische Logos (Shell, Lucky Strike), Automobile (Studebaker, Avanti) und Flugzeuginnenausstattungen (Skylab f\u00fcr die NASA, Air Force One). Nach dem Zweiten Weltkrieg gr\u00fcndete er in Paris die Compagnie de l&#8217;Esth\u00e9tique Industrielle und hatte bis zu seinem Tod in Monaco eine einflussreiche Karriere. <\/p>\n<p>Nachdem er 1919 in die Vereinigten Staaten ausgewandert war, arbeitete er zun\u00e4chst als Schaufenster-Dekorateur f\u00fcr Kaufh\u00e4user wie Macy&#8217;s und als Illustrator f\u00fcr Zeitschriften wie Vogue. 1929 erhielt er seinen ersten Auftrag im Bereich des Industriedesigns, bei dem er eine Gestetner-Vervielf\u00e4ltigungsmaschine modernisierte, was den Beginn seiner Karriere in diesem Bereich markierte. Loewy revolutionierte das Design, indem er bestehenden Objekten eine \u00e4sthetische Note verlieh und so deren Verkaufbarkeit und Effizienz verbesserte. <\/p>\n<p>Er entwarf das Design der Lokomotiven der Pennsylvania Railroad (GG-1), den Coldspot-K\u00fchlschrank f\u00fcr Sears sowie die Studebaker-Autos und den ber\u00fchmten Avanti. Seine Arbeit erstreckte sich auch auf ikonische Logos f\u00fcr Marken wie Shell, BP und Lucky Strike sowie auf das Design der Air Force One. Er stellte sein Fachwissen in den Dienst der NASA und entwarf die Innenausstattung der Raumkapsel Skylab. 1953 gr\u00fcndete er in Paris die Compagnie de l&#8217;Esth\u00e9tique Industrielle und schuf damit ein internationales Kreativimperium. Seine Arbeit hat das Industriedesign tiefgreifend beeinflusst, und sein Erbe ist noch heute in vielen Alltagsgegenst\u00e4nden pr\u00e4sent.<\/p>\n<p><strong>Vous souhaitez recevoir l'article chez vous ?<\/strong><\/p>\n<p>Contactez le service client\u00e8le de Kurato <a href=\"mailto:hello@kurato.ch\" data-mce-href=\"mailto:hello@kurato.ch\"><strong>hello@kurato.ch<\/strong><\/a> et demandez une offre de livraison personnalis\u00e9e.<\/p>\n<p><br data-mce-bogus=\"1\"><\/p>\n<p><\/p>","protected":false},"excerpt":{"rendered":"<p>Mobile Aufbewahrungseinheit aus rot lackiertem Schicht- und Methacrylat mit Schubladen aus weissem Formkunststoff. Dieses M\u00f6belst\u00fcck (kann als Frisiertisch verwendet werden) bietet verschiedene Staur\u00e4ume: Die obere Schublade verbirgt einen Spiegel und ein Fach, darunter befinden sich 4 Schubladen, eine Doppelschublade und ein horizontal zu \u00f6ffnender Stauraum. Dieses M\u00f6belst\u00fcck auf Rollen verf\u00fcgt an der Seite \u00fcber einen [&hellip;]<\/p>\n","protected":false},"featured_media":71041,"template":"","meta":{"_acf_changed":false,"site-sidebar-layout":"default","site-content-layout":"","ast-site-content-layout":"default","site-content-style":"default","site-sidebar-style":"default","ast-global-header-display":"","ast-banner-title-visibility":"","ast-main-header-display":"","ast-hfb-above-header-display":"","ast-hfb-below-header-display":"","ast-hfb-mobile-header-display":"","site-post-title":"","ast-breadcrumbs-content":"","ast-featured-img":"","footer-sml-layout":"","ast-disable-related-posts":"","theme-transparent-header-meta":"","adv-header-id-meta":"","stick-header-meta":"","header-above-stick-meta":"","header-main-stick-meta":"","header-below-stick-meta":"","astra-migrate-meta-layouts":"default","ast-page-background-enabled":"default","ast-page-background-meta":{"desktop":{"background-color":"","background-image":"","background-repeat":"repeat","background-position":"center center","background-size":"auto","background-attachment":"scroll","background-type":"","background-media":"","overlay-type":"","overlay-color":"","overlay-opacity":"","overlay-gradient":""},"tablet":{"background-color":"","background-image":"","background-repeat":"repeat","background-position":"center center","background-size":"auto","background-attachment":"scroll","background-type":"","background-media":"","overlay-type":"","overlay-color":"","overlay-opacity":"","overlay-gradient":""},"mobile":{"background-color":"","background-image":"","background-repeat":"repeat","background-position":"center center","background-size":"auto","background-attachment":"scroll","background-type":"","background-media":"","overlay-type":"","overlay-color":"","overlay-opacity":"","overlay-gradient":""}},"ast-content-background-meta":{"desktop":{"background-color":"var(--ast-global-color-5)","background-image":"","background-repeat":"repeat","background-position":"center center","background-size":"auto","background-attachment":"scroll","background-type":"","background-media":"","overlay-type":"","overlay-color":"","overlay-opacity":"","overlay-gradient":""},"tablet":{"background-color":"var(--ast-global-color-5)","background-image":"","background-repeat":"repeat","background-position":"center center","background-size":"auto","background-attachment":"scroll","background-type":"","background-media":"","overlay-type":"","overlay-color":"","overlay-opacity":"","overlay-gradient":""},"mobile":{"background-color":"var(--ast-global-color-5)","background-image":"","background-repeat":"repeat","background-position":"center center","background-size":"auto","background-attachment":"scroll","background-type":"","background-media":"","overlay-type":"","overlay-color":"","overlay-opacity":"","overlay-gradient":""}}},"product_brand":[],"product_cat":[129,465],"product_tag":[],"class_list":{"0":"post-71020","1":"product","2":"type-product","3":"status-publish","4":"has-post-thumbnail","6":"product_cat-vintage-aufbewahrungsmoebel","7":"product_cat-vintage-korpus","8":"pa_farbe-mehrfarbig","9":"pa_material-holz","10":"pa_material-plastik","11":"pa_stil-vintage","12":"desktop-align-left","13":"tablet-align-left","14":"mobile-align-left","16":"first","17":"instock","18":"sold-individually","19":"shipping-taxable","20":"purchasable","21":"product-type-simple"},"acf":[],"yoast_head":"<!-- This site is optimized with the Yoast SEO plugin v27.4 - https:\/\/yoast.com\/product\/yoast-seo-wordpress\/ -->\n<title>Mobiles Aufbewahrungsm\u00f6bel von Raymond LOEWY | Vintage M\u00f6bel kaufen auf KURATO.CH<\/title>\n<meta name=\"description\" content=\"Entdecke Vintage M\u00f6bel &amp; Dekoration \u27a4 Mobiles Aufbewahrungsm\u00f6bel von Raymond LOEWY auf Kurato. \u2713Lieferung Schweiz \u271314-Tage R\u00fcckgabe \u2713Secondhand Unikat\" \/>\n<meta name=\"robots\" content=\"index, follow, max-snippet:-1, max-image-preview:large, max-video-preview:-1\" \/>\n<link rel=\"canonical\" href=\"https:\/\/kurato.ch\/fr\/product\/mobiles-aufbewahrungsmoebel-von-raymond-loewy\/\" \/>\n<meta property=\"og:locale\" content=\"fr_FR\" \/>\n<meta property=\"og:type\" content=\"article\" \/>\n<meta property=\"og:title\" content=\"Mobiles Aufbewahrungsm\u00f6bel von Raymond LOEWY | Vintage M\u00f6bel kaufen auf KURATO.CH\" \/>\n<meta property=\"og:description\" content=\"Entdecke Vintage M\u00f6bel &amp; Dekoration \u27a4 Mobiles Aufbewahrungsm\u00f6bel von Raymond LOEWY auf Kurato. \u2713Lieferung Schweiz \u271314-Tage R\u00fcckgabe \u2713Secondhand Unikat\" \/>\n<meta property=\"og:url\" content=\"https:\/\/kurato.ch\/fr\/product\/mobiles-aufbewahrungsmoebel-von-raymond-loewy\/\" \/>\n<meta property=\"og:site_name\" content=\"Vintage M\u00f6bel &amp; Dekoration I Kurato\" \/>\n<meta property=\"article:publisher\" content=\"https:\/\/www.facebook.com\/kuratoswitzerland\" \/>\n<meta property=\"article:modified_time\" content=\"2025-09-14T12:12:15+00:00\" \/>\n<meta property=\"og:image\" content=\"https:\/\/kurato.ch\/wp-content\/uploads\/2025\/09\/Mobile-Aufbewahrungseinheit-von-Raymond-LOEWY-vintage-secondhand-gebraucht-schweiz-Instagram-Post.jpg\" \/>\n\t<meta property=\"og:image:width\" content=\"810\" \/>\n\t<meta property=\"og:image:height\" content=\"810\" \/>\n\t<meta property=\"og:image:type\" content=\"image\/jpeg\" \/>\n<meta name=\"twitter:label1\" content=\"Dur\u00e9e de lecture estim\u00e9e\" \/>\n\t<meta name=\"twitter:data1\" content=\"2 minutes\" \/>\n<script type=\"application\/ld+json\" class=\"yoast-schema-graph\">{\"@context\":\"https:\\\/\\\/schema.org\",\"@graph\":[{\"@type\":\"WebPage\",\"@id\":\"https:\\\/\\\/kurato.ch\\\/product\\\/mobiles-aufbewahrungsmoebel-von-raymond-loewy\\\/\",\"url\":\"https:\\\/\\\/kurato.ch\\\/product\\\/mobiles-aufbewahrungsmoebel-von-raymond-loewy\\\/\",\"name\":\"Mobiles Aufbewahrungsm\u00f6bel von Raymond LOEWY | Vintage M\u00f6bel kaufen auf KURATO.CH\",\"isPartOf\":{\"@id\":\"https:\\\/\\\/kurato.ch\\\/#website\"},\"primaryImageOfPage\":{\"@id\":\"https:\\\/\\\/kurato.ch\\\/product\\\/mobiles-aufbewahrungsmoebel-von-raymond-loewy\\\/#primaryimage\"},\"image\":{\"@id\":\"https:\\\/\\\/kurato.ch\\\/product\\\/mobiles-aufbewahrungsmoebel-von-raymond-loewy\\\/#primaryimage\"},\"thumbnailUrl\":\"https:\\\/\\\/kurato.ch\\\/wp-content\\\/uploads\\\/2025\\\/09\\\/Mobile-Aufbewahrungseinheit-von-Raymond-LOEWY-vintage-secondhand-gebraucht-schweiz-Instagram-Post.jpg\",\"datePublished\":\"2025-09-14T12:12:14+00:00\",\"dateModified\":\"2025-09-14T12:12:15+00:00\",\"description\":\"Entdecke Vintage M\u00f6bel & Dekoration \u27a4 Mobiles Aufbewahrungsm\u00f6bel von Raymond LOEWY auf Kurato. \u2713Lieferung Schweiz \u271314-Tage R\u00fcckgabe \u2713Secondhand Unikat\",\"breadcrumb\":{\"@id\":\"https:\\\/\\\/kurato.ch\\\/product\\\/mobiles-aufbewahrungsmoebel-von-raymond-loewy\\\/#breadcrumb\"},\"inLanguage\":\"fr-FR\",\"potentialAction\":[{\"@type\":\"ReadAction\",\"target\":[\"https:\\\/\\\/kurato.ch\\\/product\\\/mobiles-aufbewahrungsmoebel-von-raymond-loewy\\\/\"]}]},{\"@type\":\"ImageObject\",\"inLanguage\":\"fr-FR\",\"@id\":\"https:\\\/\\\/kurato.ch\\\/product\\\/mobiles-aufbewahrungsmoebel-von-raymond-loewy\\\/#primaryimage\",\"url\":\"https:\\\/\\\/kurato.ch\\\/wp-content\\\/uploads\\\/2025\\\/09\\\/Mobile-Aufbewahrungseinheit-von-Raymond-LOEWY-vintage-secondhand-gebraucht-schweiz-Instagram-Post.jpg\",\"contentUrl\":\"https:\\\/\\\/kurato.ch\\\/wp-content\\\/uploads\\\/2025\\\/09\\\/Mobile-Aufbewahrungseinheit-von-Raymond-LOEWY-vintage-secondhand-gebraucht-schweiz-Instagram-Post.jpg\",\"width\":810,\"height\":810,\"caption\":\"Mobile Aufbewahrungseinheit von Raymond LOEWY\"},{\"@type\":\"BreadcrumbList\",\"@id\":\"https:\\\/\\\/kurato.ch\\\/product\\\/mobiles-aufbewahrungsmoebel-von-raymond-loewy\\\/#breadcrumb\",\"itemListElement\":[{\"@type\":\"ListItem\",\"position\":1,\"name\":\"Home\",\"item\":\"https:\\\/\\\/kurato.ch\\\/\"},{\"@type\":\"ListItem\",\"position\":2,\"name\":\"Neuheiten\",\"item\":\"https:\\\/\\\/kurato.ch\\\/neuheiten\\\/\"},{\"@type\":\"ListItem\",\"position\":3,\"name\":\"Mobiles Aufbewahrungsm\u00f6bel von Raymond LOEWY\"}]},{\"@type\":\"WebSite\",\"@id\":\"https:\\\/\\\/kurato.ch\\\/#website\",\"url\":\"https:\\\/\\\/kurato.ch\\\/\",\"name\":\"Vintage M\u00f6bel &amp; Dekoration I Kurato\",\"description\":\"Vintage M\u00f6bel &amp; Dekoration I Kurato\",\"publisher\":{\"@id\":\"https:\\\/\\\/kurato.ch\\\/#organization\"},\"potentialAction\":[{\"@type\":\"SearchAction\",\"target\":{\"@type\":\"EntryPoint\",\"urlTemplate\":\"https:\\\/\\\/kurato.ch\\\/?s={search_term_string}\"},\"query-input\":{\"@type\":\"PropertyValueSpecification\",\"valueRequired\":true,\"valueName\":\"search_term_string\"}}],\"inLanguage\":\"fr-FR\"},{\"@type\":\"Organization\",\"@id\":\"https:\\\/\\\/kurato.ch\\\/#organization\",\"name\":\"Kurato.\",\"url\":\"https:\\\/\\\/kurato.ch\\\/\",\"logo\":{\"@type\":\"ImageObject\",\"inLanguage\":\"fr-FR\",\"@id\":\"https:\\\/\\\/kurato.ch\\\/#\\\/schema\\\/logo\\\/image\\\/\",\"url\":\"\",\"contentUrl\":\"\",\"caption\":\"Kurato.\"},\"image\":{\"@id\":\"https:\\\/\\\/kurato.ch\\\/#\\\/schema\\\/logo\\\/image\\\/\"},\"sameAs\":[\"https:\\\/\\\/www.facebook.com\\\/kuratoswitzerland\",\"https:\\\/\\\/www.instagram.com\\\/kurato.ch\\\/\",\"https:\\\/\\\/www.pinterest.ch\\\/kurato_ch\\\/_created\\\/\"]}]}<\/script>\n<!-- \/ Yoast SEO plugin. -->","yoast_head_json":{"title":"Mobiles Aufbewahrungsm\u00f6bel von Raymond LOEWY | Vintage M\u00f6bel kaufen auf KURATO.CH","description":"Entdecke Vintage M\u00f6bel & Dekoration \u27a4 Mobiles Aufbewahrungsm\u00f6bel von Raymond LOEWY auf Kurato. \u2713Lieferung Schweiz \u271314-Tage R\u00fcckgabe \u2713Secondhand Unikat","robots":{"index":"index","follow":"follow","max-snippet":"max-snippet:-1","max-image-preview":"max-image-preview:large","max-video-preview":"max-video-preview:-1"},"canonical":"https:\/\/kurato.ch\/fr\/product\/mobiles-aufbewahrungsmoebel-von-raymond-loewy\/","og_locale":"fr_FR","og_type":"article","og_title":"Mobiles Aufbewahrungsm\u00f6bel von Raymond LOEWY | Vintage M\u00f6bel kaufen auf KURATO.CH","og_description":"Entdecke Vintage M\u00f6bel & Dekoration \u27a4 Mobiles Aufbewahrungsm\u00f6bel von Raymond LOEWY auf Kurato. \u2713Lieferung Schweiz \u271314-Tage R\u00fcckgabe \u2713Secondhand Unikat","og_url":"https:\/\/kurato.ch\/fr\/product\/mobiles-aufbewahrungsmoebel-von-raymond-loewy\/","og_site_name":"Vintage M\u00f6bel &amp; Dekoration I Kurato","article_publisher":"https:\/\/www.facebook.com\/kuratoswitzerland","article_modified_time":"2025-09-14T12:12:15+00:00","og_image":[{"width":810,"height":810,"url":"https:\/\/kurato.ch\/wp-content\/uploads\/2025\/09\/Mobile-Aufbewahrungseinheit-von-Raymond-LOEWY-vintage-secondhand-gebraucht-schweiz-Instagram-Post.jpg","type":"image\/jpeg"}],"twitter_misc":{"Dur\u00e9e de lecture estim\u00e9e":"2 minutes"},"schema":{"@context":"https:\/\/schema.org","@graph":[{"@type":"WebPage","@id":"https:\/\/kurato.ch\/product\/mobiles-aufbewahrungsmoebel-von-raymond-loewy\/","url":"https:\/\/kurato.ch\/product\/mobiles-aufbewahrungsmoebel-von-raymond-loewy\/","name":"Mobiles Aufbewahrungsm\u00f6bel von Raymond LOEWY | Vintage M\u00f6bel kaufen auf KURATO.CH","isPartOf":{"@id":"https:\/\/kurato.ch\/#website"},"primaryImageOfPage":{"@id":"https:\/\/kurato.ch\/product\/mobiles-aufbewahrungsmoebel-von-raymond-loewy\/#primaryimage"},"image":{"@id":"https:\/\/kurato.ch\/product\/mobiles-aufbewahrungsmoebel-von-raymond-loewy\/#primaryimage"},"thumbnailUrl":"https:\/\/kurato.ch\/wp-content\/uploads\/2025\/09\/Mobile-Aufbewahrungseinheit-von-Raymond-LOEWY-vintage-secondhand-gebraucht-schweiz-Instagram-Post.jpg","datePublished":"2025-09-14T12:12:14+00:00","dateModified":"2025-09-14T12:12:15+00:00","description":"Entdecke Vintage M\u00f6bel & Dekoration \u27a4 Mobiles Aufbewahrungsm\u00f6bel von Raymond LOEWY auf Kurato. \u2713Lieferung Schweiz \u271314-Tage R\u00fcckgabe \u2713Secondhand Unikat","breadcrumb":{"@id":"https:\/\/kurato.ch\/product\/mobiles-aufbewahrungsmoebel-von-raymond-loewy\/#breadcrumb"},"inLanguage":"fr-FR","potentialAction":[{"@type":"ReadAction","target":["https:\/\/kurato.ch\/product\/mobiles-aufbewahrungsmoebel-von-raymond-loewy\/"]}]},{"@type":"ImageObject","inLanguage":"fr-FR","@id":"https:\/\/kurato.ch\/product\/mobiles-aufbewahrungsmoebel-von-raymond-loewy\/#primaryimage","url":"https:\/\/kurato.ch\/wp-content\/uploads\/2025\/09\/Mobile-Aufbewahrungseinheit-von-Raymond-LOEWY-vintage-secondhand-gebraucht-schweiz-Instagram-Post.jpg","contentUrl":"https:\/\/kurato.ch\/wp-content\/uploads\/2025\/09\/Mobile-Aufbewahrungseinheit-von-Raymond-LOEWY-vintage-secondhand-gebraucht-schweiz-Instagram-Post.jpg","width":810,"height":810,"caption":"Mobile Aufbewahrungseinheit von Raymond LOEWY"},{"@type":"BreadcrumbList","@id":"https:\/\/kurato.ch\/product\/mobiles-aufbewahrungsmoebel-von-raymond-loewy\/#breadcrumb","itemListElement":[{"@type":"ListItem","position":1,"name":"Home","item":"https:\/\/kurato.ch\/"},{"@type":"ListItem","position":2,"name":"Neuheiten","item":"https:\/\/kurato.ch\/neuheiten\/"},{"@type":"ListItem","position":3,"name":"Mobiles Aufbewahrungsm\u00f6bel von Raymond LOEWY"}]},{"@type":"WebSite","@id":"https:\/\/kurato.ch\/#website","url":"https:\/\/kurato.ch\/","name":"Meubles vintage &amp; d\u00e9coration I Kurato","description":"Meubles vintage &amp; d\u00e9coration I Kurato","publisher":{"@id":"https:\/\/kurato.ch\/#organization"},"potentialAction":[{"@type":"SearchAction","target":{"@type":"EntryPoint","urlTemplate":"https:\/\/kurato.ch\/?s={search_term_string}"},"query-input":{"@type":"PropertyValueSpecification","valueRequired":true,"valueName":"search_term_string"}}],"inLanguage":"fr-FR"},{"@type":"Organization","@id":"https:\/\/kurato.ch\/#organization","name":"Kurato.","url":"https:\/\/kurato.ch\/","logo":{"@type":"ImageObject","inLanguage":"fr-FR","@id":"https:\/\/kurato.ch\/#\/schema\/logo\/image\/","url":"","contentUrl":"","caption":"Kurato."},"image":{"@id":"https:\/\/kurato.ch\/#\/schema\/logo\/image\/"},"sameAs":["https:\/\/www.facebook.com\/kuratoswitzerland","https:\/\/www.instagram.com\/kurato.ch\/","https:\/\/www.pinterest.ch\/kurato_ch\/_created\/"]}]}},"_links":{"self":[{"href":"https:\/\/kurato.ch\/fr\/wp-json\/wp\/v2\/product\/71020","targetHints":{"allow":["GET"]}}],"collection":[{"href":"https:\/\/kurato.ch\/fr\/wp-json\/wp\/v2\/product"}],"about":[{"href":"https:\/\/kurato.ch\/fr\/wp-json\/wp\/v2\/types\/product"}],"wp:featuredmedia":[{"embeddable":true,"href":"https:\/\/kurato.ch\/fr\/wp-json\/wp\/v2\/media\/71041"}],"wp:attachment":[{"href":"https:\/\/kurato.ch\/fr\/wp-json\/wp\/v2\/media?parent=71020"}],"wp:term":[{"taxonomy":"product_brand","embeddable":true,"href":"https:\/\/kurato.ch\/fr\/wp-json\/wp\/v2\/product_brand?post=71020"},{"taxonomy":"product_cat","embeddable":true,"href":"https:\/\/kurato.ch\/fr\/wp-json\/wp\/v2\/product_cat?post=71020"},{"taxonomy":"product_tag","embeddable":true,"href":"https:\/\/kurato.ch\/fr\/wp-json\/wp\/v2\/product_tag?post=71020"}],"curies":[{"name":"wp","href":"https:\/\/api.w.org\/{rel}","templated":true}]}}