{"id":71648,"date":"2025-10-03T20:52:50","date_gmt":"2025-10-03T18:52:50","guid":{"rendered":"https:\/\/kurato.ch\/?post_type=product&#038;p=71648"},"modified":"2025-10-03T20:52:50","modified_gmt":"2025-10-03T18:52:50","slug":"nickel-tischlampen-mit-opalschirm-von-adolf-loos-fuer-villa-steiner","status":"publish","type":"product","link":"https:\/\/kurato.ch\/fr\/product\/nickel-tischlampen-mit-opalschirm-von-adolf-loos-fuer-villa-steiner\/","title":{"rendered":"Nickel-Tischlampen mit Opalschirm von Adolf Loos f\u00fcr Villa Steiner"},"content":{"rendered":"<p>2 Nickel-Tischlampen mit Opalschirm von Adolf Loos f\u00fcr Villa Steiner<\/p>\n<p>Preis: 1456,- CHF (pro St\u00fcck)<\/p>\n<p>Diese Tischlampe ist ein ausdrucksstarkes Beispiel f\u00fcr eine stilistisch am Jugendstil und der Wiener Werkst\u00e4tte orientierte Leuchte, deren Entwurf auf Adolf Loos zur\u00fcckgef\u00fchrt wird.<\/p>\n<p>Das Design ist von Adolf Loos f\u00fcr die Villa Steiner um 1910, wobei es sich bei diesem Exemplar sehr wahrscheinlich um eine hochwertige Re-Edition handelt.<\/p>\n<p>Das Gesamtbild ist gepr\u00e4gt von klarer Geometrie, edlen Materialien und funktionaler Eleganz, wie sie typisch f\u00fcr die fr\u00fche Moderne ist.<\/p>\n<p>Der Leuchtenk\u00f6rper besteht aus vernickeltem Messing, wobei der vertikale Schaft in einer s\u00e4ulenartigen Form mit feiner Riffelung ausgef\u00fchrt ist. Diese vertikale Struktur geht harmonisch in einen runden Leuchtenkopf \u00fcber, der von drei elegant geschwungenen Armen gehalten wird.<\/p>\n<p>Der weisse, halbkugelf\u00f6rmige Schirm aus opalinem Glas sitzt in einer Metallfassung und streut das Licht angenehm weich. Der Sockel ist gestuft ausgef\u00fchrt und sorgt mit seinem Gewicht f\u00fcr einen sicheren Stand. Die Stromzufuhr erfolgt \u00fcber ein weisses, stoffummanteltes Kabel mit Zwischenschalter.<\/p>\n<p>Zustand: Im Zustand pr\u00e4sentieren sich beide Lampen sehr gepflegt. Die Metallteile zeigen nur leichte, altersgerechte Patina an der Oberfl\u00e4che, aber keine gr\u00f6beren Kratzer oder Verf\u00e4rbungen. Der Opalglasschirm ist unbesch\u00e4digt, gleichm\u00e4ssig durchscheinend und ohne Risse oder Chips. Beide Lampen funktionieren einwandfrei und geben ein stimmungsvolles Licht ab.<\/p>\n<p>Masse: Durchmesser 25 x H45 cm<\/p>\n<p><strong>Vous souhaitez recevoir l'article chez vous ?<\/strong><\/p>\n<p>Contactez le service client\u00e8le de Kurato <a href=\"mailto:hello@kurato.ch\" data-mce-href=\"mailto:hello@kurato.ch\"><strong>hello@kurato.ch<\/strong><\/a> et demandez une offre de livraison personnalis\u00e9e.<\/p>","protected":false},"excerpt":{"rendered":"<p>2 Nickel-Tischlampen mit Opalschirm von Adolf Loos f\u00fcr Villa Steiner Preis: 1456,- CHF (pro St\u00fcck) Diese Tischlampe ist ein ausdrucksstarkes Beispiel f\u00fcr eine stilistisch am Jugendstil und der Wiener Werkst\u00e4tte orientierte Leuchte, deren Entwurf auf Adolf Loos zur\u00fcckgef\u00fchrt wird. Das Design ist von Adolf Loos f\u00fcr die Villa Steiner um 1910, wobei es sich bei [&hellip;]<\/p>\n","protected":false},"featured_media":71734,"template":"","meta":{"_acf_changed":false,"site-sidebar-layout":"default","site-content-layout":"","ast-site-content-layout":"default","site-content-style":"default","site-sidebar-style":"default","ast-global-header-display":"","ast-banner-title-visibility":"","ast-main-header-display":"","ast-hfb-above-header-display":"","ast-hfb-below-header-display":"","ast-hfb-mobile-header-display":"","site-post-title":"","ast-breadcrumbs-content":"","ast-featured-img":"","footer-sml-layout":"","ast-disable-related-posts":"","theme-transparent-header-meta":"","adv-header-id-meta":"","stick-header-meta":"","header-above-stick-meta":"","header-main-stick-meta":"","header-below-stick-meta":"","astra-migrate-meta-layouts":"default","ast-page-background-enabled":"default","ast-page-background-meta":{"desktop":{"background-color":"","background-image":"","background-repeat":"repeat","background-position":"center center","background-size":"auto","background-attachment":"scroll","background-type":"","background-media":"","overlay-type":"","overlay-color":"","overlay-opacity":"","overlay-gradient":""},"tablet":{"background-color":"","background-image":"","background-repeat":"repeat","background-position":"center center","background-size":"auto","background-attachment":"scroll","background-type":"","background-media":"","overlay-type":"","overlay-color":"","overlay-opacity":"","overlay-gradient":""},"mobile":{"background-color":"","background-image":"","background-repeat":"repeat","background-position":"center center","background-size":"auto","background-attachment":"scroll","background-type":"","background-media":"","overlay-type":"","overlay-color":"","overlay-opacity":"","overlay-gradient":""}},"ast-content-background-meta":{"desktop":{"background-color":"var(--ast-global-color-5)","background-image":"","background-repeat":"repeat","background-position":"center center","background-size":"auto","background-attachment":"scroll","background-type":"","background-media":"","overlay-type":"","overlay-color":"","overlay-opacity":"","overlay-gradient":""},"tablet":{"background-color":"var(--ast-global-color-5)","background-image":"","background-repeat":"repeat","background-position":"center center","background-size":"auto","background-attachment":"scroll","background-type":"","background-media":"","overlay-type":"","overlay-color":"","overlay-opacity":"","overlay-gradient":""},"mobile":{"background-color":"var(--ast-global-color-5)","background-image":"","background-repeat":"repeat","background-position":"center center","background-size":"auto","background-attachment":"scroll","background-type":"","background-media":"","overlay-type":"","overlay-color":"","overlay-opacity":"","overlay-gradient":""}}},"product_brand":[],"product_cat":[64,60],"product_tag":[],"class_list":{"0":"post-71648","1":"product","2":"type-product","3":"status-publish","4":"has-post-thumbnail","6":"product_cat-vintage-tischlampen","7":"product_cat-vintage-lampen","8":"pa_farbe-farbegold","9":"pa_farbe-weiss","10":"pa_material-glas-kristall","11":"pa_material-messing","12":"pa_stil-vintage","13":"desktop-align-left","14":"tablet-align-left","15":"mobile-align-left","17":"first","18":"instock","19":"shipping-taxable","20":"purchasable","21":"product-type-simple"},"acf":[],"yoast_head":"<!-- This site is optimized with the Yoast SEO plugin v27.4 - https:\/\/yoast.com\/product\/yoast-seo-wordpress\/ -->\n<title>Nickel-Tischlampen mit Opalschirm von Adolf Loos f\u00fcr Villa Steiner | Vintage M\u00f6bel kaufen auf KURATO.CH<\/title>\n<meta name=\"description\" content=\"Entdecke Vintage M\u00f6bel &amp; Dekoration \u27a4 Nickel-Tischlampen mit Opalschirm von Adolf Loos f\u00fcr Villa Steiner auf Kurato. \u2713Lieferung Schweiz \u271314-Tage R\u00fcckgabe \u2713Secondhand Unikat\" \/>\n<meta name=\"robots\" content=\"index, follow, max-snippet:-1, max-image-preview:large, max-video-preview:-1\" \/>\n<link rel=\"canonical\" href=\"https:\/\/kurato.ch\/fr\/product\/nickel-tischlampen-mit-opalschirm-von-adolf-loos-fuer-villa-steiner\/\" \/>\n<meta property=\"og:locale\" content=\"fr_FR\" \/>\n<meta property=\"og:type\" content=\"article\" \/>\n<meta property=\"og:title\" content=\"Nickel-Tischlampen mit Opalschirm von Adolf Loos f\u00fcr Villa Steiner | Vintage M\u00f6bel kaufen auf KURATO.CH\" \/>\n<meta property=\"og:description\" content=\"Entdecke Vintage M\u00f6bel &amp; Dekoration \u27a4 Nickel-Tischlampen mit Opalschirm von Adolf Loos f\u00fcr Villa Steiner auf Kurato. \u2713Lieferung Schweiz \u271314-Tage R\u00fcckgabe \u2713Secondhand Unikat\" \/>\n<meta property=\"og:url\" content=\"https:\/\/kurato.ch\/fr\/product\/nickel-tischlampen-mit-opalschirm-von-adolf-loos-fuer-villa-steiner\/\" \/>\n<meta property=\"og:site_name\" content=\"Vintage M\u00f6bel &amp; Dekoration I Kurato\" \/>\n<meta property=\"article:publisher\" content=\"https:\/\/www.facebook.com\/kuratoswitzerland\" \/>\n<meta property=\"og:image\" content=\"https:\/\/kurato.ch\/wp-content\/uploads\/2025\/10\/Nickel-Tischlampen-mit-Opalschirm-von-Adolf-Loos-fuer-Villa-Steiner-vintage-secondhand-gebraucht-schweiz-Instagram-Post.jpg\" \/>\n\t<meta property=\"og:image:width\" content=\"810\" \/>\n\t<meta property=\"og:image:height\" content=\"810\" \/>\n\t<meta property=\"og:image:type\" content=\"image\/jpeg\" \/>\n<meta name=\"twitter:label1\" content=\"Dur\u00e9e de lecture estim\u00e9e\" \/>\n\t<meta name=\"twitter:data1\" content=\"1 minute\" \/>\n<script type=\"application\/ld+json\" class=\"yoast-schema-graph\">{\"@context\":\"https:\\\/\\\/schema.org\",\"@graph\":[{\"@type\":\"WebPage\",\"@id\":\"https:\\\/\\\/kurato.ch\\\/product\\\/nickel-tischlampen-mit-opalschirm-von-adolf-loos-fuer-villa-steiner\\\/\",\"url\":\"https:\\\/\\\/kurato.ch\\\/product\\\/nickel-tischlampen-mit-opalschirm-von-adolf-loos-fuer-villa-steiner\\\/\",\"name\":\"Nickel-Tischlampen mit Opalschirm von Adolf Loos f\u00fcr Villa Steiner | Vintage M\u00f6bel kaufen auf KURATO.CH\",\"isPartOf\":{\"@id\":\"https:\\\/\\\/kurato.ch\\\/#website\"},\"primaryImageOfPage\":{\"@id\":\"https:\\\/\\\/kurato.ch\\\/product\\\/nickel-tischlampen-mit-opalschirm-von-adolf-loos-fuer-villa-steiner\\\/#primaryimage\"},\"image\":{\"@id\":\"https:\\\/\\\/kurato.ch\\\/product\\\/nickel-tischlampen-mit-opalschirm-von-adolf-loos-fuer-villa-steiner\\\/#primaryimage\"},\"thumbnailUrl\":\"https:\\\/\\\/kurato.ch\\\/wp-content\\\/uploads\\\/2025\\\/10\\\/Nickel-Tischlampen-mit-Opalschirm-von-Adolf-Loos-fuer-Villa-Steiner-vintage-secondhand-gebraucht-schweiz-Instagram-Post.jpg\",\"datePublished\":\"2025-10-03T18:52:50+00:00\",\"description\":\"Entdecke Vintage M\u00f6bel & Dekoration \u27a4 Nickel-Tischlampen mit Opalschirm von Adolf Loos f\u00fcr Villa Steiner auf Kurato. \u2713Lieferung Schweiz \u271314-Tage R\u00fcckgabe \u2713Secondhand Unikat\",\"breadcrumb\":{\"@id\":\"https:\\\/\\\/kurato.ch\\\/product\\\/nickel-tischlampen-mit-opalschirm-von-adolf-loos-fuer-villa-steiner\\\/#breadcrumb\"},\"inLanguage\":\"fr-FR\",\"potentialAction\":[{\"@type\":\"ReadAction\",\"target\":[\"https:\\\/\\\/kurato.ch\\\/product\\\/nickel-tischlampen-mit-opalschirm-von-adolf-loos-fuer-villa-steiner\\\/\"]}]},{\"@type\":\"ImageObject\",\"inLanguage\":\"fr-FR\",\"@id\":\"https:\\\/\\\/kurato.ch\\\/product\\\/nickel-tischlampen-mit-opalschirm-von-adolf-loos-fuer-villa-steiner\\\/#primaryimage\",\"url\":\"https:\\\/\\\/kurato.ch\\\/wp-content\\\/uploads\\\/2025\\\/10\\\/Nickel-Tischlampen-mit-Opalschirm-von-Adolf-Loos-fuer-Villa-Steiner-vintage-secondhand-gebraucht-schweiz-Instagram-Post.jpg\",\"contentUrl\":\"https:\\\/\\\/kurato.ch\\\/wp-content\\\/uploads\\\/2025\\\/10\\\/Nickel-Tischlampen-mit-Opalschirm-von-Adolf-Loos-fuer-Villa-Steiner-vintage-secondhand-gebraucht-schweiz-Instagram-Post.jpg\",\"width\":810,\"height\":810,\"caption\":\"Nickel-Tischlampen mit Opalschirm von Adolf Loos f\u00fcr Villa Steiner\"},{\"@type\":\"BreadcrumbList\",\"@id\":\"https:\\\/\\\/kurato.ch\\\/product\\\/nickel-tischlampen-mit-opalschirm-von-adolf-loos-fuer-villa-steiner\\\/#breadcrumb\",\"itemListElement\":[{\"@type\":\"ListItem\",\"position\":1,\"name\":\"Home\",\"item\":\"https:\\\/\\\/kurato.ch\\\/\"},{\"@type\":\"ListItem\",\"position\":2,\"name\":\"Neuheiten\",\"item\":\"https:\\\/\\\/kurato.ch\\\/neuheiten\\\/\"},{\"@type\":\"ListItem\",\"position\":3,\"name\":\"Nickel-Tischlampen mit Opalschirm von Adolf Loos f\u00fcr Villa Steiner\"}]},{\"@type\":\"WebSite\",\"@id\":\"https:\\\/\\\/kurato.ch\\\/#website\",\"url\":\"https:\\\/\\\/kurato.ch\\\/\",\"name\":\"Vintage M\u00f6bel &amp; Dekoration I Kurato\",\"description\":\"Vintage M\u00f6bel &amp; Dekoration I Kurato\",\"publisher\":{\"@id\":\"https:\\\/\\\/kurato.ch\\\/#organization\"},\"potentialAction\":[{\"@type\":\"SearchAction\",\"target\":{\"@type\":\"EntryPoint\",\"urlTemplate\":\"https:\\\/\\\/kurato.ch\\\/?s={search_term_string}\"},\"query-input\":{\"@type\":\"PropertyValueSpecification\",\"valueRequired\":true,\"valueName\":\"search_term_string\"}}],\"inLanguage\":\"fr-FR\"},{\"@type\":\"Organization\",\"@id\":\"https:\\\/\\\/kurato.ch\\\/#organization\",\"name\":\"Kurato.\",\"url\":\"https:\\\/\\\/kurato.ch\\\/\",\"logo\":{\"@type\":\"ImageObject\",\"inLanguage\":\"fr-FR\",\"@id\":\"https:\\\/\\\/kurato.ch\\\/#\\\/schema\\\/logo\\\/image\\\/\",\"url\":\"\",\"contentUrl\":\"\",\"caption\":\"Kurato.\"},\"image\":{\"@id\":\"https:\\\/\\\/kurato.ch\\\/#\\\/schema\\\/logo\\\/image\\\/\"},\"sameAs\":[\"https:\\\/\\\/www.facebook.com\\\/kuratoswitzerland\",\"https:\\\/\\\/www.instagram.com\\\/kurato.ch\\\/\",\"https:\\\/\\\/www.pinterest.ch\\\/kurato_ch\\\/_created\\\/\"]}]}<\/script>\n<!-- \/ Yoast SEO plugin. -->","yoast_head_json":{"title":"Nickel-Tischlampen mit Opalschirm von Adolf Loos f\u00fcr Villa Steiner | Vintage M\u00f6bel kaufen auf KURATO.CH","description":"Entdecke Vintage M\u00f6bel & Dekoration \u27a4 Nickel-Tischlampen mit Opalschirm von Adolf Loos f\u00fcr Villa Steiner auf Kurato. \u2713Lieferung Schweiz \u271314-Tage R\u00fcckgabe \u2713Secondhand Unikat","robots":{"index":"index","follow":"follow","max-snippet":"max-snippet:-1","max-image-preview":"max-image-preview:large","max-video-preview":"max-video-preview:-1"},"canonical":"https:\/\/kurato.ch\/fr\/product\/nickel-tischlampen-mit-opalschirm-von-adolf-loos-fuer-villa-steiner\/","og_locale":"fr_FR","og_type":"article","og_title":"Nickel-Tischlampen mit Opalschirm von Adolf Loos f\u00fcr Villa Steiner | Vintage M\u00f6bel kaufen auf KURATO.CH","og_description":"Entdecke Vintage M\u00f6bel & Dekoration \u27a4 Nickel-Tischlampen mit Opalschirm von Adolf Loos f\u00fcr Villa Steiner auf Kurato. \u2713Lieferung Schweiz \u271314-Tage R\u00fcckgabe \u2713Secondhand Unikat","og_url":"https:\/\/kurato.ch\/fr\/product\/nickel-tischlampen-mit-opalschirm-von-adolf-loos-fuer-villa-steiner\/","og_site_name":"Vintage M\u00f6bel &amp; Dekoration I Kurato","article_publisher":"https:\/\/www.facebook.com\/kuratoswitzerland","og_image":[{"width":810,"height":810,"url":"https:\/\/kurato.ch\/wp-content\/uploads\/2025\/10\/Nickel-Tischlampen-mit-Opalschirm-von-Adolf-Loos-fuer-Villa-Steiner-vintage-secondhand-gebraucht-schweiz-Instagram-Post.jpg","type":"image\/jpeg"}],"twitter_misc":{"Dur\u00e9e de lecture estim\u00e9e":"1 minute"},"schema":{"@context":"https:\/\/schema.org","@graph":[{"@type":"WebPage","@id":"https:\/\/kurato.ch\/product\/nickel-tischlampen-mit-opalschirm-von-adolf-loos-fuer-villa-steiner\/","url":"https:\/\/kurato.ch\/product\/nickel-tischlampen-mit-opalschirm-von-adolf-loos-fuer-villa-steiner\/","name":"Nickel-Tischlampen mit Opalschirm von Adolf Loos f\u00fcr Villa Steiner | Vintage M\u00f6bel kaufen auf KURATO.CH","isPartOf":{"@id":"https:\/\/kurato.ch\/#website"},"primaryImageOfPage":{"@id":"https:\/\/kurato.ch\/product\/nickel-tischlampen-mit-opalschirm-von-adolf-loos-fuer-villa-steiner\/#primaryimage"},"image":{"@id":"https:\/\/kurato.ch\/product\/nickel-tischlampen-mit-opalschirm-von-adolf-loos-fuer-villa-steiner\/#primaryimage"},"thumbnailUrl":"https:\/\/kurato.ch\/wp-content\/uploads\/2025\/10\/Nickel-Tischlampen-mit-Opalschirm-von-Adolf-Loos-fuer-Villa-Steiner-vintage-secondhand-gebraucht-schweiz-Instagram-Post.jpg","datePublished":"2025-10-03T18:52:50+00:00","description":"Entdecke Vintage M\u00f6bel & Dekoration \u27a4 Nickel-Tischlampen mit Opalschirm von Adolf Loos f\u00fcr Villa Steiner auf Kurato. \u2713Lieferung Schweiz \u271314-Tage R\u00fcckgabe \u2713Secondhand Unikat","breadcrumb":{"@id":"https:\/\/kurato.ch\/product\/nickel-tischlampen-mit-opalschirm-von-adolf-loos-fuer-villa-steiner\/#breadcrumb"},"inLanguage":"fr-FR","potentialAction":[{"@type":"ReadAction","target":["https:\/\/kurato.ch\/product\/nickel-tischlampen-mit-opalschirm-von-adolf-loos-fuer-villa-steiner\/"]}]},{"@type":"ImageObject","inLanguage":"fr-FR","@id":"https:\/\/kurato.ch\/product\/nickel-tischlampen-mit-opalschirm-von-adolf-loos-fuer-villa-steiner\/#primaryimage","url":"https:\/\/kurato.ch\/wp-content\/uploads\/2025\/10\/Nickel-Tischlampen-mit-Opalschirm-von-Adolf-Loos-fuer-Villa-Steiner-vintage-secondhand-gebraucht-schweiz-Instagram-Post.jpg","contentUrl":"https:\/\/kurato.ch\/wp-content\/uploads\/2025\/10\/Nickel-Tischlampen-mit-Opalschirm-von-Adolf-Loos-fuer-Villa-Steiner-vintage-secondhand-gebraucht-schweiz-Instagram-Post.jpg","width":810,"height":810,"caption":"Nickel-Tischlampen mit Opalschirm von Adolf Loos f\u00fcr Villa Steiner"},{"@type":"BreadcrumbList","@id":"https:\/\/kurato.ch\/product\/nickel-tischlampen-mit-opalschirm-von-adolf-loos-fuer-villa-steiner\/#breadcrumb","itemListElement":[{"@type":"ListItem","position":1,"name":"Home","item":"https:\/\/kurato.ch\/"},{"@type":"ListItem","position":2,"name":"Neuheiten","item":"https:\/\/kurato.ch\/neuheiten\/"},{"@type":"ListItem","position":3,"name":"Nickel-Tischlampen mit Opalschirm von Adolf Loos f\u00fcr Villa Steiner"}]},{"@type":"WebSite","@id":"https:\/\/kurato.ch\/#website","url":"https:\/\/kurato.ch\/","name":"Meubles vintage &amp; d\u00e9coration I Kurato","description":"Meubles vintage &amp; d\u00e9coration I Kurato","publisher":{"@id":"https:\/\/kurato.ch\/#organization"},"potentialAction":[{"@type":"SearchAction","target":{"@type":"EntryPoint","urlTemplate":"https:\/\/kurato.ch\/?s={search_term_string}"},"query-input":{"@type":"PropertyValueSpecification","valueRequired":true,"valueName":"search_term_string"}}],"inLanguage":"fr-FR"},{"@type":"Organization","@id":"https:\/\/kurato.ch\/#organization","name":"Kurato.","url":"https:\/\/kurato.ch\/","logo":{"@type":"ImageObject","inLanguage":"fr-FR","@id":"https:\/\/kurato.ch\/#\/schema\/logo\/image\/","url":"","contentUrl":"","caption":"Kurato."},"image":{"@id":"https:\/\/kurato.ch\/#\/schema\/logo\/image\/"},"sameAs":["https:\/\/www.facebook.com\/kuratoswitzerland","https:\/\/www.instagram.com\/kurato.ch\/","https:\/\/www.pinterest.ch\/kurato_ch\/_created\/"]}]}},"_links":{"self":[{"href":"https:\/\/kurato.ch\/fr\/wp-json\/wp\/v2\/product\/71648","targetHints":{"allow":["GET"]}}],"collection":[{"href":"https:\/\/kurato.ch\/fr\/wp-json\/wp\/v2\/product"}],"about":[{"href":"https:\/\/kurato.ch\/fr\/wp-json\/wp\/v2\/types\/product"}],"wp:featuredmedia":[{"embeddable":true,"href":"https:\/\/kurato.ch\/fr\/wp-json\/wp\/v2\/media\/71734"}],"wp:attachment":[{"href":"https:\/\/kurato.ch\/fr\/wp-json\/wp\/v2\/media?parent=71648"}],"wp:term":[{"taxonomy":"product_brand","embeddable":true,"href":"https:\/\/kurato.ch\/fr\/wp-json\/wp\/v2\/product_brand?post=71648"},{"taxonomy":"product_cat","embeddable":true,"href":"https:\/\/kurato.ch\/fr\/wp-json\/wp\/v2\/product_cat?post=71648"},{"taxonomy":"product_tag","embeddable":true,"href":"https:\/\/kurato.ch\/fr\/wp-json\/wp\/v2\/product_tag?post=71648"}],"curies":[{"name":"wp","href":"https:\/\/api.w.org\/{rel}","templated":true}]}}