{"id":71654,"date":"2025-10-03T20:28:41","date_gmt":"2025-10-03T18:28:41","guid":{"rendered":"https:\/\/kurato.ch\/?post_type=product&#038;p=71654"},"modified":"2025-10-03T20:28:42","modified_gmt":"2025-10-03T18:28:42","slug":"armlehnenstuhl-modell-715-von-gustav-siegel-fuer-j-j-kohn-von-1899-aus-wien","status":"publish","type":"product","link":"https:\/\/kurato.ch\/fr\/product\/armlehnenstuhl-modell-715-von-gustav-siegel-fuer-j-j-kohn-von-1899-aus-wien\/","title":{"rendered":"Armlehnenstuhl Modell 715 von Gustav Siegel f\u00fcr J. &#038; J. Kohn von 1899 aus Wien"},"content":{"rendered":"<p>Armlehnenstuhl Modell 715 von Gustav Siegel f\u00fcr J. &amp; J. Kohn von 1899 aus Wien<\/p>\n<p>Preis: 1456,- CHF<\/p>\n<p>Bei diesem M\u00f6belst\u00fcck handelt es sich um einen historischen Armlehnstuhl, der dem \u00f6sterreichischen Architekten und Designer Gustav Siegel zugeschrieben wird.<\/p>\n<p>Es handelt sich um das Modell Nr. 715, das um 1900 f\u00fcr die renommierte Wiener M\u00f6belfabrik J. &amp; J. Kohn entworfen wurde. Dieses Modell wurde anl\u00e4sslich der Pariser Weltausstellung 1900 pr\u00e4sentiert und zeugt von einer gelungenen Verbindung aus Jugendstil und Funktionalit\u00e4t.<\/p>\n<p>Der Stuhl ist aus gebogenem Buchenholz gefertigt, rotbraun gebeizt und klar lackiert. Die Konstruktion zeigt die f\u00fcr den Wiener Jugendstil typische, elegante Linienf\u00fchrung: Der halbkreisf\u00f6rmig gebogene Lehnenrahmen geht fliessend in die vorderen Stuhlbeine \u00fcber, wodurch die Sitzfl\u00e4che optisch und strukturell eingefasst wird.<\/p>\n<p>Besonders hervorzuheben ist die originale Polsterung von Sitz- und R\u00fcckenfl\u00e4che, bezogen mit einem floralen Gobelin-Stoff in warmen Beige- und Goldt\u00f6nen. Die textile Bespannung der R\u00fcckenlehne ist auf der Innenseite mit Ziern\u00e4geln eingefasst, was dem Stuhl eine zus\u00e4tzliche handwerkliche Qualit\u00e4t verleiht. Die markanten unteren Querstreben und doppelt geschwungenen Zargen unter dem Sitz sorgen nicht nur f\u00fcr Stabilit\u00e4t, sondern setzen auch einen dekorativen Akzent. Abgeschlossen werden die vorderen Beine durch flache Messingf\u00fcsse, die die urspr\u00fcngliche Wertigkeit dieses M\u00f6bels unterstreichen.<\/p>\n<p>Zustand: Der Stuhl befindet sich in gutem, musealem Zustand mit sch\u00f6ner Patina. Das Holz weist vereinzelte Gebrauchsspuren wie kleinere Kratzer, Druckstellen und Glanzverlust auf, die jedoch dem Alter und der Authentizit\u00e4t des Objekts entsprechen. Die Polsterung ist original und gleichm\u00e4ssig erhalten, mit nur leichten altersbedingten Abnutzungsspuren. Die Konstruktion ist stabil, das M\u00f6bel ist insgesamt sehr gepflegt und bereit zur Pr\u00e4sentation oder zum behutsamen Gebrauch.<\/p>\n<p>Masse: L53 x B47 x H76,5 cm<br \/>Sitzh\u00f6he 46 cm<br \/>Armlehnenh\u00f6he 75 cm<\/p>\n<p><strong>Vous souhaitez recevoir l'article chez vous ?<\/strong><\/p>\n<p>Contactez le service client\u00e8le de Kurato <a href=\"mailto:hello@kurato.ch\" data-mce-href=\"mailto:hello@kurato.ch\"><strong>hello@kurato.ch<\/strong><\/a> et demandez une offre de livraison personnalis\u00e9e.<\/p>","protected":false},"excerpt":{"rendered":"<p>Armlehnenstuhl Modell 715 von Gustav Siegel f\u00fcr J. &amp; J. Kohn von 1899 aus Wien Preis: 1456,- CHF Bei diesem M\u00f6belst\u00fcck handelt es sich um einen historischen Armlehnstuhl, der dem \u00f6sterreichischen Architekten und Designer Gustav Siegel zugeschrieben wird. Es handelt sich um das Modell Nr. 715, das um 1900 f\u00fcr die renommierte Wiener M\u00f6belfabrik J. [&hellip;]<\/p>\n","protected":false},"featured_media":71732,"template":"","meta":{"_acf_changed":false,"site-sidebar-layout":"default","site-content-layout":"","ast-site-content-layout":"default","site-content-style":"default","site-sidebar-style":"default","ast-global-header-display":"","ast-banner-title-visibility":"","ast-main-header-display":"","ast-hfb-above-header-display":"","ast-hfb-below-header-display":"","ast-hfb-mobile-header-display":"","site-post-title":"","ast-breadcrumbs-content":"","ast-featured-img":"","footer-sml-layout":"","ast-disable-related-posts":"","theme-transparent-header-meta":"","adv-header-id-meta":"","stick-header-meta":"","header-above-stick-meta":"","header-main-stick-meta":"","header-below-stick-meta":"","astra-migrate-meta-layouts":"default","ast-page-background-enabled":"default","ast-page-background-meta":{"desktop":{"background-color":"","background-image":"","background-repeat":"repeat","background-position":"center center","background-size":"auto","background-attachment":"scroll","background-type":"","background-media":"","overlay-type":"","overlay-color":"","overlay-opacity":"","overlay-gradient":""},"tablet":{"background-color":"","background-image":"","background-repeat":"repeat","background-position":"center center","background-size":"auto","background-attachment":"scroll","background-type":"","background-media":"","overlay-type":"","overlay-color":"","overlay-opacity":"","overlay-gradient":""},"mobile":{"background-color":"","background-image":"","background-repeat":"repeat","background-position":"center center","background-size":"auto","background-attachment":"scroll","background-type":"","background-media":"","overlay-type":"","overlay-color":"","overlay-opacity":"","overlay-gradient":""}},"ast-content-background-meta":{"desktop":{"background-color":"var(--ast-global-color-5)","background-image":"","background-repeat":"repeat","background-position":"center center","background-size":"auto","background-attachment":"scroll","background-type":"","background-media":"","overlay-type":"","overlay-color":"","overlay-opacity":"","overlay-gradient":""},"tablet":{"background-color":"var(--ast-global-color-5)","background-image":"","background-repeat":"repeat","background-position":"center center","background-size":"auto","background-attachment":"scroll","background-type":"","background-media":"","overlay-type":"","overlay-color":"","overlay-opacity":"","overlay-gradient":""},"mobile":{"background-color":"var(--ast-global-color-5)","background-image":"","background-repeat":"repeat","background-position":"center center","background-size":"auto","background-attachment":"scroll","background-type":"","background-media":"","overlay-type":"","overlay-color":"","overlay-opacity":"","overlay-gradient":""}}},"product_brand":[],"product_cat":[163],"product_tag":[],"class_list":{"0":"post-71654","1":"product","2":"type-product","3":"status-publish","4":"has-post-thumbnail","6":"product_cat-vintage-stuhl","7":"pa_farbe-mehrfarbig","8":"pa_material-holz","9":"pa_material-stoff","10":"pa_stil-vintage","11":"desktop-align-left","12":"tablet-align-left","13":"mobile-align-left","15":"first","16":"instock","17":"shipping-taxable","18":"purchasable","19":"product-type-simple"},"acf":[],"yoast_head":"<!-- This site is optimized with the Yoast SEO plugin v27.4 - https:\/\/yoast.com\/product\/yoast-seo-wordpress\/ -->\n<title>Armlehnenstuhl Modell 715 von Gustav Siegel f\u00fcr J. &amp; J. Kohn von 1899 aus Wien | Vintage M\u00f6bel kaufen auf KURATO.CH<\/title>\n<meta name=\"description\" content=\"Entdecke Vintage M\u00f6bel &amp; Dekoration \u27a4 Armlehnenstuhl Modell 715 von Gustav Siegel f\u00fcr J. &amp; J. Kohn von 1899 aus Wien auf Kurato. \u2713Lieferung Schweiz \u271314-Tage R\u00fcckgabe \u2713Secondhand Unikat\" \/>\n<meta name=\"robots\" content=\"index, follow, max-snippet:-1, max-image-preview:large, max-video-preview:-1\" \/>\n<link rel=\"canonical\" href=\"https:\/\/kurato.ch\/fr\/product\/armlehnenstuhl-modell-715-von-gustav-siegel-fuer-j-j-kohn-von-1899-aus-wien\/\" \/>\n<meta property=\"og:locale\" content=\"fr_FR\" \/>\n<meta property=\"og:type\" content=\"article\" \/>\n<meta property=\"og:title\" content=\"Armlehnenstuhl Modell 715 von Gustav Siegel f\u00fcr J. &amp; J. Kohn von 1899 aus Wien | Vintage M\u00f6bel kaufen auf KURATO.CH\" \/>\n<meta property=\"og:description\" content=\"Entdecke Vintage M\u00f6bel &amp; Dekoration \u27a4 Armlehnenstuhl Modell 715 von Gustav Siegel f\u00fcr J. &amp; J. Kohn von 1899 aus Wien auf Kurato. \u2713Lieferung Schweiz \u271314-Tage R\u00fcckgabe \u2713Secondhand Unikat\" \/>\n<meta property=\"og:url\" content=\"https:\/\/kurato.ch\/fr\/product\/armlehnenstuhl-modell-715-von-gustav-siegel-fuer-j-j-kohn-von-1899-aus-wien\/\" \/>\n<meta property=\"og:site_name\" content=\"Vintage M\u00f6bel &amp; Dekoration I Kurato\" \/>\n<meta property=\"article:publisher\" content=\"https:\/\/www.facebook.com\/kuratoswitzerland\" \/>\n<meta property=\"article:modified_time\" content=\"2025-10-03T18:28:42+00:00\" \/>\n<meta property=\"og:image\" content=\"https:\/\/kurato.ch\/wp-content\/uploads\/2025\/10\/Armlehnenstuhl-Modell-715-von-Gustav-Siegel-fuer-J.-J.-Kohn-von-1899-aus-Wien-vintage-secondhand-gebraucht-schweiz-Instagram-Post.jpg\" \/>\n\t<meta property=\"og:image:width\" content=\"810\" \/>\n\t<meta property=\"og:image:height\" content=\"810\" \/>\n\t<meta property=\"og:image:type\" content=\"image\/jpeg\" \/>\n<meta name=\"twitter:label1\" content=\"Dur\u00e9e de lecture estim\u00e9e\" \/>\n\t<meta name=\"twitter:data1\" content=\"2 minutes\" \/>\n<script type=\"application\/ld+json\" class=\"yoast-schema-graph\">{\"@context\":\"https:\\\/\\\/schema.org\",\"@graph\":[{\"@type\":\"WebPage\",\"@id\":\"https:\\\/\\\/kurato.ch\\\/product\\\/armlehnenstuhl-modell-715-von-gustav-siegel-fuer-j-j-kohn-von-1899-aus-wien\\\/\",\"url\":\"https:\\\/\\\/kurato.ch\\\/product\\\/armlehnenstuhl-modell-715-von-gustav-siegel-fuer-j-j-kohn-von-1899-aus-wien\\\/\",\"name\":\"Armlehnenstuhl Modell 715 von Gustav Siegel f\u00fcr J. & J. Kohn von 1899 aus Wien | Vintage M\u00f6bel kaufen auf KURATO.CH\",\"isPartOf\":{\"@id\":\"https:\\\/\\\/kurato.ch\\\/#website\"},\"primaryImageOfPage\":{\"@id\":\"https:\\\/\\\/kurato.ch\\\/product\\\/armlehnenstuhl-modell-715-von-gustav-siegel-fuer-j-j-kohn-von-1899-aus-wien\\\/#primaryimage\"},\"image\":{\"@id\":\"https:\\\/\\\/kurato.ch\\\/product\\\/armlehnenstuhl-modell-715-von-gustav-siegel-fuer-j-j-kohn-von-1899-aus-wien\\\/#primaryimage\"},\"thumbnailUrl\":\"https:\\\/\\\/kurato.ch\\\/wp-content\\\/uploads\\\/2025\\\/10\\\/Armlehnenstuhl-Modell-715-von-Gustav-Siegel-fuer-J.-J.-Kohn-von-1899-aus-Wien-vintage-secondhand-gebraucht-schweiz-Instagram-Post.jpg\",\"datePublished\":\"2025-10-03T18:28:41+00:00\",\"dateModified\":\"2025-10-03T18:28:42+00:00\",\"description\":\"Entdecke Vintage M\u00f6bel & Dekoration \u27a4 Armlehnenstuhl Modell 715 von Gustav Siegel f\u00fcr J. & J. Kohn von 1899 aus Wien auf Kurato. \u2713Lieferung Schweiz \u271314-Tage R\u00fcckgabe \u2713Secondhand Unikat\",\"breadcrumb\":{\"@id\":\"https:\\\/\\\/kurato.ch\\\/product\\\/armlehnenstuhl-modell-715-von-gustav-siegel-fuer-j-j-kohn-von-1899-aus-wien\\\/#breadcrumb\"},\"inLanguage\":\"fr-FR\",\"potentialAction\":[{\"@type\":\"ReadAction\",\"target\":[\"https:\\\/\\\/kurato.ch\\\/product\\\/armlehnenstuhl-modell-715-von-gustav-siegel-fuer-j-j-kohn-von-1899-aus-wien\\\/\"]}]},{\"@type\":\"ImageObject\",\"inLanguage\":\"fr-FR\",\"@id\":\"https:\\\/\\\/kurato.ch\\\/product\\\/armlehnenstuhl-modell-715-von-gustav-siegel-fuer-j-j-kohn-von-1899-aus-wien\\\/#primaryimage\",\"url\":\"https:\\\/\\\/kurato.ch\\\/wp-content\\\/uploads\\\/2025\\\/10\\\/Armlehnenstuhl-Modell-715-von-Gustav-Siegel-fuer-J.-J.-Kohn-von-1899-aus-Wien-vintage-secondhand-gebraucht-schweiz-Instagram-Post.jpg\",\"contentUrl\":\"https:\\\/\\\/kurato.ch\\\/wp-content\\\/uploads\\\/2025\\\/10\\\/Armlehnenstuhl-Modell-715-von-Gustav-Siegel-fuer-J.-J.-Kohn-von-1899-aus-Wien-vintage-secondhand-gebraucht-schweiz-Instagram-Post.jpg\",\"width\":810,\"height\":810,\"caption\":\"Armlehnenstuhl Modell 715 von Gustav Siegel f\u00fcr J. & J. Kohn von 1899 aus Wien\"},{\"@type\":\"BreadcrumbList\",\"@id\":\"https:\\\/\\\/kurato.ch\\\/product\\\/armlehnenstuhl-modell-715-von-gustav-siegel-fuer-j-j-kohn-von-1899-aus-wien\\\/#breadcrumb\",\"itemListElement\":[{\"@type\":\"ListItem\",\"position\":1,\"name\":\"Home\",\"item\":\"https:\\\/\\\/kurato.ch\\\/\"},{\"@type\":\"ListItem\",\"position\":2,\"name\":\"Neuheiten\",\"item\":\"https:\\\/\\\/kurato.ch\\\/neuheiten\\\/\"},{\"@type\":\"ListItem\",\"position\":3,\"name\":\"Armlehnenstuhl Modell 715 von Gustav Siegel f\u00fcr J. &#038; J. Kohn von 1899 aus Wien\"}]},{\"@type\":\"WebSite\",\"@id\":\"https:\\\/\\\/kurato.ch\\\/#website\",\"url\":\"https:\\\/\\\/kurato.ch\\\/\",\"name\":\"Vintage M\u00f6bel &amp; Dekoration I Kurato\",\"description\":\"Vintage M\u00f6bel &amp; Dekoration I Kurato\",\"publisher\":{\"@id\":\"https:\\\/\\\/kurato.ch\\\/#organization\"},\"potentialAction\":[{\"@type\":\"SearchAction\",\"target\":{\"@type\":\"EntryPoint\",\"urlTemplate\":\"https:\\\/\\\/kurato.ch\\\/?s={search_term_string}\"},\"query-input\":{\"@type\":\"PropertyValueSpecification\",\"valueRequired\":true,\"valueName\":\"search_term_string\"}}],\"inLanguage\":\"fr-FR\"},{\"@type\":\"Organization\",\"@id\":\"https:\\\/\\\/kurato.ch\\\/#organization\",\"name\":\"Kurato.\",\"url\":\"https:\\\/\\\/kurato.ch\\\/\",\"logo\":{\"@type\":\"ImageObject\",\"inLanguage\":\"fr-FR\",\"@id\":\"https:\\\/\\\/kurato.ch\\\/#\\\/schema\\\/logo\\\/image\\\/\",\"url\":\"\",\"contentUrl\":\"\",\"caption\":\"Kurato.\"},\"image\":{\"@id\":\"https:\\\/\\\/kurato.ch\\\/#\\\/schema\\\/logo\\\/image\\\/\"},\"sameAs\":[\"https:\\\/\\\/www.facebook.com\\\/kuratoswitzerland\",\"https:\\\/\\\/www.instagram.com\\\/kurato.ch\\\/\",\"https:\\\/\\\/www.pinterest.ch\\\/kurato_ch\\\/_created\\\/\"]}]}<\/script>\n<!-- \/ Yoast SEO plugin. -->","yoast_head_json":{"title":"Armlehnenstuhl Modell 715 von Gustav Siegel f\u00fcr J. & J. Kohn von 1899 aus Wien | Vintage M\u00f6bel kaufen auf KURATO.CH","description":"Entdecke Vintage M\u00f6bel & Dekoration \u27a4 Armlehnenstuhl Modell 715 von Gustav Siegel f\u00fcr J. & J. Kohn von 1899 aus Wien auf Kurato. \u2713Lieferung Schweiz \u271314-Tage R\u00fcckgabe \u2713Secondhand Unikat","robots":{"index":"index","follow":"follow","max-snippet":"max-snippet:-1","max-image-preview":"max-image-preview:large","max-video-preview":"max-video-preview:-1"},"canonical":"https:\/\/kurato.ch\/fr\/product\/armlehnenstuhl-modell-715-von-gustav-siegel-fuer-j-j-kohn-von-1899-aus-wien\/","og_locale":"fr_FR","og_type":"article","og_title":"Armlehnenstuhl Modell 715 von Gustav Siegel f\u00fcr J. & J. Kohn von 1899 aus Wien | Vintage M\u00f6bel kaufen auf KURATO.CH","og_description":"Entdecke Vintage M\u00f6bel & Dekoration \u27a4 Armlehnenstuhl Modell 715 von Gustav Siegel f\u00fcr J. & J. Kohn von 1899 aus Wien auf Kurato. \u2713Lieferung Schweiz \u271314-Tage R\u00fcckgabe \u2713Secondhand Unikat","og_url":"https:\/\/kurato.ch\/fr\/product\/armlehnenstuhl-modell-715-von-gustav-siegel-fuer-j-j-kohn-von-1899-aus-wien\/","og_site_name":"Vintage M\u00f6bel &amp; Dekoration I Kurato","article_publisher":"https:\/\/www.facebook.com\/kuratoswitzerland","article_modified_time":"2025-10-03T18:28:42+00:00","og_image":[{"width":810,"height":810,"url":"https:\/\/kurato.ch\/wp-content\/uploads\/2025\/10\/Armlehnenstuhl-Modell-715-von-Gustav-Siegel-fuer-J.-J.-Kohn-von-1899-aus-Wien-vintage-secondhand-gebraucht-schweiz-Instagram-Post.jpg","type":"image\/jpeg"}],"twitter_misc":{"Dur\u00e9e de lecture estim\u00e9e":"2 minutes"},"schema":{"@context":"https:\/\/schema.org","@graph":[{"@type":"WebPage","@id":"https:\/\/kurato.ch\/product\/armlehnenstuhl-modell-715-von-gustav-siegel-fuer-j-j-kohn-von-1899-aus-wien\/","url":"https:\/\/kurato.ch\/product\/armlehnenstuhl-modell-715-von-gustav-siegel-fuer-j-j-kohn-von-1899-aus-wien\/","name":"Armlehnenstuhl Modell 715 von Gustav Siegel f\u00fcr J. & J. Kohn von 1899 aus Wien | Vintage M\u00f6bel kaufen auf KURATO.CH","isPartOf":{"@id":"https:\/\/kurato.ch\/#website"},"primaryImageOfPage":{"@id":"https:\/\/kurato.ch\/product\/armlehnenstuhl-modell-715-von-gustav-siegel-fuer-j-j-kohn-von-1899-aus-wien\/#primaryimage"},"image":{"@id":"https:\/\/kurato.ch\/product\/armlehnenstuhl-modell-715-von-gustav-siegel-fuer-j-j-kohn-von-1899-aus-wien\/#primaryimage"},"thumbnailUrl":"https:\/\/kurato.ch\/wp-content\/uploads\/2025\/10\/Armlehnenstuhl-Modell-715-von-Gustav-Siegel-fuer-J.-J.-Kohn-von-1899-aus-Wien-vintage-secondhand-gebraucht-schweiz-Instagram-Post.jpg","datePublished":"2025-10-03T18:28:41+00:00","dateModified":"2025-10-03T18:28:42+00:00","description":"Entdecke Vintage M\u00f6bel & Dekoration \u27a4 Armlehnenstuhl Modell 715 von Gustav Siegel f\u00fcr J. & J. Kohn von 1899 aus Wien auf Kurato. \u2713Lieferung Schweiz \u271314-Tage R\u00fcckgabe \u2713Secondhand Unikat","breadcrumb":{"@id":"https:\/\/kurato.ch\/product\/armlehnenstuhl-modell-715-von-gustav-siegel-fuer-j-j-kohn-von-1899-aus-wien\/#breadcrumb"},"inLanguage":"fr-FR","potentialAction":[{"@type":"ReadAction","target":["https:\/\/kurato.ch\/product\/armlehnenstuhl-modell-715-von-gustav-siegel-fuer-j-j-kohn-von-1899-aus-wien\/"]}]},{"@type":"ImageObject","inLanguage":"fr-FR","@id":"https:\/\/kurato.ch\/product\/armlehnenstuhl-modell-715-von-gustav-siegel-fuer-j-j-kohn-von-1899-aus-wien\/#primaryimage","url":"https:\/\/kurato.ch\/wp-content\/uploads\/2025\/10\/Armlehnenstuhl-Modell-715-von-Gustav-Siegel-fuer-J.-J.-Kohn-von-1899-aus-Wien-vintage-secondhand-gebraucht-schweiz-Instagram-Post.jpg","contentUrl":"https:\/\/kurato.ch\/wp-content\/uploads\/2025\/10\/Armlehnenstuhl-Modell-715-von-Gustav-Siegel-fuer-J.-J.-Kohn-von-1899-aus-Wien-vintage-secondhand-gebraucht-schweiz-Instagram-Post.jpg","width":810,"height":810,"caption":"Armlehnenstuhl Modell 715 von Gustav Siegel f\u00fcr J. & J. Kohn von 1899 aus Wien"},{"@type":"BreadcrumbList","@id":"https:\/\/kurato.ch\/product\/armlehnenstuhl-modell-715-von-gustav-siegel-fuer-j-j-kohn-von-1899-aus-wien\/#breadcrumb","itemListElement":[{"@type":"ListItem","position":1,"name":"Home","item":"https:\/\/kurato.ch\/"},{"@type":"ListItem","position":2,"name":"Neuheiten","item":"https:\/\/kurato.ch\/neuheiten\/"},{"@type":"ListItem","position":3,"name":"Armlehnenstuhl Modell 715 von Gustav Siegel f\u00fcr J. &#038; J. Kohn von 1899 aus Wien"}]},{"@type":"WebSite","@id":"https:\/\/kurato.ch\/#website","url":"https:\/\/kurato.ch\/","name":"Meubles vintage &amp; d\u00e9coration I Kurato","description":"Meubles vintage &amp; d\u00e9coration I Kurato","publisher":{"@id":"https:\/\/kurato.ch\/#organization"},"potentialAction":[{"@type":"SearchAction","target":{"@type":"EntryPoint","urlTemplate":"https:\/\/kurato.ch\/?s={search_term_string}"},"query-input":{"@type":"PropertyValueSpecification","valueRequired":true,"valueName":"search_term_string"}}],"inLanguage":"fr-FR"},{"@type":"Organization","@id":"https:\/\/kurato.ch\/#organization","name":"Kurato.","url":"https:\/\/kurato.ch\/","logo":{"@type":"ImageObject","inLanguage":"fr-FR","@id":"https:\/\/kurato.ch\/#\/schema\/logo\/image\/","url":"","contentUrl":"","caption":"Kurato."},"image":{"@id":"https:\/\/kurato.ch\/#\/schema\/logo\/image\/"},"sameAs":["https:\/\/www.facebook.com\/kuratoswitzerland","https:\/\/www.instagram.com\/kurato.ch\/","https:\/\/www.pinterest.ch\/kurato_ch\/_created\/"]}]}},"_links":{"self":[{"href":"https:\/\/kurato.ch\/fr\/wp-json\/wp\/v2\/product\/71654","targetHints":{"allow":["GET"]}}],"collection":[{"href":"https:\/\/kurato.ch\/fr\/wp-json\/wp\/v2\/product"}],"about":[{"href":"https:\/\/kurato.ch\/fr\/wp-json\/wp\/v2\/types\/product"}],"wp:featuredmedia":[{"embeddable":true,"href":"https:\/\/kurato.ch\/fr\/wp-json\/wp\/v2\/media\/71732"}],"wp:attachment":[{"href":"https:\/\/kurato.ch\/fr\/wp-json\/wp\/v2\/media?parent=71654"}],"wp:term":[{"taxonomy":"product_brand","embeddable":true,"href":"https:\/\/kurato.ch\/fr\/wp-json\/wp\/v2\/product_brand?post=71654"},{"taxonomy":"product_cat","embeddable":true,"href":"https:\/\/kurato.ch\/fr\/wp-json\/wp\/v2\/product_cat?post=71654"},{"taxonomy":"product_tag","embeddable":true,"href":"https:\/\/kurato.ch\/fr\/wp-json\/wp\/v2\/product_tag?post=71654"}],"curies":[{"name":"wp","href":"https:\/\/api.w.org\/{rel}","templated":true}]}}