{"id":71796,"date":"2025-11-21T21:11:38","date_gmt":"2025-11-21T19:11:38","guid":{"rendered":"https:\/\/kurato.ch\/?post_type=product&#038;p=71796"},"modified":"2025-11-21T21:11:38","modified_gmt":"2025-11-21T19:11:38","slug":"vintage-pianobar-restauriertes-klavier-von-hueni-zuerich","status":"publish","type":"product","link":"https:\/\/kurato.ch\/fr\/product\/vintage-pianobar-restauriertes-klavier-von-hueni-zuerich\/","title":{"rendered":"Vintage Pianobar &#8211; Restauriertes Klavier von H\u00fcni Z\u00fcrich"},"content":{"rendered":"<p>Restaurieretes Piano der Marke H\u00fcni Z\u00fcrich.<\/p>\n<p>Wundersch\u00f6ne Wurzelholzeinlagen umringen die verspiegelte Bartheke.<\/p>\n<p>Indirekt beleuchtet.W\u00e4rme und Helligkeit der Beleuchtung kann per Fernbedienung verstellt werden.<\/p>\n<p>Schlicht und Stilvoll, perfekt als Geburtstagsgeschenk, Hochzeitsgeschenk oder zum Jahrestag.<\/p>\n<p>Im unteren Bereich wurden Handgefertigte Weinflaschenhalter aus Eichenholz angebracht.<\/p>\n<p>Diese k\u00f6nnen bei Bedarf r\u00fcckstandslos demontiert werden.<\/p>\n<p>Leichte Gebrauchsspuren vorhanden.<\/p>\n<p>Masse: L=1530\u00a0 \u00a0B=660 cm<\/p>","protected":false},"excerpt":{"rendered":"<p>Restaurieretes Piano der Marke H\u00fcni Z\u00fcrich. Wundersch\u00f6ne Wurzelholzeinlagen umringen die verspiegelte Bartheke. Indirekt beleuchtet.W\u00e4rme und Helligkeit der Beleuchtung kann per Fernbedienung verstellt werden. Schlicht und Stilvoll, perfekt als Geburtstagsgeschenk, Hochzeitsgeschenk oder zum Jahrestag. Im unteren Bereich wurden Handgefertigte Weinflaschenhalter aus Eichenholz angebracht. Diese k\u00f6nnen bei Bedarf r\u00fcckstandslos demontiert werden. Leichte Gebrauchsspuren vorhanden. Masse: L=1530\u00a0 \u00a0B=660 [&hellip;]<\/p>\n","protected":false},"featured_media":72494,"template":"","meta":{"_acf_changed":false,"site-sidebar-layout":"default","site-content-layout":"","ast-site-content-layout":"default","site-content-style":"default","site-sidebar-style":"default","ast-global-header-display":"","ast-banner-title-visibility":"","ast-main-header-display":"","ast-hfb-above-header-display":"","ast-hfb-below-header-display":"","ast-hfb-mobile-header-display":"","site-post-title":"","ast-breadcrumbs-content":"","ast-featured-img":"","footer-sml-layout":"","ast-disable-related-posts":"","theme-transparent-header-meta":"","adv-header-id-meta":"","stick-header-meta":"","header-above-stick-meta":"","header-main-stick-meta":"","header-below-stick-meta":"","astra-migrate-meta-layouts":"default","ast-page-background-enabled":"default","ast-page-background-meta":{"desktop":{"background-color":"","background-image":"","background-repeat":"repeat","background-position":"center center","background-size":"auto","background-attachment":"scroll","background-type":"","background-media":"","overlay-type":"","overlay-color":"","overlay-opacity":"","overlay-gradient":""},"tablet":{"background-color":"","background-image":"","background-repeat":"repeat","background-position":"center center","background-size":"auto","background-attachment":"scroll","background-type":"","background-media":"","overlay-type":"","overlay-color":"","overlay-opacity":"","overlay-gradient":""},"mobile":{"background-color":"","background-image":"","background-repeat":"repeat","background-position":"center center","background-size":"auto","background-attachment":"scroll","background-type":"","background-media":"","overlay-type":"","overlay-color":"","overlay-opacity":"","overlay-gradient":""}},"ast-content-background-meta":{"desktop":{"background-color":"var(--ast-global-color-5)","background-image":"","background-repeat":"repeat","background-position":"center center","background-size":"auto","background-attachment":"scroll","background-type":"","background-media":"","overlay-type":"","overlay-color":"","overlay-opacity":"","overlay-gradient":""},"tablet":{"background-color":"var(--ast-global-color-5)","background-image":"","background-repeat":"repeat","background-position":"center center","background-size":"auto","background-attachment":"scroll","background-type":"","background-media":"","overlay-type":"","overlay-color":"","overlay-opacity":"","overlay-gradient":""},"mobile":{"background-color":"var(--ast-global-color-5)","background-image":"","background-repeat":"repeat","background-position":"center center","background-size":"auto","background-attachment":"scroll","background-type":"","background-media":"","overlay-type":"","overlay-color":"","overlay-opacity":"","overlay-gradient":""}}},"product_brand":[],"product_cat":[129,142,396],"product_tag":[],"class_list":{"0":"post-71796","1":"product","2":"type-product","3":"status-publish","4":"has-post-thumbnail","6":"product_cat-vintage-aufbewahrungsmoebel","7":"product_cat-vintage-barwagen","8":"product_cat-vintage-dekorative-objekte","9":"pa_farbe-braun","10":"pa_material-holz","11":"pa_stil-vintage","12":"desktop-align-left","13":"tablet-align-left","14":"mobile-align-left","16":"first","17":"instock","18":"sold-individually","19":"shipping-taxable","20":"purchasable","21":"product-type-simple"},"acf":[],"yoast_head":"<!-- This site is optimized with the Yoast SEO plugin v27.4 - https:\/\/yoast.com\/product\/yoast-seo-wordpress\/ -->\n<title>Vintage Pianobar - Restauriertes Klavier von H\u00fcni Z\u00fcrich | Vintage M\u00f6bel kaufen auf KURATO.CH<\/title>\n<meta name=\"description\" content=\"Entdecke Vintage M\u00f6bel &amp; Dekoration \u27a4 Vintage Pianobar - Restauriertes Klavier von H\u00fcni Z\u00fcrich auf Kurato. \u2713Lieferung Schweiz \u271314-Tage R\u00fcckgabe \u2713Secondhand Unikat\" \/>\n<meta name=\"robots\" content=\"index, follow, max-snippet:-1, max-image-preview:large, max-video-preview:-1\" \/>\n<link rel=\"canonical\" href=\"https:\/\/kurato.ch\/fr\/product\/vintage-pianobar-restauriertes-klavier-von-hueni-zuerich\/\" \/>\n<meta property=\"og:locale\" content=\"fr_FR\" \/>\n<meta property=\"og:type\" content=\"article\" \/>\n<meta property=\"og:title\" content=\"Vintage Pianobar - Restauriertes Klavier von H\u00fcni Z\u00fcrich | Vintage M\u00f6bel kaufen auf KURATO.CH\" \/>\n<meta property=\"og:description\" content=\"Entdecke Vintage M\u00f6bel &amp; Dekoration \u27a4 Vintage Pianobar - Restauriertes Klavier von H\u00fcni Z\u00fcrich auf Kurato. \u2713Lieferung Schweiz \u271314-Tage R\u00fcckgabe \u2713Secondhand Unikat\" \/>\n<meta property=\"og:url\" content=\"https:\/\/kurato.ch\/fr\/product\/vintage-pianobar-restauriertes-klavier-von-hueni-zuerich\/\" \/>\n<meta property=\"og:site_name\" content=\"Vintage M\u00f6bel &amp; Dekoration I Kurato\" \/>\n<meta property=\"article:publisher\" content=\"https:\/\/www.facebook.com\/kuratoswitzerland\" \/>\n<meta property=\"og:image\" content=\"https:\/\/kurato.ch\/wp-content\/uploads\/2025\/11\/Vintage-Pianobar-Restauriertes-Klavier-von-Hueni-Zuerich-vintage-secondhand-gebraucht-schweiz-Instagram-Post.jpg\" \/>\n\t<meta property=\"og:image:width\" content=\"810\" \/>\n\t<meta property=\"og:image:height\" content=\"810\" \/>\n\t<meta property=\"og:image:type\" content=\"image\/jpeg\" \/>\n<script type=\"application\/ld+json\" class=\"yoast-schema-graph\">{\"@context\":\"https:\\\/\\\/schema.org\",\"@graph\":[{\"@type\":\"WebPage\",\"@id\":\"https:\\\/\\\/kurato.ch\\\/product\\\/vintage-pianobar-restauriertes-klavier-von-hueni-zuerich\\\/\",\"url\":\"https:\\\/\\\/kurato.ch\\\/product\\\/vintage-pianobar-restauriertes-klavier-von-hueni-zuerich\\\/\",\"name\":\"Vintage Pianobar - Restauriertes Klavier von H\u00fcni Z\u00fcrich | Vintage M\u00f6bel kaufen auf KURATO.CH\",\"isPartOf\":{\"@id\":\"https:\\\/\\\/kurato.ch\\\/#website\"},\"primaryImageOfPage\":{\"@id\":\"https:\\\/\\\/kurato.ch\\\/product\\\/vintage-pianobar-restauriertes-klavier-von-hueni-zuerich\\\/#primaryimage\"},\"image\":{\"@id\":\"https:\\\/\\\/kurato.ch\\\/product\\\/vintage-pianobar-restauriertes-klavier-von-hueni-zuerich\\\/#primaryimage\"},\"thumbnailUrl\":\"https:\\\/\\\/kurato.ch\\\/wp-content\\\/uploads\\\/2025\\\/11\\\/Vintage-Pianobar-Restauriertes-Klavier-von-Hueni-Zuerich-vintage-secondhand-gebraucht-schweiz-Instagram-Post.jpg\",\"datePublished\":\"2025-11-21T19:11:38+00:00\",\"description\":\"Entdecke Vintage M\u00f6bel & Dekoration \u27a4 Vintage Pianobar - Restauriertes Klavier von H\u00fcni Z\u00fcrich auf Kurato. \u2713Lieferung Schweiz \u271314-Tage R\u00fcckgabe \u2713Secondhand Unikat\",\"breadcrumb\":{\"@id\":\"https:\\\/\\\/kurato.ch\\\/product\\\/vintage-pianobar-restauriertes-klavier-von-hueni-zuerich\\\/#breadcrumb\"},\"inLanguage\":\"fr-FR\",\"potentialAction\":[{\"@type\":\"ReadAction\",\"target\":[\"https:\\\/\\\/kurato.ch\\\/product\\\/vintage-pianobar-restauriertes-klavier-von-hueni-zuerich\\\/\"]}]},{\"@type\":\"ImageObject\",\"inLanguage\":\"fr-FR\",\"@id\":\"https:\\\/\\\/kurato.ch\\\/product\\\/vintage-pianobar-restauriertes-klavier-von-hueni-zuerich\\\/#primaryimage\",\"url\":\"https:\\\/\\\/kurato.ch\\\/wp-content\\\/uploads\\\/2025\\\/11\\\/Vintage-Pianobar-Restauriertes-Klavier-von-Hueni-Zuerich-vintage-secondhand-gebraucht-schweiz-Instagram-Post.jpg\",\"contentUrl\":\"https:\\\/\\\/kurato.ch\\\/wp-content\\\/uploads\\\/2025\\\/11\\\/Vintage-Pianobar-Restauriertes-Klavier-von-Hueni-Zuerich-vintage-secondhand-gebraucht-schweiz-Instagram-Post.jpg\",\"width\":810,\"height\":810,\"caption\":\"Vintage Pianobar - Restauriertes Klavier von H\u00fcni Z\u00fcrich\"},{\"@type\":\"BreadcrumbList\",\"@id\":\"https:\\\/\\\/kurato.ch\\\/product\\\/vintage-pianobar-restauriertes-klavier-von-hueni-zuerich\\\/#breadcrumb\",\"itemListElement\":[{\"@type\":\"ListItem\",\"position\":1,\"name\":\"Home\",\"item\":\"https:\\\/\\\/kurato.ch\\\/\"},{\"@type\":\"ListItem\",\"position\":2,\"name\":\"Neuheiten\",\"item\":\"https:\\\/\\\/kurato.ch\\\/neuheiten\\\/\"},{\"@type\":\"ListItem\",\"position\":3,\"name\":\"Vintage Pianobar &#8211; Restauriertes Klavier von H\u00fcni Z\u00fcrich\"}]},{\"@type\":\"WebSite\",\"@id\":\"https:\\\/\\\/kurato.ch\\\/#website\",\"url\":\"https:\\\/\\\/kurato.ch\\\/\",\"name\":\"Vintage M\u00f6bel &amp; Dekoration I Kurato\",\"description\":\"Vintage M\u00f6bel &amp; Dekoration I Kurato\",\"publisher\":{\"@id\":\"https:\\\/\\\/kurato.ch\\\/#organization\"},\"potentialAction\":[{\"@type\":\"SearchAction\",\"target\":{\"@type\":\"EntryPoint\",\"urlTemplate\":\"https:\\\/\\\/kurato.ch\\\/?s={search_term_string}\"},\"query-input\":{\"@type\":\"PropertyValueSpecification\",\"valueRequired\":true,\"valueName\":\"search_term_string\"}}],\"inLanguage\":\"fr-FR\"},{\"@type\":\"Organization\",\"@id\":\"https:\\\/\\\/kurato.ch\\\/#organization\",\"name\":\"Kurato.\",\"url\":\"https:\\\/\\\/kurato.ch\\\/\",\"logo\":{\"@type\":\"ImageObject\",\"inLanguage\":\"fr-FR\",\"@id\":\"https:\\\/\\\/kurato.ch\\\/#\\\/schema\\\/logo\\\/image\\\/\",\"url\":\"\",\"contentUrl\":\"\",\"caption\":\"Kurato.\"},\"image\":{\"@id\":\"https:\\\/\\\/kurato.ch\\\/#\\\/schema\\\/logo\\\/image\\\/\"},\"sameAs\":[\"https:\\\/\\\/www.facebook.com\\\/kuratoswitzerland\",\"https:\\\/\\\/www.instagram.com\\\/kurato.ch\\\/\",\"https:\\\/\\\/www.pinterest.ch\\\/kurato_ch\\\/_created\\\/\"]}]}<\/script>\n<!-- \/ Yoast SEO plugin. -->","yoast_head_json":{"title":"Vintage Pianobar - Restauriertes Klavier von H\u00fcni Z\u00fcrich | Vintage M\u00f6bel kaufen auf KURATO.CH","description":"Entdecke Vintage M\u00f6bel & Dekoration \u27a4 Vintage Pianobar - Restauriertes Klavier von H\u00fcni Z\u00fcrich auf Kurato. \u2713Lieferung Schweiz \u271314-Tage R\u00fcckgabe \u2713Secondhand Unikat","robots":{"index":"index","follow":"follow","max-snippet":"max-snippet:-1","max-image-preview":"max-image-preview:large","max-video-preview":"max-video-preview:-1"},"canonical":"https:\/\/kurato.ch\/fr\/product\/vintage-pianobar-restauriertes-klavier-von-hueni-zuerich\/","og_locale":"fr_FR","og_type":"article","og_title":"Vintage Pianobar - Restauriertes Klavier von H\u00fcni Z\u00fcrich | Vintage M\u00f6bel kaufen auf KURATO.CH","og_description":"Entdecke Vintage M\u00f6bel & Dekoration \u27a4 Vintage Pianobar - Restauriertes Klavier von H\u00fcni Z\u00fcrich auf Kurato. \u2713Lieferung Schweiz \u271314-Tage R\u00fcckgabe \u2713Secondhand Unikat","og_url":"https:\/\/kurato.ch\/fr\/product\/vintage-pianobar-restauriertes-klavier-von-hueni-zuerich\/","og_site_name":"Vintage M\u00f6bel &amp; Dekoration I Kurato","article_publisher":"https:\/\/www.facebook.com\/kuratoswitzerland","og_image":[{"width":810,"height":810,"url":"https:\/\/kurato.ch\/wp-content\/uploads\/2025\/11\/Vintage-Pianobar-Restauriertes-Klavier-von-Hueni-Zuerich-vintage-secondhand-gebraucht-schweiz-Instagram-Post.jpg","type":"image\/jpeg"}],"schema":{"@context":"https:\/\/schema.org","@graph":[{"@type":"WebPage","@id":"https:\/\/kurato.ch\/product\/vintage-pianobar-restauriertes-klavier-von-hueni-zuerich\/","url":"https:\/\/kurato.ch\/product\/vintage-pianobar-restauriertes-klavier-von-hueni-zuerich\/","name":"Vintage Pianobar - Restauriertes Klavier von H\u00fcni Z\u00fcrich | Vintage M\u00f6bel kaufen auf KURATO.CH","isPartOf":{"@id":"https:\/\/kurato.ch\/#website"},"primaryImageOfPage":{"@id":"https:\/\/kurato.ch\/product\/vintage-pianobar-restauriertes-klavier-von-hueni-zuerich\/#primaryimage"},"image":{"@id":"https:\/\/kurato.ch\/product\/vintage-pianobar-restauriertes-klavier-von-hueni-zuerich\/#primaryimage"},"thumbnailUrl":"https:\/\/kurato.ch\/wp-content\/uploads\/2025\/11\/Vintage-Pianobar-Restauriertes-Klavier-von-Hueni-Zuerich-vintage-secondhand-gebraucht-schweiz-Instagram-Post.jpg","datePublished":"2025-11-21T19:11:38+00:00","description":"Entdecke Vintage M\u00f6bel & Dekoration \u27a4 Vintage Pianobar - Restauriertes Klavier von H\u00fcni Z\u00fcrich auf Kurato. \u2713Lieferung Schweiz \u271314-Tage R\u00fcckgabe \u2713Secondhand Unikat","breadcrumb":{"@id":"https:\/\/kurato.ch\/product\/vintage-pianobar-restauriertes-klavier-von-hueni-zuerich\/#breadcrumb"},"inLanguage":"fr-FR","potentialAction":[{"@type":"ReadAction","target":["https:\/\/kurato.ch\/product\/vintage-pianobar-restauriertes-klavier-von-hueni-zuerich\/"]}]},{"@type":"ImageObject","inLanguage":"fr-FR","@id":"https:\/\/kurato.ch\/product\/vintage-pianobar-restauriertes-klavier-von-hueni-zuerich\/#primaryimage","url":"https:\/\/kurato.ch\/wp-content\/uploads\/2025\/11\/Vintage-Pianobar-Restauriertes-Klavier-von-Hueni-Zuerich-vintage-secondhand-gebraucht-schweiz-Instagram-Post.jpg","contentUrl":"https:\/\/kurato.ch\/wp-content\/uploads\/2025\/11\/Vintage-Pianobar-Restauriertes-Klavier-von-Hueni-Zuerich-vintage-secondhand-gebraucht-schweiz-Instagram-Post.jpg","width":810,"height":810,"caption":"Vintage Pianobar - Restauriertes Klavier von H\u00fcni Z\u00fcrich"},{"@type":"BreadcrumbList","@id":"https:\/\/kurato.ch\/product\/vintage-pianobar-restauriertes-klavier-von-hueni-zuerich\/#breadcrumb","itemListElement":[{"@type":"ListItem","position":1,"name":"Home","item":"https:\/\/kurato.ch\/"},{"@type":"ListItem","position":2,"name":"Neuheiten","item":"https:\/\/kurato.ch\/neuheiten\/"},{"@type":"ListItem","position":3,"name":"Vintage Pianobar &#8211; Restauriertes Klavier von H\u00fcni Z\u00fcrich"}]},{"@type":"WebSite","@id":"https:\/\/kurato.ch\/#website","url":"https:\/\/kurato.ch\/","name":"Meubles vintage &amp; d\u00e9coration I Kurato","description":"Meubles vintage &amp; d\u00e9coration I Kurato","publisher":{"@id":"https:\/\/kurato.ch\/#organization"},"potentialAction":[{"@type":"SearchAction","target":{"@type":"EntryPoint","urlTemplate":"https:\/\/kurato.ch\/?s={search_term_string}"},"query-input":{"@type":"PropertyValueSpecification","valueRequired":true,"valueName":"search_term_string"}}],"inLanguage":"fr-FR"},{"@type":"Organization","@id":"https:\/\/kurato.ch\/#organization","name":"Kurato.","url":"https:\/\/kurato.ch\/","logo":{"@type":"ImageObject","inLanguage":"fr-FR","@id":"https:\/\/kurato.ch\/#\/schema\/logo\/image\/","url":"","contentUrl":"","caption":"Kurato."},"image":{"@id":"https:\/\/kurato.ch\/#\/schema\/logo\/image\/"},"sameAs":["https:\/\/www.facebook.com\/kuratoswitzerland","https:\/\/www.instagram.com\/kurato.ch\/","https:\/\/www.pinterest.ch\/kurato_ch\/_created\/"]}]}},"_links":{"self":[{"href":"https:\/\/kurato.ch\/fr\/wp-json\/wp\/v2\/product\/71796","targetHints":{"allow":["GET"]}}],"collection":[{"href":"https:\/\/kurato.ch\/fr\/wp-json\/wp\/v2\/product"}],"about":[{"href":"https:\/\/kurato.ch\/fr\/wp-json\/wp\/v2\/types\/product"}],"wp:featuredmedia":[{"embeddable":true,"href":"https:\/\/kurato.ch\/fr\/wp-json\/wp\/v2\/media\/72494"}],"wp:attachment":[{"href":"https:\/\/kurato.ch\/fr\/wp-json\/wp\/v2\/media?parent=71796"}],"wp:term":[{"taxonomy":"product_brand","embeddable":true,"href":"https:\/\/kurato.ch\/fr\/wp-json\/wp\/v2\/product_brand?post=71796"},{"taxonomy":"product_cat","embeddable":true,"href":"https:\/\/kurato.ch\/fr\/wp-json\/wp\/v2\/product_cat?post=71796"},{"taxonomy":"product_tag","embeddable":true,"href":"https:\/\/kurato.ch\/fr\/wp-json\/wp\/v2\/product_tag?post=71796"}],"curies":[{"name":"wp","href":"https:\/\/api.w.org\/{rel}","templated":true}]}}