{"id":71995,"date":"2025-11-19T20:30:44","date_gmt":"2025-11-19T18:30:44","guid":{"rendered":"https:\/\/kurato.ch\/fr\/?post_type=product&#038;p=71995"},"modified":"2025-11-19T20:32:24","modified_gmt":"2025-11-19T18:32:24","slug":"2x-vitra-soft-pad-chairs-absolute-luxury-ea-217-219","status":"publish","type":"product","link":"https:\/\/kurato.ch\/fr\/product\/2x-vitra-soft-pad-chairs-absolute-luxury-ea-217-219\/","title":{"rendered":"2x Vitra Soft Pad Chairs Absolute Luxury! EA 217\/219"},"content":{"rendered":"<p>Vitra Eames Soft Pad Chair EA 217 \u2013 Work (2 St\u00fcck)<\/p>\n<p>Modell: Soft Pad Chairs EA 217 \u2013 Work (niedrige R\u00fcckenlehne, drehbare Schreibtischversion)<br \/>Vitra Konfigurator-Referenz: 41238100<\/p>\n<ol>\n<li>Gestell: <strong>Armlehnen aus poliertem Aluminium und 5-Stern-Fu\u00dfkreuz auf Rollen<\/strong><\/li>\n<li>Mechanik:<strong> \u201eWork\u201c: H\u00f6henverstellung + Neigungs-\/Spannungsr\u00fcckstellung<\/strong><\/li>\n<li>Sitz- und R\u00fcckenkissen: <strong>Soft Pad (2 R\u00fcckenkissen, 1 Sitzkissen)<\/strong><\/li>\n<li>Polsterung: <strong>Vitra Premium Leder, Zementoberfl\u00e4che<\/strong><\/li>\n<\/ol>\n<p><strong>Zustand: 9\/10 \u2013 perfekt \/ wie neu<\/strong><\/p>\n<p>Der Preis versteht sich f\u00fcr das Set (2 Sessel)<\/p>\n<p><strong>Vous souhaitez recevoir l'article chez vous ?<\/strong><\/p>\n<p>Contactez le service client\u00e8le de Kurato <a href=\"mailto:hello@kurato.ch\" data-mce-href=\"mailto:hello@kurato.ch\"><strong>hello@kurato.ch<\/strong><\/a> et demandez une offre de livraison personnalis\u00e9e.<\/p>\n<p><strong><br \/><\/strong><\/p>","protected":false},"excerpt":{"rendered":"<p>Vitra Eames Soft Pad Chair EA 217 \u2013 Work (2 St\u00fcck) Modell: Soft Pad Chairs EA 217 \u2013 Work (niedrige R\u00fcckenlehne, drehbare Schreibtischversion)Vitra Konfigurator-Referenz: 41238100 Gestell: Armlehnen aus poliertem Aluminium und 5-Stern-Fu\u00dfkreuz auf Rollen Mechanik: \u201eWork\u201c: H\u00f6henverstellung + Neigungs-\/Spannungsr\u00fcckstellung Sitz- und R\u00fcckenkissen: Soft Pad (2 R\u00fcckenkissen, 1 Sitzkissen) Polsterung: Vitra Premium Leder, Zementoberfl\u00e4che Zustand: 9\/10 [&hellip;]<\/p>\n","protected":false},"featured_media":72442,"template":"","meta":{"_acf_changed":false,"site-sidebar-layout":"default","site-content-layout":"","ast-site-content-layout":"default","site-content-style":"default","site-sidebar-style":"default","ast-global-header-display":"","ast-banner-title-visibility":"","ast-main-header-display":"","ast-hfb-above-header-display":"","ast-hfb-below-header-display":"","ast-hfb-mobile-header-display":"","site-post-title":"","ast-breadcrumbs-content":"","ast-featured-img":"","footer-sml-layout":"","ast-disable-related-posts":"","theme-transparent-header-meta":"","adv-header-id-meta":"","stick-header-meta":"","header-above-stick-meta":"","header-main-stick-meta":"","header-below-stick-meta":"","astra-migrate-meta-layouts":"default","ast-page-background-enabled":"default","ast-page-background-meta":{"desktop":{"background-color":"","background-image":"","background-repeat":"repeat","background-position":"center center","background-size":"auto","background-attachment":"scroll","background-type":"","background-media":"","overlay-type":"","overlay-color":"","overlay-opacity":"","overlay-gradient":""},"tablet":{"background-color":"","background-image":"","background-repeat":"repeat","background-position":"center center","background-size":"auto","background-attachment":"scroll","background-type":"","background-media":"","overlay-type":"","overlay-color":"","overlay-opacity":"","overlay-gradient":""},"mobile":{"background-color":"","background-image":"","background-repeat":"repeat","background-position":"center center","background-size":"auto","background-attachment":"scroll","background-type":"","background-media":"","overlay-type":"","overlay-color":"","overlay-opacity":"","overlay-gradient":""}},"ast-content-background-meta":{"desktop":{"background-color":"var(--ast-global-color-5)","background-image":"","background-repeat":"repeat","background-position":"center center","background-size":"auto","background-attachment":"scroll","background-type":"","background-media":"","overlay-type":"","overlay-color":"","overlay-opacity":"","overlay-gradient":""},"tablet":{"background-color":"var(--ast-global-color-5)","background-image":"","background-repeat":"repeat","background-position":"center center","background-size":"auto","background-attachment":"scroll","background-type":"","background-media":"","overlay-type":"","overlay-color":"","overlay-opacity":"","overlay-gradient":""},"mobile":{"background-color":"var(--ast-global-color-5)","background-image":"","background-repeat":"repeat","background-position":"center center","background-size":"auto","background-attachment":"scroll","background-type":"","background-media":"","overlay-type":"","overlay-color":"","overlay-opacity":"","overlay-gradient":""}}},"product_brand":[],"product_cat":[155,152],"product_tag":[],"class_list":{"0":"post-71995","1":"product","2":"type-product","3":"status-publish","4":"has-post-thumbnail","6":"product_cat-vintage-sessel","7":"product_cat-vintage-sessel-liege","8":"pa_designer-vitra","9":"pa_farbe-farbebeige","10":"pa_material-chromstahl","11":"pa_material-leder","12":"pa_stil-design","13":"desktop-align-left","14":"tablet-align-left","15":"mobile-align-left","17":"first","18":"instock","19":"sold-individually","20":"shipping-taxable","21":"purchasable","22":"product-type-simple"},"acf":[],"yoast_head":"<!-- This site is optimized with the Yoast SEO plugin v27.4 - https:\/\/yoast.com\/product\/yoast-seo-wordpress\/ -->\n<title>2x Vitra Soft Pad Chairs Absolute Luxury! EA 217\/219 | Vintage M\u00f6bel kaufen auf KURATO.CH<\/title>\n<meta name=\"description\" content=\"Entdecke Vintage M\u00f6bel &amp; Dekoration \u27a4 2x Vitra Soft Pad Chairs Absolute Luxury! EA 217\/219 auf Kurato. \u2713Lieferung Schweiz \u271314-Tage R\u00fcckgabe \u2713Secondhand Unikat\" \/>\n<meta name=\"robots\" content=\"index, follow, max-snippet:-1, max-image-preview:large, max-video-preview:-1\" \/>\n<link rel=\"canonical\" href=\"https:\/\/kurato.ch\/fr\/product\/2x-vitra-soft-pad-chairs-absolute-luxury-ea-217-219\/\" \/>\n<meta property=\"og:locale\" content=\"fr_FR\" \/>\n<meta property=\"og:type\" content=\"article\" \/>\n<meta property=\"og:title\" content=\"2x Vitra Soft Pad Chairs Absolute Luxury! EA 217\/219 | Vintage M\u00f6bel kaufen auf KURATO.CH\" \/>\n<meta property=\"og:description\" content=\"Entdecke Vintage M\u00f6bel &amp; Dekoration \u27a4 2x Vitra Soft Pad Chairs Absolute Luxury! EA 217\/219 auf Kurato. \u2713Lieferung Schweiz \u271314-Tage R\u00fcckgabe \u2713Secondhand Unikat\" \/>\n<meta property=\"og:url\" content=\"https:\/\/kurato.ch\/fr\/product\/2x-vitra-soft-pad-chairs-absolute-luxury-ea-217-219\/\" \/>\n<meta property=\"og:site_name\" content=\"Vintage M\u00f6bel &amp; Dekoration I Kurato\" \/>\n<meta property=\"article:publisher\" content=\"https:\/\/www.facebook.com\/kuratoswitzerland\" \/>\n<meta property=\"article:modified_time\" content=\"2025-11-19T18:32:24+00:00\" \/>\n<meta property=\"og:image\" content=\"https:\/\/kurato.ch\/wp-content\/uploads\/2025\/11\/2x-Vitra-Soft-Pad-Chairs-Absolute-Luxury-EA-217-219-vintage-secondhand-gebraucht-schweiz-Instagram-Post.jpg\" \/>\n\t<meta property=\"og:image:width\" content=\"810\" \/>\n\t<meta property=\"og:image:height\" content=\"810\" \/>\n\t<meta property=\"og:image:type\" content=\"image\/jpeg\" \/>\n<script type=\"application\/ld+json\" class=\"yoast-schema-graph\">{\"@context\":\"https:\\\/\\\/schema.org\",\"@graph\":[{\"@type\":\"WebPage\",\"@id\":\"https:\\\/\\\/kurato.ch\\\/product\\\/2x-vitra-soft-pad-chairs-absolute-luxury-ea-217-219\\\/\",\"url\":\"https:\\\/\\\/kurato.ch\\\/product\\\/2x-vitra-soft-pad-chairs-absolute-luxury-ea-217-219\\\/\",\"name\":\"2x Vitra Soft Pad Chairs Absolute Luxury! EA 217\\\/219 | Vintage M\u00f6bel kaufen auf KURATO.CH\",\"isPartOf\":{\"@id\":\"https:\\\/\\\/kurato.ch\\\/#website\"},\"primaryImageOfPage\":{\"@id\":\"https:\\\/\\\/kurato.ch\\\/product\\\/2x-vitra-soft-pad-chairs-absolute-luxury-ea-217-219\\\/#primaryimage\"},\"image\":{\"@id\":\"https:\\\/\\\/kurato.ch\\\/product\\\/2x-vitra-soft-pad-chairs-absolute-luxury-ea-217-219\\\/#primaryimage\"},\"thumbnailUrl\":\"https:\\\/\\\/kurato.ch\\\/wp-content\\\/uploads\\\/2025\\\/11\\\/2x-Vitra-Soft-Pad-Chairs-Absolute-Luxury-EA-217-219-vintage-secondhand-gebraucht-schweiz-Instagram-Post.jpg\",\"datePublished\":\"2025-11-19T18:30:44+00:00\",\"dateModified\":\"2025-11-19T18:32:24+00:00\",\"description\":\"Entdecke Vintage M\u00f6bel & Dekoration \u27a4 2x Vitra Soft Pad Chairs Absolute Luxury! EA 217\\\/219 auf Kurato. \u2713Lieferung Schweiz \u271314-Tage R\u00fcckgabe \u2713Secondhand Unikat\",\"breadcrumb\":{\"@id\":\"https:\\\/\\\/kurato.ch\\\/product\\\/2x-vitra-soft-pad-chairs-absolute-luxury-ea-217-219\\\/#breadcrumb\"},\"inLanguage\":\"fr-FR\",\"potentialAction\":[{\"@type\":\"ReadAction\",\"target\":[\"https:\\\/\\\/kurato.ch\\\/product\\\/2x-vitra-soft-pad-chairs-absolute-luxury-ea-217-219\\\/\"]}]},{\"@type\":\"ImageObject\",\"inLanguage\":\"fr-FR\",\"@id\":\"https:\\\/\\\/kurato.ch\\\/product\\\/2x-vitra-soft-pad-chairs-absolute-luxury-ea-217-219\\\/#primaryimage\",\"url\":\"https:\\\/\\\/kurato.ch\\\/wp-content\\\/uploads\\\/2025\\\/11\\\/2x-Vitra-Soft-Pad-Chairs-Absolute-Luxury-EA-217-219-vintage-secondhand-gebraucht-schweiz-Instagram-Post.jpg\",\"contentUrl\":\"https:\\\/\\\/kurato.ch\\\/wp-content\\\/uploads\\\/2025\\\/11\\\/2x-Vitra-Soft-Pad-Chairs-Absolute-Luxury-EA-217-219-vintage-secondhand-gebraucht-schweiz-Instagram-Post.jpg\",\"width\":810,\"height\":810,\"caption\":\"2x Vitra Soft Pad Chairs Absolute Luxury! EA 217\\\/219\"},{\"@type\":\"BreadcrumbList\",\"@id\":\"https:\\\/\\\/kurato.ch\\\/product\\\/2x-vitra-soft-pad-chairs-absolute-luxury-ea-217-219\\\/#breadcrumb\",\"itemListElement\":[{\"@type\":\"ListItem\",\"position\":1,\"name\":\"Home\",\"item\":\"https:\\\/\\\/kurato.ch\\\/\"},{\"@type\":\"ListItem\",\"position\":2,\"name\":\"Neuheiten\",\"item\":\"https:\\\/\\\/kurato.ch\\\/neuheiten\\\/\"},{\"@type\":\"ListItem\",\"position\":3,\"name\":\"2x Vitra Soft Pad Chairs Absolute Luxury! EA 217\\\/219\"}]},{\"@type\":\"WebSite\",\"@id\":\"https:\\\/\\\/kurato.ch\\\/#website\",\"url\":\"https:\\\/\\\/kurato.ch\\\/\",\"name\":\"Vintage M\u00f6bel &amp; Dekoration I Kurato\",\"description\":\"Vintage M\u00f6bel &amp; Dekoration I Kurato\",\"publisher\":{\"@id\":\"https:\\\/\\\/kurato.ch\\\/#organization\"},\"potentialAction\":[{\"@type\":\"SearchAction\",\"target\":{\"@type\":\"EntryPoint\",\"urlTemplate\":\"https:\\\/\\\/kurato.ch\\\/?s={search_term_string}\"},\"query-input\":{\"@type\":\"PropertyValueSpecification\",\"valueRequired\":true,\"valueName\":\"search_term_string\"}}],\"inLanguage\":\"fr-FR\"},{\"@type\":\"Organization\",\"@id\":\"https:\\\/\\\/kurato.ch\\\/#organization\",\"name\":\"Kurato.\",\"url\":\"https:\\\/\\\/kurato.ch\\\/\",\"logo\":{\"@type\":\"ImageObject\",\"inLanguage\":\"fr-FR\",\"@id\":\"https:\\\/\\\/kurato.ch\\\/#\\\/schema\\\/logo\\\/image\\\/\",\"url\":\"\",\"contentUrl\":\"\",\"caption\":\"Kurato.\"},\"image\":{\"@id\":\"https:\\\/\\\/kurato.ch\\\/#\\\/schema\\\/logo\\\/image\\\/\"},\"sameAs\":[\"https:\\\/\\\/www.facebook.com\\\/kuratoswitzerland\",\"https:\\\/\\\/www.instagram.com\\\/kurato.ch\\\/\",\"https:\\\/\\\/www.pinterest.ch\\\/kurato_ch\\\/_created\\\/\"]}]}<\/script>\n<!-- \/ Yoast SEO plugin. -->","yoast_head_json":{"title":"2x Vitra Soft Pad Chairs Absolute Luxury! EA 217\/219 | Vintage M\u00f6bel kaufen auf KURATO.CH","description":"Entdecke Vintage M\u00f6bel & Dekoration \u27a4 2x Vitra Soft Pad Chairs Absolute Luxury! EA 217\/219 auf Kurato. \u2713Lieferung Schweiz \u271314-Tage R\u00fcckgabe \u2713Secondhand Unikat","robots":{"index":"index","follow":"follow","max-snippet":"max-snippet:-1","max-image-preview":"max-image-preview:large","max-video-preview":"max-video-preview:-1"},"canonical":"https:\/\/kurato.ch\/fr\/product\/2x-vitra-soft-pad-chairs-absolute-luxury-ea-217-219\/","og_locale":"fr_FR","og_type":"article","og_title":"2x Vitra Soft Pad Chairs Absolute Luxury! EA 217\/219 | Vintage M\u00f6bel kaufen auf KURATO.CH","og_description":"Entdecke Vintage M\u00f6bel & Dekoration \u27a4 2x Vitra Soft Pad Chairs Absolute Luxury! EA 217\/219 auf Kurato. \u2713Lieferung Schweiz \u271314-Tage R\u00fcckgabe \u2713Secondhand Unikat","og_url":"https:\/\/kurato.ch\/fr\/product\/2x-vitra-soft-pad-chairs-absolute-luxury-ea-217-219\/","og_site_name":"Vintage M\u00f6bel &amp; Dekoration I Kurato","article_publisher":"https:\/\/www.facebook.com\/kuratoswitzerland","article_modified_time":"2025-11-19T18:32:24+00:00","og_image":[{"width":810,"height":810,"url":"https:\/\/kurato.ch\/wp-content\/uploads\/2025\/11\/2x-Vitra-Soft-Pad-Chairs-Absolute-Luxury-EA-217-219-vintage-secondhand-gebraucht-schweiz-Instagram-Post.jpg","type":"image\/jpeg"}],"schema":{"@context":"https:\/\/schema.org","@graph":[{"@type":"WebPage","@id":"https:\/\/kurato.ch\/product\/2x-vitra-soft-pad-chairs-absolute-luxury-ea-217-219\/","url":"https:\/\/kurato.ch\/product\/2x-vitra-soft-pad-chairs-absolute-luxury-ea-217-219\/","name":"2x Vitra Soft Pad Chairs Absolute Luxury! EA 217\/219 | Vintage M\u00f6bel kaufen auf KURATO.CH","isPartOf":{"@id":"https:\/\/kurato.ch\/#website"},"primaryImageOfPage":{"@id":"https:\/\/kurato.ch\/product\/2x-vitra-soft-pad-chairs-absolute-luxury-ea-217-219\/#primaryimage"},"image":{"@id":"https:\/\/kurato.ch\/product\/2x-vitra-soft-pad-chairs-absolute-luxury-ea-217-219\/#primaryimage"},"thumbnailUrl":"https:\/\/kurato.ch\/wp-content\/uploads\/2025\/11\/2x-Vitra-Soft-Pad-Chairs-Absolute-Luxury-EA-217-219-vintage-secondhand-gebraucht-schweiz-Instagram-Post.jpg","datePublished":"2025-11-19T18:30:44+00:00","dateModified":"2025-11-19T18:32:24+00:00","description":"Entdecke Vintage M\u00f6bel & Dekoration \u27a4 2x Vitra Soft Pad Chairs Absolute Luxury! EA 217\/219 auf Kurato. \u2713Lieferung Schweiz \u271314-Tage R\u00fcckgabe \u2713Secondhand Unikat","breadcrumb":{"@id":"https:\/\/kurato.ch\/product\/2x-vitra-soft-pad-chairs-absolute-luxury-ea-217-219\/#breadcrumb"},"inLanguage":"fr-FR","potentialAction":[{"@type":"ReadAction","target":["https:\/\/kurato.ch\/product\/2x-vitra-soft-pad-chairs-absolute-luxury-ea-217-219\/"]}]},{"@type":"ImageObject","inLanguage":"fr-FR","@id":"https:\/\/kurato.ch\/product\/2x-vitra-soft-pad-chairs-absolute-luxury-ea-217-219\/#primaryimage","url":"https:\/\/kurato.ch\/wp-content\/uploads\/2025\/11\/2x-Vitra-Soft-Pad-Chairs-Absolute-Luxury-EA-217-219-vintage-secondhand-gebraucht-schweiz-Instagram-Post.jpg","contentUrl":"https:\/\/kurato.ch\/wp-content\/uploads\/2025\/11\/2x-Vitra-Soft-Pad-Chairs-Absolute-Luxury-EA-217-219-vintage-secondhand-gebraucht-schweiz-Instagram-Post.jpg","width":810,"height":810,"caption":"2x Vitra Soft Pad Chairs Absolute Luxury! EA 217\/219"},{"@type":"BreadcrumbList","@id":"https:\/\/kurato.ch\/product\/2x-vitra-soft-pad-chairs-absolute-luxury-ea-217-219\/#breadcrumb","itemListElement":[{"@type":"ListItem","position":1,"name":"Home","item":"https:\/\/kurato.ch\/"},{"@type":"ListItem","position":2,"name":"Neuheiten","item":"https:\/\/kurato.ch\/neuheiten\/"},{"@type":"ListItem","position":3,"name":"2x Vitra Soft Pad Chairs Absolute Luxury! EA 217\/219"}]},{"@type":"WebSite","@id":"https:\/\/kurato.ch\/#website","url":"https:\/\/kurato.ch\/","name":"Meubles vintage &amp; d\u00e9coration I Kurato","description":"Meubles vintage &amp; d\u00e9coration I Kurato","publisher":{"@id":"https:\/\/kurato.ch\/#organization"},"potentialAction":[{"@type":"SearchAction","target":{"@type":"EntryPoint","urlTemplate":"https:\/\/kurato.ch\/?s={search_term_string}"},"query-input":{"@type":"PropertyValueSpecification","valueRequired":true,"valueName":"search_term_string"}}],"inLanguage":"fr-FR"},{"@type":"Organization","@id":"https:\/\/kurato.ch\/#organization","name":"Kurato.","url":"https:\/\/kurato.ch\/","logo":{"@type":"ImageObject","inLanguage":"fr-FR","@id":"https:\/\/kurato.ch\/#\/schema\/logo\/image\/","url":"","contentUrl":"","caption":"Kurato."},"image":{"@id":"https:\/\/kurato.ch\/#\/schema\/logo\/image\/"},"sameAs":["https:\/\/www.facebook.com\/kuratoswitzerland","https:\/\/www.instagram.com\/kurato.ch\/","https:\/\/www.pinterest.ch\/kurato_ch\/_created\/"]}]}},"_links":{"self":[{"href":"https:\/\/kurato.ch\/fr\/wp-json\/wp\/v2\/product\/71995","targetHints":{"allow":["GET"]}}],"collection":[{"href":"https:\/\/kurato.ch\/fr\/wp-json\/wp\/v2\/product"}],"about":[{"href":"https:\/\/kurato.ch\/fr\/wp-json\/wp\/v2\/types\/product"}],"wp:featuredmedia":[{"embeddable":true,"href":"https:\/\/kurato.ch\/fr\/wp-json\/wp\/v2\/media\/72442"}],"wp:attachment":[{"href":"https:\/\/kurato.ch\/fr\/wp-json\/wp\/v2\/media?parent=71995"}],"wp:term":[{"taxonomy":"product_brand","embeddable":true,"href":"https:\/\/kurato.ch\/fr\/wp-json\/wp\/v2\/product_brand?post=71995"},{"taxonomy":"product_cat","embeddable":true,"href":"https:\/\/kurato.ch\/fr\/wp-json\/wp\/v2\/product_cat?post=71995"},{"taxonomy":"product_tag","embeddable":true,"href":"https:\/\/kurato.ch\/fr\/wp-json\/wp\/v2\/product_tag?post=71995"}],"curies":[{"name":"wp","href":"https:\/\/api.w.org\/{rel}","templated":true}]}}