{"id":72196,"date":"2025-11-20T20:40:22","date_gmt":"2025-11-20T18:40:22","guid":{"rendered":"https:\/\/kurato.ch\/?post_type=product&#038;p=72196"},"modified":"2025-11-20T20:40:22","modified_gmt":"2025-11-20T18:40:22","slug":"2er-set-senshukai-royal-pets-aus-den-60er-jahren-made-in-japan","status":"publish","type":"product","link":"https:\/\/kurato.ch\/fr\/product\/2er-set-senshukai-royal-pets-aus-den-60er-jahren-made-in-japan\/","title":{"rendered":"2er Set Senshukai &#8222;Royal Pets&#8220; aus den 60er Jahren, made in Japan"},"content":{"rendered":"<p>Zauberhaftes 2er Set Senshukai &#8222;Royal Pets&#8220; aus den 60er Jahren, bestehend aus einem K\u00e4nguru und einem Nashorn, made in Japan, die K\u00f6pfe der Tiere sind beweglich, der Hersteller Senshukai liess sich von den skandinavischen Holztieren inspirieren und produzierte die &#8222;k\u00f6niglichen Haustiere&#8220; in den sp\u00e4ten 1960er Jahren, tadelloser Originalzustand mit minimalen Gebrauchsspuren der Zeit, auf Wunsch k\u00f6nnen die Objekte auch einzeln erworben werden, bitte eine Anfrage senden, der Preis gilt f\u00fcr das 2er Set, exkl. Accessoires<\/p>\n<p>K\u00e4nguru: H. ca. 13 cm, L. ca. 9 cm<br \/>Nashorn: H. ca. 5 cm, L. ca. 12 cm<\/p>","protected":false},"excerpt":{"rendered":"<p>Zauberhaftes 2er Set Senshukai &#8222;Royal Pets&#8220; aus den 60er Jahren, bestehend aus einem K\u00e4nguru und einem Nashorn, made in Japan, die K\u00f6pfe der Tiere sind beweglich, der Hersteller Senshukai liess sich von den skandinavischen Holztieren inspirieren und produzierte die &#8222;k\u00f6niglichen Haustiere&#8220; in den sp\u00e4ten 1960er Jahren, tadelloser Originalzustand mit minimalen Gebrauchsspuren der Zeit, auf Wunsch [&hellip;]<\/p>\n","protected":false},"featured_media":72447,"template":"","meta":{"_acf_changed":false,"site-sidebar-layout":"default","site-content-layout":"","ast-site-content-layout":"default","site-content-style":"default","site-sidebar-style":"default","ast-global-header-display":"","ast-banner-title-visibility":"","ast-main-header-display":"","ast-hfb-above-header-display":"","ast-hfb-below-header-display":"","ast-hfb-mobile-header-display":"","site-post-title":"","ast-breadcrumbs-content":"","ast-featured-img":"","footer-sml-layout":"","ast-disable-related-posts":"","theme-transparent-header-meta":"","adv-header-id-meta":"","stick-header-meta":"","header-above-stick-meta":"","header-main-stick-meta":"","header-below-stick-meta":"","astra-migrate-meta-layouts":"default","ast-page-background-enabled":"default","ast-page-background-meta":{"desktop":{"background-color":"","background-image":"","background-repeat":"repeat","background-position":"center center","background-size":"auto","background-attachment":"scroll","background-type":"","background-media":"","overlay-type":"","overlay-color":"","overlay-opacity":"","overlay-gradient":""},"tablet":{"background-color":"","background-image":"","background-repeat":"repeat","background-position":"center center","background-size":"auto","background-attachment":"scroll","background-type":"","background-media":"","overlay-type":"","overlay-color":"","overlay-opacity":"","overlay-gradient":""},"mobile":{"background-color":"","background-image":"","background-repeat":"repeat","background-position":"center center","background-size":"auto","background-attachment":"scroll","background-type":"","background-media":"","overlay-type":"","overlay-color":"","overlay-opacity":"","overlay-gradient":""}},"ast-content-background-meta":{"desktop":{"background-color":"var(--ast-global-color-5)","background-image":"","background-repeat":"repeat","background-position":"center center","background-size":"auto","background-attachment":"scroll","background-type":"","background-media":"","overlay-type":"","overlay-color":"","overlay-opacity":"","overlay-gradient":""},"tablet":{"background-color":"var(--ast-global-color-5)","background-image":"","background-repeat":"repeat","background-position":"center center","background-size":"auto","background-attachment":"scroll","background-type":"","background-media":"","overlay-type":"","overlay-color":"","overlay-opacity":"","overlay-gradient":""},"mobile":{"background-color":"var(--ast-global-color-5)","background-image":"","background-repeat":"repeat","background-position":"center center","background-size":"auto","background-attachment":"scroll","background-type":"","background-media":"","overlay-type":"","overlay-color":"","overlay-opacity":"","overlay-gradient":""}}},"product_brand":[],"product_cat":[396],"product_tag":[],"class_list":{"0":"post-72196","1":"product","2":"type-product","3":"status-publish","4":"has-post-thumbnail","6":"product_cat-vintage-dekorative-objekte","7":"pa_farbe-braun","8":"pa_material-holz","9":"pa_stil-skandinavisch-mid-century","10":"desktop-align-left","11":"tablet-align-left","12":"mobile-align-left","14":"first","15":"instock","16":"sold-individually","17":"shipping-taxable","18":"purchasable","19":"product-type-simple"},"acf":[],"yoast_head":"<!-- This site is optimized with the Yoast SEO plugin v27.4 - https:\/\/yoast.com\/product\/yoast-seo-wordpress\/ -->\n<title>2er Set Senshukai &quot;Royal Pets&quot; aus den 60er Jahren, made in Japan | Vintage M\u00f6bel kaufen auf KURATO.CH<\/title>\n<meta name=\"description\" content=\"Entdecke Vintage M\u00f6bel &amp; Dekoration \u27a4 2er Set Senshukai &quot;Royal Pets&quot; aus den 60er Jahren, made in Japan auf Kurato. \u2713Lieferung Schweiz \u271314-Tage R\u00fcckgabe \u2713Secondhand Unikat\" \/>\n<meta name=\"robots\" content=\"index, follow, max-snippet:-1, max-image-preview:large, max-video-preview:-1\" \/>\n<link rel=\"canonical\" href=\"https:\/\/kurato.ch\/fr\/product\/2er-set-senshukai-royal-pets-aus-den-60er-jahren-made-in-japan\/\" \/>\n<meta property=\"og:locale\" content=\"fr_FR\" \/>\n<meta property=\"og:type\" content=\"article\" \/>\n<meta property=\"og:title\" content=\"2er Set Senshukai &quot;Royal Pets&quot; aus den 60er Jahren, made in Japan | Vintage M\u00f6bel kaufen auf KURATO.CH\" \/>\n<meta property=\"og:description\" content=\"Entdecke Vintage M\u00f6bel &amp; Dekoration \u27a4 2er Set Senshukai &quot;Royal Pets&quot; aus den 60er Jahren, made in Japan auf Kurato. \u2713Lieferung Schweiz \u271314-Tage R\u00fcckgabe \u2713Secondhand Unikat\" \/>\n<meta property=\"og:url\" content=\"https:\/\/kurato.ch\/fr\/product\/2er-set-senshukai-royal-pets-aus-den-60er-jahren-made-in-japan\/\" \/>\n<meta property=\"og:site_name\" content=\"Vintage M\u00f6bel &amp; Dekoration I Kurato\" \/>\n<meta property=\"article:publisher\" content=\"https:\/\/www.facebook.com\/kuratoswitzerland\" \/>\n<meta property=\"og:image\" content=\"https:\/\/kurato.ch\/wp-content\/uploads\/2025\/11\/2er-Set-Senshukai-Royal-Pets-aus-den-60er-Jahren-made-in-Japan-vintage-secondhand-gebraucht-schweiz-Instagram-Post.jpg\" \/>\n\t<meta property=\"og:image:width\" content=\"810\" \/>\n\t<meta property=\"og:image:height\" content=\"810\" \/>\n\t<meta property=\"og:image:type\" content=\"image\/jpeg\" \/>\n<script type=\"application\/ld+json\" class=\"yoast-schema-graph\">{\"@context\":\"https:\\\/\\\/schema.org\",\"@graph\":[{\"@type\":\"WebPage\",\"@id\":\"https:\\\/\\\/kurato.ch\\\/product\\\/2er-set-senshukai-royal-pets-aus-den-60er-jahren-made-in-japan\\\/\",\"url\":\"https:\\\/\\\/kurato.ch\\\/product\\\/2er-set-senshukai-royal-pets-aus-den-60er-jahren-made-in-japan\\\/\",\"name\":\"2er Set Senshukai \\\"Royal Pets\\\" aus den 60er Jahren, made in Japan | Vintage M\u00f6bel kaufen auf KURATO.CH\",\"isPartOf\":{\"@id\":\"https:\\\/\\\/kurato.ch\\\/#website\"},\"primaryImageOfPage\":{\"@id\":\"https:\\\/\\\/kurato.ch\\\/product\\\/2er-set-senshukai-royal-pets-aus-den-60er-jahren-made-in-japan\\\/#primaryimage\"},\"image\":{\"@id\":\"https:\\\/\\\/kurato.ch\\\/product\\\/2er-set-senshukai-royal-pets-aus-den-60er-jahren-made-in-japan\\\/#primaryimage\"},\"thumbnailUrl\":\"https:\\\/\\\/kurato.ch\\\/wp-content\\\/uploads\\\/2025\\\/11\\\/2er-Set-Senshukai-Royal-Pets-aus-den-60er-Jahren-made-in-Japan-vintage-secondhand-gebraucht-schweiz-Instagram-Post.jpg\",\"datePublished\":\"2025-11-20T18:40:22+00:00\",\"description\":\"Entdecke Vintage M\u00f6bel & Dekoration \u27a4 2er Set Senshukai \\\"Royal Pets\\\" aus den 60er Jahren, made in Japan auf Kurato. \u2713Lieferung Schweiz \u271314-Tage R\u00fcckgabe \u2713Secondhand Unikat\",\"breadcrumb\":{\"@id\":\"https:\\\/\\\/kurato.ch\\\/product\\\/2er-set-senshukai-royal-pets-aus-den-60er-jahren-made-in-japan\\\/#breadcrumb\"},\"inLanguage\":\"fr-FR\",\"potentialAction\":[{\"@type\":\"ReadAction\",\"target\":[\"https:\\\/\\\/kurato.ch\\\/product\\\/2er-set-senshukai-royal-pets-aus-den-60er-jahren-made-in-japan\\\/\"]}]},{\"@type\":\"ImageObject\",\"inLanguage\":\"fr-FR\",\"@id\":\"https:\\\/\\\/kurato.ch\\\/product\\\/2er-set-senshukai-royal-pets-aus-den-60er-jahren-made-in-japan\\\/#primaryimage\",\"url\":\"https:\\\/\\\/kurato.ch\\\/wp-content\\\/uploads\\\/2025\\\/11\\\/2er-Set-Senshukai-Royal-Pets-aus-den-60er-Jahren-made-in-Japan-vintage-secondhand-gebraucht-schweiz-Instagram-Post.jpg\",\"contentUrl\":\"https:\\\/\\\/kurato.ch\\\/wp-content\\\/uploads\\\/2025\\\/11\\\/2er-Set-Senshukai-Royal-Pets-aus-den-60er-Jahren-made-in-Japan-vintage-secondhand-gebraucht-schweiz-Instagram-Post.jpg\",\"width\":810,\"height\":810,\"caption\":\"2er Set Senshukai \\\"Royal Pets\\\" aus den 60er Jahren, made in Japan\"},{\"@type\":\"BreadcrumbList\",\"@id\":\"https:\\\/\\\/kurato.ch\\\/product\\\/2er-set-senshukai-royal-pets-aus-den-60er-jahren-made-in-japan\\\/#breadcrumb\",\"itemListElement\":[{\"@type\":\"ListItem\",\"position\":1,\"name\":\"Home\",\"item\":\"https:\\\/\\\/kurato.ch\\\/\"},{\"@type\":\"ListItem\",\"position\":2,\"name\":\"Neuheiten\",\"item\":\"https:\\\/\\\/kurato.ch\\\/neuheiten\\\/\"},{\"@type\":\"ListItem\",\"position\":3,\"name\":\"2er Set Senshukai &#8222;Royal Pets&#8220; aus den 60er Jahren, made in Japan\"}]},{\"@type\":\"WebSite\",\"@id\":\"https:\\\/\\\/kurato.ch\\\/#website\",\"url\":\"https:\\\/\\\/kurato.ch\\\/\",\"name\":\"Vintage M\u00f6bel &amp; Dekoration I Kurato\",\"description\":\"Vintage M\u00f6bel &amp; Dekoration I Kurato\",\"publisher\":{\"@id\":\"https:\\\/\\\/kurato.ch\\\/#organization\"},\"potentialAction\":[{\"@type\":\"SearchAction\",\"target\":{\"@type\":\"EntryPoint\",\"urlTemplate\":\"https:\\\/\\\/kurato.ch\\\/?s={search_term_string}\"},\"query-input\":{\"@type\":\"PropertyValueSpecification\",\"valueRequired\":true,\"valueName\":\"search_term_string\"}}],\"inLanguage\":\"fr-FR\"},{\"@type\":\"Organization\",\"@id\":\"https:\\\/\\\/kurato.ch\\\/#organization\",\"name\":\"Kurato.\",\"url\":\"https:\\\/\\\/kurato.ch\\\/\",\"logo\":{\"@type\":\"ImageObject\",\"inLanguage\":\"fr-FR\",\"@id\":\"https:\\\/\\\/kurato.ch\\\/#\\\/schema\\\/logo\\\/image\\\/\",\"url\":\"\",\"contentUrl\":\"\",\"caption\":\"Kurato.\"},\"image\":{\"@id\":\"https:\\\/\\\/kurato.ch\\\/#\\\/schema\\\/logo\\\/image\\\/\"},\"sameAs\":[\"https:\\\/\\\/www.facebook.com\\\/kuratoswitzerland\",\"https:\\\/\\\/www.instagram.com\\\/kurato.ch\\\/\",\"https:\\\/\\\/www.pinterest.ch\\\/kurato_ch\\\/_created\\\/\"]}]}<\/script>\n<!-- \/ Yoast SEO plugin. -->","yoast_head_json":{"title":"2er Set Senshukai \"Royal Pets\" aus den 60er Jahren, made in Japan | Vintage M\u00f6bel kaufen auf KURATO.CH","description":"Entdecke Vintage M\u00f6bel & Dekoration \u27a4 2er Set Senshukai \"Royal Pets\" aus den 60er Jahren, made in Japan auf Kurato. \u2713Lieferung Schweiz \u271314-Tage R\u00fcckgabe \u2713Secondhand Unikat","robots":{"index":"index","follow":"follow","max-snippet":"max-snippet:-1","max-image-preview":"max-image-preview:large","max-video-preview":"max-video-preview:-1"},"canonical":"https:\/\/kurato.ch\/fr\/product\/2er-set-senshukai-royal-pets-aus-den-60er-jahren-made-in-japan\/","og_locale":"fr_FR","og_type":"article","og_title":"2er Set Senshukai \"Royal Pets\" aus den 60er Jahren, made in Japan | Vintage M\u00f6bel kaufen auf KURATO.CH","og_description":"Entdecke Vintage M\u00f6bel & Dekoration \u27a4 2er Set Senshukai \"Royal Pets\" aus den 60er Jahren, made in Japan auf Kurato. \u2713Lieferung Schweiz \u271314-Tage R\u00fcckgabe \u2713Secondhand Unikat","og_url":"https:\/\/kurato.ch\/fr\/product\/2er-set-senshukai-royal-pets-aus-den-60er-jahren-made-in-japan\/","og_site_name":"Vintage M\u00f6bel &amp; Dekoration I Kurato","article_publisher":"https:\/\/www.facebook.com\/kuratoswitzerland","og_image":[{"width":810,"height":810,"url":"https:\/\/kurato.ch\/wp-content\/uploads\/2025\/11\/2er-Set-Senshukai-Royal-Pets-aus-den-60er-Jahren-made-in-Japan-vintage-secondhand-gebraucht-schweiz-Instagram-Post.jpg","type":"image\/jpeg"}],"schema":{"@context":"https:\/\/schema.org","@graph":[{"@type":"WebPage","@id":"https:\/\/kurato.ch\/product\/2er-set-senshukai-royal-pets-aus-den-60er-jahren-made-in-japan\/","url":"https:\/\/kurato.ch\/product\/2er-set-senshukai-royal-pets-aus-den-60er-jahren-made-in-japan\/","name":"2er Set Senshukai \"Royal Pets\" aus den 60er Jahren, made in Japan | Vintage M\u00f6bel kaufen auf KURATO.CH","isPartOf":{"@id":"https:\/\/kurato.ch\/#website"},"primaryImageOfPage":{"@id":"https:\/\/kurato.ch\/product\/2er-set-senshukai-royal-pets-aus-den-60er-jahren-made-in-japan\/#primaryimage"},"image":{"@id":"https:\/\/kurato.ch\/product\/2er-set-senshukai-royal-pets-aus-den-60er-jahren-made-in-japan\/#primaryimage"},"thumbnailUrl":"https:\/\/kurato.ch\/wp-content\/uploads\/2025\/11\/2er-Set-Senshukai-Royal-Pets-aus-den-60er-Jahren-made-in-Japan-vintage-secondhand-gebraucht-schweiz-Instagram-Post.jpg","datePublished":"2025-11-20T18:40:22+00:00","description":"Entdecke Vintage M\u00f6bel & Dekoration \u27a4 2er Set Senshukai \"Royal Pets\" aus den 60er Jahren, made in Japan auf Kurato. \u2713Lieferung Schweiz \u271314-Tage R\u00fcckgabe \u2713Secondhand Unikat","breadcrumb":{"@id":"https:\/\/kurato.ch\/product\/2er-set-senshukai-royal-pets-aus-den-60er-jahren-made-in-japan\/#breadcrumb"},"inLanguage":"fr-FR","potentialAction":[{"@type":"ReadAction","target":["https:\/\/kurato.ch\/product\/2er-set-senshukai-royal-pets-aus-den-60er-jahren-made-in-japan\/"]}]},{"@type":"ImageObject","inLanguage":"fr-FR","@id":"https:\/\/kurato.ch\/product\/2er-set-senshukai-royal-pets-aus-den-60er-jahren-made-in-japan\/#primaryimage","url":"https:\/\/kurato.ch\/wp-content\/uploads\/2025\/11\/2er-Set-Senshukai-Royal-Pets-aus-den-60er-Jahren-made-in-Japan-vintage-secondhand-gebraucht-schweiz-Instagram-Post.jpg","contentUrl":"https:\/\/kurato.ch\/wp-content\/uploads\/2025\/11\/2er-Set-Senshukai-Royal-Pets-aus-den-60er-Jahren-made-in-Japan-vintage-secondhand-gebraucht-schweiz-Instagram-Post.jpg","width":810,"height":810,"caption":"2er Set Senshukai \"Royal Pets\" aus den 60er Jahren, made in Japan"},{"@type":"BreadcrumbList","@id":"https:\/\/kurato.ch\/product\/2er-set-senshukai-royal-pets-aus-den-60er-jahren-made-in-japan\/#breadcrumb","itemListElement":[{"@type":"ListItem","position":1,"name":"Home","item":"https:\/\/kurato.ch\/"},{"@type":"ListItem","position":2,"name":"Neuheiten","item":"https:\/\/kurato.ch\/neuheiten\/"},{"@type":"ListItem","position":3,"name":"2er Set Senshukai &#8222;Royal Pets&#8220; aus den 60er Jahren, made in Japan"}]},{"@type":"WebSite","@id":"https:\/\/kurato.ch\/#website","url":"https:\/\/kurato.ch\/","name":"Meubles vintage &amp; d\u00e9coration I Kurato","description":"Meubles vintage &amp; d\u00e9coration I Kurato","publisher":{"@id":"https:\/\/kurato.ch\/#organization"},"potentialAction":[{"@type":"SearchAction","target":{"@type":"EntryPoint","urlTemplate":"https:\/\/kurato.ch\/?s={search_term_string}"},"query-input":{"@type":"PropertyValueSpecification","valueRequired":true,"valueName":"search_term_string"}}],"inLanguage":"fr-FR"},{"@type":"Organization","@id":"https:\/\/kurato.ch\/#organization","name":"Kurato.","url":"https:\/\/kurato.ch\/","logo":{"@type":"ImageObject","inLanguage":"fr-FR","@id":"https:\/\/kurato.ch\/#\/schema\/logo\/image\/","url":"","contentUrl":"","caption":"Kurato."},"image":{"@id":"https:\/\/kurato.ch\/#\/schema\/logo\/image\/"},"sameAs":["https:\/\/www.facebook.com\/kuratoswitzerland","https:\/\/www.instagram.com\/kurato.ch\/","https:\/\/www.pinterest.ch\/kurato_ch\/_created\/"]}]}},"_links":{"self":[{"href":"https:\/\/kurato.ch\/fr\/wp-json\/wp\/v2\/product\/72196","targetHints":{"allow":["GET"]}}],"collection":[{"href":"https:\/\/kurato.ch\/fr\/wp-json\/wp\/v2\/product"}],"about":[{"href":"https:\/\/kurato.ch\/fr\/wp-json\/wp\/v2\/types\/product"}],"wp:featuredmedia":[{"embeddable":true,"href":"https:\/\/kurato.ch\/fr\/wp-json\/wp\/v2\/media\/72447"}],"wp:attachment":[{"href":"https:\/\/kurato.ch\/fr\/wp-json\/wp\/v2\/media?parent=72196"}],"wp:term":[{"taxonomy":"product_brand","embeddable":true,"href":"https:\/\/kurato.ch\/fr\/wp-json\/wp\/v2\/product_brand?post=72196"},{"taxonomy":"product_cat","embeddable":true,"href":"https:\/\/kurato.ch\/fr\/wp-json\/wp\/v2\/product_cat?post=72196"},{"taxonomy":"product_tag","embeddable":true,"href":"https:\/\/kurato.ch\/fr\/wp-json\/wp\/v2\/product_tag?post=72196"}],"curies":[{"name":"wp","href":"https:\/\/api.w.org\/{rel}","templated":true}]}}