{"id":72613,"date":"2026-01-20T14:18:22","date_gmt":"2026-01-20T12:18:22","guid":{"rendered":"https:\/\/kurato.ch\/fr\/?post_type=product&#038;p=72613"},"modified":"2026-01-20T14:18:24","modified_gmt":"2026-01-20T12:18:24","slug":"seltener-satz-von-3-grossen-handbemalten-chinesischen-porzellanfiguren-literat-beamter-kaiser-36-cm","status":"publish","type":"product","link":"https:\/\/kurato.ch\/fr\/product\/seltener-satz-von-3-grossen-handbemalten-chinesischen-porzellanfiguren-literat-beamter-kaiser-36-cm\/","title":{"rendered":"Seltener Satz von 3 gro\u00dfen handbemalten chinesischen Porzellanfiguren &#8211; Literat, Beamter &#038; Kaiser (36 cm)"},"content":{"rendered":"<p>Au\u00dfergew\u00f6hnliches Set von drei altchinesischen Figuren aus feinem handbemaltem Porzellan, die einen Gelehrten, einen kaiserlichen Offizier und einen Kaiser darstellen. Jedes St\u00fcck ist 36 cm hoch und zeichnet sich durch minuti\u00f6se Details, vibrierende Glasuren und zarte Goldh\u00f6hungen aus.<\/p>\n<p>Die St\u00fccke wurden zwischen den 1960er und 1980er Jahren in China hergestellt.<\/p>\n<p>Sie befinden sich in einem bemerkenswerten Vintage-Zustand, mit einem leichten, zeitbedingten Riss in der nat\u00fcrlichen Glasur. Ein komplettes &#8211; seltenes &#8211; Set mit harmonischen Farben und raffinierter k\u00fcnstlerischer Arbeit, ideal f\u00fcr Sammler asiatischer Kunst, Liebhaber von altem Porzellan oder anspruchsvollen Dekoren.<\/p>\n<p>Merkmale:<br \/>&#8211; Kompletter Satz mit drei Figuren (Literat, Beamter, Kaiser).<br \/>&#8211; Handbemaltes Porzellan, farbige Glasuren und vergoldete Details.<br \/>&#8211; H\u00f6he: jeweils 36 cm<br \/>&#8211; Zeitraum: ca. 1960-1980<br \/>&#8211; Marke \u201eMade in China\u201c.<br \/>&#8211; Private Sammlung<\/p>\n<p><br data-mce-bogus=\"1\"><\/p>","protected":false},"excerpt":{"rendered":"<p>Au\u00dfergew\u00f6hnliches Set von drei altchinesischen Figuren aus feinem handbemaltem Porzellan, die einen Gelehrten, einen kaiserlichen Offizier und einen Kaiser darstellen. Jedes St\u00fcck ist 36 cm hoch und zeichnet sich durch minuti\u00f6se Details, vibrierende Glasuren und zarte Goldh\u00f6hungen aus. Die St\u00fccke wurden zwischen den 1960er und 1980er Jahren in China hergestellt. Sie befinden sich in einem [&hellip;]<\/p>\n","protected":false},"featured_media":72749,"template":"","meta":{"_acf_changed":false,"site-sidebar-layout":"default","site-content-layout":"","ast-site-content-layout":"default","site-content-style":"default","site-sidebar-style":"default","ast-global-header-display":"","ast-banner-title-visibility":"","ast-main-header-display":"","ast-hfb-above-header-display":"","ast-hfb-below-header-display":"","ast-hfb-mobile-header-display":"","site-post-title":"","ast-breadcrumbs-content":"","ast-featured-img":"","footer-sml-layout":"","ast-disable-related-posts":"","theme-transparent-header-meta":"","adv-header-id-meta":"","stick-header-meta":"","header-above-stick-meta":"","header-main-stick-meta":"","header-below-stick-meta":"","astra-migrate-meta-layouts":"default","ast-page-background-enabled":"default","ast-page-background-meta":{"desktop":{"background-color":"","background-image":"","background-repeat":"repeat","background-position":"center center","background-size":"auto","background-attachment":"scroll","background-type":"","background-media":"","overlay-type":"","overlay-color":"","overlay-opacity":"","overlay-gradient":""},"tablet":{"background-color":"","background-image":"","background-repeat":"repeat","background-position":"center center","background-size":"auto","background-attachment":"scroll","background-type":"","background-media":"","overlay-type":"","overlay-color":"","overlay-opacity":"","overlay-gradient":""},"mobile":{"background-color":"","background-image":"","background-repeat":"repeat","background-position":"center center","background-size":"auto","background-attachment":"scroll","background-type":"","background-media":"","overlay-type":"","overlay-color":"","overlay-opacity":"","overlay-gradient":""}},"ast-content-background-meta":{"desktop":{"background-color":"var(--ast-global-color-5)","background-image":"","background-repeat":"repeat","background-position":"center center","background-size":"auto","background-attachment":"scroll","background-type":"","background-media":"","overlay-type":"","overlay-color":"","overlay-opacity":"","overlay-gradient":""},"tablet":{"background-color":"var(--ast-global-color-5)","background-image":"","background-repeat":"repeat","background-position":"center center","background-size":"auto","background-attachment":"scroll","background-type":"","background-media":"","overlay-type":"","overlay-color":"","overlay-opacity":"","overlay-gradient":""},"mobile":{"background-color":"var(--ast-global-color-5)","background-image":"","background-repeat":"repeat","background-position":"center center","background-size":"auto","background-attachment":"scroll","background-type":"","background-media":"","overlay-type":"","overlay-color":"","overlay-opacity":"","overlay-gradient":""}}},"product_brand":[],"product_cat":[125,117],"product_tag":[],"class_list":{"0":"post-72613","1":"product","2":"type-product","3":"status-publish","4":"has-post-thumbnail","6":"product_cat-vintage-plastiken","7":"product_cat-vintage-kunst","8":"pa_farbe-mehrfarbig","9":"pa_material-keramik","10":"pa_stil-vintage","11":"desktop-align-left","12":"tablet-align-left","13":"mobile-align-left","15":"first","16":"instock","17":"sold-individually","18":"shipping-taxable","19":"purchasable","20":"product-type-simple"},"acf":[],"yoast_head":"<!-- This site is optimized with the Yoast SEO plugin v27.4 - https:\/\/yoast.com\/product\/yoast-seo-wordpress\/ -->\n<title>Seltener Satz von 3 gro\u00dfen handbemalten chinesischen Porzellanfiguren - Literat, Beamter &amp; Kaiser (36 cm) | Vintage M\u00f6bel kaufen auf KURATO.CH<\/title>\n<meta name=\"description\" content=\"Entdecke Vintage M\u00f6bel &amp; Dekoration \u27a4 Seltener Satz von 3 gro\u00dfen handbemalten chinesischen Porzellanfiguren - Literat, Beamter &amp; Kaiser (36 cm) auf Kurato. \u2713Lieferung Schweiz \u271314-Tage R\u00fcckgabe \u2713Secondhand Unikat\" \/>\n<meta name=\"robots\" content=\"index, follow, max-snippet:-1, max-image-preview:large, max-video-preview:-1\" \/>\n<link rel=\"canonical\" href=\"https:\/\/kurato.ch\/fr\/product\/seltener-satz-von-3-grossen-handbemalten-chinesischen-porzellanfiguren-literat-beamter-kaiser-36-cm\/\" \/>\n<meta property=\"og:locale\" content=\"fr_FR\" \/>\n<meta property=\"og:type\" content=\"article\" \/>\n<meta property=\"og:title\" content=\"Seltener Satz von 3 gro\u00dfen handbemalten chinesischen Porzellanfiguren - Literat, Beamter &amp; Kaiser (36 cm) | Vintage M\u00f6bel kaufen auf KURATO.CH\" \/>\n<meta property=\"og:description\" content=\"Entdecke Vintage M\u00f6bel &amp; Dekoration \u27a4 Seltener Satz von 3 gro\u00dfen handbemalten chinesischen Porzellanfiguren - Literat, Beamter &amp; Kaiser (36 cm) auf Kurato. \u2713Lieferung Schweiz \u271314-Tage R\u00fcckgabe \u2713Secondhand Unikat\" \/>\n<meta property=\"og:url\" content=\"https:\/\/kurato.ch\/fr\/product\/seltener-satz-von-3-grossen-handbemalten-chinesischen-porzellanfiguren-literat-beamter-kaiser-36-cm\/\" \/>\n<meta property=\"og:site_name\" content=\"Vintage M\u00f6bel &amp; Dekoration I Kurato\" \/>\n<meta property=\"article:publisher\" content=\"https:\/\/www.facebook.com\/kuratoswitzerland\" \/>\n<meta property=\"article:modified_time\" content=\"2026-01-20T12:18:24+00:00\" \/>\n<meta property=\"og:image\" content=\"https:\/\/kurato.ch\/wp-content\/uploads\/2026\/01\/Seltener-Satz-von-3-grossen-handbemalten-chinesischen-Porzellanfiguren-Literat-Beamter-Kaiser-36-cm-vintage-secondhand-gebraucht-schweiz-Instagram-Post.jpg\" \/>\n\t<meta property=\"og:image:width\" content=\"810\" \/>\n\t<meta property=\"og:image:height\" content=\"810\" \/>\n\t<meta property=\"og:image:type\" content=\"image\/jpeg\" \/>\n<meta name=\"twitter:label1\" content=\"Dur\u00e9e de lecture estim\u00e9e\" \/>\n\t<meta name=\"twitter:data1\" content=\"1 minute\" \/>\n<script type=\"application\/ld+json\" class=\"yoast-schema-graph\">{\"@context\":\"https:\\\/\\\/schema.org\",\"@graph\":[{\"@type\":\"WebPage\",\"@id\":\"https:\\\/\\\/kurato.ch\\\/product\\\/seltener-satz-von-3-grossen-handbemalten-chinesischen-porzellanfiguren-literat-beamter-kaiser-36-cm\\\/\",\"url\":\"https:\\\/\\\/kurato.ch\\\/product\\\/seltener-satz-von-3-grossen-handbemalten-chinesischen-porzellanfiguren-literat-beamter-kaiser-36-cm\\\/\",\"name\":\"Seltener Satz von 3 gro\u00dfen handbemalten chinesischen Porzellanfiguren - Literat, Beamter & Kaiser (36 cm) | Vintage M\u00f6bel kaufen auf KURATO.CH\",\"isPartOf\":{\"@id\":\"https:\\\/\\\/kurato.ch\\\/#website\"},\"primaryImageOfPage\":{\"@id\":\"https:\\\/\\\/kurato.ch\\\/product\\\/seltener-satz-von-3-grossen-handbemalten-chinesischen-porzellanfiguren-literat-beamter-kaiser-36-cm\\\/#primaryimage\"},\"image\":{\"@id\":\"https:\\\/\\\/kurato.ch\\\/product\\\/seltener-satz-von-3-grossen-handbemalten-chinesischen-porzellanfiguren-literat-beamter-kaiser-36-cm\\\/#primaryimage\"},\"thumbnailUrl\":\"https:\\\/\\\/kurato.ch\\\/wp-content\\\/uploads\\\/2026\\\/01\\\/Seltener-Satz-von-3-grossen-handbemalten-chinesischen-Porzellanfiguren-Literat-Beamter-Kaiser-36-cm-vintage-secondhand-gebraucht-schweiz-Instagram-Post.jpg\",\"datePublished\":\"2026-01-20T12:18:22+00:00\",\"dateModified\":\"2026-01-20T12:18:24+00:00\",\"description\":\"Entdecke Vintage M\u00f6bel & Dekoration \u27a4 Seltener Satz von 3 gro\u00dfen handbemalten chinesischen Porzellanfiguren - Literat, Beamter & Kaiser (36 cm) auf Kurato. \u2713Lieferung Schweiz \u271314-Tage R\u00fcckgabe \u2713Secondhand Unikat\",\"breadcrumb\":{\"@id\":\"https:\\\/\\\/kurato.ch\\\/product\\\/seltener-satz-von-3-grossen-handbemalten-chinesischen-porzellanfiguren-literat-beamter-kaiser-36-cm\\\/#breadcrumb\"},\"inLanguage\":\"fr-FR\",\"potentialAction\":[{\"@type\":\"ReadAction\",\"target\":[\"https:\\\/\\\/kurato.ch\\\/product\\\/seltener-satz-von-3-grossen-handbemalten-chinesischen-porzellanfiguren-literat-beamter-kaiser-36-cm\\\/\"]}]},{\"@type\":\"ImageObject\",\"inLanguage\":\"fr-FR\",\"@id\":\"https:\\\/\\\/kurato.ch\\\/product\\\/seltener-satz-von-3-grossen-handbemalten-chinesischen-porzellanfiguren-literat-beamter-kaiser-36-cm\\\/#primaryimage\",\"url\":\"https:\\\/\\\/kurato.ch\\\/wp-content\\\/uploads\\\/2026\\\/01\\\/Seltener-Satz-von-3-grossen-handbemalten-chinesischen-Porzellanfiguren-Literat-Beamter-Kaiser-36-cm-vintage-secondhand-gebraucht-schweiz-Instagram-Post.jpg\",\"contentUrl\":\"https:\\\/\\\/kurato.ch\\\/wp-content\\\/uploads\\\/2026\\\/01\\\/Seltener-Satz-von-3-grossen-handbemalten-chinesischen-Porzellanfiguren-Literat-Beamter-Kaiser-36-cm-vintage-secondhand-gebraucht-schweiz-Instagram-Post.jpg\",\"width\":810,\"height\":810,\"caption\":\"Seltener Satz von 3 gro\u00dfen handbemalten chinesischen Porzellanfiguren - Literat, Beamter & Kaiser (36 cm)\"},{\"@type\":\"BreadcrumbList\",\"@id\":\"https:\\\/\\\/kurato.ch\\\/product\\\/seltener-satz-von-3-grossen-handbemalten-chinesischen-porzellanfiguren-literat-beamter-kaiser-36-cm\\\/#breadcrumb\",\"itemListElement\":[{\"@type\":\"ListItem\",\"position\":1,\"name\":\"Home\",\"item\":\"https:\\\/\\\/kurato.ch\\\/\"},{\"@type\":\"ListItem\",\"position\":2,\"name\":\"Neuheiten\",\"item\":\"https:\\\/\\\/kurato.ch\\\/neuheiten\\\/\"},{\"@type\":\"ListItem\",\"position\":3,\"name\":\"Seltener Satz von 3 gro\u00dfen handbemalten chinesischen Porzellanfiguren &#8211; Literat, Beamter &#038; Kaiser (36 cm)\"}]},{\"@type\":\"WebSite\",\"@id\":\"https:\\\/\\\/kurato.ch\\\/#website\",\"url\":\"https:\\\/\\\/kurato.ch\\\/\",\"name\":\"Vintage M\u00f6bel &amp; Dekoration I Kurato\",\"description\":\"Vintage M\u00f6bel &amp; Dekoration I Kurato\",\"publisher\":{\"@id\":\"https:\\\/\\\/kurato.ch\\\/#organization\"},\"potentialAction\":[{\"@type\":\"SearchAction\",\"target\":{\"@type\":\"EntryPoint\",\"urlTemplate\":\"https:\\\/\\\/kurato.ch\\\/?s={search_term_string}\"},\"query-input\":{\"@type\":\"PropertyValueSpecification\",\"valueRequired\":true,\"valueName\":\"search_term_string\"}}],\"inLanguage\":\"fr-FR\"},{\"@type\":\"Organization\",\"@id\":\"https:\\\/\\\/kurato.ch\\\/#organization\",\"name\":\"Kurato.\",\"url\":\"https:\\\/\\\/kurato.ch\\\/\",\"logo\":{\"@type\":\"ImageObject\",\"inLanguage\":\"fr-FR\",\"@id\":\"https:\\\/\\\/kurato.ch\\\/#\\\/schema\\\/logo\\\/image\\\/\",\"url\":\"\",\"contentUrl\":\"\",\"caption\":\"Kurato.\"},\"image\":{\"@id\":\"https:\\\/\\\/kurato.ch\\\/#\\\/schema\\\/logo\\\/image\\\/\"},\"sameAs\":[\"https:\\\/\\\/www.facebook.com\\\/kuratoswitzerland\",\"https:\\\/\\\/www.instagram.com\\\/kurato.ch\\\/\",\"https:\\\/\\\/www.pinterest.ch\\\/kurato_ch\\\/_created\\\/\"]}]}<\/script>\n<!-- \/ Yoast SEO plugin. -->","yoast_head_json":{"title":"Seltener Satz von 3 gro\u00dfen handbemalten chinesischen Porzellanfiguren - Literat, Beamter & Kaiser (36 cm) | Vintage M\u00f6bel kaufen auf KURATO.CH","description":"Entdecke Vintage M\u00f6bel & Dekoration \u27a4 Seltener Satz von 3 gro\u00dfen handbemalten chinesischen Porzellanfiguren - Literat, Beamter & Kaiser (36 cm) auf Kurato. \u2713Lieferung Schweiz \u271314-Tage R\u00fcckgabe \u2713Secondhand Unikat","robots":{"index":"index","follow":"follow","max-snippet":"max-snippet:-1","max-image-preview":"max-image-preview:large","max-video-preview":"max-video-preview:-1"},"canonical":"https:\/\/kurato.ch\/fr\/product\/seltener-satz-von-3-grossen-handbemalten-chinesischen-porzellanfiguren-literat-beamter-kaiser-36-cm\/","og_locale":"fr_FR","og_type":"article","og_title":"Seltener Satz von 3 gro\u00dfen handbemalten chinesischen Porzellanfiguren - Literat, Beamter & Kaiser (36 cm) | Vintage M\u00f6bel kaufen auf KURATO.CH","og_description":"Entdecke Vintage M\u00f6bel & Dekoration \u27a4 Seltener Satz von 3 gro\u00dfen handbemalten chinesischen Porzellanfiguren - Literat, Beamter & Kaiser (36 cm) auf Kurato. \u2713Lieferung Schweiz \u271314-Tage R\u00fcckgabe \u2713Secondhand Unikat","og_url":"https:\/\/kurato.ch\/fr\/product\/seltener-satz-von-3-grossen-handbemalten-chinesischen-porzellanfiguren-literat-beamter-kaiser-36-cm\/","og_site_name":"Vintage M\u00f6bel &amp; Dekoration I Kurato","article_publisher":"https:\/\/www.facebook.com\/kuratoswitzerland","article_modified_time":"2026-01-20T12:18:24+00:00","og_image":[{"width":810,"height":810,"url":"https:\/\/kurato.ch\/wp-content\/uploads\/2026\/01\/Seltener-Satz-von-3-grossen-handbemalten-chinesischen-Porzellanfiguren-Literat-Beamter-Kaiser-36-cm-vintage-secondhand-gebraucht-schweiz-Instagram-Post.jpg","type":"image\/jpeg"}],"twitter_misc":{"Dur\u00e9e de lecture estim\u00e9e":"1 minute"},"schema":{"@context":"https:\/\/schema.org","@graph":[{"@type":"WebPage","@id":"https:\/\/kurato.ch\/product\/seltener-satz-von-3-grossen-handbemalten-chinesischen-porzellanfiguren-literat-beamter-kaiser-36-cm\/","url":"https:\/\/kurato.ch\/product\/seltener-satz-von-3-grossen-handbemalten-chinesischen-porzellanfiguren-literat-beamter-kaiser-36-cm\/","name":"Seltener Satz von 3 gro\u00dfen handbemalten chinesischen Porzellanfiguren - Literat, Beamter & Kaiser (36 cm) | Vintage M\u00f6bel kaufen auf KURATO.CH","isPartOf":{"@id":"https:\/\/kurato.ch\/#website"},"primaryImageOfPage":{"@id":"https:\/\/kurato.ch\/product\/seltener-satz-von-3-grossen-handbemalten-chinesischen-porzellanfiguren-literat-beamter-kaiser-36-cm\/#primaryimage"},"image":{"@id":"https:\/\/kurato.ch\/product\/seltener-satz-von-3-grossen-handbemalten-chinesischen-porzellanfiguren-literat-beamter-kaiser-36-cm\/#primaryimage"},"thumbnailUrl":"https:\/\/kurato.ch\/wp-content\/uploads\/2026\/01\/Seltener-Satz-von-3-grossen-handbemalten-chinesischen-Porzellanfiguren-Literat-Beamter-Kaiser-36-cm-vintage-secondhand-gebraucht-schweiz-Instagram-Post.jpg","datePublished":"2026-01-20T12:18:22+00:00","dateModified":"2026-01-20T12:18:24+00:00","description":"Entdecke Vintage M\u00f6bel & Dekoration \u27a4 Seltener Satz von 3 gro\u00dfen handbemalten chinesischen Porzellanfiguren - Literat, Beamter & Kaiser (36 cm) auf Kurato. \u2713Lieferung Schweiz \u271314-Tage R\u00fcckgabe \u2713Secondhand Unikat","breadcrumb":{"@id":"https:\/\/kurato.ch\/product\/seltener-satz-von-3-grossen-handbemalten-chinesischen-porzellanfiguren-literat-beamter-kaiser-36-cm\/#breadcrumb"},"inLanguage":"fr-FR","potentialAction":[{"@type":"ReadAction","target":["https:\/\/kurato.ch\/product\/seltener-satz-von-3-grossen-handbemalten-chinesischen-porzellanfiguren-literat-beamter-kaiser-36-cm\/"]}]},{"@type":"ImageObject","inLanguage":"fr-FR","@id":"https:\/\/kurato.ch\/product\/seltener-satz-von-3-grossen-handbemalten-chinesischen-porzellanfiguren-literat-beamter-kaiser-36-cm\/#primaryimage","url":"https:\/\/kurato.ch\/wp-content\/uploads\/2026\/01\/Seltener-Satz-von-3-grossen-handbemalten-chinesischen-Porzellanfiguren-Literat-Beamter-Kaiser-36-cm-vintage-secondhand-gebraucht-schweiz-Instagram-Post.jpg","contentUrl":"https:\/\/kurato.ch\/wp-content\/uploads\/2026\/01\/Seltener-Satz-von-3-grossen-handbemalten-chinesischen-Porzellanfiguren-Literat-Beamter-Kaiser-36-cm-vintage-secondhand-gebraucht-schweiz-Instagram-Post.jpg","width":810,"height":810,"caption":"Seltener Satz von 3 gro\u00dfen handbemalten chinesischen Porzellanfiguren - Literat, Beamter & Kaiser (36 cm)"},{"@type":"BreadcrumbList","@id":"https:\/\/kurato.ch\/product\/seltener-satz-von-3-grossen-handbemalten-chinesischen-porzellanfiguren-literat-beamter-kaiser-36-cm\/#breadcrumb","itemListElement":[{"@type":"ListItem","position":1,"name":"Home","item":"https:\/\/kurato.ch\/"},{"@type":"ListItem","position":2,"name":"Neuheiten","item":"https:\/\/kurato.ch\/neuheiten\/"},{"@type":"ListItem","position":3,"name":"Seltener Satz von 3 gro\u00dfen handbemalten chinesischen Porzellanfiguren &#8211; Literat, Beamter &#038; Kaiser (36 cm)"}]},{"@type":"WebSite","@id":"https:\/\/kurato.ch\/#website","url":"https:\/\/kurato.ch\/","name":"Meubles vintage &amp; d\u00e9coration I Kurato","description":"Meubles vintage &amp; d\u00e9coration I Kurato","publisher":{"@id":"https:\/\/kurato.ch\/#organization"},"potentialAction":[{"@type":"SearchAction","target":{"@type":"EntryPoint","urlTemplate":"https:\/\/kurato.ch\/?s={search_term_string}"},"query-input":{"@type":"PropertyValueSpecification","valueRequired":true,"valueName":"search_term_string"}}],"inLanguage":"fr-FR"},{"@type":"Organization","@id":"https:\/\/kurato.ch\/#organization","name":"Kurato.","url":"https:\/\/kurato.ch\/","logo":{"@type":"ImageObject","inLanguage":"fr-FR","@id":"https:\/\/kurato.ch\/#\/schema\/logo\/image\/","url":"","contentUrl":"","caption":"Kurato."},"image":{"@id":"https:\/\/kurato.ch\/#\/schema\/logo\/image\/"},"sameAs":["https:\/\/www.facebook.com\/kuratoswitzerland","https:\/\/www.instagram.com\/kurato.ch\/","https:\/\/www.pinterest.ch\/kurato_ch\/_created\/"]}]}},"_links":{"self":[{"href":"https:\/\/kurato.ch\/fr\/wp-json\/wp\/v2\/product\/72613","targetHints":{"allow":["GET"]}}],"collection":[{"href":"https:\/\/kurato.ch\/fr\/wp-json\/wp\/v2\/product"}],"about":[{"href":"https:\/\/kurato.ch\/fr\/wp-json\/wp\/v2\/types\/product"}],"wp:featuredmedia":[{"embeddable":true,"href":"https:\/\/kurato.ch\/fr\/wp-json\/wp\/v2\/media\/72749"}],"wp:attachment":[{"href":"https:\/\/kurato.ch\/fr\/wp-json\/wp\/v2\/media?parent=72613"}],"wp:term":[{"taxonomy":"product_brand","embeddable":true,"href":"https:\/\/kurato.ch\/fr\/wp-json\/wp\/v2\/product_brand?post=72613"},{"taxonomy":"product_cat","embeddable":true,"href":"https:\/\/kurato.ch\/fr\/wp-json\/wp\/v2\/product_cat?post=72613"},{"taxonomy":"product_tag","embeddable":true,"href":"https:\/\/kurato.ch\/fr\/wp-json\/wp\/v2\/product_tag?post=72613"}],"curies":[{"name":"wp","href":"https:\/\/api.w.org\/{rel}","templated":true}]}}