{"id":72771,"date":"2026-01-26T17:56:43","date_gmt":"2026-01-26T15:56:43","guid":{"rendered":"https:\/\/kurato.ch\/?post_type=product&#038;p=72771"},"modified":"2026-01-26T17:56:44","modified_gmt":"2026-01-26T15:56:44","slug":"sonderedition-der-marcel-breuer-liege-1096-von-anzelmo-aducci-fuer-officina-del-metallo-1990er-jahre","status":"publish","type":"product","link":"https:\/\/kurato.ch\/fr\/product\/sonderedition-der-marcel-breuer-liege-1096-von-anzelmo-aducci-fuer-officina-del-metallo-1990er-jahre\/","title":{"rendered":"Sonderedition der Marcel Breuer Liege 1096 von Anzelmo Aducci f\u00fcr Officina del Metallo, 1990er Jahre"},"content":{"rendered":"<p>Diese aussergew\u00f6hnliche Liege basiert auf dem ikonischen Modell 1096, das Marcel Breuer 1933 entwarf und von der Schweizer Firma Embru in R\u00fcti in Serie gebracht wurde. Der italienische Kunstschmied und Designer Anzelmo Aducci fertigte mit seiner Officina del Metallo eine streng limitierte (nur 10 St\u00fcck) Sonderedition nach den originalen Embru-Pl\u00e4nen \u2013 technisch wie formal vollst\u00e4ndig dem historischen Vorbild verpflichtet, jedoch mit edlen Materialien neu interpretiert. Die charakteristischen Alu-Auflageb\u00e4nder wurden dabei mit dunkelgrauem Kernleder eingefasst, w\u00e4hrend die urspr\u00fcnglich schwarz lackierten Armlehnen durch geschmeidig geformte Elemente aus massivem Nussbaum ersetzt wurden. Das Resultat ist eine beeindruckend pr\u00e4zise, modern anmutende Neuauflage, die die funktionale Stahlrohr-\u00c4sthetik Breuers respektvoll weiterdenkt und eine seltene Synthese aus Schweizer Moderne und italienischem Handwerk bildet.<\/p>\n<p>Zustand: Sehr gepflegt mit nur oberfl\u00e4chlichen alters- und nutzungsbedingten Spuren an Leder und Metall. Das Nussbaumholz zeigt eine sch\u00f6ne warme Patina. Vollst\u00e4ndig stabil, technisch einwandfrei.<\/p>\n<p>Artikelnummer: 15301<br \/>Masse: L130 \u00d7 B53 \u00d7 H82 cm<br \/>Sitzh\u00f6he 18 cm<br \/>Armlehnenh\u00f6he 43 cm<\/p>\n<p><br data-mce-bogus=\"1\"><\/p>\n<p><strong>Vous souhaitez recevoir l'article chez vous ?<\/strong><\/p>\n<p>Contactez le service client\u00e8le de Kurato <a href=\"mailto:hello@kurato.ch\" data-mce-href=\"mailto:hello@kurato.ch\"><strong>hello@kurato.ch<\/strong><\/a> et demandez une offre de livraison personnalis\u00e9e.<\/p>","protected":false},"excerpt":{"rendered":"<p>Diese aussergew\u00f6hnliche Liege basiert auf dem ikonischen Modell 1096, das Marcel Breuer 1933 entwarf und von der Schweizer Firma Embru in R\u00fcti in Serie gebracht wurde. Der italienische Kunstschmied und Designer Anzelmo Aducci fertigte mit seiner Officina del Metallo eine streng limitierte (nur 10 St\u00fcck) Sonderedition nach den originalen Embru-Pl\u00e4nen \u2013 technisch wie formal vollst\u00e4ndig [&hellip;]<\/p>\n","protected":false},"featured_media":72840,"template":"","meta":{"_acf_changed":false,"site-sidebar-layout":"default","site-content-layout":"","ast-site-content-layout":"default","site-content-style":"default","site-sidebar-style":"default","ast-global-header-display":"","ast-banner-title-visibility":"","ast-main-header-display":"","ast-hfb-above-header-display":"","ast-hfb-below-header-display":"","ast-hfb-mobile-header-display":"","site-post-title":"","ast-breadcrumbs-content":"","ast-featured-img":"","footer-sml-layout":"","ast-disable-related-posts":"","theme-transparent-header-meta":"","adv-header-id-meta":"","stick-header-meta":"","header-above-stick-meta":"","header-main-stick-meta":"","header-below-stick-meta":"","astra-migrate-meta-layouts":"default","ast-page-background-enabled":"default","ast-page-background-meta":{"desktop":{"background-color":"","background-image":"","background-repeat":"repeat","background-position":"center center","background-size":"auto","background-attachment":"scroll","background-type":"","background-media":"","overlay-type":"","overlay-color":"","overlay-opacity":"","overlay-gradient":""},"tablet":{"background-color":"","background-image":"","background-repeat":"repeat","background-position":"center center","background-size":"auto","background-attachment":"scroll","background-type":"","background-media":"","overlay-type":"","overlay-color":"","overlay-opacity":"","overlay-gradient":""},"mobile":{"background-color":"","background-image":"","background-repeat":"repeat","background-position":"center center","background-size":"auto","background-attachment":"scroll","background-type":"","background-media":"","overlay-type":"","overlay-color":"","overlay-opacity":"","overlay-gradient":""}},"ast-content-background-meta":{"desktop":{"background-color":"var(--ast-global-color-5)","background-image":"","background-repeat":"repeat","background-position":"center center","background-size":"auto","background-attachment":"scroll","background-type":"","background-media":"","overlay-type":"","overlay-color":"","overlay-opacity":"","overlay-gradient":""},"tablet":{"background-color":"var(--ast-global-color-5)","background-image":"","background-repeat":"repeat","background-position":"center center","background-size":"auto","background-attachment":"scroll","background-type":"","background-media":"","overlay-type":"","overlay-color":"","overlay-opacity":"","overlay-gradient":""},"mobile":{"background-color":"var(--ast-global-color-5)","background-image":"","background-repeat":"repeat","background-position":"center center","background-size":"auto","background-attachment":"scroll","background-type":"","background-media":"","overlay-type":"","overlay-color":"","overlay-opacity":"","overlay-gradient":""}}},"product_brand":[],"product_cat":[152,148],"product_tag":[],"class_list":{"0":"post-72771","1":"product","2":"type-product","3":"status-publish","4":"has-post-thumbnail","6":"product_cat-vintage-sessel-liege","7":"product_cat-vintage-sitzmoebel","8":"pa_designer-breuer-marcel","9":"pa_designer-embru","10":"pa_farbe-schwarz","11":"pa_material-chromstahl","12":"pa_material-leder","13":"pa_stil-design","14":"desktop-align-left","15":"tablet-align-left","16":"mobile-align-left","18":"first","19":"instock","20":"sold-individually","21":"shipping-taxable","22":"purchasable","23":"product-type-simple"},"acf":[],"yoast_head":"<!-- This site is optimized with the Yoast SEO plugin v27.6 - https:\/\/yoast.com\/product\/yoast-seo-wordpress\/ -->\n<title>Sonderedition der Marcel Breuer Liege 1096 von Anzelmo Aducci f\u00fcr Officina del Metallo, 1990er Jahre | Vintage M\u00f6bel kaufen auf KURATO.CH<\/title>\n<meta name=\"description\" content=\"Entdecke Vintage M\u00f6bel &amp; Dekoration \u27a4 Sonderedition der Marcel Breuer Liege 1096 von Anzelmo Aducci f\u00fcr Officina del Metallo, 1990er Jahre auf Kurato. \u2713Lieferung Schweiz \u271314-Tage R\u00fcckgabe \u2713Secondhand Unikat\" \/>\n<meta name=\"robots\" content=\"index, follow, max-snippet:-1, max-image-preview:large, max-video-preview:-1\" \/>\n<link rel=\"canonical\" href=\"https:\/\/kurato.ch\/fr\/product\/sonderedition-der-marcel-breuer-liege-1096-von-anzelmo-aducci-fuer-officina-del-metallo-1990er-jahre\/\" \/>\n<meta property=\"og:locale\" content=\"fr_FR\" \/>\n<meta property=\"og:type\" content=\"article\" \/>\n<meta property=\"og:title\" content=\"Sonderedition der Marcel Breuer Liege 1096 von Anzelmo Aducci f\u00fcr Officina del Metallo, 1990er Jahre | Vintage M\u00f6bel kaufen auf KURATO.CH\" \/>\n<meta property=\"og:description\" content=\"Entdecke Vintage M\u00f6bel &amp; Dekoration \u27a4 Sonderedition der Marcel Breuer Liege 1096 von Anzelmo Aducci f\u00fcr Officina del Metallo, 1990er Jahre auf Kurato. \u2713Lieferung Schweiz \u271314-Tage R\u00fcckgabe \u2713Secondhand Unikat\" \/>\n<meta property=\"og:url\" content=\"https:\/\/kurato.ch\/fr\/product\/sonderedition-der-marcel-breuer-liege-1096-von-anzelmo-aducci-fuer-officina-del-metallo-1990er-jahre\/\" \/>\n<meta property=\"og:site_name\" content=\"Vintage M\u00f6bel &amp; Dekoration I Kurato\" \/>\n<meta property=\"article:publisher\" content=\"https:\/\/www.facebook.com\/kuratoswitzerland\" \/>\n<meta property=\"article:modified_time\" content=\"2026-01-26T15:56:44+00:00\" \/>\n<meta property=\"og:image\" content=\"https:\/\/kurato.ch\/wp-content\/uploads\/2026\/01\/Sonderedition-der-Marcel-Breuer-Liege-1096-von-Anzelmo-Aducci-fuer-Officina-del-Metallo-1990er-Jahre-vintage-secondhand-gebraucht-schweiz-Instagram-Post.jpg\" \/>\n\t<meta property=\"og:image:width\" content=\"810\" \/>\n\t<meta property=\"og:image:height\" content=\"810\" \/>\n\t<meta property=\"og:image:type\" content=\"image\/jpeg\" \/>\n<meta name=\"twitter:label1\" content=\"Dur\u00e9e de lecture estim\u00e9e\" \/>\n\t<meta name=\"twitter:data1\" content=\"1 minute\" \/>\n<script type=\"application\/ld+json\" class=\"yoast-schema-graph\">{\"@context\":\"https:\\\/\\\/schema.org\",\"@graph\":[{\"@type\":\"WebPage\",\"@id\":\"https:\\\/\\\/kurato.ch\\\/product\\\/sonderedition-der-marcel-breuer-liege-1096-von-anzelmo-aducci-fuer-officina-del-metallo-1990er-jahre\\\/\",\"url\":\"https:\\\/\\\/kurato.ch\\\/product\\\/sonderedition-der-marcel-breuer-liege-1096-von-anzelmo-aducci-fuer-officina-del-metallo-1990er-jahre\\\/\",\"name\":\"Sonderedition der Marcel Breuer Liege 1096 von Anzelmo Aducci f\u00fcr Officina del Metallo, 1990er Jahre | Vintage M\u00f6bel kaufen auf KURATO.CH\",\"isPartOf\":{\"@id\":\"https:\\\/\\\/kurato.ch\\\/#website\"},\"primaryImageOfPage\":{\"@id\":\"https:\\\/\\\/kurato.ch\\\/product\\\/sonderedition-der-marcel-breuer-liege-1096-von-anzelmo-aducci-fuer-officina-del-metallo-1990er-jahre\\\/#primaryimage\"},\"image\":{\"@id\":\"https:\\\/\\\/kurato.ch\\\/product\\\/sonderedition-der-marcel-breuer-liege-1096-von-anzelmo-aducci-fuer-officina-del-metallo-1990er-jahre\\\/#primaryimage\"},\"thumbnailUrl\":\"https:\\\/\\\/kurato.ch\\\/wp-content\\\/uploads\\\/2026\\\/01\\\/Sonderedition-der-Marcel-Breuer-Liege-1096-von-Anzelmo-Aducci-fuer-Officina-del-Metallo-1990er-Jahre-vintage-secondhand-gebraucht-schweiz-Instagram-Post.jpg\",\"datePublished\":\"2026-01-26T15:56:43+00:00\",\"dateModified\":\"2026-01-26T15:56:44+00:00\",\"description\":\"Entdecke Vintage M\u00f6bel & Dekoration \u27a4 Sonderedition der Marcel Breuer Liege 1096 von Anzelmo Aducci f\u00fcr Officina del Metallo, 1990er Jahre auf Kurato. \u2713Lieferung Schweiz \u271314-Tage R\u00fcckgabe \u2713Secondhand Unikat\",\"breadcrumb\":{\"@id\":\"https:\\\/\\\/kurato.ch\\\/product\\\/sonderedition-der-marcel-breuer-liege-1096-von-anzelmo-aducci-fuer-officina-del-metallo-1990er-jahre\\\/#breadcrumb\"},\"inLanguage\":\"fr-FR\",\"potentialAction\":[{\"@type\":\"ReadAction\",\"target\":[\"https:\\\/\\\/kurato.ch\\\/product\\\/sonderedition-der-marcel-breuer-liege-1096-von-anzelmo-aducci-fuer-officina-del-metallo-1990er-jahre\\\/\"]}]},{\"@type\":\"ImageObject\",\"inLanguage\":\"fr-FR\",\"@id\":\"https:\\\/\\\/kurato.ch\\\/product\\\/sonderedition-der-marcel-breuer-liege-1096-von-anzelmo-aducci-fuer-officina-del-metallo-1990er-jahre\\\/#primaryimage\",\"url\":\"https:\\\/\\\/kurato.ch\\\/wp-content\\\/uploads\\\/2026\\\/01\\\/Sonderedition-der-Marcel-Breuer-Liege-1096-von-Anzelmo-Aducci-fuer-Officina-del-Metallo-1990er-Jahre-vintage-secondhand-gebraucht-schweiz-Instagram-Post.jpg\",\"contentUrl\":\"https:\\\/\\\/kurato.ch\\\/wp-content\\\/uploads\\\/2026\\\/01\\\/Sonderedition-der-Marcel-Breuer-Liege-1096-von-Anzelmo-Aducci-fuer-Officina-del-Metallo-1990er-Jahre-vintage-secondhand-gebraucht-schweiz-Instagram-Post.jpg\",\"width\":810,\"height\":810,\"caption\":\"Sonderedition der Marcel Breuer Liege 1096 von Anzelmo Aducci f\u00fcr Officina del Metallo, 1990er Jahre\"},{\"@type\":\"BreadcrumbList\",\"@id\":\"https:\\\/\\\/kurato.ch\\\/product\\\/sonderedition-der-marcel-breuer-liege-1096-von-anzelmo-aducci-fuer-officina-del-metallo-1990er-jahre\\\/#breadcrumb\",\"itemListElement\":[{\"@type\":\"ListItem\",\"position\":1,\"name\":\"Home\",\"item\":\"https:\\\/\\\/kurato.ch\\\/\"},{\"@type\":\"ListItem\",\"position\":2,\"name\":\"Neuheiten\",\"item\":\"https:\\\/\\\/kurato.ch\\\/neuheiten\\\/\"},{\"@type\":\"ListItem\",\"position\":3,\"name\":\"Sonderedition der Marcel Breuer Liege 1096 von Anzelmo Aducci f\u00fcr Officina del Metallo, 1990er Jahre\"}]},{\"@type\":\"WebSite\",\"@id\":\"https:\\\/\\\/kurato.ch\\\/#website\",\"url\":\"https:\\\/\\\/kurato.ch\\\/\",\"name\":\"Vintage M\u00f6bel &amp; Dekoration I Kurato\",\"description\":\"Vintage M\u00f6bel &amp; Dekoration I Kurato\",\"publisher\":{\"@id\":\"https:\\\/\\\/kurato.ch\\\/#organization\"},\"potentialAction\":[{\"@type\":\"SearchAction\",\"target\":{\"@type\":\"EntryPoint\",\"urlTemplate\":\"https:\\\/\\\/kurato.ch\\\/?s={search_term_string}\"},\"query-input\":{\"@type\":\"PropertyValueSpecification\",\"valueRequired\":true,\"valueName\":\"search_term_string\"}}],\"inLanguage\":\"fr-FR\"},{\"@type\":\"Organization\",\"@id\":\"https:\\\/\\\/kurato.ch\\\/#organization\",\"name\":\"Kurato.\",\"url\":\"https:\\\/\\\/kurato.ch\\\/\",\"logo\":{\"@type\":\"ImageObject\",\"inLanguage\":\"fr-FR\",\"@id\":\"https:\\\/\\\/kurato.ch\\\/#\\\/schema\\\/logo\\\/image\\\/\",\"url\":\"\",\"contentUrl\":\"\",\"caption\":\"Kurato.\"},\"image\":{\"@id\":\"https:\\\/\\\/kurato.ch\\\/#\\\/schema\\\/logo\\\/image\\\/\"},\"sameAs\":[\"https:\\\/\\\/www.facebook.com\\\/kuratoswitzerland\",\"https:\\\/\\\/www.instagram.com\\\/kurato.ch\\\/\",\"https:\\\/\\\/www.pinterest.ch\\\/kurato_ch\\\/_created\\\/\"]}]}<\/script>\n<!-- \/ Yoast SEO plugin. -->","yoast_head_json":{"title":"Sonderedition der Marcel Breuer Liege 1096 von Anzelmo Aducci f\u00fcr Officina del Metallo, 1990er Jahre | Vintage M\u00f6bel kaufen auf KURATO.CH","description":"Entdecke Vintage M\u00f6bel & Dekoration \u27a4 Sonderedition der Marcel Breuer Liege 1096 von Anzelmo Aducci f\u00fcr Officina del Metallo, 1990er Jahre auf Kurato. \u2713Lieferung Schweiz \u271314-Tage R\u00fcckgabe \u2713Secondhand Unikat","robots":{"index":"index","follow":"follow","max-snippet":"max-snippet:-1","max-image-preview":"max-image-preview:large","max-video-preview":"max-video-preview:-1"},"canonical":"https:\/\/kurato.ch\/fr\/product\/sonderedition-der-marcel-breuer-liege-1096-von-anzelmo-aducci-fuer-officina-del-metallo-1990er-jahre\/","og_locale":"fr_FR","og_type":"article","og_title":"Sonderedition der Marcel Breuer Liege 1096 von Anzelmo Aducci f\u00fcr Officina del Metallo, 1990er Jahre | Vintage M\u00f6bel kaufen auf KURATO.CH","og_description":"Entdecke Vintage M\u00f6bel & Dekoration \u27a4 Sonderedition der Marcel Breuer Liege 1096 von Anzelmo Aducci f\u00fcr Officina del Metallo, 1990er Jahre auf Kurato. \u2713Lieferung Schweiz \u271314-Tage R\u00fcckgabe \u2713Secondhand Unikat","og_url":"https:\/\/kurato.ch\/fr\/product\/sonderedition-der-marcel-breuer-liege-1096-von-anzelmo-aducci-fuer-officina-del-metallo-1990er-jahre\/","og_site_name":"Vintage M\u00f6bel &amp; Dekoration I Kurato","article_publisher":"https:\/\/www.facebook.com\/kuratoswitzerland","article_modified_time":"2026-01-26T15:56:44+00:00","og_image":[{"width":810,"height":810,"url":"https:\/\/kurato.ch\/wp-content\/uploads\/2026\/01\/Sonderedition-der-Marcel-Breuer-Liege-1096-von-Anzelmo-Aducci-fuer-Officina-del-Metallo-1990er-Jahre-vintage-secondhand-gebraucht-schweiz-Instagram-Post.jpg","type":"image\/jpeg"}],"twitter_misc":{"Dur\u00e9e de lecture estim\u00e9e":"1 minute"},"schema":{"@context":"https:\/\/schema.org","@graph":[{"@type":"WebPage","@id":"https:\/\/kurato.ch\/product\/sonderedition-der-marcel-breuer-liege-1096-von-anzelmo-aducci-fuer-officina-del-metallo-1990er-jahre\/","url":"https:\/\/kurato.ch\/product\/sonderedition-der-marcel-breuer-liege-1096-von-anzelmo-aducci-fuer-officina-del-metallo-1990er-jahre\/","name":"Sonderedition der Marcel Breuer Liege 1096 von Anzelmo Aducci f\u00fcr Officina del Metallo, 1990er Jahre | Vintage M\u00f6bel kaufen auf KURATO.CH","isPartOf":{"@id":"https:\/\/kurato.ch\/#website"},"primaryImageOfPage":{"@id":"https:\/\/kurato.ch\/product\/sonderedition-der-marcel-breuer-liege-1096-von-anzelmo-aducci-fuer-officina-del-metallo-1990er-jahre\/#primaryimage"},"image":{"@id":"https:\/\/kurato.ch\/product\/sonderedition-der-marcel-breuer-liege-1096-von-anzelmo-aducci-fuer-officina-del-metallo-1990er-jahre\/#primaryimage"},"thumbnailUrl":"https:\/\/kurato.ch\/wp-content\/uploads\/2026\/01\/Sonderedition-der-Marcel-Breuer-Liege-1096-von-Anzelmo-Aducci-fuer-Officina-del-Metallo-1990er-Jahre-vintage-secondhand-gebraucht-schweiz-Instagram-Post.jpg","datePublished":"2026-01-26T15:56:43+00:00","dateModified":"2026-01-26T15:56:44+00:00","description":"Entdecke Vintage M\u00f6bel & Dekoration \u27a4 Sonderedition der Marcel Breuer Liege 1096 von Anzelmo Aducci f\u00fcr Officina del Metallo, 1990er Jahre auf Kurato. \u2713Lieferung Schweiz \u271314-Tage R\u00fcckgabe \u2713Secondhand Unikat","breadcrumb":{"@id":"https:\/\/kurato.ch\/product\/sonderedition-der-marcel-breuer-liege-1096-von-anzelmo-aducci-fuer-officina-del-metallo-1990er-jahre\/#breadcrumb"},"inLanguage":"fr-FR","potentialAction":[{"@type":"ReadAction","target":["https:\/\/kurato.ch\/product\/sonderedition-der-marcel-breuer-liege-1096-von-anzelmo-aducci-fuer-officina-del-metallo-1990er-jahre\/"]}]},{"@type":"ImageObject","inLanguage":"fr-FR","@id":"https:\/\/kurato.ch\/product\/sonderedition-der-marcel-breuer-liege-1096-von-anzelmo-aducci-fuer-officina-del-metallo-1990er-jahre\/#primaryimage","url":"https:\/\/kurato.ch\/wp-content\/uploads\/2026\/01\/Sonderedition-der-Marcel-Breuer-Liege-1096-von-Anzelmo-Aducci-fuer-Officina-del-Metallo-1990er-Jahre-vintage-secondhand-gebraucht-schweiz-Instagram-Post.jpg","contentUrl":"https:\/\/kurato.ch\/wp-content\/uploads\/2026\/01\/Sonderedition-der-Marcel-Breuer-Liege-1096-von-Anzelmo-Aducci-fuer-Officina-del-Metallo-1990er-Jahre-vintage-secondhand-gebraucht-schweiz-Instagram-Post.jpg","width":810,"height":810,"caption":"Sonderedition der Marcel Breuer Liege 1096 von Anzelmo Aducci f\u00fcr Officina del Metallo, 1990er Jahre"},{"@type":"BreadcrumbList","@id":"https:\/\/kurato.ch\/product\/sonderedition-der-marcel-breuer-liege-1096-von-anzelmo-aducci-fuer-officina-del-metallo-1990er-jahre\/#breadcrumb","itemListElement":[{"@type":"ListItem","position":1,"name":"Home","item":"https:\/\/kurato.ch\/"},{"@type":"ListItem","position":2,"name":"Neuheiten","item":"https:\/\/kurato.ch\/neuheiten\/"},{"@type":"ListItem","position":3,"name":"Sonderedition der Marcel Breuer Liege 1096 von Anzelmo Aducci f\u00fcr Officina del Metallo, 1990er Jahre"}]},{"@type":"WebSite","@id":"https:\/\/kurato.ch\/#website","url":"https:\/\/kurato.ch\/","name":"Meubles vintage &amp; d\u00e9coration I Kurato","description":"Meubles vintage &amp; d\u00e9coration I Kurato","publisher":{"@id":"https:\/\/kurato.ch\/#organization"},"potentialAction":[{"@type":"SearchAction","target":{"@type":"EntryPoint","urlTemplate":"https:\/\/kurato.ch\/?s={search_term_string}"},"query-input":{"@type":"PropertyValueSpecification","valueRequired":true,"valueName":"search_term_string"}}],"inLanguage":"fr-FR"},{"@type":"Organization","@id":"https:\/\/kurato.ch\/#organization","name":"Kurato.","url":"https:\/\/kurato.ch\/","logo":{"@type":"ImageObject","inLanguage":"fr-FR","@id":"https:\/\/kurato.ch\/#\/schema\/logo\/image\/","url":"","contentUrl":"","caption":"Kurato."},"image":{"@id":"https:\/\/kurato.ch\/#\/schema\/logo\/image\/"},"sameAs":["https:\/\/www.facebook.com\/kuratoswitzerland","https:\/\/www.instagram.com\/kurato.ch\/","https:\/\/www.pinterest.ch\/kurato_ch\/_created\/"]}]}},"_links":{"self":[{"href":"https:\/\/kurato.ch\/fr\/wp-json\/wp\/v2\/product\/72771","targetHints":{"allow":["GET"]}}],"collection":[{"href":"https:\/\/kurato.ch\/fr\/wp-json\/wp\/v2\/product"}],"about":[{"href":"https:\/\/kurato.ch\/fr\/wp-json\/wp\/v2\/types\/product"}],"wp:featuredmedia":[{"embeddable":true,"href":"https:\/\/kurato.ch\/fr\/wp-json\/wp\/v2\/media\/72840"}],"wp:attachment":[{"href":"https:\/\/kurato.ch\/fr\/wp-json\/wp\/v2\/media?parent=72771"}],"wp:term":[{"taxonomy":"product_brand","embeddable":true,"href":"https:\/\/kurato.ch\/fr\/wp-json\/wp\/v2\/product_brand?post=72771"},{"taxonomy":"product_cat","embeddable":true,"href":"https:\/\/kurato.ch\/fr\/wp-json\/wp\/v2\/product_cat?post=72771"},{"taxonomy":"product_tag","embeddable":true,"href":"https:\/\/kurato.ch\/fr\/wp-json\/wp\/v2\/product_tag?post=72771"}],"curies":[{"name":"wp","href":"https:\/\/api.w.org\/{rel}","templated":true}]}}