{"id":72801,"date":"2026-01-26T16:27:22","date_gmt":"2026-01-26T14:27:22","guid":{"rendered":"https:\/\/kurato.ch\/?post_type=product&#038;p=72801"},"modified":"2026-01-26T16:27:23","modified_gmt":"2026-01-26T14:27:23","slug":"daenischer-esstisch-aus-teakholz-von-erik-riisager-hansen-fuer-haslev-mobelsnedkeri-1960er-jahre","status":"publish","type":"product","link":"https:\/\/kurato.ch\/fr\/product\/daenischer-esstisch-aus-teakholz-von-erik-riisager-hansen-fuer-haslev-mobelsnedkeri-1960er-jahre\/","title":{"rendered":"D\u00e4nischer Esstisch aus Teakholz von Erik Riisager Hansen f\u00fcr Haslev M\u00f8belsnedkeri, 1960er Jahre"},"content":{"rendered":"<p>Eleganter d\u00e4nischer Esstisch aus massivem Teakholz, entworfen von Erik Riisager Hansen und hergestellt in den 1960er Jahren von Haslev in D\u00e4nemark. Der Tisch zeichnet sich durch seine klare, zeitlose Linienf\u00fchrung und die warmen, lebendigen Maserungen des Teakholzes aus. Die fein ausgearbeiteten Verbindungen zwischen Tischplatte und Beinen unterstreichen die hohe handwerkliche Qualit\u00e4t und die pr\u00e4zise Verarbeitung, f\u00fcr die Haslev bekannt ist. Dank der mittigen Auszugsfunktion l\u00e4sst sich der Tisch flexibel erweitern und eignet sich sowohl f\u00fcr den t\u00e4glichen Gebrauch als auch f\u00fcr gr\u00f6ssere Runden.<\/p>\n<p>Zustand: Sehr guter, gepflegter Originalzustand mit leichten, alters\u00fcblichen Gebrauchsspuren. Die Oberfl\u00e4che ist sauber, das Holz zeigt eine sch\u00f6ne Patina. Konstruktion stabil, Auszugsmechanismus voll funktionsf\u00e4hig.<\/p>\n<p>Artikelnummer: 15332<br \/>Masse: L160\u2013210 x B84,5 x H71,5 cm<\/p>\n<p><strong>Vous souhaitez recevoir l'article chez vous ?<\/strong><\/p>\n<p>Contactez le service client\u00e8le de Kurato <a href=\"mailto:hello@kurato.ch\" data-mce-href=\"mailto:hello@kurato.ch\"><strong>hello@kurato.ch<\/strong><\/a> et demandez une offre de livraison personnalis\u00e9e.<\/p>","protected":false},"excerpt":{"rendered":"<p>Eleganter d\u00e4nischer Esstisch aus massivem Teakholz, entworfen von Erik Riisager Hansen und hergestellt in den 1960er Jahren von Haslev in D\u00e4nemark. Der Tisch zeichnet sich durch seine klare, zeitlose Linienf\u00fchrung und die warmen, lebendigen Maserungen des Teakholzes aus. Die fein ausgearbeiteten Verbindungen zwischen Tischplatte und Beinen unterstreichen die hohe handwerkliche Qualit\u00e4t und die pr\u00e4zise Verarbeitung, [&hellip;]<\/p>\n","protected":false},"featured_media":72835,"template":"","meta":{"_acf_changed":false,"site-sidebar-layout":"default","site-content-layout":"","ast-site-content-layout":"default","site-content-style":"default","site-sidebar-style":"default","ast-global-header-display":"","ast-banner-title-visibility":"","ast-main-header-display":"","ast-hfb-above-header-display":"","ast-hfb-below-header-display":"","ast-hfb-mobile-header-display":"","site-post-title":"","ast-breadcrumbs-content":"","ast-featured-img":"","footer-sml-layout":"","ast-disable-related-posts":"","theme-transparent-header-meta":"","adv-header-id-meta":"","stick-header-meta":"","header-above-stick-meta":"","header-main-stick-meta":"","header-below-stick-meta":"","astra-migrate-meta-layouts":"default","ast-page-background-enabled":"default","ast-page-background-meta":{"desktop":{"background-color":"","background-image":"","background-repeat":"repeat","background-position":"center center","background-size":"auto","background-attachment":"scroll","background-type":"","background-media":"","overlay-type":"","overlay-color":"","overlay-opacity":"","overlay-gradient":""},"tablet":{"background-color":"","background-image":"","background-repeat":"repeat","background-position":"center center","background-size":"auto","background-attachment":"scroll","background-type":"","background-media":"","overlay-type":"","overlay-color":"","overlay-opacity":"","overlay-gradient":""},"mobile":{"background-color":"","background-image":"","background-repeat":"repeat","background-position":"center center","background-size":"auto","background-attachment":"scroll","background-type":"","background-media":"","overlay-type":"","overlay-color":"","overlay-opacity":"","overlay-gradient":""}},"ast-content-background-meta":{"desktop":{"background-color":"var(--ast-global-color-5)","background-image":"","background-repeat":"repeat","background-position":"center center","background-size":"auto","background-attachment":"scroll","background-type":"","background-media":"","overlay-type":"","overlay-color":"","overlay-opacity":"","overlay-gradient":""},"tablet":{"background-color":"var(--ast-global-color-5)","background-image":"","background-repeat":"repeat","background-position":"center center","background-size":"auto","background-attachment":"scroll","background-type":"","background-media":"","overlay-type":"","overlay-color":"","overlay-opacity":"","overlay-gradient":""},"mobile":{"background-color":"var(--ast-global-color-5)","background-image":"","background-repeat":"repeat","background-position":"center center","background-size":"auto","background-attachment":"scroll","background-type":"","background-media":"","overlay-type":"","overlay-color":"","overlay-opacity":"","overlay-gradient":""}}},"product_brand":[],"product_cat":[168],"product_tag":[],"class_list":{"0":"post-72801","1":"product","2":"type-product","3":"status-publish","4":"has-post-thumbnail","6":"product_cat-vintage-esstisch","7":"pa_farbe-braun","8":"pa_material-holz","9":"pa_stil-skandinavisch-mid-century","10":"desktop-align-left","11":"tablet-align-left","12":"mobile-align-left","14":"first","15":"instock","16":"sold-individually","17":"shipping-taxable","18":"purchasable","19":"product-type-simple"},"acf":[],"yoast_head":"<!-- This site is optimized with the Yoast SEO plugin v27.5 - https:\/\/yoast.com\/product\/yoast-seo-wordpress\/ -->\n<title>D\u00e4nischer Esstisch aus Teakholz von Erik Riisager Hansen f\u00fcr Haslev M\u00f8belsnedkeri, 1960er Jahre | Vintage M\u00f6bel kaufen auf KURATO.CH<\/title>\n<meta name=\"description\" content=\"Entdecke Vintage M\u00f6bel &amp; Dekoration \u27a4 D\u00e4nischer Esstisch aus Teakholz von Erik Riisager Hansen f\u00fcr Haslev M\u00f8belsnedkeri, 1960er Jahre auf Kurato. \u2713Lieferung Schweiz \u271314-Tage R\u00fcckgabe \u2713Secondhand Unikat\" \/>\n<meta name=\"robots\" content=\"index, follow, max-snippet:-1, max-image-preview:large, max-video-preview:-1\" \/>\n<link rel=\"canonical\" href=\"https:\/\/kurato.ch\/fr\/product\/daenischer-esstisch-aus-teakholz-von-erik-riisager-hansen-fuer-haslev-mobelsnedkeri-1960er-jahre\/\" \/>\n<meta property=\"og:locale\" content=\"fr_FR\" \/>\n<meta property=\"og:type\" content=\"article\" \/>\n<meta property=\"og:title\" content=\"D\u00e4nischer Esstisch aus Teakholz von Erik Riisager Hansen f\u00fcr Haslev M\u00f8belsnedkeri, 1960er Jahre | Vintage M\u00f6bel kaufen auf KURATO.CH\" \/>\n<meta property=\"og:description\" content=\"Entdecke Vintage M\u00f6bel &amp; Dekoration \u27a4 D\u00e4nischer Esstisch aus Teakholz von Erik Riisager Hansen f\u00fcr Haslev M\u00f8belsnedkeri, 1960er Jahre auf Kurato. \u2713Lieferung Schweiz \u271314-Tage R\u00fcckgabe \u2713Secondhand Unikat\" \/>\n<meta property=\"og:url\" content=\"https:\/\/kurato.ch\/fr\/product\/daenischer-esstisch-aus-teakholz-von-erik-riisager-hansen-fuer-haslev-mobelsnedkeri-1960er-jahre\/\" \/>\n<meta property=\"og:site_name\" content=\"Vintage M\u00f6bel &amp; Dekoration I Kurato\" \/>\n<meta property=\"article:publisher\" content=\"https:\/\/www.facebook.com\/kuratoswitzerland\" \/>\n<meta property=\"article:modified_time\" content=\"2026-01-26T14:27:23+00:00\" \/>\n<meta property=\"og:image\" content=\"https:\/\/kurato.ch\/wp-content\/uploads\/2026\/01\/Daenischer-Esstisch-aus-Teakholz-von-Erik-Riisager-Hansen-fuer-Haslev-Mobelsnedkeri-1960er-Jahre-vintage-secondhand-gebraucht-schweiz-Instagram-Post.jpg\" \/>\n\t<meta property=\"og:image:width\" content=\"945\" \/>\n\t<meta property=\"og:image:height\" content=\"945\" \/>\n\t<meta property=\"og:image:type\" content=\"image\/jpeg\" \/>\n<meta name=\"twitter:label1\" content=\"Dur\u00e9e de lecture estim\u00e9e\" \/>\n\t<meta name=\"twitter:data1\" content=\"1 minute\" \/>\n<script type=\"application\/ld+json\" class=\"yoast-schema-graph\">{\"@context\":\"https:\\\/\\\/schema.org\",\"@graph\":[{\"@type\":\"WebPage\",\"@id\":\"https:\\\/\\\/kurato.ch\\\/product\\\/daenischer-esstisch-aus-teakholz-von-erik-riisager-hansen-fuer-haslev-mobelsnedkeri-1960er-jahre\\\/\",\"url\":\"https:\\\/\\\/kurato.ch\\\/product\\\/daenischer-esstisch-aus-teakholz-von-erik-riisager-hansen-fuer-haslev-mobelsnedkeri-1960er-jahre\\\/\",\"name\":\"D\u00e4nischer Esstisch aus Teakholz von Erik Riisager Hansen f\u00fcr Haslev M\u00f8belsnedkeri, 1960er Jahre | Vintage M\u00f6bel kaufen auf KURATO.CH\",\"isPartOf\":{\"@id\":\"https:\\\/\\\/kurato.ch\\\/#website\"},\"primaryImageOfPage\":{\"@id\":\"https:\\\/\\\/kurato.ch\\\/product\\\/daenischer-esstisch-aus-teakholz-von-erik-riisager-hansen-fuer-haslev-mobelsnedkeri-1960er-jahre\\\/#primaryimage\"},\"image\":{\"@id\":\"https:\\\/\\\/kurato.ch\\\/product\\\/daenischer-esstisch-aus-teakholz-von-erik-riisager-hansen-fuer-haslev-mobelsnedkeri-1960er-jahre\\\/#primaryimage\"},\"thumbnailUrl\":\"https:\\\/\\\/kurato.ch\\\/wp-content\\\/uploads\\\/2026\\\/01\\\/Daenischer-Esstisch-aus-Teakholz-von-Erik-Riisager-Hansen-fuer-Haslev-Mobelsnedkeri-1960er-Jahre-vintage-secondhand-gebraucht-schweiz-Instagram-Post.jpg\",\"datePublished\":\"2026-01-26T14:27:22+00:00\",\"dateModified\":\"2026-01-26T14:27:23+00:00\",\"description\":\"Entdecke Vintage M\u00f6bel & Dekoration \u27a4 D\u00e4nischer Esstisch aus Teakholz von Erik Riisager Hansen f\u00fcr Haslev M\u00f8belsnedkeri, 1960er Jahre auf Kurato. \u2713Lieferung Schweiz \u271314-Tage R\u00fcckgabe \u2713Secondhand Unikat\",\"breadcrumb\":{\"@id\":\"https:\\\/\\\/kurato.ch\\\/product\\\/daenischer-esstisch-aus-teakholz-von-erik-riisager-hansen-fuer-haslev-mobelsnedkeri-1960er-jahre\\\/#breadcrumb\"},\"inLanguage\":\"fr-FR\",\"potentialAction\":[{\"@type\":\"ReadAction\",\"target\":[\"https:\\\/\\\/kurato.ch\\\/product\\\/daenischer-esstisch-aus-teakholz-von-erik-riisager-hansen-fuer-haslev-mobelsnedkeri-1960er-jahre\\\/\"]}]},{\"@type\":\"ImageObject\",\"inLanguage\":\"fr-FR\",\"@id\":\"https:\\\/\\\/kurato.ch\\\/product\\\/daenischer-esstisch-aus-teakholz-von-erik-riisager-hansen-fuer-haslev-mobelsnedkeri-1960er-jahre\\\/#primaryimage\",\"url\":\"https:\\\/\\\/kurato.ch\\\/wp-content\\\/uploads\\\/2026\\\/01\\\/Daenischer-Esstisch-aus-Teakholz-von-Erik-Riisager-Hansen-fuer-Haslev-Mobelsnedkeri-1960er-Jahre-vintage-secondhand-gebraucht-schweiz-Instagram-Post.jpg\",\"contentUrl\":\"https:\\\/\\\/kurato.ch\\\/wp-content\\\/uploads\\\/2026\\\/01\\\/Daenischer-Esstisch-aus-Teakholz-von-Erik-Riisager-Hansen-fuer-Haslev-Mobelsnedkeri-1960er-Jahre-vintage-secondhand-gebraucht-schweiz-Instagram-Post.jpg\",\"width\":945,\"height\":945,\"caption\":\"D\u00e4nischer Esstisch aus Teakholz von Erik Riisager Hansen f\u00fcr Haslev M\u00f8belsnedkeri, 1960er Jahre\"},{\"@type\":\"BreadcrumbList\",\"@id\":\"https:\\\/\\\/kurato.ch\\\/product\\\/daenischer-esstisch-aus-teakholz-von-erik-riisager-hansen-fuer-haslev-mobelsnedkeri-1960er-jahre\\\/#breadcrumb\",\"itemListElement\":[{\"@type\":\"ListItem\",\"position\":1,\"name\":\"Home\",\"item\":\"https:\\\/\\\/kurato.ch\\\/\"},{\"@type\":\"ListItem\",\"position\":2,\"name\":\"Neuheiten\",\"item\":\"https:\\\/\\\/kurato.ch\\\/neuheiten\\\/\"},{\"@type\":\"ListItem\",\"position\":3,\"name\":\"D\u00e4nischer Esstisch aus Teakholz von Erik Riisager Hansen f\u00fcr Haslev M\u00f8belsnedkeri, 1960er Jahre\"}]},{\"@type\":\"WebSite\",\"@id\":\"https:\\\/\\\/kurato.ch\\\/#website\",\"url\":\"https:\\\/\\\/kurato.ch\\\/\",\"name\":\"Vintage M\u00f6bel &amp; Dekoration I Kurato\",\"description\":\"Vintage M\u00f6bel &amp; Dekoration I Kurato\",\"publisher\":{\"@id\":\"https:\\\/\\\/kurato.ch\\\/#organization\"},\"potentialAction\":[{\"@type\":\"SearchAction\",\"target\":{\"@type\":\"EntryPoint\",\"urlTemplate\":\"https:\\\/\\\/kurato.ch\\\/?s={search_term_string}\"},\"query-input\":{\"@type\":\"PropertyValueSpecification\",\"valueRequired\":true,\"valueName\":\"search_term_string\"}}],\"inLanguage\":\"fr-FR\"},{\"@type\":\"Organization\",\"@id\":\"https:\\\/\\\/kurato.ch\\\/#organization\",\"name\":\"Kurato.\",\"url\":\"https:\\\/\\\/kurato.ch\\\/\",\"logo\":{\"@type\":\"ImageObject\",\"inLanguage\":\"fr-FR\",\"@id\":\"https:\\\/\\\/kurato.ch\\\/#\\\/schema\\\/logo\\\/image\\\/\",\"url\":\"\",\"contentUrl\":\"\",\"caption\":\"Kurato.\"},\"image\":{\"@id\":\"https:\\\/\\\/kurato.ch\\\/#\\\/schema\\\/logo\\\/image\\\/\"},\"sameAs\":[\"https:\\\/\\\/www.facebook.com\\\/kuratoswitzerland\",\"https:\\\/\\\/www.instagram.com\\\/kurato.ch\\\/\",\"https:\\\/\\\/www.pinterest.ch\\\/kurato_ch\\\/_created\\\/\"]}]}<\/script>\n<!-- \/ Yoast SEO plugin. -->","yoast_head_json":{"title":"D\u00e4nischer Esstisch aus Teakholz von Erik Riisager Hansen f\u00fcr Haslev M\u00f8belsnedkeri, 1960er Jahre | Vintage M\u00f6bel kaufen auf KURATO.CH","description":"Entdecke Vintage M\u00f6bel & Dekoration \u27a4 D\u00e4nischer Esstisch aus Teakholz von Erik Riisager Hansen f\u00fcr Haslev M\u00f8belsnedkeri, 1960er Jahre auf Kurato. \u2713Lieferung Schweiz \u271314-Tage R\u00fcckgabe \u2713Secondhand Unikat","robots":{"index":"index","follow":"follow","max-snippet":"max-snippet:-1","max-image-preview":"max-image-preview:large","max-video-preview":"max-video-preview:-1"},"canonical":"https:\/\/kurato.ch\/fr\/product\/daenischer-esstisch-aus-teakholz-von-erik-riisager-hansen-fuer-haslev-mobelsnedkeri-1960er-jahre\/","og_locale":"fr_FR","og_type":"article","og_title":"D\u00e4nischer Esstisch aus Teakholz von Erik Riisager Hansen f\u00fcr Haslev M\u00f8belsnedkeri, 1960er Jahre | Vintage M\u00f6bel kaufen auf KURATO.CH","og_description":"Entdecke Vintage M\u00f6bel & Dekoration \u27a4 D\u00e4nischer Esstisch aus Teakholz von Erik Riisager Hansen f\u00fcr Haslev M\u00f8belsnedkeri, 1960er Jahre auf Kurato. \u2713Lieferung Schweiz \u271314-Tage R\u00fcckgabe \u2713Secondhand Unikat","og_url":"https:\/\/kurato.ch\/fr\/product\/daenischer-esstisch-aus-teakholz-von-erik-riisager-hansen-fuer-haslev-mobelsnedkeri-1960er-jahre\/","og_site_name":"Vintage M\u00f6bel &amp; Dekoration I Kurato","article_publisher":"https:\/\/www.facebook.com\/kuratoswitzerland","article_modified_time":"2026-01-26T14:27:23+00:00","og_image":[{"width":945,"height":945,"url":"https:\/\/kurato.ch\/wp-content\/uploads\/2026\/01\/Daenischer-Esstisch-aus-Teakholz-von-Erik-Riisager-Hansen-fuer-Haslev-Mobelsnedkeri-1960er-Jahre-vintage-secondhand-gebraucht-schweiz-Instagram-Post.jpg","type":"image\/jpeg"}],"twitter_misc":{"Dur\u00e9e de lecture estim\u00e9e":"1 minute"},"schema":{"@context":"https:\/\/schema.org","@graph":[{"@type":"WebPage","@id":"https:\/\/kurato.ch\/product\/daenischer-esstisch-aus-teakholz-von-erik-riisager-hansen-fuer-haslev-mobelsnedkeri-1960er-jahre\/","url":"https:\/\/kurato.ch\/product\/daenischer-esstisch-aus-teakholz-von-erik-riisager-hansen-fuer-haslev-mobelsnedkeri-1960er-jahre\/","name":"D\u00e4nischer Esstisch aus Teakholz von Erik Riisager Hansen f\u00fcr Haslev M\u00f8belsnedkeri, 1960er Jahre | Vintage M\u00f6bel kaufen auf KURATO.CH","isPartOf":{"@id":"https:\/\/kurato.ch\/#website"},"primaryImageOfPage":{"@id":"https:\/\/kurato.ch\/product\/daenischer-esstisch-aus-teakholz-von-erik-riisager-hansen-fuer-haslev-mobelsnedkeri-1960er-jahre\/#primaryimage"},"image":{"@id":"https:\/\/kurato.ch\/product\/daenischer-esstisch-aus-teakholz-von-erik-riisager-hansen-fuer-haslev-mobelsnedkeri-1960er-jahre\/#primaryimage"},"thumbnailUrl":"https:\/\/kurato.ch\/wp-content\/uploads\/2026\/01\/Daenischer-Esstisch-aus-Teakholz-von-Erik-Riisager-Hansen-fuer-Haslev-Mobelsnedkeri-1960er-Jahre-vintage-secondhand-gebraucht-schweiz-Instagram-Post.jpg","datePublished":"2026-01-26T14:27:22+00:00","dateModified":"2026-01-26T14:27:23+00:00","description":"Entdecke Vintage M\u00f6bel & Dekoration \u27a4 D\u00e4nischer Esstisch aus Teakholz von Erik Riisager Hansen f\u00fcr Haslev M\u00f8belsnedkeri, 1960er Jahre auf Kurato. \u2713Lieferung Schweiz \u271314-Tage R\u00fcckgabe \u2713Secondhand Unikat","breadcrumb":{"@id":"https:\/\/kurato.ch\/product\/daenischer-esstisch-aus-teakholz-von-erik-riisager-hansen-fuer-haslev-mobelsnedkeri-1960er-jahre\/#breadcrumb"},"inLanguage":"fr-FR","potentialAction":[{"@type":"ReadAction","target":["https:\/\/kurato.ch\/product\/daenischer-esstisch-aus-teakholz-von-erik-riisager-hansen-fuer-haslev-mobelsnedkeri-1960er-jahre\/"]}]},{"@type":"ImageObject","inLanguage":"fr-FR","@id":"https:\/\/kurato.ch\/product\/daenischer-esstisch-aus-teakholz-von-erik-riisager-hansen-fuer-haslev-mobelsnedkeri-1960er-jahre\/#primaryimage","url":"https:\/\/kurato.ch\/wp-content\/uploads\/2026\/01\/Daenischer-Esstisch-aus-Teakholz-von-Erik-Riisager-Hansen-fuer-Haslev-Mobelsnedkeri-1960er-Jahre-vintage-secondhand-gebraucht-schweiz-Instagram-Post.jpg","contentUrl":"https:\/\/kurato.ch\/wp-content\/uploads\/2026\/01\/Daenischer-Esstisch-aus-Teakholz-von-Erik-Riisager-Hansen-fuer-Haslev-Mobelsnedkeri-1960er-Jahre-vintage-secondhand-gebraucht-schweiz-Instagram-Post.jpg","width":945,"height":945,"caption":"D\u00e4nischer Esstisch aus Teakholz von Erik Riisager Hansen f\u00fcr Haslev M\u00f8belsnedkeri, 1960er Jahre"},{"@type":"BreadcrumbList","@id":"https:\/\/kurato.ch\/product\/daenischer-esstisch-aus-teakholz-von-erik-riisager-hansen-fuer-haslev-mobelsnedkeri-1960er-jahre\/#breadcrumb","itemListElement":[{"@type":"ListItem","position":1,"name":"Home","item":"https:\/\/kurato.ch\/"},{"@type":"ListItem","position":2,"name":"Neuheiten","item":"https:\/\/kurato.ch\/neuheiten\/"},{"@type":"ListItem","position":3,"name":"D\u00e4nischer Esstisch aus Teakholz von Erik Riisager Hansen f\u00fcr Haslev M\u00f8belsnedkeri, 1960er Jahre"}]},{"@type":"WebSite","@id":"https:\/\/kurato.ch\/#website","url":"https:\/\/kurato.ch\/","name":"Meubles vintage &amp; d\u00e9coration I Kurato","description":"Meubles vintage &amp; d\u00e9coration I Kurato","publisher":{"@id":"https:\/\/kurato.ch\/#organization"},"potentialAction":[{"@type":"SearchAction","target":{"@type":"EntryPoint","urlTemplate":"https:\/\/kurato.ch\/?s={search_term_string}"},"query-input":{"@type":"PropertyValueSpecification","valueRequired":true,"valueName":"search_term_string"}}],"inLanguage":"fr-FR"},{"@type":"Organization","@id":"https:\/\/kurato.ch\/#organization","name":"Kurato.","url":"https:\/\/kurato.ch\/","logo":{"@type":"ImageObject","inLanguage":"fr-FR","@id":"https:\/\/kurato.ch\/#\/schema\/logo\/image\/","url":"","contentUrl":"","caption":"Kurato."},"image":{"@id":"https:\/\/kurato.ch\/#\/schema\/logo\/image\/"},"sameAs":["https:\/\/www.facebook.com\/kuratoswitzerland","https:\/\/www.instagram.com\/kurato.ch\/","https:\/\/www.pinterest.ch\/kurato_ch\/_created\/"]}]}},"_links":{"self":[{"href":"https:\/\/kurato.ch\/fr\/wp-json\/wp\/v2\/product\/72801","targetHints":{"allow":["GET"]}}],"collection":[{"href":"https:\/\/kurato.ch\/fr\/wp-json\/wp\/v2\/product"}],"about":[{"href":"https:\/\/kurato.ch\/fr\/wp-json\/wp\/v2\/types\/product"}],"wp:featuredmedia":[{"embeddable":true,"href":"https:\/\/kurato.ch\/fr\/wp-json\/wp\/v2\/media\/72835"}],"wp:attachment":[{"href":"https:\/\/kurato.ch\/fr\/wp-json\/wp\/v2\/media?parent=72801"}],"wp:term":[{"taxonomy":"product_brand","embeddable":true,"href":"https:\/\/kurato.ch\/fr\/wp-json\/wp\/v2\/product_brand?post=72801"},{"taxonomy":"product_cat","embeddable":true,"href":"https:\/\/kurato.ch\/fr\/wp-json\/wp\/v2\/product_cat?post=72801"},{"taxonomy":"product_tag","embeddable":true,"href":"https:\/\/kurato.ch\/fr\/wp-json\/wp\/v2\/product_tag?post=72801"}],"curies":[{"name":"wp","href":"https:\/\/api.w.org\/{rel}","templated":true}]}}