{"id":73234,"date":"2026-02-12T20:42:04","date_gmt":"2026-02-12T18:42:04","guid":{"rendered":"https:\/\/kurato.ch\/?post_type=product&#038;p=73234"},"modified":"2026-02-12T20:42:05","modified_gmt":"2026-02-12T18:42:05","slug":"service-trolley-auf-rollen-von-joe-colombo-boy-fuer-bieffeplast","status":"publish","type":"product","link":"https:\/\/kurato.ch\/fr\/product\/service-trolley-auf-rollen-von-joe-colombo-boy-fuer-bieffeplast\/","title":{"rendered":"Service Trolley auf Rollen von Joe Colombo Boy f\u00fcr Bieffeplast"},"content":{"rendered":"<p>Servierwagen aus spritzgegossenem ABS-Kunststoff in gebrochenem Wei\u00df auf Polypropylen-Rollen f\u00fcr Mobilit\u00e4t. Entworfen von Joe Colombo Boy f\u00fcr das Haus Bieffeplast in den 1970er Jahren\u2032 in Italien. Dieser Wagen, eine Designikone, die nach dem Auto \u201eBobby\u201c genannt wird, bietet mehrere Stauf\u00e4cher, darunter 3 und 2 vertikal zu \u00f6ffnende Schubladen. Dieses Konzept von Joe Colombo wurde 1971 mit dem SMAU-Preis f\u00fcr sein Design ausgezeichnet und ist deshalb in mehreren Museen ausgestellt, Mailand, New York, MOMA-Sammlung, es wird daher als Sammlerst\u00fcck betrachtet.<\/p>\n<p><strong>Du m\u00f6chtest den Artikel zu Dir nach Hause geliefert bekommen:<\/strong> Bitte kontaktiere den Kundendienst von Kurato <a href=\"mailto:hello@kurato.ch\" data-mce-href=\"mailto:hello@kurato.ch\"><strong>hello@kurato.ch<\/strong><\/a> et demandez une offre de livraison personnalis\u00e9e.<\/p>\n<p><\/p>","protected":false},"excerpt":{"rendered":"<p>Servierwagen aus spritzgegossenem ABS-Kunststoff in gebrochenem Wei\u00df auf Polypropylen-Rollen f\u00fcr Mobilit\u00e4t. Entworfen von Joe Colombo Boy f\u00fcr das Haus Bieffeplast in den 1970er Jahren\u2032 in Italien. Dieser Wagen, eine Designikone, die nach dem Auto \u201eBobby\u201c genannt wird, bietet mehrere Stauf\u00e4cher, darunter 3 und 2 vertikal zu \u00f6ffnende Schubladen. Dieses Konzept von Joe Colombo wurde 1971 [&hellip;]<\/p>\n","protected":false},"featured_media":73271,"template":"","meta":{"_acf_changed":false,"site-sidebar-layout":"default","site-content-layout":"","ast-site-content-layout":"default","site-content-style":"default","site-sidebar-style":"default","ast-global-header-display":"","ast-banner-title-visibility":"","ast-main-header-display":"","ast-hfb-above-header-display":"","ast-hfb-below-header-display":"","ast-hfb-mobile-header-display":"","site-post-title":"","ast-breadcrumbs-content":"","ast-featured-img":"","footer-sml-layout":"","ast-disable-related-posts":"","theme-transparent-header-meta":"","adv-header-id-meta":"","stick-header-meta":"","header-above-stick-meta":"","header-main-stick-meta":"","header-below-stick-meta":"","astra-migrate-meta-layouts":"default","ast-page-background-enabled":"default","ast-page-background-meta":{"desktop":{"background-color":"","background-image":"","background-repeat":"repeat","background-position":"center center","background-size":"auto","background-attachment":"scroll","background-type":"","background-media":"","overlay-type":"","overlay-color":"","overlay-opacity":"","overlay-gradient":""},"tablet":{"background-color":"","background-image":"","background-repeat":"repeat","background-position":"center center","background-size":"auto","background-attachment":"scroll","background-type":"","background-media":"","overlay-type":"","overlay-color":"","overlay-opacity":"","overlay-gradient":""},"mobile":{"background-color":"","background-image":"","background-repeat":"repeat","background-position":"center center","background-size":"auto","background-attachment":"scroll","background-type":"","background-media":"","overlay-type":"","overlay-color":"","overlay-opacity":"","overlay-gradient":""}},"ast-content-background-meta":{"desktop":{"background-color":"var(--ast-global-color-5)","background-image":"","background-repeat":"repeat","background-position":"center center","background-size":"auto","background-attachment":"scroll","background-type":"","background-media":"","overlay-type":"","overlay-color":"","overlay-opacity":"","overlay-gradient":""},"tablet":{"background-color":"var(--ast-global-color-5)","background-image":"","background-repeat":"repeat","background-position":"center center","background-size":"auto","background-attachment":"scroll","background-type":"","background-media":"","overlay-type":"","overlay-color":"","overlay-opacity":"","overlay-gradient":""},"mobile":{"background-color":"var(--ast-global-color-5)","background-image":"","background-repeat":"repeat","background-position":"center center","background-size":"auto","background-attachment":"scroll","background-type":"","background-media":"","overlay-type":"","overlay-color":"","overlay-opacity":"","overlay-gradient":""}}},"product_brand":[],"product_cat":[129,465,524],"product_tag":[],"class_list":{"0":"post-73234","1":"product","2":"type-product","3":"status-publish","4":"has-post-thumbnail","6":"product_cat-vintage-aufbewahrungsmoebel","7":"product_cat-vintage-korpus","8":"product_cat-rollmoebel","9":"pa_designer-colombo-joe","10":"pa_farbe-farbebeige","11":"pa_farbe-weiss","12":"pa_material-plastik","13":"pa_stil-vintage","14":"desktop-align-left","15":"tablet-align-left","16":"mobile-align-left","18":"first","19":"instock","20":"sold-individually","21":"shipping-taxable","22":"purchasable","23":"product-type-simple"},"acf":[],"yoast_head":"<!-- This site is optimized with the Yoast SEO plugin v27.6 - https:\/\/yoast.com\/product\/yoast-seo-wordpress\/ -->\n<title>Service Trolley auf Rollen von Joe Colombo Boy f\u00fcr Bieffeplast | Vintage M\u00f6bel kaufen auf KURATO.CH<\/title>\n<meta name=\"description\" content=\"Entdecke Vintage M\u00f6bel &amp; Dekoration \u27a4 Service Trolley auf Rollen von Joe Colombo Boy f\u00fcr Bieffeplast auf Kurato. \u2713Lieferung Schweiz \u271314-Tage R\u00fcckgabe \u2713Secondhand Unikat\" \/>\n<meta name=\"robots\" content=\"index, follow, max-snippet:-1, max-image-preview:large, max-video-preview:-1\" \/>\n<link rel=\"canonical\" href=\"https:\/\/kurato.ch\/fr\/product\/service-trolley-auf-rollen-von-joe-colombo-boy-fuer-bieffeplast\/\" \/>\n<meta property=\"og:locale\" content=\"fr_FR\" \/>\n<meta property=\"og:type\" content=\"article\" \/>\n<meta property=\"og:title\" content=\"Service Trolley auf Rollen von Joe Colombo Boy f\u00fcr Bieffeplast | Vintage M\u00f6bel kaufen auf KURATO.CH\" \/>\n<meta property=\"og:description\" content=\"Entdecke Vintage M\u00f6bel &amp; Dekoration \u27a4 Service Trolley auf Rollen von Joe Colombo Boy f\u00fcr Bieffeplast auf Kurato. \u2713Lieferung Schweiz \u271314-Tage R\u00fcckgabe \u2713Secondhand Unikat\" \/>\n<meta property=\"og:url\" content=\"https:\/\/kurato.ch\/fr\/product\/service-trolley-auf-rollen-von-joe-colombo-boy-fuer-bieffeplast\/\" \/>\n<meta property=\"og:site_name\" content=\"Vintage M\u00f6bel &amp; Dekoration I Kurato\" \/>\n<meta property=\"article:publisher\" content=\"https:\/\/www.facebook.com\/kuratoswitzerland\" \/>\n<meta property=\"article:modified_time\" content=\"2026-02-12T18:42:05+00:00\" \/>\n<meta property=\"og:image\" content=\"https:\/\/kurato.ch\/wp-content\/uploads\/2026\/02\/Service-Trolley-von-Joe-Colombo-Boy-Bieffeplast-vintage-secondhand-gebraucht-schweiz-Instagram-Post.jpg\" \/>\n\t<meta property=\"og:image:width\" content=\"810\" \/>\n\t<meta property=\"og:image:height\" content=\"810\" \/>\n\t<meta property=\"og:image:type\" content=\"image\/jpeg\" \/>\n<meta name=\"twitter:label1\" content=\"Dur\u00e9e de lecture estim\u00e9e\" \/>\n\t<meta name=\"twitter:data1\" content=\"1 minute\" \/>\n<script type=\"application\/ld+json\" class=\"yoast-schema-graph\">{\"@context\":\"https:\\\/\\\/schema.org\",\"@graph\":[{\"@type\":\"WebPage\",\"@id\":\"https:\\\/\\\/kurato.ch\\\/product\\\/service-trolley-auf-rollen-von-joe-colombo-boy-fuer-bieffeplast\\\/\",\"url\":\"https:\\\/\\\/kurato.ch\\\/product\\\/service-trolley-auf-rollen-von-joe-colombo-boy-fuer-bieffeplast\\\/\",\"name\":\"Service Trolley auf Rollen von Joe Colombo Boy f\u00fcr Bieffeplast | Vintage M\u00f6bel kaufen auf KURATO.CH\",\"isPartOf\":{\"@id\":\"https:\\\/\\\/kurato.ch\\\/#website\"},\"primaryImageOfPage\":{\"@id\":\"https:\\\/\\\/kurato.ch\\\/product\\\/service-trolley-auf-rollen-von-joe-colombo-boy-fuer-bieffeplast\\\/#primaryimage\"},\"image\":{\"@id\":\"https:\\\/\\\/kurato.ch\\\/product\\\/service-trolley-auf-rollen-von-joe-colombo-boy-fuer-bieffeplast\\\/#primaryimage\"},\"thumbnailUrl\":\"https:\\\/\\\/kurato.ch\\\/wp-content\\\/uploads\\\/2026\\\/02\\\/Service-Trolley-von-Joe-Colombo-Boy-Bieffeplast-vintage-secondhand-gebraucht-schweiz-Instagram-Post.jpg\",\"datePublished\":\"2026-02-12T18:42:04+00:00\",\"dateModified\":\"2026-02-12T18:42:05+00:00\",\"description\":\"Entdecke Vintage M\u00f6bel & Dekoration \u27a4 Service Trolley auf Rollen von Joe Colombo Boy f\u00fcr Bieffeplast auf Kurato. \u2713Lieferung Schweiz \u271314-Tage R\u00fcckgabe \u2713Secondhand Unikat\",\"breadcrumb\":{\"@id\":\"https:\\\/\\\/kurato.ch\\\/product\\\/service-trolley-auf-rollen-von-joe-colombo-boy-fuer-bieffeplast\\\/#breadcrumb\"},\"inLanguage\":\"fr-FR\",\"potentialAction\":[{\"@type\":\"ReadAction\",\"target\":[\"https:\\\/\\\/kurato.ch\\\/product\\\/service-trolley-auf-rollen-von-joe-colombo-boy-fuer-bieffeplast\\\/\"]}]},{\"@type\":\"ImageObject\",\"inLanguage\":\"fr-FR\",\"@id\":\"https:\\\/\\\/kurato.ch\\\/product\\\/service-trolley-auf-rollen-von-joe-colombo-boy-fuer-bieffeplast\\\/#primaryimage\",\"url\":\"https:\\\/\\\/kurato.ch\\\/wp-content\\\/uploads\\\/2026\\\/02\\\/Service-Trolley-von-Joe-Colombo-Boy-Bieffeplast-vintage-secondhand-gebraucht-schweiz-Instagram-Post.jpg\",\"contentUrl\":\"https:\\\/\\\/kurato.ch\\\/wp-content\\\/uploads\\\/2026\\\/02\\\/Service-Trolley-von-Joe-Colombo-Boy-Bieffeplast-vintage-secondhand-gebraucht-schweiz-Instagram-Post.jpg\",\"width\":810,\"height\":810,\"caption\":\"Service Trolley von Joe Colombo Boy, Bieffeplast\"},{\"@type\":\"BreadcrumbList\",\"@id\":\"https:\\\/\\\/kurato.ch\\\/product\\\/service-trolley-auf-rollen-von-joe-colombo-boy-fuer-bieffeplast\\\/#breadcrumb\",\"itemListElement\":[{\"@type\":\"ListItem\",\"position\":1,\"name\":\"Home\",\"item\":\"https:\\\/\\\/kurato.ch\\\/\"},{\"@type\":\"ListItem\",\"position\":2,\"name\":\"Neuheiten\",\"item\":\"https:\\\/\\\/kurato.ch\\\/neuheiten\\\/\"},{\"@type\":\"ListItem\",\"position\":3,\"name\":\"Service Trolley auf Rollen von Joe Colombo Boy f\u00fcr Bieffeplast\"}]},{\"@type\":\"WebSite\",\"@id\":\"https:\\\/\\\/kurato.ch\\\/#website\",\"url\":\"https:\\\/\\\/kurato.ch\\\/\",\"name\":\"Vintage M\u00f6bel &amp; Dekoration I Kurato\",\"description\":\"Vintage M\u00f6bel &amp; Dekoration I Kurato\",\"publisher\":{\"@id\":\"https:\\\/\\\/kurato.ch\\\/#organization\"},\"potentialAction\":[{\"@type\":\"SearchAction\",\"target\":{\"@type\":\"EntryPoint\",\"urlTemplate\":\"https:\\\/\\\/kurato.ch\\\/?s={search_term_string}\"},\"query-input\":{\"@type\":\"PropertyValueSpecification\",\"valueRequired\":true,\"valueName\":\"search_term_string\"}}],\"inLanguage\":\"fr-FR\"},{\"@type\":\"Organization\",\"@id\":\"https:\\\/\\\/kurato.ch\\\/#organization\",\"name\":\"Kurato.\",\"url\":\"https:\\\/\\\/kurato.ch\\\/\",\"logo\":{\"@type\":\"ImageObject\",\"inLanguage\":\"fr-FR\",\"@id\":\"https:\\\/\\\/kurato.ch\\\/#\\\/schema\\\/logo\\\/image\\\/\",\"url\":\"\",\"contentUrl\":\"\",\"caption\":\"Kurato.\"},\"image\":{\"@id\":\"https:\\\/\\\/kurato.ch\\\/#\\\/schema\\\/logo\\\/image\\\/\"},\"sameAs\":[\"https:\\\/\\\/www.facebook.com\\\/kuratoswitzerland\",\"https:\\\/\\\/www.instagram.com\\\/kurato.ch\\\/\",\"https:\\\/\\\/www.pinterest.ch\\\/kurato_ch\\\/_created\\\/\"]}]}<\/script>\n<!-- \/ Yoast SEO plugin. -->","yoast_head_json":{"title":"Service Trolley auf Rollen von Joe Colombo Boy f\u00fcr Bieffeplast | Vintage M\u00f6bel kaufen auf KURATO.CH","description":"Entdecke Vintage M\u00f6bel & Dekoration \u27a4 Service Trolley auf Rollen von Joe Colombo Boy f\u00fcr Bieffeplast auf Kurato. \u2713Lieferung Schweiz \u271314-Tage R\u00fcckgabe \u2713Secondhand Unikat","robots":{"index":"index","follow":"follow","max-snippet":"max-snippet:-1","max-image-preview":"max-image-preview:large","max-video-preview":"max-video-preview:-1"},"canonical":"https:\/\/kurato.ch\/fr\/product\/service-trolley-auf-rollen-von-joe-colombo-boy-fuer-bieffeplast\/","og_locale":"fr_FR","og_type":"article","og_title":"Service Trolley auf Rollen von Joe Colombo Boy f\u00fcr Bieffeplast | Vintage M\u00f6bel kaufen auf KURATO.CH","og_description":"Entdecke Vintage M\u00f6bel & Dekoration \u27a4 Service Trolley auf Rollen von Joe Colombo Boy f\u00fcr Bieffeplast auf Kurato. \u2713Lieferung Schweiz \u271314-Tage R\u00fcckgabe \u2713Secondhand Unikat","og_url":"https:\/\/kurato.ch\/fr\/product\/service-trolley-auf-rollen-von-joe-colombo-boy-fuer-bieffeplast\/","og_site_name":"Vintage M\u00f6bel &amp; Dekoration I Kurato","article_publisher":"https:\/\/www.facebook.com\/kuratoswitzerland","article_modified_time":"2026-02-12T18:42:05+00:00","og_image":[{"width":810,"height":810,"url":"https:\/\/kurato.ch\/wp-content\/uploads\/2026\/02\/Service-Trolley-von-Joe-Colombo-Boy-Bieffeplast-vintage-secondhand-gebraucht-schweiz-Instagram-Post.jpg","type":"image\/jpeg"}],"twitter_misc":{"Dur\u00e9e de lecture estim\u00e9e":"1 minute"},"schema":{"@context":"https:\/\/schema.org","@graph":[{"@type":"WebPage","@id":"https:\/\/kurato.ch\/product\/service-trolley-auf-rollen-von-joe-colombo-boy-fuer-bieffeplast\/","url":"https:\/\/kurato.ch\/product\/service-trolley-auf-rollen-von-joe-colombo-boy-fuer-bieffeplast\/","name":"Service Trolley auf Rollen von Joe Colombo Boy f\u00fcr Bieffeplast | Vintage M\u00f6bel kaufen auf KURATO.CH","isPartOf":{"@id":"https:\/\/kurato.ch\/#website"},"primaryImageOfPage":{"@id":"https:\/\/kurato.ch\/product\/service-trolley-auf-rollen-von-joe-colombo-boy-fuer-bieffeplast\/#primaryimage"},"image":{"@id":"https:\/\/kurato.ch\/product\/service-trolley-auf-rollen-von-joe-colombo-boy-fuer-bieffeplast\/#primaryimage"},"thumbnailUrl":"https:\/\/kurato.ch\/wp-content\/uploads\/2026\/02\/Service-Trolley-von-Joe-Colombo-Boy-Bieffeplast-vintage-secondhand-gebraucht-schweiz-Instagram-Post.jpg","datePublished":"2026-02-12T18:42:04+00:00","dateModified":"2026-02-12T18:42:05+00:00","description":"Entdecke Vintage M\u00f6bel & Dekoration \u27a4 Service Trolley auf Rollen von Joe Colombo Boy f\u00fcr Bieffeplast auf Kurato. \u2713Lieferung Schweiz \u271314-Tage R\u00fcckgabe \u2713Secondhand Unikat","breadcrumb":{"@id":"https:\/\/kurato.ch\/product\/service-trolley-auf-rollen-von-joe-colombo-boy-fuer-bieffeplast\/#breadcrumb"},"inLanguage":"fr-FR","potentialAction":[{"@type":"ReadAction","target":["https:\/\/kurato.ch\/product\/service-trolley-auf-rollen-von-joe-colombo-boy-fuer-bieffeplast\/"]}]},{"@type":"ImageObject","inLanguage":"fr-FR","@id":"https:\/\/kurato.ch\/product\/service-trolley-auf-rollen-von-joe-colombo-boy-fuer-bieffeplast\/#primaryimage","url":"https:\/\/kurato.ch\/wp-content\/uploads\/2026\/02\/Service-Trolley-von-Joe-Colombo-Boy-Bieffeplast-vintage-secondhand-gebraucht-schweiz-Instagram-Post.jpg","contentUrl":"https:\/\/kurato.ch\/wp-content\/uploads\/2026\/02\/Service-Trolley-von-Joe-Colombo-Boy-Bieffeplast-vintage-secondhand-gebraucht-schweiz-Instagram-Post.jpg","width":810,"height":810,"caption":"Service Trolley von Joe Colombo Boy, Bieffeplast"},{"@type":"BreadcrumbList","@id":"https:\/\/kurato.ch\/product\/service-trolley-auf-rollen-von-joe-colombo-boy-fuer-bieffeplast\/#breadcrumb","itemListElement":[{"@type":"ListItem","position":1,"name":"Home","item":"https:\/\/kurato.ch\/"},{"@type":"ListItem","position":2,"name":"Neuheiten","item":"https:\/\/kurato.ch\/neuheiten\/"},{"@type":"ListItem","position":3,"name":"Service Trolley auf Rollen von Joe Colombo Boy f\u00fcr Bieffeplast"}]},{"@type":"WebSite","@id":"https:\/\/kurato.ch\/#website","url":"https:\/\/kurato.ch\/","name":"Meubles vintage &amp; d\u00e9coration I Kurato","description":"Meubles vintage &amp; d\u00e9coration I Kurato","publisher":{"@id":"https:\/\/kurato.ch\/#organization"},"potentialAction":[{"@type":"SearchAction","target":{"@type":"EntryPoint","urlTemplate":"https:\/\/kurato.ch\/?s={search_term_string}"},"query-input":{"@type":"PropertyValueSpecification","valueRequired":true,"valueName":"search_term_string"}}],"inLanguage":"fr-FR"},{"@type":"Organization","@id":"https:\/\/kurato.ch\/#organization","name":"Kurato.","url":"https:\/\/kurato.ch\/","logo":{"@type":"ImageObject","inLanguage":"fr-FR","@id":"https:\/\/kurato.ch\/#\/schema\/logo\/image\/","url":"","contentUrl":"","caption":"Kurato."},"image":{"@id":"https:\/\/kurato.ch\/#\/schema\/logo\/image\/"},"sameAs":["https:\/\/www.facebook.com\/kuratoswitzerland","https:\/\/www.instagram.com\/kurato.ch\/","https:\/\/www.pinterest.ch\/kurato_ch\/_created\/"]}]}},"_links":{"self":[{"href":"https:\/\/kurato.ch\/fr\/wp-json\/wp\/v2\/product\/73234","targetHints":{"allow":["GET"]}}],"collection":[{"href":"https:\/\/kurato.ch\/fr\/wp-json\/wp\/v2\/product"}],"about":[{"href":"https:\/\/kurato.ch\/fr\/wp-json\/wp\/v2\/types\/product"}],"wp:featuredmedia":[{"embeddable":true,"href":"https:\/\/kurato.ch\/fr\/wp-json\/wp\/v2\/media\/73271"}],"wp:attachment":[{"href":"https:\/\/kurato.ch\/fr\/wp-json\/wp\/v2\/media?parent=73234"}],"wp:term":[{"taxonomy":"product_brand","embeddable":true,"href":"https:\/\/kurato.ch\/fr\/wp-json\/wp\/v2\/product_brand?post=73234"},{"taxonomy":"product_cat","embeddable":true,"href":"https:\/\/kurato.ch\/fr\/wp-json\/wp\/v2\/product_cat?post=73234"},{"taxonomy":"product_tag","embeddable":true,"href":"https:\/\/kurato.ch\/fr\/wp-json\/wp\/v2\/product_tag?post=73234"}],"curies":[{"name":"wp","href":"https:\/\/api.w.org\/{rel}","templated":true}]}}