{"id":73257,"date":"2026-02-12T20:50:39","date_gmt":"2026-02-12T18:50:39","guid":{"rendered":"https:\/\/kurato.ch\/?post_type=product&#038;p=73257"},"modified":"2026-02-12T20:50:39","modified_gmt":"2026-02-12T18:50:39","slug":"safarisessel-von-wilhelm-kienzle-fuer-wohnbedarf","status":"publish","type":"product","link":"https:\/\/kurato.ch\/fr\/product\/safarisessel-von-wilhelm-kienzle-fuer-wohnbedarf\/","title":{"rendered":"Safarisessel von Wilhelm Kienzle f\u00fcr Wohnbedarf"},"content":{"rendered":"<p>Der ikonische Safari-Sessel wurde urspr\u00fcnglich vom Schweizer Designer Wilhelm Kienzle f\u00fcr Wohnbedarf entworfen (urspr\u00fcnglicher Entwurf 1928). Er wurde 1933 auch vom d\u00e4nischen Designer Kaare Klint f\u00fcr Carl Hansen &amp; S\u00f8n popul\u00e4r gemacht.\u00a0<\/p>\n<p>Das Gestell besteht aus gebeiztem, massivem Buchenholz, die Sitzfl\u00e4che, die neigbare R\u00fcckenlehne und die Armlehnen sind aus Naturleder, das mit Gurten und Schnallen befestigt ist. Es handelt sich um einen modernen Designklassiker aus der Mitte des Jahrhunderts, der f\u00fcr seine vollst\u00e4ndig zerlegbare Konstruktion (\u201eknock-down\u201c) bekannt ist, die von den britischen Kolonial-Feldst\u00fchlen des 19. Jahrhunderts inspiriert wurde. Das Leder des Bildes weist eine reiche, nat\u00fcrliche Patina auf.<\/p>\n<p><strong>Du m\u00f6chtest den Artikel zu Dir nach Hause geliefert bekommen:<\/strong> Bitte kontaktiere den Kundendienst von Kurato <a href=\"mailto:hello@kurato.ch\" data-mce-href=\"mailto:hello@kurato.ch\"><strong>hello@kurato.ch<\/strong><\/a> et demandez une offre de livraison personnalis\u00e9e.<\/p>","protected":false},"excerpt":{"rendered":"<p>Der ikonische Safari-Sessel wurde urspr\u00fcnglich vom Schweizer Designer Wilhelm Kienzle f\u00fcr Wohnbedarf entworfen (urspr\u00fcnglicher Entwurf 1928). Er wurde 1933 auch vom d\u00e4nischen Designer Kaare Klint f\u00fcr Carl Hansen &amp; S\u00f8n popul\u00e4r gemacht.\u00a0 Das Gestell besteht aus gebeiztem, massivem Buchenholz, die Sitzfl\u00e4che, die neigbare R\u00fcckenlehne und die Armlehnen sind aus Naturleder, das mit Gurten und Schnallen [&hellip;]<\/p>\n","protected":false},"featured_media":73272,"template":"","meta":{"_acf_changed":false,"site-sidebar-layout":"default","site-content-layout":"","ast-site-content-layout":"default","site-content-style":"default","site-sidebar-style":"default","ast-global-header-display":"","ast-banner-title-visibility":"","ast-main-header-display":"","ast-hfb-above-header-display":"","ast-hfb-below-header-display":"","ast-hfb-mobile-header-display":"","site-post-title":"","ast-breadcrumbs-content":"","ast-featured-img":"","footer-sml-layout":"","ast-disable-related-posts":"","theme-transparent-header-meta":"","adv-header-id-meta":"","stick-header-meta":"","header-above-stick-meta":"","header-main-stick-meta":"","header-below-stick-meta":"","astra-migrate-meta-layouts":"default","ast-page-background-enabled":"default","ast-page-background-meta":{"desktop":{"background-color":"","background-image":"","background-repeat":"repeat","background-position":"center center","background-size":"auto","background-attachment":"scroll","background-type":"","background-media":"","overlay-type":"","overlay-color":"","overlay-opacity":"","overlay-gradient":""},"tablet":{"background-color":"","background-image":"","background-repeat":"repeat","background-position":"center center","background-size":"auto","background-attachment":"scroll","background-type":"","background-media":"","overlay-type":"","overlay-color":"","overlay-opacity":"","overlay-gradient":""},"mobile":{"background-color":"","background-image":"","background-repeat":"repeat","background-position":"center center","background-size":"auto","background-attachment":"scroll","background-type":"","background-media":"","overlay-type":"","overlay-color":"","overlay-opacity":"","overlay-gradient":""}},"ast-content-background-meta":{"desktop":{"background-color":"var(--ast-global-color-5)","background-image":"","background-repeat":"repeat","background-position":"center center","background-size":"auto","background-attachment":"scroll","background-type":"","background-media":"","overlay-type":"","overlay-color":"","overlay-opacity":"","overlay-gradient":""},"tablet":{"background-color":"var(--ast-global-color-5)","background-image":"","background-repeat":"repeat","background-position":"center center","background-size":"auto","background-attachment":"scroll","background-type":"","background-media":"","overlay-type":"","overlay-color":"","overlay-opacity":"","overlay-gradient":""},"mobile":{"background-color":"var(--ast-global-color-5)","background-image":"","background-repeat":"repeat","background-position":"center center","background-size":"auto","background-attachment":"scroll","background-type":"","background-media":"","overlay-type":"","overlay-color":"","overlay-opacity":"","overlay-gradient":""}}},"product_brand":[],"product_cat":[429,155,148,163],"product_tag":[],"class_list":{"0":"post-73257","1":"product","2":"type-product","3":"status-publish","4":"has-post-thumbnail","6":"product_cat-alle-anderen-stuehle","7":"product_cat-vintage-sessel","8":"product_cat-vintage-sitzmoebel","9":"product_cat-vintage-stuhl","10":"pa_designer-kienzle-wilhelm","11":"pa_farbe-brun","12":"pa_material-holz","13":"pa_material-leder","14":"pa_stil-scandinave-mid-century","15":"desktop-align-left","16":"tablet-align-left","17":"mobile-align-left","19":"first","20":"instock","21":"sold-individually","22":"shipping-taxable","23":"purchasable","24":"product-type-simple"},"acf":[],"yoast_head":"<!-- This site is optimized with the Yoast SEO plugin v27.3 - https:\/\/yoast.com\/product\/yoast-seo-wordpress\/ -->\n<title>Safarisessel von Wilhelm Kienzle f\u00fcr Wohnbedarf | Vintage M\u00f6bel kaufen auf KURATO.CH<\/title>\n<meta name=\"description\" content=\"Entdecke Vintage M\u00f6bel &amp; Dekoration \u27a4 Safarisessel von Wilhelm Kienzle f\u00fcr Wohnbedarf auf Kurato. \u2713Lieferung Schweiz \u271314-Tage R\u00fcckgabe \u2713Secondhand Unikat\" \/>\n<meta name=\"robots\" content=\"index, follow, max-snippet:-1, max-image-preview:large, max-video-preview:-1\" \/>\n<link rel=\"canonical\" href=\"https:\/\/kurato.ch\/fr\/product\/safarisessel-von-wilhelm-kienzle-fuer-wohnbedarf\/\" \/>\n<meta property=\"og:locale\" content=\"fr_FR\" \/>\n<meta property=\"og:type\" content=\"article\" \/>\n<meta property=\"og:title\" content=\"Safarisessel von Wilhelm Kienzle f\u00fcr Wohnbedarf | Vintage M\u00f6bel kaufen auf KURATO.CH\" \/>\n<meta property=\"og:description\" content=\"Entdecke Vintage M\u00f6bel &amp; Dekoration \u27a4 Safarisessel von Wilhelm Kienzle f\u00fcr Wohnbedarf auf Kurato. \u2713Lieferung Schweiz \u271314-Tage R\u00fcckgabe \u2713Secondhand Unikat\" \/>\n<meta property=\"og:url\" content=\"https:\/\/kurato.ch\/fr\/product\/safarisessel-von-wilhelm-kienzle-fuer-wohnbedarf\/\" \/>\n<meta property=\"og:site_name\" content=\"Vintage M\u00f6bel &amp; Dekoration I Kurato\" \/>\n<meta property=\"article:publisher\" content=\"https:\/\/www.facebook.com\/kuratoswitzerland\" \/>\n<meta property=\"og:image\" content=\"https:\/\/kurato.ch\/wp-content\/uploads\/2026\/02\/Safarisessel-von-Wilhelm-Kienzle-fuer-Wohnbedarf-vintage-secondhand-gebraucht-schweiz-Instagram-Post.jpg\" \/>\n\t<meta property=\"og:image:width\" content=\"810\" \/>\n\t<meta property=\"og:image:height\" content=\"810\" \/>\n\t<meta property=\"og:image:type\" content=\"image\/jpeg\" \/>\n<meta name=\"twitter:label1\" content=\"Dur\u00e9e de lecture estim\u00e9e\" \/>\n\t<meta name=\"twitter:data1\" content=\"1 minute\" \/>\n<script type=\"application\/ld+json\" class=\"yoast-schema-graph\">{\"@context\":\"https:\\\/\\\/schema.org\",\"@graph\":[{\"@type\":\"WebPage\",\"@id\":\"https:\\\/\\\/kurato.ch\\\/product\\\/safarisessel-von-wilhelm-kienzle-fuer-wohnbedarf\\\/\",\"url\":\"https:\\\/\\\/kurato.ch\\\/product\\\/safarisessel-von-wilhelm-kienzle-fuer-wohnbedarf\\\/\",\"name\":\"Safarisessel von Wilhelm Kienzle f\u00fcr Wohnbedarf | Vintage M\u00f6bel kaufen auf KURATO.CH\",\"isPartOf\":{\"@id\":\"https:\\\/\\\/kurato.ch\\\/#website\"},\"primaryImageOfPage\":{\"@id\":\"https:\\\/\\\/kurato.ch\\\/product\\\/safarisessel-von-wilhelm-kienzle-fuer-wohnbedarf\\\/#primaryimage\"},\"image\":{\"@id\":\"https:\\\/\\\/kurato.ch\\\/product\\\/safarisessel-von-wilhelm-kienzle-fuer-wohnbedarf\\\/#primaryimage\"},\"thumbnailUrl\":\"https:\\\/\\\/kurato.ch\\\/wp-content\\\/uploads\\\/2026\\\/02\\\/Safarisessel-von-Wilhelm-Kienzle-fuer-Wohnbedarf-vintage-secondhand-gebraucht-schweiz-Instagram-Post.jpg\",\"datePublished\":\"2026-02-12T18:50:39+00:00\",\"description\":\"Entdecke Vintage M\u00f6bel & Dekoration \u27a4 Safarisessel von Wilhelm Kienzle f\u00fcr Wohnbedarf auf Kurato. \u2713Lieferung Schweiz \u271314-Tage R\u00fcckgabe \u2713Secondhand Unikat\",\"breadcrumb\":{\"@id\":\"https:\\\/\\\/kurato.ch\\\/product\\\/safarisessel-von-wilhelm-kienzle-fuer-wohnbedarf\\\/#breadcrumb\"},\"inLanguage\":\"fr-FR\",\"potentialAction\":[{\"@type\":\"ReadAction\",\"target\":[\"https:\\\/\\\/kurato.ch\\\/product\\\/safarisessel-von-wilhelm-kienzle-fuer-wohnbedarf\\\/\"]}]},{\"@type\":\"ImageObject\",\"inLanguage\":\"fr-FR\",\"@id\":\"https:\\\/\\\/kurato.ch\\\/product\\\/safarisessel-von-wilhelm-kienzle-fuer-wohnbedarf\\\/#primaryimage\",\"url\":\"https:\\\/\\\/kurato.ch\\\/wp-content\\\/uploads\\\/2026\\\/02\\\/Safarisessel-von-Wilhelm-Kienzle-fuer-Wohnbedarf-vintage-secondhand-gebraucht-schweiz-Instagram-Post.jpg\",\"contentUrl\":\"https:\\\/\\\/kurato.ch\\\/wp-content\\\/uploads\\\/2026\\\/02\\\/Safarisessel-von-Wilhelm-Kienzle-fuer-Wohnbedarf-vintage-secondhand-gebraucht-schweiz-Instagram-Post.jpg\",\"width\":810,\"height\":810,\"caption\":\"Safarisessel von Wilhelm Kienzle f\u00fcr Wohnbedarf\"},{\"@type\":\"BreadcrumbList\",\"@id\":\"https:\\\/\\\/kurato.ch\\\/product\\\/safarisessel-von-wilhelm-kienzle-fuer-wohnbedarf\\\/#breadcrumb\",\"itemListElement\":[{\"@type\":\"ListItem\",\"position\":1,\"name\":\"Home\",\"item\":\"https:\\\/\\\/kurato.ch\\\/\"},{\"@type\":\"ListItem\",\"position\":2,\"name\":\"Neuheiten\",\"item\":\"https:\\\/\\\/kurato.ch\\\/neuheiten\\\/\"},{\"@type\":\"ListItem\",\"position\":3,\"name\":\"Safarisessel von Wilhelm Kienzle f\u00fcr Wohnbedarf\"}]},{\"@type\":\"WebSite\",\"@id\":\"https:\\\/\\\/kurato.ch\\\/#website\",\"url\":\"https:\\\/\\\/kurato.ch\\\/\",\"name\":\"Vintage M\u00f6bel &amp; Dekoration I Kurato\",\"description\":\"Vintage M\u00f6bel &amp; Dekoration I Kurato\",\"publisher\":{\"@id\":\"https:\\\/\\\/kurato.ch\\\/#organization\"},\"potentialAction\":[{\"@type\":\"SearchAction\",\"target\":{\"@type\":\"EntryPoint\",\"urlTemplate\":\"https:\\\/\\\/kurato.ch\\\/?s={search_term_string}\"},\"query-input\":{\"@type\":\"PropertyValueSpecification\",\"valueRequired\":true,\"valueName\":\"search_term_string\"}}],\"inLanguage\":\"fr-FR\"},{\"@type\":\"Organization\",\"@id\":\"https:\\\/\\\/kurato.ch\\\/#organization\",\"name\":\"Kurato.\",\"url\":\"https:\\\/\\\/kurato.ch\\\/\",\"logo\":{\"@type\":\"ImageObject\",\"inLanguage\":\"fr-FR\",\"@id\":\"https:\\\/\\\/kurato.ch\\\/#\\\/schema\\\/logo\\\/image\\\/\",\"url\":\"\",\"contentUrl\":\"\",\"caption\":\"Kurato.\"},\"image\":{\"@id\":\"https:\\\/\\\/kurato.ch\\\/#\\\/schema\\\/logo\\\/image\\\/\"},\"sameAs\":[\"https:\\\/\\\/www.facebook.com\\\/kuratoswitzerland\",\"https:\\\/\\\/www.instagram.com\\\/kurato.ch\\\/\",\"https:\\\/\\\/www.pinterest.ch\\\/kurato_ch\\\/_created\\\/\"]}]}<\/script>\n<!-- \/ Yoast SEO plugin. -->","yoast_head_json":{"title":"Safarisessel von Wilhelm Kienzle f\u00fcr Wohnbedarf | Vintage M\u00f6bel kaufen auf KURATO.CH","description":"Entdecke Vintage M\u00f6bel & Dekoration \u27a4 Safarisessel von Wilhelm Kienzle f\u00fcr Wohnbedarf auf Kurato. \u2713Lieferung Schweiz \u271314-Tage R\u00fcckgabe \u2713Secondhand Unikat","robots":{"index":"index","follow":"follow","max-snippet":"max-snippet:-1","max-image-preview":"max-image-preview:large","max-video-preview":"max-video-preview:-1"},"canonical":"https:\/\/kurato.ch\/fr\/product\/safarisessel-von-wilhelm-kienzle-fuer-wohnbedarf\/","og_locale":"fr_FR","og_type":"article","og_title":"Safarisessel von Wilhelm Kienzle f\u00fcr Wohnbedarf | Vintage M\u00f6bel kaufen auf KURATO.CH","og_description":"Entdecke Vintage M\u00f6bel & Dekoration \u27a4 Safarisessel von Wilhelm Kienzle f\u00fcr Wohnbedarf auf Kurato. \u2713Lieferung Schweiz \u271314-Tage R\u00fcckgabe \u2713Secondhand Unikat","og_url":"https:\/\/kurato.ch\/fr\/product\/safarisessel-von-wilhelm-kienzle-fuer-wohnbedarf\/","og_site_name":"Vintage M\u00f6bel &amp; Dekoration I Kurato","article_publisher":"https:\/\/www.facebook.com\/kuratoswitzerland","og_image":[{"width":810,"height":810,"url":"https:\/\/kurato.ch\/wp-content\/uploads\/2026\/02\/Safarisessel-von-Wilhelm-Kienzle-fuer-Wohnbedarf-vintage-secondhand-gebraucht-schweiz-Instagram-Post.jpg","type":"image\/jpeg"}],"twitter_misc":{"Dur\u00e9e de lecture estim\u00e9e":"1 minute"},"schema":{"@context":"https:\/\/schema.org","@graph":[{"@type":"WebPage","@id":"https:\/\/kurato.ch\/product\/safarisessel-von-wilhelm-kienzle-fuer-wohnbedarf\/","url":"https:\/\/kurato.ch\/product\/safarisessel-von-wilhelm-kienzle-fuer-wohnbedarf\/","name":"Safarisessel von Wilhelm Kienzle f\u00fcr Wohnbedarf | Vintage M\u00f6bel kaufen auf KURATO.CH","isPartOf":{"@id":"https:\/\/kurato.ch\/#website"},"primaryImageOfPage":{"@id":"https:\/\/kurato.ch\/product\/safarisessel-von-wilhelm-kienzle-fuer-wohnbedarf\/#primaryimage"},"image":{"@id":"https:\/\/kurato.ch\/product\/safarisessel-von-wilhelm-kienzle-fuer-wohnbedarf\/#primaryimage"},"thumbnailUrl":"https:\/\/kurato.ch\/wp-content\/uploads\/2026\/02\/Safarisessel-von-Wilhelm-Kienzle-fuer-Wohnbedarf-vintage-secondhand-gebraucht-schweiz-Instagram-Post.jpg","datePublished":"2026-02-12T18:50:39+00:00","description":"Entdecke Vintage M\u00f6bel & Dekoration \u27a4 Safarisessel von Wilhelm Kienzle f\u00fcr Wohnbedarf auf Kurato. \u2713Lieferung Schweiz \u271314-Tage R\u00fcckgabe \u2713Secondhand Unikat","breadcrumb":{"@id":"https:\/\/kurato.ch\/product\/safarisessel-von-wilhelm-kienzle-fuer-wohnbedarf\/#breadcrumb"},"inLanguage":"fr-FR","potentialAction":[{"@type":"ReadAction","target":["https:\/\/kurato.ch\/product\/safarisessel-von-wilhelm-kienzle-fuer-wohnbedarf\/"]}]},{"@type":"ImageObject","inLanguage":"fr-FR","@id":"https:\/\/kurato.ch\/product\/safarisessel-von-wilhelm-kienzle-fuer-wohnbedarf\/#primaryimage","url":"https:\/\/kurato.ch\/wp-content\/uploads\/2026\/02\/Safarisessel-von-Wilhelm-Kienzle-fuer-Wohnbedarf-vintage-secondhand-gebraucht-schweiz-Instagram-Post.jpg","contentUrl":"https:\/\/kurato.ch\/wp-content\/uploads\/2026\/02\/Safarisessel-von-Wilhelm-Kienzle-fuer-Wohnbedarf-vintage-secondhand-gebraucht-schweiz-Instagram-Post.jpg","width":810,"height":810,"caption":"Safarisessel von Wilhelm Kienzle f\u00fcr Wohnbedarf"},{"@type":"BreadcrumbList","@id":"https:\/\/kurato.ch\/product\/safarisessel-von-wilhelm-kienzle-fuer-wohnbedarf\/#breadcrumb","itemListElement":[{"@type":"ListItem","position":1,"name":"Home","item":"https:\/\/kurato.ch\/"},{"@type":"ListItem","position":2,"name":"Neuheiten","item":"https:\/\/kurato.ch\/neuheiten\/"},{"@type":"ListItem","position":3,"name":"Safarisessel von Wilhelm Kienzle f\u00fcr Wohnbedarf"}]},{"@type":"WebSite","@id":"https:\/\/kurato.ch\/#website","url":"https:\/\/kurato.ch\/","name":"Meubles vintage &amp; d\u00e9coration I Kurato","description":"Meubles vintage &amp; d\u00e9coration I Kurato","publisher":{"@id":"https:\/\/kurato.ch\/#organization"},"potentialAction":[{"@type":"SearchAction","target":{"@type":"EntryPoint","urlTemplate":"https:\/\/kurato.ch\/?s={search_term_string}"},"query-input":{"@type":"PropertyValueSpecification","valueRequired":true,"valueName":"search_term_string"}}],"inLanguage":"fr-FR"},{"@type":"Organization","@id":"https:\/\/kurato.ch\/#organization","name":"Kurato.","url":"https:\/\/kurato.ch\/","logo":{"@type":"ImageObject","inLanguage":"fr-FR","@id":"https:\/\/kurato.ch\/#\/schema\/logo\/image\/","url":"","contentUrl":"","caption":"Kurato."},"image":{"@id":"https:\/\/kurato.ch\/#\/schema\/logo\/image\/"},"sameAs":["https:\/\/www.facebook.com\/kuratoswitzerland","https:\/\/www.instagram.com\/kurato.ch\/","https:\/\/www.pinterest.ch\/kurato_ch\/_created\/"]}]}},"_links":{"self":[{"href":"https:\/\/kurato.ch\/fr\/wp-json\/wp\/v2\/product\/73257","targetHints":{"allow":["GET"]}}],"collection":[{"href":"https:\/\/kurato.ch\/fr\/wp-json\/wp\/v2\/product"}],"about":[{"href":"https:\/\/kurato.ch\/fr\/wp-json\/wp\/v2\/types\/product"}],"wp:featuredmedia":[{"embeddable":true,"href":"https:\/\/kurato.ch\/fr\/wp-json\/wp\/v2\/media\/73272"}],"wp:attachment":[{"href":"https:\/\/kurato.ch\/fr\/wp-json\/wp\/v2\/media?parent=73257"}],"wp:term":[{"taxonomy":"product_brand","embeddable":true,"href":"https:\/\/kurato.ch\/fr\/wp-json\/wp\/v2\/product_brand?post=73257"},{"taxonomy":"product_cat","embeddable":true,"href":"https:\/\/kurato.ch\/fr\/wp-json\/wp\/v2\/product_cat?post=73257"},{"taxonomy":"product_tag","embeddable":true,"href":"https:\/\/kurato.ch\/fr\/wp-json\/wp\/v2\/product_tag?post=73257"}],"curies":[{"name":"wp","href":"https:\/\/api.w.org\/{rel}","templated":true}]}}