{"id":73380,"date":"2026-02-22T14:56:46","date_gmt":"2026-02-22T12:56:46","guid":{"rendered":"https:\/\/kurato.ch\/fr\/?post_type=product&#038;p=73380"},"modified":"2026-02-22T14:56:47","modified_gmt":"2026-02-22T12:56:47","slug":"bar-trolley-herbert-hirche-ed-holzaepfel-1956","status":"publish","type":"product","link":"https:\/\/kurato.ch\/fr\/product\/bar-trolley-herbert-hirche-ed-holzaepfel-1956\/","title":{"rendered":"Bar trolley Herbert Hirche \u00e9d. Holz\u00e4pfel, 1956"},"content":{"rendered":"<p>Eleganter, modernistischer Trolley-Bar aus Metall und Glas.<\/p>\n<p>Design Herbert Hirche (1910 &#8211; 2002) f\u00fcr Christian Holz\u00e4pfel KG, Deutschland, 1956.<\/p>\n<p>Schwarz lackierte Stahlstruktur mit zwei opalen, weissen Glasplatten.\u00a0<br \/>H\u00f6he 50 cm x L\u00e4nge 70 cm x Tiefe 46 cm<\/p>\n<p>Ehemalige Originalausgabe, in ausgezeichnetem Zustand.<\/p>\n<p>Der Architekt und Designer Herbert Hirche, der zwischen 1930 und 1933 am Bauhaus ausgebildet wurde, studierte in Dessau und sp\u00e4ter in Berlin unter seinen Lehrern Kandinsky und Mies van der Rohe. Letzterem blieb er treu, bis er 1938 in die USA auswanderte und sich dann dem B\u00fcro von Egon Eiermann anschloss.<\/p>\n<p>Nach dem Krieg nahm seine Karriere eine akademische Wende: Zun\u00e4chst wurde er 1948 zum Professor an der Kunsthochschule Berlin-Wei\u00dfensee ernannt, entschied sich aber bei der Gr\u00fcndung der DDR daf\u00fcr, die Sowjetzone zu verlassen und in den Westen zu ziehen. Er trat der Staatlichen Akademie der K\u00fcnste in Stuttgart (ABK) bei.<br \/>Seine Zusammenarbeit mit Braun sollte Designgeschichte schreiben, insbesondere durch die Radiogram Radio-Phono-Kombination (1958), die zu einer Ikone modernistischer Inneneinrichtungen wurde. Sein Einfluss wurde durch seine Pr\u00e4senz auf der Triennale in Mailand 1958 und auf der Dokumenta III in Kassel 1964 gew\u00fcrdigt.<\/p>\n<p><strong>Du m\u00f6chtest den Artikel zu Dir nach Hause geliefert bekommen:<\/strong> Bitte kontaktiere den Kundendienst von Kurato <a href=\"mailto:hello@kurato.ch\" data-mce-href=\"mailto:hello@kurato.ch\"><strong>hello@kurato.ch<\/strong><\/a> et demandez une offre de livraison personnalis\u00e9e.<\/p>\n<p><\/p>","protected":false},"excerpt":{"rendered":"<p>Eleganter, modernistischer Trolley-Bar aus Metall und Glas. Design Herbert Hirche (1910 &#8211; 2002) f\u00fcr Christian Holz\u00e4pfel KG, Deutschland, 1956. Schwarz lackierte Stahlstruktur mit zwei opalen, weissen Glasplatten.\u00a0H\u00f6he 50 cm x L\u00e4nge 70 cm x Tiefe 46 cm Ehemalige Originalausgabe, in ausgezeichnetem Zustand. Der Architekt und Designer Herbert Hirche, der zwischen 1930 und 1933 am Bauhaus [&hellip;]<\/p>\n","protected":false},"featured_media":73391,"template":"","meta":{"_acf_changed":false,"site-sidebar-layout":"default","site-content-layout":"","ast-site-content-layout":"default","site-content-style":"default","site-sidebar-style":"default","ast-global-header-display":"","ast-banner-title-visibility":"","ast-main-header-display":"","ast-hfb-above-header-display":"","ast-hfb-below-header-display":"","ast-hfb-mobile-header-display":"","site-post-title":"","ast-breadcrumbs-content":"","ast-featured-img":"","footer-sml-layout":"","ast-disable-related-posts":"","theme-transparent-header-meta":"","adv-header-id-meta":"","stick-header-meta":"","header-above-stick-meta":"","header-main-stick-meta":"","header-below-stick-meta":"","astra-migrate-meta-layouts":"default","ast-page-background-enabled":"default","ast-page-background-meta":{"desktop":{"background-color":"","background-image":"","background-repeat":"repeat","background-position":"center center","background-size":"auto","background-attachment":"scroll","background-type":"","background-media":"","overlay-type":"","overlay-color":"","overlay-opacity":"","overlay-gradient":""},"tablet":{"background-color":"","background-image":"","background-repeat":"repeat","background-position":"center center","background-size":"auto","background-attachment":"scroll","background-type":"","background-media":"","overlay-type":"","overlay-color":"","overlay-opacity":"","overlay-gradient":""},"mobile":{"background-color":"","background-image":"","background-repeat":"repeat","background-position":"center center","background-size":"auto","background-attachment":"scroll","background-type":"","background-media":"","overlay-type":"","overlay-color":"","overlay-opacity":"","overlay-gradient":""}},"ast-content-background-meta":{"desktop":{"background-color":"var(--ast-global-color-5)","background-image":"","background-repeat":"repeat","background-position":"center center","background-size":"auto","background-attachment":"scroll","background-type":"","background-media":"","overlay-type":"","overlay-color":"","overlay-opacity":"","overlay-gradient":""},"tablet":{"background-color":"var(--ast-global-color-5)","background-image":"","background-repeat":"repeat","background-position":"center center","background-size":"auto","background-attachment":"scroll","background-type":"","background-media":"","overlay-type":"","overlay-color":"","overlay-opacity":"","overlay-gradient":""},"mobile":{"background-color":"var(--ast-global-color-5)","background-image":"","background-repeat":"repeat","background-position":"center center","background-size":"auto","background-attachment":"scroll","background-type":"","background-media":"","overlay-type":"","overlay-color":"","overlay-opacity":"","overlay-gradient":""}}},"product_brand":[],"product_cat":[142,141,167],"product_tag":[],"class_list":{"0":"post-73380","1":"product","2":"type-product","3":"status-publish","4":"has-post-thumbnail","6":"product_cat-vintage-barwagen","7":"product_cat-vintage-couchtisch-barwagen","8":"product_cat-vintage-tische","9":"pa_farbe-schwarz","10":"pa_material-glas-kristall","11":"pa_material-metall","12":"pa_stil-skandinavisch-mid-century","13":"desktop-align-left","14":"tablet-align-left","15":"mobile-align-left","17":"first","18":"instock","19":"sold-individually","20":"shipping-taxable","21":"purchasable","22":"product-type-simple"},"acf":[],"yoast_head":"<!-- This site is optimized with the Yoast SEO plugin v27.3 - https:\/\/yoast.com\/product\/yoast-seo-wordpress\/ -->\n<title>Bar trolley Herbert Hirche \u00e9d. Holz\u00e4pfel, 1956 | Vintage M\u00f6bel kaufen auf KURATO.CH<\/title>\n<meta name=\"description\" content=\"Entdecke Vintage M\u00f6bel &amp; Dekoration \u27a4 Bar trolley Herbert Hirche \u00e9d. Holz\u00e4pfel, 1956 auf Kurato. \u2713Lieferung Schweiz \u271314-Tage R\u00fcckgabe \u2713Secondhand Unikat\" \/>\n<meta name=\"robots\" content=\"index, follow, max-snippet:-1, max-image-preview:large, max-video-preview:-1\" \/>\n<link rel=\"canonical\" href=\"https:\/\/kurato.ch\/fr\/product\/bar-trolley-herbert-hirche-ed-holzaepfel-1956\/\" \/>\n<meta property=\"og:locale\" content=\"fr_FR\" \/>\n<meta property=\"og:type\" content=\"article\" \/>\n<meta property=\"og:title\" content=\"Bar trolley Herbert Hirche \u00e9d. Holz\u00e4pfel, 1956 | Vintage M\u00f6bel kaufen auf KURATO.CH\" \/>\n<meta property=\"og:description\" content=\"Entdecke Vintage M\u00f6bel &amp; Dekoration \u27a4 Bar trolley Herbert Hirche \u00e9d. Holz\u00e4pfel, 1956 auf Kurato. \u2713Lieferung Schweiz \u271314-Tage R\u00fcckgabe \u2713Secondhand Unikat\" \/>\n<meta property=\"og:url\" content=\"https:\/\/kurato.ch\/fr\/product\/bar-trolley-herbert-hirche-ed-holzaepfel-1956\/\" \/>\n<meta property=\"og:site_name\" content=\"Vintage M\u00f6bel &amp; Dekoration I Kurato\" \/>\n<meta property=\"article:publisher\" content=\"https:\/\/www.facebook.com\/kuratoswitzerland\" \/>\n<meta property=\"article:modified_time\" content=\"2026-02-22T12:56:47+00:00\" \/>\n<meta property=\"og:image\" content=\"https:\/\/kurato.ch\/wp-content\/uploads\/2026\/02\/Bar-trolley-Herbert-Hirche-ed.-Holzaepfel-1956-vintage-secondhand-gebraucht-schweiz-Instagram-Post.jpg\" \/>\n\t<meta property=\"og:image:width\" content=\"810\" \/>\n\t<meta property=\"og:image:height\" content=\"810\" \/>\n\t<meta property=\"og:image:type\" content=\"image\/jpeg\" \/>\n<meta name=\"twitter:label1\" content=\"Dur\u00e9e de lecture estim\u00e9e\" \/>\n\t<meta name=\"twitter:data1\" content=\"1 minute\" \/>\n<script type=\"application\/ld+json\" class=\"yoast-schema-graph\">{\"@context\":\"https:\\\/\\\/schema.org\",\"@graph\":[{\"@type\":\"WebPage\",\"@id\":\"https:\\\/\\\/kurato.ch\\\/product\\\/bar-trolley-herbert-hirche-ed-holzaepfel-1956\\\/\",\"url\":\"https:\\\/\\\/kurato.ch\\\/product\\\/bar-trolley-herbert-hirche-ed-holzaepfel-1956\\\/\",\"name\":\"Bar trolley Herbert Hirche \u00e9d. Holz\u00e4pfel, 1956 | Vintage M\u00f6bel kaufen auf KURATO.CH\",\"isPartOf\":{\"@id\":\"https:\\\/\\\/kurato.ch\\\/#website\"},\"primaryImageOfPage\":{\"@id\":\"https:\\\/\\\/kurato.ch\\\/product\\\/bar-trolley-herbert-hirche-ed-holzaepfel-1956\\\/#primaryimage\"},\"image\":{\"@id\":\"https:\\\/\\\/kurato.ch\\\/product\\\/bar-trolley-herbert-hirche-ed-holzaepfel-1956\\\/#primaryimage\"},\"thumbnailUrl\":\"https:\\\/\\\/kurato.ch\\\/wp-content\\\/uploads\\\/2026\\\/02\\\/Bar-trolley-Herbert-Hirche-ed.-Holzaepfel-1956-vintage-secondhand-gebraucht-schweiz-Instagram-Post.jpg\",\"datePublished\":\"2026-02-22T12:56:46+00:00\",\"dateModified\":\"2026-02-22T12:56:47+00:00\",\"description\":\"Entdecke Vintage M\u00f6bel & Dekoration \u27a4 Bar trolley Herbert Hirche \u00e9d. Holz\u00e4pfel, 1956 auf Kurato. \u2713Lieferung Schweiz \u271314-Tage R\u00fcckgabe \u2713Secondhand Unikat\",\"breadcrumb\":{\"@id\":\"https:\\\/\\\/kurato.ch\\\/product\\\/bar-trolley-herbert-hirche-ed-holzaepfel-1956\\\/#breadcrumb\"},\"inLanguage\":\"fr-FR\",\"potentialAction\":[{\"@type\":\"ReadAction\",\"target\":[\"https:\\\/\\\/kurato.ch\\\/product\\\/bar-trolley-herbert-hirche-ed-holzaepfel-1956\\\/\"]}]},{\"@type\":\"ImageObject\",\"inLanguage\":\"fr-FR\",\"@id\":\"https:\\\/\\\/kurato.ch\\\/product\\\/bar-trolley-herbert-hirche-ed-holzaepfel-1956\\\/#primaryimage\",\"url\":\"https:\\\/\\\/kurato.ch\\\/wp-content\\\/uploads\\\/2026\\\/02\\\/Bar-trolley-Herbert-Hirche-ed.-Holzaepfel-1956-vintage-secondhand-gebraucht-schweiz-Instagram-Post.jpg\",\"contentUrl\":\"https:\\\/\\\/kurato.ch\\\/wp-content\\\/uploads\\\/2026\\\/02\\\/Bar-trolley-Herbert-Hirche-ed.-Holzaepfel-1956-vintage-secondhand-gebraucht-schweiz-Instagram-Post.jpg\",\"width\":810,\"height\":810,\"caption\":\"Bar trolley Herbert Hirche \u00e9d. Holz\u00e4pfel, 1956\"},{\"@type\":\"BreadcrumbList\",\"@id\":\"https:\\\/\\\/kurato.ch\\\/product\\\/bar-trolley-herbert-hirche-ed-holzaepfel-1956\\\/#breadcrumb\",\"itemListElement\":[{\"@type\":\"ListItem\",\"position\":1,\"name\":\"Home\",\"item\":\"https:\\\/\\\/kurato.ch\\\/\"},{\"@type\":\"ListItem\",\"position\":2,\"name\":\"Neuheiten\",\"item\":\"https:\\\/\\\/kurato.ch\\\/neuheiten\\\/\"},{\"@type\":\"ListItem\",\"position\":3,\"name\":\"Bar trolley Herbert Hirche \u00e9d. Holz\u00e4pfel, 1956\"}]},{\"@type\":\"WebSite\",\"@id\":\"https:\\\/\\\/kurato.ch\\\/#website\",\"url\":\"https:\\\/\\\/kurato.ch\\\/\",\"name\":\"Vintage M\u00f6bel &amp; Dekoration I Kurato\",\"description\":\"Vintage M\u00f6bel &amp; Dekoration I Kurato\",\"publisher\":{\"@id\":\"https:\\\/\\\/kurato.ch\\\/#organization\"},\"potentialAction\":[{\"@type\":\"SearchAction\",\"target\":{\"@type\":\"EntryPoint\",\"urlTemplate\":\"https:\\\/\\\/kurato.ch\\\/?s={search_term_string}\"},\"query-input\":{\"@type\":\"PropertyValueSpecification\",\"valueRequired\":true,\"valueName\":\"search_term_string\"}}],\"inLanguage\":\"fr-FR\"},{\"@type\":\"Organization\",\"@id\":\"https:\\\/\\\/kurato.ch\\\/#organization\",\"name\":\"Kurato.\",\"url\":\"https:\\\/\\\/kurato.ch\\\/\",\"logo\":{\"@type\":\"ImageObject\",\"inLanguage\":\"fr-FR\",\"@id\":\"https:\\\/\\\/kurato.ch\\\/#\\\/schema\\\/logo\\\/image\\\/\",\"url\":\"\",\"contentUrl\":\"\",\"caption\":\"Kurato.\"},\"image\":{\"@id\":\"https:\\\/\\\/kurato.ch\\\/#\\\/schema\\\/logo\\\/image\\\/\"},\"sameAs\":[\"https:\\\/\\\/www.facebook.com\\\/kuratoswitzerland\",\"https:\\\/\\\/www.instagram.com\\\/kurato.ch\\\/\",\"https:\\\/\\\/www.pinterest.ch\\\/kurato_ch\\\/_created\\\/\"]}]}<\/script>\n<!-- \/ Yoast SEO plugin. -->","yoast_head_json":{"title":"Bar trolley Herbert Hirche \u00e9d. Holz\u00e4pfel, 1956 | Vintage M\u00f6bel kaufen auf KURATO.CH","description":"Entdecke Vintage M\u00f6bel & Dekoration \u27a4 Bar trolley Herbert Hirche \u00e9d. Holz\u00e4pfel, 1956 auf Kurato. \u2713Lieferung Schweiz \u271314-Tage R\u00fcckgabe \u2713Secondhand Unikat","robots":{"index":"index","follow":"follow","max-snippet":"max-snippet:-1","max-image-preview":"max-image-preview:large","max-video-preview":"max-video-preview:-1"},"canonical":"https:\/\/kurato.ch\/fr\/product\/bar-trolley-herbert-hirche-ed-holzaepfel-1956\/","og_locale":"fr_FR","og_type":"article","og_title":"Bar trolley Herbert Hirche \u00e9d. Holz\u00e4pfel, 1956 | Vintage M\u00f6bel kaufen auf KURATO.CH","og_description":"Entdecke Vintage M\u00f6bel & Dekoration \u27a4 Bar trolley Herbert Hirche \u00e9d. Holz\u00e4pfel, 1956 auf Kurato. \u2713Lieferung Schweiz \u271314-Tage R\u00fcckgabe \u2713Secondhand Unikat","og_url":"https:\/\/kurato.ch\/fr\/product\/bar-trolley-herbert-hirche-ed-holzaepfel-1956\/","og_site_name":"Vintage M\u00f6bel &amp; Dekoration I Kurato","article_publisher":"https:\/\/www.facebook.com\/kuratoswitzerland","article_modified_time":"2026-02-22T12:56:47+00:00","og_image":[{"width":810,"height":810,"url":"https:\/\/kurato.ch\/wp-content\/uploads\/2026\/02\/Bar-trolley-Herbert-Hirche-ed.-Holzaepfel-1956-vintage-secondhand-gebraucht-schweiz-Instagram-Post.jpg","type":"image\/jpeg"}],"twitter_misc":{"Dur\u00e9e de lecture estim\u00e9e":"1 minute"},"schema":{"@context":"https:\/\/schema.org","@graph":[{"@type":"WebPage","@id":"https:\/\/kurato.ch\/product\/bar-trolley-herbert-hirche-ed-holzaepfel-1956\/","url":"https:\/\/kurato.ch\/product\/bar-trolley-herbert-hirche-ed-holzaepfel-1956\/","name":"Bar trolley Herbert Hirche \u00e9d. Holz\u00e4pfel, 1956 | Vintage M\u00f6bel kaufen auf KURATO.CH","isPartOf":{"@id":"https:\/\/kurato.ch\/#website"},"primaryImageOfPage":{"@id":"https:\/\/kurato.ch\/product\/bar-trolley-herbert-hirche-ed-holzaepfel-1956\/#primaryimage"},"image":{"@id":"https:\/\/kurato.ch\/product\/bar-trolley-herbert-hirche-ed-holzaepfel-1956\/#primaryimage"},"thumbnailUrl":"https:\/\/kurato.ch\/wp-content\/uploads\/2026\/02\/Bar-trolley-Herbert-Hirche-ed.-Holzaepfel-1956-vintage-secondhand-gebraucht-schweiz-Instagram-Post.jpg","datePublished":"2026-02-22T12:56:46+00:00","dateModified":"2026-02-22T12:56:47+00:00","description":"Entdecke Vintage M\u00f6bel & Dekoration \u27a4 Bar trolley Herbert Hirche \u00e9d. Holz\u00e4pfel, 1956 auf Kurato. \u2713Lieferung Schweiz \u271314-Tage R\u00fcckgabe \u2713Secondhand Unikat","breadcrumb":{"@id":"https:\/\/kurato.ch\/product\/bar-trolley-herbert-hirche-ed-holzaepfel-1956\/#breadcrumb"},"inLanguage":"fr-FR","potentialAction":[{"@type":"ReadAction","target":["https:\/\/kurato.ch\/product\/bar-trolley-herbert-hirche-ed-holzaepfel-1956\/"]}]},{"@type":"ImageObject","inLanguage":"fr-FR","@id":"https:\/\/kurato.ch\/product\/bar-trolley-herbert-hirche-ed-holzaepfel-1956\/#primaryimage","url":"https:\/\/kurato.ch\/wp-content\/uploads\/2026\/02\/Bar-trolley-Herbert-Hirche-ed.-Holzaepfel-1956-vintage-secondhand-gebraucht-schweiz-Instagram-Post.jpg","contentUrl":"https:\/\/kurato.ch\/wp-content\/uploads\/2026\/02\/Bar-trolley-Herbert-Hirche-ed.-Holzaepfel-1956-vintage-secondhand-gebraucht-schweiz-Instagram-Post.jpg","width":810,"height":810,"caption":"Bar trolley Herbert Hirche \u00e9d. Holz\u00e4pfel, 1956"},{"@type":"BreadcrumbList","@id":"https:\/\/kurato.ch\/product\/bar-trolley-herbert-hirche-ed-holzaepfel-1956\/#breadcrumb","itemListElement":[{"@type":"ListItem","position":1,"name":"Home","item":"https:\/\/kurato.ch\/"},{"@type":"ListItem","position":2,"name":"Neuheiten","item":"https:\/\/kurato.ch\/neuheiten\/"},{"@type":"ListItem","position":3,"name":"Bar trolley Herbert Hirche \u00e9d. Holz\u00e4pfel, 1956"}]},{"@type":"WebSite","@id":"https:\/\/kurato.ch\/#website","url":"https:\/\/kurato.ch\/","name":"Meubles vintage &amp; d\u00e9coration I Kurato","description":"Meubles vintage &amp; d\u00e9coration I Kurato","publisher":{"@id":"https:\/\/kurato.ch\/#organization"},"potentialAction":[{"@type":"SearchAction","target":{"@type":"EntryPoint","urlTemplate":"https:\/\/kurato.ch\/?s={search_term_string}"},"query-input":{"@type":"PropertyValueSpecification","valueRequired":true,"valueName":"search_term_string"}}],"inLanguage":"fr-FR"},{"@type":"Organization","@id":"https:\/\/kurato.ch\/#organization","name":"Kurato.","url":"https:\/\/kurato.ch\/","logo":{"@type":"ImageObject","inLanguage":"fr-FR","@id":"https:\/\/kurato.ch\/#\/schema\/logo\/image\/","url":"","contentUrl":"","caption":"Kurato."},"image":{"@id":"https:\/\/kurato.ch\/#\/schema\/logo\/image\/"},"sameAs":["https:\/\/www.facebook.com\/kuratoswitzerland","https:\/\/www.instagram.com\/kurato.ch\/","https:\/\/www.pinterest.ch\/kurato_ch\/_created\/"]}]}},"_links":{"self":[{"href":"https:\/\/kurato.ch\/fr\/wp-json\/wp\/v2\/product\/73380","targetHints":{"allow":["GET"]}}],"collection":[{"href":"https:\/\/kurato.ch\/fr\/wp-json\/wp\/v2\/product"}],"about":[{"href":"https:\/\/kurato.ch\/fr\/wp-json\/wp\/v2\/types\/product"}],"wp:featuredmedia":[{"embeddable":true,"href":"https:\/\/kurato.ch\/fr\/wp-json\/wp\/v2\/media\/73391"}],"wp:attachment":[{"href":"https:\/\/kurato.ch\/fr\/wp-json\/wp\/v2\/media?parent=73380"}],"wp:term":[{"taxonomy":"product_brand","embeddable":true,"href":"https:\/\/kurato.ch\/fr\/wp-json\/wp\/v2\/product_brand?post=73380"},{"taxonomy":"product_cat","embeddable":true,"href":"https:\/\/kurato.ch\/fr\/wp-json\/wp\/v2\/product_cat?post=73380"},{"taxonomy":"product_tag","embeddable":true,"href":"https:\/\/kurato.ch\/fr\/wp-json\/wp\/v2\/product_tag?post=73380"}],"curies":[{"name":"wp","href":"https:\/\/api.w.org\/{rel}","templated":true}]}}