{"id":73678,"date":"2026-03-28T21:43:27","date_gmt":"2026-03-28T19:43:27","guid":{"rendered":"https:\/\/kurato.ch\/?post_type=product&#038;p=73678"},"modified":"2026-03-28T21:44:15","modified_gmt":"2026-03-28T19:44:15","slug":"multi-lite-pendelleuchte-mit-chromring-von-louis-weisdorf-fuer-lyfa-daenemark-1960er-jahre","status":"publish","type":"product","link":"https:\/\/kurato.ch\/fr\/product\/multi-lite-pendelleuchte-mit-chromring-von-louis-weisdorf-fuer-lyfa-daenemark-1960er-jahre\/","title":{"rendered":"Multi Lite Pendelleuchte mit Chromring von Louis Weisdorf f\u00fcr Lyfa, D\u00e4nemark 1960er Jahre"},"content":{"rendered":"<p>Ikonische skandinavische Pendelleuchte aus der Entwurfsreihe Multi-Lite von Louis Weisdorf, gefertigt von LYFA in D\u00e4nemark. Das Design vereint klare geometrische Formen mit funktionaler Eleganz und geh\u00f6rt zu den pr\u00e4genden Lichtobjekten des d\u00e4nischen Mid-Century Designs.<\/p>\n<p>Charakteristisch sind die zwei beweglichen Halbschalen, die sich individuell ausrichten lassen und so eine flexible Lichtf\u00fchrung erm\u00f6glichen \u2013 von direkter Beleuchtung bis hin zu indirektem, atmosph\u00e4rischem Licht. Der zentrale Zylinder sorgt f\u00fcr eine gleichm\u00e4\u00dfige Lichtverteilung, w\u00e4hrend der umlaufende Chromring dem Objekt eine schwebende, fast architektonische Pr\u00e4senz verleiht. Dieses Exemplar stammt aus der fr\u00fchen Originalproduktion (keine Re-Edition) und tr\u00e4gt die originale LYFA-Markierung. Zus\u00e4tzlich ist der originale Verkaufstag eines M\u00f6belhauses aus T\u00fcbingen erhalten, was die Authentizit\u00e4t und den historischen Kontext unterstreicht.<\/p>\n<p>Zustand: Sehr sch\u00f6ner Vintage Zustand mit altersbedingten Gebrauchsspuren. Leichte Patina und minimale Spuren an den Oberfl\u00e4chen, insgesamt jedoch sehr gepflegt und technisch einwandfrei.<\/p>\n<p>Masse: Durchmesser 38 x H42 cm (ohne Kabel)<\/p>\n<p><strong>Du m\u00f6chtest den Artikel zu Dir nach Hause geliefert bekommen:<\/strong> Bitte kontaktiere den Kundendienst von Kurato <a href=\"mailto:hello@kurato.ch\" data-mce-href=\"mailto:hello@kurato.ch\"><strong>hello@kurato.ch<\/strong><\/a> et demandez une offre de livraison personnalis\u00e9e.<\/p>\n<p><\/p>","protected":false},"excerpt":{"rendered":"<p>Ikonische skandinavische Pendelleuchte aus der Entwurfsreihe Multi-Lite von Louis Weisdorf, gefertigt von LYFA in D\u00e4nemark. Das Design vereint klare geometrische Formen mit funktionaler Eleganz und geh\u00f6rt zu den pr\u00e4genden Lichtobjekten des d\u00e4nischen Mid-Century Designs. Charakteristisch sind die zwei beweglichen Halbschalen, die sich individuell ausrichten lassen und so eine flexible Lichtf\u00fchrung erm\u00f6glichen \u2013 von direkter Beleuchtung [&hellip;]<\/p>\n","protected":false},"featured_media":73782,"template":"","meta":{"_acf_changed":false,"site-sidebar-layout":"default","site-content-layout":"","ast-site-content-layout":"default","site-content-style":"default","site-sidebar-style":"default","ast-global-header-display":"","ast-banner-title-visibility":"","ast-main-header-display":"","ast-hfb-above-header-display":"","ast-hfb-below-header-display":"","ast-hfb-mobile-header-display":"","site-post-title":"","ast-breadcrumbs-content":"","ast-featured-img":"","footer-sml-layout":"","ast-disable-related-posts":"","theme-transparent-header-meta":"","adv-header-id-meta":"","stick-header-meta":"","header-above-stick-meta":"","header-main-stick-meta":"","header-below-stick-meta":"","astra-migrate-meta-layouts":"default","ast-page-background-enabled":"default","ast-page-background-meta":{"desktop":{"background-color":"","background-image":"","background-repeat":"repeat","background-position":"center center","background-size":"auto","background-attachment":"scroll","background-type":"","background-media":"","overlay-type":"","overlay-color":"","overlay-opacity":"","overlay-gradient":""},"tablet":{"background-color":"","background-image":"","background-repeat":"repeat","background-position":"center center","background-size":"auto","background-attachment":"scroll","background-type":"","background-media":"","overlay-type":"","overlay-color":"","overlay-opacity":"","overlay-gradient":""},"mobile":{"background-color":"","background-image":"","background-repeat":"repeat","background-position":"center center","background-size":"auto","background-attachment":"scroll","background-type":"","background-media":"","overlay-type":"","overlay-color":"","overlay-opacity":"","overlay-gradient":""}},"ast-content-background-meta":{"desktop":{"background-color":"var(--ast-global-color-5)","background-image":"","background-repeat":"repeat","background-position":"center center","background-size":"auto","background-attachment":"scroll","background-type":"","background-media":"","overlay-type":"","overlay-color":"","overlay-opacity":"","overlay-gradient":""},"tablet":{"background-color":"var(--ast-global-color-5)","background-image":"","background-repeat":"repeat","background-position":"center center","background-size":"auto","background-attachment":"scroll","background-type":"","background-media":"","overlay-type":"","overlay-color":"","overlay-opacity":"","overlay-gradient":""},"mobile":{"background-color":"var(--ast-global-color-5)","background-image":"","background-repeat":"repeat","background-position":"center center","background-size":"auto","background-attachment":"scroll","background-type":"","background-media":"","overlay-type":"","overlay-color":"","overlay-opacity":"","overlay-gradient":""}}},"product_brand":[],"product_cat":[62,63,60],"product_tag":[],"class_list":{"0":"post-73678","1":"product","2":"type-product","3":"status-publish","4":"has-post-thumbnail","6":"product_cat-vintage-deckenlampe","7":"product_cat-haengelampe-leuchter","8":"product_cat-vintage-lampen","9":"pa_designer-lyfa","10":"pa_farbe-weiss","11":"pa_material-metall","12":"pa_stil-skandinavisch-mid-century","13":"desktop-align-left","14":"tablet-align-left","15":"mobile-align-left","17":"first","18":"instock","19":"sold-individually","20":"shipping-taxable","21":"purchasable","22":"product-type-simple"},"acf":[],"yoast_head":"<!-- This site is optimized with the Yoast SEO plugin v27.6 - https:\/\/yoast.com\/product\/yoast-seo-wordpress\/ -->\n<title>Multi Lite Pendelleuchte mit Chromring von Louis Weisdorf f\u00fcr Lyfa, D\u00e4nemark 1960er Jahre | Vintage M\u00f6bel kaufen auf KURATO.CH<\/title>\n<meta name=\"description\" content=\"Entdecke Vintage M\u00f6bel &amp; Dekoration \u27a4 Multi Lite Pendelleuchte mit Chromring von Louis Weisdorf f\u00fcr Lyfa, D\u00e4nemark 1960er Jahre auf Kurato. \u2713Lieferung Schweiz \u271314-Tage R\u00fcckgabe \u2713Secondhand Unikat\" \/>\n<meta name=\"robots\" content=\"index, follow, max-snippet:-1, max-image-preview:large, max-video-preview:-1\" \/>\n<link rel=\"canonical\" href=\"https:\/\/kurato.ch\/fr\/product\/multi-lite-pendelleuchte-mit-chromring-von-louis-weisdorf-fuer-lyfa-daenemark-1960er-jahre\/\" \/>\n<meta property=\"og:locale\" content=\"fr_FR\" \/>\n<meta property=\"og:type\" content=\"article\" \/>\n<meta property=\"og:title\" content=\"Multi Lite Pendelleuchte mit Chromring von Louis Weisdorf f\u00fcr Lyfa, D\u00e4nemark 1960er Jahre | Vintage M\u00f6bel kaufen auf KURATO.CH\" \/>\n<meta property=\"og:description\" content=\"Entdecke Vintage M\u00f6bel &amp; Dekoration \u27a4 Multi Lite Pendelleuchte mit Chromring von Louis Weisdorf f\u00fcr Lyfa, D\u00e4nemark 1960er Jahre auf Kurato. \u2713Lieferung Schweiz \u271314-Tage R\u00fcckgabe \u2713Secondhand Unikat\" \/>\n<meta property=\"og:url\" content=\"https:\/\/kurato.ch\/fr\/product\/multi-lite-pendelleuchte-mit-chromring-von-louis-weisdorf-fuer-lyfa-daenemark-1960er-jahre\/\" \/>\n<meta property=\"og:site_name\" content=\"Vintage M\u00f6bel &amp; Dekoration I Kurato\" \/>\n<meta property=\"article:publisher\" content=\"https:\/\/www.facebook.com\/kuratoswitzerland\" \/>\n<meta property=\"article:modified_time\" content=\"2026-03-28T19:44:15+00:00\" \/>\n<meta property=\"og:image\" content=\"https:\/\/kurato.ch\/wp-content\/uploads\/2026\/03\/Multi-Lite-Pendelleuchte-mit-Chromring-von-Louis-Weisdorf-fuer-Lyfa-Daenemark-1960er-Jahre-vintage-secondhand-gebraucht-schweiz-Instagram-Post.jpg\" \/>\n\t<meta property=\"og:image:width\" content=\"945\" \/>\n\t<meta property=\"og:image:height\" content=\"945\" \/>\n\t<meta property=\"og:image:type\" content=\"image\/jpeg\" \/>\n<meta name=\"twitter:label1\" content=\"Dur\u00e9e de lecture estim\u00e9e\" \/>\n\t<meta name=\"twitter:data1\" content=\"1 minute\" \/>\n<script type=\"application\/ld+json\" class=\"yoast-schema-graph\">{\"@context\":\"https:\\\/\\\/schema.org\",\"@graph\":[{\"@type\":\"WebPage\",\"@id\":\"https:\\\/\\\/kurato.ch\\\/product\\\/multi-lite-pendelleuchte-mit-chromring-von-louis-weisdorf-fuer-lyfa-daenemark-1960er-jahre\\\/\",\"url\":\"https:\\\/\\\/kurato.ch\\\/product\\\/multi-lite-pendelleuchte-mit-chromring-von-louis-weisdorf-fuer-lyfa-daenemark-1960er-jahre\\\/\",\"name\":\"Multi Lite Pendelleuchte mit Chromring von Louis Weisdorf f\u00fcr Lyfa, D\u00e4nemark 1960er Jahre | Vintage M\u00f6bel kaufen auf KURATO.CH\",\"isPartOf\":{\"@id\":\"https:\\\/\\\/kurato.ch\\\/#website\"},\"primaryImageOfPage\":{\"@id\":\"https:\\\/\\\/kurato.ch\\\/product\\\/multi-lite-pendelleuchte-mit-chromring-von-louis-weisdorf-fuer-lyfa-daenemark-1960er-jahre\\\/#primaryimage\"},\"image\":{\"@id\":\"https:\\\/\\\/kurato.ch\\\/product\\\/multi-lite-pendelleuchte-mit-chromring-von-louis-weisdorf-fuer-lyfa-daenemark-1960er-jahre\\\/#primaryimage\"},\"thumbnailUrl\":\"https:\\\/\\\/kurato.ch\\\/wp-content\\\/uploads\\\/2026\\\/03\\\/Multi-Lite-Pendelleuchte-mit-Chromring-von-Louis-Weisdorf-fuer-Lyfa-Daenemark-1960er-Jahre-vintage-secondhand-gebraucht-schweiz-Instagram-Post.jpg\",\"datePublished\":\"2026-03-28T19:43:27+00:00\",\"dateModified\":\"2026-03-28T19:44:15+00:00\",\"description\":\"Entdecke Vintage M\u00f6bel & Dekoration \u27a4 Multi Lite Pendelleuchte mit Chromring von Louis Weisdorf f\u00fcr Lyfa, D\u00e4nemark 1960er Jahre auf Kurato. \u2713Lieferung Schweiz \u271314-Tage R\u00fcckgabe \u2713Secondhand Unikat\",\"breadcrumb\":{\"@id\":\"https:\\\/\\\/kurato.ch\\\/product\\\/multi-lite-pendelleuchte-mit-chromring-von-louis-weisdorf-fuer-lyfa-daenemark-1960er-jahre\\\/#breadcrumb\"},\"inLanguage\":\"fr-FR\",\"potentialAction\":[{\"@type\":\"ReadAction\",\"target\":[\"https:\\\/\\\/kurato.ch\\\/product\\\/multi-lite-pendelleuchte-mit-chromring-von-louis-weisdorf-fuer-lyfa-daenemark-1960er-jahre\\\/\"]}]},{\"@type\":\"ImageObject\",\"inLanguage\":\"fr-FR\",\"@id\":\"https:\\\/\\\/kurato.ch\\\/product\\\/multi-lite-pendelleuchte-mit-chromring-von-louis-weisdorf-fuer-lyfa-daenemark-1960er-jahre\\\/#primaryimage\",\"url\":\"https:\\\/\\\/kurato.ch\\\/wp-content\\\/uploads\\\/2026\\\/03\\\/Multi-Lite-Pendelleuchte-mit-Chromring-von-Louis-Weisdorf-fuer-Lyfa-Daenemark-1960er-Jahre-vintage-secondhand-gebraucht-schweiz-Instagram-Post.jpg\",\"contentUrl\":\"https:\\\/\\\/kurato.ch\\\/wp-content\\\/uploads\\\/2026\\\/03\\\/Multi-Lite-Pendelleuchte-mit-Chromring-von-Louis-Weisdorf-fuer-Lyfa-Daenemark-1960er-Jahre-vintage-secondhand-gebraucht-schweiz-Instagram-Post.jpg\",\"width\":945,\"height\":945,\"caption\":\"Multi-Lite-Pendelleuchte-mit-Chromring-von-Louis-Weisdorf-fuer-Lyfa-Daenemark-1960er-Jahre\"},{\"@type\":\"BreadcrumbList\",\"@id\":\"https:\\\/\\\/kurato.ch\\\/product\\\/multi-lite-pendelleuchte-mit-chromring-von-louis-weisdorf-fuer-lyfa-daenemark-1960er-jahre\\\/#breadcrumb\",\"itemListElement\":[{\"@type\":\"ListItem\",\"position\":1,\"name\":\"Home\",\"item\":\"https:\\\/\\\/kurato.ch\\\/\"},{\"@type\":\"ListItem\",\"position\":2,\"name\":\"Neuheiten\",\"item\":\"https:\\\/\\\/kurato.ch\\\/neuheiten\\\/\"},{\"@type\":\"ListItem\",\"position\":3,\"name\":\"Multi Lite Pendelleuchte mit Chromring von Louis Weisdorf f\u00fcr Lyfa, D\u00e4nemark 1960er Jahre\"}]},{\"@type\":\"WebSite\",\"@id\":\"https:\\\/\\\/kurato.ch\\\/#website\",\"url\":\"https:\\\/\\\/kurato.ch\\\/\",\"name\":\"Vintage M\u00f6bel &amp; Dekoration I Kurato\",\"description\":\"Vintage M\u00f6bel &amp; Dekoration I Kurato\",\"publisher\":{\"@id\":\"https:\\\/\\\/kurato.ch\\\/#organization\"},\"potentialAction\":[{\"@type\":\"SearchAction\",\"target\":{\"@type\":\"EntryPoint\",\"urlTemplate\":\"https:\\\/\\\/kurato.ch\\\/?s={search_term_string}\"},\"query-input\":{\"@type\":\"PropertyValueSpecification\",\"valueRequired\":true,\"valueName\":\"search_term_string\"}}],\"inLanguage\":\"fr-FR\"},{\"@type\":\"Organization\",\"@id\":\"https:\\\/\\\/kurato.ch\\\/#organization\",\"name\":\"Kurato.\",\"url\":\"https:\\\/\\\/kurato.ch\\\/\",\"logo\":{\"@type\":\"ImageObject\",\"inLanguage\":\"fr-FR\",\"@id\":\"https:\\\/\\\/kurato.ch\\\/#\\\/schema\\\/logo\\\/image\\\/\",\"url\":\"\",\"contentUrl\":\"\",\"caption\":\"Kurato.\"},\"image\":{\"@id\":\"https:\\\/\\\/kurato.ch\\\/#\\\/schema\\\/logo\\\/image\\\/\"},\"sameAs\":[\"https:\\\/\\\/www.facebook.com\\\/kuratoswitzerland\",\"https:\\\/\\\/www.instagram.com\\\/kurato.ch\\\/\",\"https:\\\/\\\/www.pinterest.ch\\\/kurato_ch\\\/_created\\\/\"]}]}<\/script>\n<!-- \/ Yoast SEO plugin. -->","yoast_head_json":{"title":"Multi Lite Pendelleuchte mit Chromring von Louis Weisdorf f\u00fcr Lyfa, D\u00e4nemark 1960er Jahre | Vintage M\u00f6bel kaufen auf KURATO.CH","description":"Entdecke Vintage M\u00f6bel & Dekoration \u27a4 Multi Lite Pendelleuchte mit Chromring von Louis Weisdorf f\u00fcr Lyfa, D\u00e4nemark 1960er Jahre auf Kurato. \u2713Lieferung Schweiz \u271314-Tage R\u00fcckgabe \u2713Secondhand Unikat","robots":{"index":"index","follow":"follow","max-snippet":"max-snippet:-1","max-image-preview":"max-image-preview:large","max-video-preview":"max-video-preview:-1"},"canonical":"https:\/\/kurato.ch\/fr\/product\/multi-lite-pendelleuchte-mit-chromring-von-louis-weisdorf-fuer-lyfa-daenemark-1960er-jahre\/","og_locale":"fr_FR","og_type":"article","og_title":"Multi Lite Pendelleuchte mit Chromring von Louis Weisdorf f\u00fcr Lyfa, D\u00e4nemark 1960er Jahre | Vintage M\u00f6bel kaufen auf KURATO.CH","og_description":"Entdecke Vintage M\u00f6bel & Dekoration \u27a4 Multi Lite Pendelleuchte mit Chromring von Louis Weisdorf f\u00fcr Lyfa, D\u00e4nemark 1960er Jahre auf Kurato. \u2713Lieferung Schweiz \u271314-Tage R\u00fcckgabe \u2713Secondhand Unikat","og_url":"https:\/\/kurato.ch\/fr\/product\/multi-lite-pendelleuchte-mit-chromring-von-louis-weisdorf-fuer-lyfa-daenemark-1960er-jahre\/","og_site_name":"Vintage M\u00f6bel &amp; Dekoration I Kurato","article_publisher":"https:\/\/www.facebook.com\/kuratoswitzerland","article_modified_time":"2026-03-28T19:44:15+00:00","og_image":[{"width":945,"height":945,"url":"https:\/\/kurato.ch\/wp-content\/uploads\/2026\/03\/Multi-Lite-Pendelleuchte-mit-Chromring-von-Louis-Weisdorf-fuer-Lyfa-Daenemark-1960er-Jahre-vintage-secondhand-gebraucht-schweiz-Instagram-Post.jpg","type":"image\/jpeg"}],"twitter_misc":{"Dur\u00e9e de lecture estim\u00e9e":"1 minute"},"schema":{"@context":"https:\/\/schema.org","@graph":[{"@type":"WebPage","@id":"https:\/\/kurato.ch\/product\/multi-lite-pendelleuchte-mit-chromring-von-louis-weisdorf-fuer-lyfa-daenemark-1960er-jahre\/","url":"https:\/\/kurato.ch\/product\/multi-lite-pendelleuchte-mit-chromring-von-louis-weisdorf-fuer-lyfa-daenemark-1960er-jahre\/","name":"Multi Lite Pendelleuchte mit Chromring von Louis Weisdorf f\u00fcr Lyfa, D\u00e4nemark 1960er Jahre | Vintage M\u00f6bel kaufen auf KURATO.CH","isPartOf":{"@id":"https:\/\/kurato.ch\/#website"},"primaryImageOfPage":{"@id":"https:\/\/kurato.ch\/product\/multi-lite-pendelleuchte-mit-chromring-von-louis-weisdorf-fuer-lyfa-daenemark-1960er-jahre\/#primaryimage"},"image":{"@id":"https:\/\/kurato.ch\/product\/multi-lite-pendelleuchte-mit-chromring-von-louis-weisdorf-fuer-lyfa-daenemark-1960er-jahre\/#primaryimage"},"thumbnailUrl":"https:\/\/kurato.ch\/wp-content\/uploads\/2026\/03\/Multi-Lite-Pendelleuchte-mit-Chromring-von-Louis-Weisdorf-fuer-Lyfa-Daenemark-1960er-Jahre-vintage-secondhand-gebraucht-schweiz-Instagram-Post.jpg","datePublished":"2026-03-28T19:43:27+00:00","dateModified":"2026-03-28T19:44:15+00:00","description":"Entdecke Vintage M\u00f6bel & Dekoration \u27a4 Multi Lite Pendelleuchte mit Chromring von Louis Weisdorf f\u00fcr Lyfa, D\u00e4nemark 1960er Jahre auf Kurato. \u2713Lieferung Schweiz \u271314-Tage R\u00fcckgabe \u2713Secondhand Unikat","breadcrumb":{"@id":"https:\/\/kurato.ch\/product\/multi-lite-pendelleuchte-mit-chromring-von-louis-weisdorf-fuer-lyfa-daenemark-1960er-jahre\/#breadcrumb"},"inLanguage":"fr-FR","potentialAction":[{"@type":"ReadAction","target":["https:\/\/kurato.ch\/product\/multi-lite-pendelleuchte-mit-chromring-von-louis-weisdorf-fuer-lyfa-daenemark-1960er-jahre\/"]}]},{"@type":"ImageObject","inLanguage":"fr-FR","@id":"https:\/\/kurato.ch\/product\/multi-lite-pendelleuchte-mit-chromring-von-louis-weisdorf-fuer-lyfa-daenemark-1960er-jahre\/#primaryimage","url":"https:\/\/kurato.ch\/wp-content\/uploads\/2026\/03\/Multi-Lite-Pendelleuchte-mit-Chromring-von-Louis-Weisdorf-fuer-Lyfa-Daenemark-1960er-Jahre-vintage-secondhand-gebraucht-schweiz-Instagram-Post.jpg","contentUrl":"https:\/\/kurato.ch\/wp-content\/uploads\/2026\/03\/Multi-Lite-Pendelleuchte-mit-Chromring-von-Louis-Weisdorf-fuer-Lyfa-Daenemark-1960er-Jahre-vintage-secondhand-gebraucht-schweiz-Instagram-Post.jpg","width":945,"height":945,"caption":"Multi-Lite-Pendelleuchte-mit-Chromring-von-Louis-Weisdorf-fuer-Lyfa-Daenemark-1960er-Jahre"},{"@type":"BreadcrumbList","@id":"https:\/\/kurato.ch\/product\/multi-lite-pendelleuchte-mit-chromring-von-louis-weisdorf-fuer-lyfa-daenemark-1960er-jahre\/#breadcrumb","itemListElement":[{"@type":"ListItem","position":1,"name":"Home","item":"https:\/\/kurato.ch\/"},{"@type":"ListItem","position":2,"name":"Neuheiten","item":"https:\/\/kurato.ch\/neuheiten\/"},{"@type":"ListItem","position":3,"name":"Multi Lite Pendelleuchte mit Chromring von Louis Weisdorf f\u00fcr Lyfa, D\u00e4nemark 1960er Jahre"}]},{"@type":"WebSite","@id":"https:\/\/kurato.ch\/#website","url":"https:\/\/kurato.ch\/","name":"Meubles vintage &amp; d\u00e9coration I Kurato","description":"Meubles vintage &amp; d\u00e9coration I Kurato","publisher":{"@id":"https:\/\/kurato.ch\/#organization"},"potentialAction":[{"@type":"SearchAction","target":{"@type":"EntryPoint","urlTemplate":"https:\/\/kurato.ch\/?s={search_term_string}"},"query-input":{"@type":"PropertyValueSpecification","valueRequired":true,"valueName":"search_term_string"}}],"inLanguage":"fr-FR"},{"@type":"Organization","@id":"https:\/\/kurato.ch\/#organization","name":"Kurato.","url":"https:\/\/kurato.ch\/","logo":{"@type":"ImageObject","inLanguage":"fr-FR","@id":"https:\/\/kurato.ch\/#\/schema\/logo\/image\/","url":"","contentUrl":"","caption":"Kurato."},"image":{"@id":"https:\/\/kurato.ch\/#\/schema\/logo\/image\/"},"sameAs":["https:\/\/www.facebook.com\/kuratoswitzerland","https:\/\/www.instagram.com\/kurato.ch\/","https:\/\/www.pinterest.ch\/kurato_ch\/_created\/"]}]}},"_links":{"self":[{"href":"https:\/\/kurato.ch\/fr\/wp-json\/wp\/v2\/product\/73678","targetHints":{"allow":["GET"]}}],"collection":[{"href":"https:\/\/kurato.ch\/fr\/wp-json\/wp\/v2\/product"}],"about":[{"href":"https:\/\/kurato.ch\/fr\/wp-json\/wp\/v2\/types\/product"}],"wp:featuredmedia":[{"embeddable":true,"href":"https:\/\/kurato.ch\/fr\/wp-json\/wp\/v2\/media\/73782"}],"wp:attachment":[{"href":"https:\/\/kurato.ch\/fr\/wp-json\/wp\/v2\/media?parent=73678"}],"wp:term":[{"taxonomy":"product_brand","embeddable":true,"href":"https:\/\/kurato.ch\/fr\/wp-json\/wp\/v2\/product_brand?post=73678"},{"taxonomy":"product_cat","embeddable":true,"href":"https:\/\/kurato.ch\/fr\/wp-json\/wp\/v2\/product_cat?post=73678"},{"taxonomy":"product_tag","embeddable":true,"href":"https:\/\/kurato.ch\/fr\/wp-json\/wp\/v2\/product_tag?post=73678"}],"curies":[{"name":"wp","href":"https:\/\/api.w.org\/{rel}","templated":true}]}}