{"id":73901,"date":"2026-04-12T10:34:20","date_gmt":"2026-04-12T08:34:20","guid":{"rendered":"https:\/\/kurato.ch\/?post_type=product&#038;p=73901"},"modified":"2026-04-12T10:34:21","modified_gmt":"2026-04-12T08:34:21","slug":"polo-hocker-von-anna-castelli-ferrieri-fuer-kartell-italien-1980er-jahre","status":"publish","type":"product","link":"https:\/\/kurato.ch\/fr\/product\/polo-hocker-von-anna-castelli-ferrieri-fuer-kartell-italien-1980er-jahre\/","title":{"rendered":"Polo Hocker von Anna Castelli Ferrieri f\u00fcr Kartell, Italien 1980er Jahre"},"content":{"rendered":"<p>Ikonisches Hockerpaar des italienischen Herstellers Kartell, entworfen von Anna Castelli Ferrieri in den 1960er Jahren. Charakteristisch ist die klar reduzierte Formensprache mit rundem Sitz mit zentraler \u00d6ffnung sowie integrierter Griffpartie. Die Konstruktion kombiniert weiss lackierte Metallbeine mit schwarzem Ringfuss und steht exemplarisch f\u00fcr das funktionale, industrienahe Design jener Zeit. Die Hocker wirken leicht, graphisch pr\u00e4zise und zugleich robust \u2013 typisch f\u00fcr Kartells experimentellen Umgang mit neuen Materialien und modularen Konstruktionen. Ideal als Barhocker, Atelierhocker oder als skulpturales Statement in reduzierten Interieurs.<\/p>\n<p>Zustand: Guter Vintage Zustand mit altersbedingten Gebrauchsspuren und kleineren Lackabplatzungen, insgesamt stabil und voll funktionst\u00fcchtig.<\/p>\n<p>Masse: L40.5 x B39 x H68 cm<br \/>Sitzh\u00f6he: 55 cm<\/p>\n<p><strong>Du m\u00f6chtest den Artikel zu Dir nach Hause geliefert bekommen:<\/strong> Bitte kontaktiere den Kundendienst von Kurato <a href=\"mailto:hello@kurato.ch\" data-mce-href=\"mailto:hello@kurato.ch\"><strong>hello@kurato.ch<\/strong><\/a> et demandez une offre de livraison personnalis\u00e9e.<\/p>","protected":false},"excerpt":{"rendered":"<p>Ikonisches Hockerpaar des italienischen Herstellers Kartell, entworfen von Anna Castelli Ferrieri in den 1960er Jahren. Charakteristisch ist die klar reduzierte Formensprache mit rundem Sitz mit zentraler \u00d6ffnung sowie integrierter Griffpartie. Die Konstruktion kombiniert weiss lackierte Metallbeine mit schwarzem Ringfuss und steht exemplarisch f\u00fcr das funktionale, industrienahe Design jener Zeit. Die Hocker wirken leicht, graphisch pr\u00e4zise [&hellip;]<\/p>\n","protected":false},"featured_media":74102,"template":"","meta":{"_acf_changed":false,"site-sidebar-layout":"default","site-content-layout":"","ast-site-content-layout":"default","site-content-style":"default","site-sidebar-style":"default","ast-global-header-display":"","ast-banner-title-visibility":"","ast-main-header-display":"","ast-hfb-above-header-display":"","ast-hfb-below-header-display":"","ast-hfb-mobile-header-display":"","site-post-title":"","ast-breadcrumbs-content":"","ast-featured-img":"","footer-sml-layout":"","ast-disable-related-posts":"","theme-transparent-header-meta":"","adv-header-id-meta":"","stick-header-meta":"","header-above-stick-meta":"","header-main-stick-meta":"","header-below-stick-meta":"","astra-migrate-meta-layouts":"default","ast-page-background-enabled":"default","ast-page-background-meta":{"desktop":{"background-color":"","background-image":"","background-repeat":"repeat","background-position":"center center","background-size":"auto","background-attachment":"scroll","background-type":"","background-media":"","overlay-type":"","overlay-color":"","overlay-opacity":"","overlay-gradient":""},"tablet":{"background-color":"","background-image":"","background-repeat":"repeat","background-position":"center center","background-size":"auto","background-attachment":"scroll","background-type":"","background-media":"","overlay-type":"","overlay-color":"","overlay-opacity":"","overlay-gradient":""},"mobile":{"background-color":"","background-image":"","background-repeat":"repeat","background-position":"center center","background-size":"auto","background-attachment":"scroll","background-type":"","background-media":"","overlay-type":"","overlay-color":"","overlay-opacity":"","overlay-gradient":""}},"ast-content-background-meta":{"desktop":{"background-color":"var(--ast-global-color-5)","background-image":"","background-repeat":"repeat","background-position":"center center","background-size":"auto","background-attachment":"scroll","background-type":"","background-media":"","overlay-type":"","overlay-color":"","overlay-opacity":"","overlay-gradient":""},"tablet":{"background-color":"var(--ast-global-color-5)","background-image":"","background-repeat":"repeat","background-position":"center center","background-size":"auto","background-attachment":"scroll","background-type":"","background-media":"","overlay-type":"","overlay-color":"","overlay-opacity":"","overlay-gradient":""},"mobile":{"background-color":"var(--ast-global-color-5)","background-image":"","background-repeat":"repeat","background-position":"center center","background-size":"auto","background-attachment":"scroll","background-type":"","background-media":"","overlay-type":"","overlay-color":"","overlay-opacity":"","overlay-gradient":""}}},"product_brand":[],"product_cat":[149],"product_tag":[],"class_list":{"0":"post-73901","1":"product","2":"type-product","3":"status-publish","4":"has-post-thumbnail","6":"product_cat-vintage-hocker-ottoman","7":"pa_designer-kartell","8":"pa_farbe-weiss","9":"pa_material-metall","10":"pa_stil-design","11":"desktop-align-left","12":"tablet-align-left","13":"mobile-align-left","15":"first","16":"instock","17":"shipping-taxable","18":"purchasable","19":"product-type-simple"},"acf":[],"yoast_head":"<!-- This site is optimized with the Yoast SEO plugin v27.3 - https:\/\/yoast.com\/product\/yoast-seo-wordpress\/ -->\n<title>Polo Hocker von Anna Castelli Ferrieri f\u00fcr Kartell, Italien 1980er Jahre | Vintage M\u00f6bel kaufen auf KURATO.CH<\/title>\n<meta name=\"description\" content=\"Entdecke Vintage M\u00f6bel &amp; Dekoration \u27a4 Polo Hocker von Anna Castelli Ferrieri f\u00fcr Kartell, Italien 1980er Jahre auf Kurato. \u2713Lieferung Schweiz \u271314-Tage R\u00fcckgabe \u2713Secondhand Unikat\" \/>\n<meta name=\"robots\" content=\"index, follow, max-snippet:-1, max-image-preview:large, max-video-preview:-1\" \/>\n<link rel=\"canonical\" href=\"https:\/\/kurato.ch\/fr\/product\/polo-hocker-von-anna-castelli-ferrieri-fuer-kartell-italien-1980er-jahre\/\" \/>\n<meta property=\"og:locale\" content=\"fr_FR\" \/>\n<meta property=\"og:type\" content=\"article\" \/>\n<meta property=\"og:title\" content=\"Polo Hocker von Anna Castelli Ferrieri f\u00fcr Kartell, Italien 1980er Jahre | Vintage M\u00f6bel kaufen auf KURATO.CH\" \/>\n<meta property=\"og:description\" content=\"Entdecke Vintage M\u00f6bel &amp; Dekoration \u27a4 Polo Hocker von Anna Castelli Ferrieri f\u00fcr Kartell, Italien 1980er Jahre auf Kurato. \u2713Lieferung Schweiz \u271314-Tage R\u00fcckgabe \u2713Secondhand Unikat\" \/>\n<meta property=\"og:url\" content=\"https:\/\/kurato.ch\/fr\/product\/polo-hocker-von-anna-castelli-ferrieri-fuer-kartell-italien-1980er-jahre\/\" \/>\n<meta property=\"og:site_name\" content=\"Vintage M\u00f6bel &amp; Dekoration I Kurato\" \/>\n<meta property=\"article:publisher\" content=\"https:\/\/www.facebook.com\/kuratoswitzerland\" \/>\n<meta property=\"article:modified_time\" content=\"2026-04-12T08:34:21+00:00\" \/>\n<meta property=\"og:image\" content=\"https:\/\/kurato.ch\/wp-content\/uploads\/2026\/04\/Polo-Hocker-von-Anna-Castelli-Ferrieri-fuer-Kartell-Italien-1980er-Jahre-vintage-secondhand-gebraucht-schweiz-Instagram-Post.jpg\" \/>\n\t<meta property=\"og:image:width\" content=\"810\" \/>\n\t<meta property=\"og:image:height\" content=\"810\" \/>\n\t<meta property=\"og:image:type\" content=\"image\/jpeg\" \/>\n<meta name=\"twitter:label1\" content=\"Dur\u00e9e de lecture estim\u00e9e\" \/>\n\t<meta name=\"twitter:data1\" content=\"1 minute\" \/>\n<script type=\"application\/ld+json\" class=\"yoast-schema-graph\">{\"@context\":\"https:\\\/\\\/schema.org\",\"@graph\":[{\"@type\":\"WebPage\",\"@id\":\"https:\\\/\\\/kurato.ch\\\/product\\\/polo-hocker-von-anna-castelli-ferrieri-fuer-kartell-italien-1980er-jahre\\\/\",\"url\":\"https:\\\/\\\/kurato.ch\\\/product\\\/polo-hocker-von-anna-castelli-ferrieri-fuer-kartell-italien-1980er-jahre\\\/\",\"name\":\"Polo Hocker von Anna Castelli Ferrieri f\u00fcr Kartell, Italien 1980er Jahre | Vintage M\u00f6bel kaufen auf KURATO.CH\",\"isPartOf\":{\"@id\":\"https:\\\/\\\/kurato.ch\\\/#website\"},\"primaryImageOfPage\":{\"@id\":\"https:\\\/\\\/kurato.ch\\\/product\\\/polo-hocker-von-anna-castelli-ferrieri-fuer-kartell-italien-1980er-jahre\\\/#primaryimage\"},\"image\":{\"@id\":\"https:\\\/\\\/kurato.ch\\\/product\\\/polo-hocker-von-anna-castelli-ferrieri-fuer-kartell-italien-1980er-jahre\\\/#primaryimage\"},\"thumbnailUrl\":\"https:\\\/\\\/kurato.ch\\\/wp-content\\\/uploads\\\/2026\\\/04\\\/Polo-Hocker-von-Anna-Castelli-Ferrieri-fuer-Kartell-Italien-1980er-Jahre-vintage-secondhand-gebraucht-schweiz-Instagram-Post.jpg\",\"datePublished\":\"2026-04-12T08:34:20+00:00\",\"dateModified\":\"2026-04-12T08:34:21+00:00\",\"description\":\"Entdecke Vintage M\u00f6bel & Dekoration \u27a4 Polo Hocker von Anna Castelli Ferrieri f\u00fcr Kartell, Italien 1980er Jahre auf Kurato. \u2713Lieferung Schweiz \u271314-Tage R\u00fcckgabe \u2713Secondhand Unikat\",\"breadcrumb\":{\"@id\":\"https:\\\/\\\/kurato.ch\\\/product\\\/polo-hocker-von-anna-castelli-ferrieri-fuer-kartell-italien-1980er-jahre\\\/#breadcrumb\"},\"inLanguage\":\"fr-FR\",\"potentialAction\":[{\"@type\":\"ReadAction\",\"target\":[\"https:\\\/\\\/kurato.ch\\\/product\\\/polo-hocker-von-anna-castelli-ferrieri-fuer-kartell-italien-1980er-jahre\\\/\"]}]},{\"@type\":\"ImageObject\",\"inLanguage\":\"fr-FR\",\"@id\":\"https:\\\/\\\/kurato.ch\\\/product\\\/polo-hocker-von-anna-castelli-ferrieri-fuer-kartell-italien-1980er-jahre\\\/#primaryimage\",\"url\":\"https:\\\/\\\/kurato.ch\\\/wp-content\\\/uploads\\\/2026\\\/04\\\/Polo-Hocker-von-Anna-Castelli-Ferrieri-fuer-Kartell-Italien-1980er-Jahre-vintage-secondhand-gebraucht-schweiz-Instagram-Post.jpg\",\"contentUrl\":\"https:\\\/\\\/kurato.ch\\\/wp-content\\\/uploads\\\/2026\\\/04\\\/Polo-Hocker-von-Anna-Castelli-Ferrieri-fuer-Kartell-Italien-1980er-Jahre-vintage-secondhand-gebraucht-schweiz-Instagram-Post.jpg\",\"width\":810,\"height\":810,\"caption\":\"Polo Hocker von Anna Castelli Ferrieri f\u00fcr Kartell, Italien 1980er Jahre\"},{\"@type\":\"BreadcrumbList\",\"@id\":\"https:\\\/\\\/kurato.ch\\\/product\\\/polo-hocker-von-anna-castelli-ferrieri-fuer-kartell-italien-1980er-jahre\\\/#breadcrumb\",\"itemListElement\":[{\"@type\":\"ListItem\",\"position\":1,\"name\":\"Home\",\"item\":\"https:\\\/\\\/kurato.ch\\\/\"},{\"@type\":\"ListItem\",\"position\":2,\"name\":\"Neuheiten\",\"item\":\"https:\\\/\\\/kurato.ch\\\/neuheiten\\\/\"},{\"@type\":\"ListItem\",\"position\":3,\"name\":\"Polo Hocker von Anna Castelli Ferrieri f\u00fcr Kartell, Italien 1980er Jahre\"}]},{\"@type\":\"WebSite\",\"@id\":\"https:\\\/\\\/kurato.ch\\\/#website\",\"url\":\"https:\\\/\\\/kurato.ch\\\/\",\"name\":\"Vintage M\u00f6bel &amp; Dekoration I Kurato\",\"description\":\"Vintage M\u00f6bel &amp; Dekoration I Kurato\",\"publisher\":{\"@id\":\"https:\\\/\\\/kurato.ch\\\/#organization\"},\"potentialAction\":[{\"@type\":\"SearchAction\",\"target\":{\"@type\":\"EntryPoint\",\"urlTemplate\":\"https:\\\/\\\/kurato.ch\\\/?s={search_term_string}\"},\"query-input\":{\"@type\":\"PropertyValueSpecification\",\"valueRequired\":true,\"valueName\":\"search_term_string\"}}],\"inLanguage\":\"fr-FR\"},{\"@type\":\"Organization\",\"@id\":\"https:\\\/\\\/kurato.ch\\\/#organization\",\"name\":\"Kurato.\",\"url\":\"https:\\\/\\\/kurato.ch\\\/\",\"logo\":{\"@type\":\"ImageObject\",\"inLanguage\":\"fr-FR\",\"@id\":\"https:\\\/\\\/kurato.ch\\\/#\\\/schema\\\/logo\\\/image\\\/\",\"url\":\"\",\"contentUrl\":\"\",\"caption\":\"Kurato.\"},\"image\":{\"@id\":\"https:\\\/\\\/kurato.ch\\\/#\\\/schema\\\/logo\\\/image\\\/\"},\"sameAs\":[\"https:\\\/\\\/www.facebook.com\\\/kuratoswitzerland\",\"https:\\\/\\\/www.instagram.com\\\/kurato.ch\\\/\",\"https:\\\/\\\/www.pinterest.ch\\\/kurato_ch\\\/_created\\\/\"]}]}<\/script>\n<!-- \/ Yoast SEO plugin. -->","yoast_head_json":{"title":"Polo Hocker von Anna Castelli Ferrieri f\u00fcr Kartell, Italien 1980er Jahre | Vintage M\u00f6bel kaufen auf KURATO.CH","description":"Entdecke Vintage M\u00f6bel & Dekoration \u27a4 Polo Hocker von Anna Castelli Ferrieri f\u00fcr Kartell, Italien 1980er Jahre auf Kurato. \u2713Lieferung Schweiz \u271314-Tage R\u00fcckgabe \u2713Secondhand Unikat","robots":{"index":"index","follow":"follow","max-snippet":"max-snippet:-1","max-image-preview":"max-image-preview:large","max-video-preview":"max-video-preview:-1"},"canonical":"https:\/\/kurato.ch\/fr\/product\/polo-hocker-von-anna-castelli-ferrieri-fuer-kartell-italien-1980er-jahre\/","og_locale":"fr_FR","og_type":"article","og_title":"Polo Hocker von Anna Castelli Ferrieri f\u00fcr Kartell, Italien 1980er Jahre | Vintage M\u00f6bel kaufen auf KURATO.CH","og_description":"Entdecke Vintage M\u00f6bel & Dekoration \u27a4 Polo Hocker von Anna Castelli Ferrieri f\u00fcr Kartell, Italien 1980er Jahre auf Kurato. \u2713Lieferung Schweiz \u271314-Tage R\u00fcckgabe \u2713Secondhand Unikat","og_url":"https:\/\/kurato.ch\/fr\/product\/polo-hocker-von-anna-castelli-ferrieri-fuer-kartell-italien-1980er-jahre\/","og_site_name":"Vintage M\u00f6bel &amp; Dekoration I Kurato","article_publisher":"https:\/\/www.facebook.com\/kuratoswitzerland","article_modified_time":"2026-04-12T08:34:21+00:00","og_image":[{"width":810,"height":810,"url":"https:\/\/kurato.ch\/wp-content\/uploads\/2026\/04\/Polo-Hocker-von-Anna-Castelli-Ferrieri-fuer-Kartell-Italien-1980er-Jahre-vintage-secondhand-gebraucht-schweiz-Instagram-Post.jpg","type":"image\/jpeg"}],"twitter_misc":{"Dur\u00e9e de lecture estim\u00e9e":"1 minute"},"schema":{"@context":"https:\/\/schema.org","@graph":[{"@type":"WebPage","@id":"https:\/\/kurato.ch\/product\/polo-hocker-von-anna-castelli-ferrieri-fuer-kartell-italien-1980er-jahre\/","url":"https:\/\/kurato.ch\/product\/polo-hocker-von-anna-castelli-ferrieri-fuer-kartell-italien-1980er-jahre\/","name":"Polo Hocker von Anna Castelli Ferrieri f\u00fcr Kartell, Italien 1980er Jahre | Vintage M\u00f6bel kaufen auf KURATO.CH","isPartOf":{"@id":"https:\/\/kurato.ch\/#website"},"primaryImageOfPage":{"@id":"https:\/\/kurato.ch\/product\/polo-hocker-von-anna-castelli-ferrieri-fuer-kartell-italien-1980er-jahre\/#primaryimage"},"image":{"@id":"https:\/\/kurato.ch\/product\/polo-hocker-von-anna-castelli-ferrieri-fuer-kartell-italien-1980er-jahre\/#primaryimage"},"thumbnailUrl":"https:\/\/kurato.ch\/wp-content\/uploads\/2026\/04\/Polo-Hocker-von-Anna-Castelli-Ferrieri-fuer-Kartell-Italien-1980er-Jahre-vintage-secondhand-gebraucht-schweiz-Instagram-Post.jpg","datePublished":"2026-04-12T08:34:20+00:00","dateModified":"2026-04-12T08:34:21+00:00","description":"Entdecke Vintage M\u00f6bel & Dekoration \u27a4 Polo Hocker von Anna Castelli Ferrieri f\u00fcr Kartell, Italien 1980er Jahre auf Kurato. \u2713Lieferung Schweiz \u271314-Tage R\u00fcckgabe \u2713Secondhand Unikat","breadcrumb":{"@id":"https:\/\/kurato.ch\/product\/polo-hocker-von-anna-castelli-ferrieri-fuer-kartell-italien-1980er-jahre\/#breadcrumb"},"inLanguage":"fr-FR","potentialAction":[{"@type":"ReadAction","target":["https:\/\/kurato.ch\/product\/polo-hocker-von-anna-castelli-ferrieri-fuer-kartell-italien-1980er-jahre\/"]}]},{"@type":"ImageObject","inLanguage":"fr-FR","@id":"https:\/\/kurato.ch\/product\/polo-hocker-von-anna-castelli-ferrieri-fuer-kartell-italien-1980er-jahre\/#primaryimage","url":"https:\/\/kurato.ch\/wp-content\/uploads\/2026\/04\/Polo-Hocker-von-Anna-Castelli-Ferrieri-fuer-Kartell-Italien-1980er-Jahre-vintage-secondhand-gebraucht-schweiz-Instagram-Post.jpg","contentUrl":"https:\/\/kurato.ch\/wp-content\/uploads\/2026\/04\/Polo-Hocker-von-Anna-Castelli-Ferrieri-fuer-Kartell-Italien-1980er-Jahre-vintage-secondhand-gebraucht-schweiz-Instagram-Post.jpg","width":810,"height":810,"caption":"Polo Hocker von Anna Castelli Ferrieri f\u00fcr Kartell, Italien 1980er Jahre"},{"@type":"BreadcrumbList","@id":"https:\/\/kurato.ch\/product\/polo-hocker-von-anna-castelli-ferrieri-fuer-kartell-italien-1980er-jahre\/#breadcrumb","itemListElement":[{"@type":"ListItem","position":1,"name":"Home","item":"https:\/\/kurato.ch\/"},{"@type":"ListItem","position":2,"name":"Neuheiten","item":"https:\/\/kurato.ch\/neuheiten\/"},{"@type":"ListItem","position":3,"name":"Polo Hocker von Anna Castelli Ferrieri f\u00fcr Kartell, Italien 1980er Jahre"}]},{"@type":"WebSite","@id":"https:\/\/kurato.ch\/#website","url":"https:\/\/kurato.ch\/","name":"Meubles vintage &amp; d\u00e9coration I Kurato","description":"Meubles vintage &amp; d\u00e9coration I Kurato","publisher":{"@id":"https:\/\/kurato.ch\/#organization"},"potentialAction":[{"@type":"SearchAction","target":{"@type":"EntryPoint","urlTemplate":"https:\/\/kurato.ch\/?s={search_term_string}"},"query-input":{"@type":"PropertyValueSpecification","valueRequired":true,"valueName":"search_term_string"}}],"inLanguage":"fr-FR"},{"@type":"Organization","@id":"https:\/\/kurato.ch\/#organization","name":"Kurato.","url":"https:\/\/kurato.ch\/","logo":{"@type":"ImageObject","inLanguage":"fr-FR","@id":"https:\/\/kurato.ch\/#\/schema\/logo\/image\/","url":"","contentUrl":"","caption":"Kurato."},"image":{"@id":"https:\/\/kurato.ch\/#\/schema\/logo\/image\/"},"sameAs":["https:\/\/www.facebook.com\/kuratoswitzerland","https:\/\/www.instagram.com\/kurato.ch\/","https:\/\/www.pinterest.ch\/kurato_ch\/_created\/"]}]}},"_links":{"self":[{"href":"https:\/\/kurato.ch\/fr\/wp-json\/wp\/v2\/product\/73901","targetHints":{"allow":["GET"]}}],"collection":[{"href":"https:\/\/kurato.ch\/fr\/wp-json\/wp\/v2\/product"}],"about":[{"href":"https:\/\/kurato.ch\/fr\/wp-json\/wp\/v2\/types\/product"}],"wp:featuredmedia":[{"embeddable":true,"href":"https:\/\/kurato.ch\/fr\/wp-json\/wp\/v2\/media\/74102"}],"wp:attachment":[{"href":"https:\/\/kurato.ch\/fr\/wp-json\/wp\/v2\/media?parent=73901"}],"wp:term":[{"taxonomy":"product_brand","embeddable":true,"href":"https:\/\/kurato.ch\/fr\/wp-json\/wp\/v2\/product_brand?post=73901"},{"taxonomy":"product_cat","embeddable":true,"href":"https:\/\/kurato.ch\/fr\/wp-json\/wp\/v2\/product_cat?post=73901"},{"taxonomy":"product_tag","embeddable":true,"href":"https:\/\/kurato.ch\/fr\/wp-json\/wp\/v2\/product_tag?post=73901"}],"curies":[{"name":"wp","href":"https:\/\/api.w.org\/{rel}","templated":true}]}}