{"id":73922,"date":"2026-04-12T11:00:06","date_gmt":"2026-04-12T09:00:06","guid":{"rendered":"https:\/\/kurato.ch\/?post_type=product&#038;p=73922"},"modified":"2026-04-12T11:00:07","modified_gmt":"2026-04-12T09:00:07","slug":"freischwinger-stuehle-von-thur-op-seat-west-germany-1960er-70er","status":"publish","type":"product","link":"https:\/\/kurato.ch\/fr\/product\/freischwinger-stuehle-von-thur-op-seat-west-germany-1960er-70er\/","title":{"rendered":"Freischwinger St\u00fchle von Thur-Op-Seat, West Germany, 1960er\/70er"},"content":{"rendered":"<p>Klassische Freischwinger St\u00fchle aus Westdeutscher Produktion von Thur-Op-Seat, gefertigt aus gebogenem Stahlrohrgestell mit dunkel gebeizter Pagholz-Sitzschale. Die organisch geformte Sitzfl\u00e4che mit leicht flexender R\u00fcckenlehne sorgt f\u00fcr hohen Sitzkomfort, w\u00e4hrend das verchromte Kufengestell die typische Bauhaus-inspirierte Leichtigkeit vermittelt. Die St\u00fchle sind stapelbar und damit ideal f\u00fcr flexible Wohn- oder Objektbereiche. Besonders charakteristisch ist das widerstandsf\u00e4hige Pagholz \u2013 ein hochverdichtetes Holzmaterial, das f\u00fcr seine Robustheit und Langlebigkeit bekannt ist und h\u00e4ufig im Objektbereich eingesetzt wurde. Ein zeitloser Entwurf zwischen funktionalem Mid-Century Design und industrieller \u00c4sthetik \u2013 vielseitig kombinierbar, sowohl im privaten Essbereich als auch im Studio oder Office.<\/p>\n<p>Zustand: Guter Vintage Zustand mit alters\u00fcblichen Gebrauchsspuren, leichte Patina und Abrieb an den Kanten der Sitzschalen sowie kleinere Gebrauchsspuren am Chromgestell, insgesamt sch\u00f6ner authentischer Zustand.<\/p>\n<p>Masse: L47 x B47 x H80 cm<br \/>Hauteur du si\u00e8ge : 49 cm<\/p>\n<p><strong>Du m\u00f6chtest den Artikel zu Dir nach Hause geliefert bekommen:<\/strong> Bitte kontaktiere den Kundendienst von Kurato <a href=\"mailto:hello@kurato.ch\" data-mce-href=\"mailto:hello@kurato.ch\"><strong>hello@kurato.ch<\/strong><\/a> et demandez une offre de livraison personnalis\u00e9e.<\/p>","protected":false},"excerpt":{"rendered":"<p>Klassische Freischwinger St\u00fchle aus Westdeutscher Produktion von Thur-Op-Seat, gefertigt aus gebogenem Stahlrohrgestell mit dunkel gebeizter Pagholz-Sitzschale. Die organisch geformte Sitzfl\u00e4che mit leicht flexender R\u00fcckenlehne sorgt f\u00fcr hohen Sitzkomfort, w\u00e4hrend das verchromte Kufengestell die typische Bauhaus-inspirierte Leichtigkeit vermittelt. Die St\u00fchle sind stapelbar und damit ideal f\u00fcr flexible Wohn- oder Objektbereiche. Besonders charakteristisch ist das widerstandsf\u00e4hige Pagholz [&hellip;]<\/p>\n","protected":false},"featured_media":74107,"template":"","meta":{"_acf_changed":false,"site-sidebar-layout":"default","site-content-layout":"","ast-site-content-layout":"default","site-content-style":"default","site-sidebar-style":"default","ast-global-header-display":"","ast-banner-title-visibility":"","ast-main-header-display":"","ast-hfb-above-header-display":"","ast-hfb-below-header-display":"","ast-hfb-mobile-header-display":"","site-post-title":"","ast-breadcrumbs-content":"","ast-featured-img":"","footer-sml-layout":"","ast-disable-related-posts":"","theme-transparent-header-meta":"","adv-header-id-meta":"","stick-header-meta":"","header-above-stick-meta":"","header-main-stick-meta":"","header-below-stick-meta":"","astra-migrate-meta-layouts":"default","ast-page-background-enabled":"default","ast-page-background-meta":{"desktop":{"background-color":"","background-image":"","background-repeat":"repeat","background-position":"center center","background-size":"auto","background-attachment":"scroll","background-type":"","background-media":"","overlay-type":"","overlay-color":"","overlay-opacity":"","overlay-gradient":""},"tablet":{"background-color":"","background-image":"","background-repeat":"repeat","background-position":"center center","background-size":"auto","background-attachment":"scroll","background-type":"","background-media":"","overlay-type":"","overlay-color":"","overlay-opacity":"","overlay-gradient":""},"mobile":{"background-color":"","background-image":"","background-repeat":"repeat","background-position":"center center","background-size":"auto","background-attachment":"scroll","background-type":"","background-media":"","overlay-type":"","overlay-color":"","overlay-opacity":"","overlay-gradient":""}},"ast-content-background-meta":{"desktop":{"background-color":"var(--ast-global-color-5)","background-image":"","background-repeat":"repeat","background-position":"center center","background-size":"auto","background-attachment":"scroll","background-type":"","background-media":"","overlay-type":"","overlay-color":"","overlay-opacity":"","overlay-gradient":""},"tablet":{"background-color":"var(--ast-global-color-5)","background-image":"","background-repeat":"repeat","background-position":"center center","background-size":"auto","background-attachment":"scroll","background-type":"","background-media":"","overlay-type":"","overlay-color":"","overlay-opacity":"","overlay-gradient":""},"mobile":{"background-color":"var(--ast-global-color-5)","background-image":"","background-repeat":"repeat","background-position":"center center","background-size":"auto","background-attachment":"scroll","background-type":"","background-media":"","overlay-type":"","overlay-color":"","overlay-opacity":"","overlay-gradient":""}}},"product_brand":[],"product_cat":[163],"product_tag":[],"class_list":{"0":"post-73922","1":"product","2":"type-product","3":"status-publish","4":"has-post-thumbnail","6":"product_cat-vintage-stuhl","7":"pa_farbe-braun","8":"pa_material-chromstahl","9":"pa_material-holz","10":"pa_stil-skandinavisch-mid-century","11":"desktop-align-left","12":"tablet-align-left","13":"mobile-align-left","15":"first","16":"instock","17":"shipping-taxable","18":"purchasable","19":"product-type-simple"},"acf":[],"yoast_head":"<!-- This site is optimized with the Yoast SEO plugin v27.3 - https:\/\/yoast.com\/product\/yoast-seo-wordpress\/ -->\n<title>Freischwinger St\u00fchle von Thur-Op-Seat, West Germany, 1960er\/70er | Vintage M\u00f6bel kaufen auf KURATO.CH<\/title>\n<meta name=\"description\" content=\"Entdecke Vintage M\u00f6bel &amp; Dekoration \u27a4 Freischwinger St\u00fchle von Thur-Op-Seat, West Germany, 1960er\/70er auf Kurato. \u2713Lieferung Schweiz \u271314-Tage R\u00fcckgabe \u2713Secondhand Unikat\" \/>\n<meta name=\"robots\" content=\"index, follow, max-snippet:-1, max-image-preview:large, max-video-preview:-1\" \/>\n<link rel=\"canonical\" href=\"https:\/\/kurato.ch\/fr\/product\/freischwinger-stuehle-von-thur-op-seat-west-germany-1960er-70er\/\" \/>\n<meta property=\"og:locale\" content=\"fr_FR\" \/>\n<meta property=\"og:type\" content=\"article\" \/>\n<meta property=\"og:title\" content=\"Freischwinger St\u00fchle von Thur-Op-Seat, West Germany, 1960er\/70er | Vintage M\u00f6bel kaufen auf KURATO.CH\" \/>\n<meta property=\"og:description\" content=\"Entdecke Vintage M\u00f6bel &amp; Dekoration \u27a4 Freischwinger St\u00fchle von Thur-Op-Seat, West Germany, 1960er\/70er auf Kurato. \u2713Lieferung Schweiz \u271314-Tage R\u00fcckgabe \u2713Secondhand Unikat\" \/>\n<meta property=\"og:url\" content=\"https:\/\/kurato.ch\/fr\/product\/freischwinger-stuehle-von-thur-op-seat-west-germany-1960er-70er\/\" \/>\n<meta property=\"og:site_name\" content=\"Vintage M\u00f6bel &amp; Dekoration I Kurato\" \/>\n<meta property=\"article:publisher\" content=\"https:\/\/www.facebook.com\/kuratoswitzerland\" \/>\n<meta property=\"article:modified_time\" content=\"2026-04-12T09:00:07+00:00\" \/>\n<meta property=\"og:image\" content=\"https:\/\/kurato.ch\/wp-content\/uploads\/2026\/04\/Freischwinger-Stuehle-von-Thur-Op-Seat-West-Germany-1960er-70er-vintage-secondhand-gebraucht-schweiz-Instagram-Post.jpg\" \/>\n\t<meta property=\"og:image:width\" content=\"810\" \/>\n\t<meta property=\"og:image:height\" content=\"810\" \/>\n\t<meta property=\"og:image:type\" content=\"image\/jpeg\" \/>\n<meta name=\"twitter:label1\" content=\"Dur\u00e9e de lecture estim\u00e9e\" \/>\n\t<meta name=\"twitter:data1\" content=\"1 minute\" \/>\n<script type=\"application\/ld+json\" class=\"yoast-schema-graph\">{\"@context\":\"https:\\\/\\\/schema.org\",\"@graph\":[{\"@type\":\"WebPage\",\"@id\":\"https:\\\/\\\/kurato.ch\\\/product\\\/freischwinger-stuehle-von-thur-op-seat-west-germany-1960er-70er\\\/\",\"url\":\"https:\\\/\\\/kurato.ch\\\/product\\\/freischwinger-stuehle-von-thur-op-seat-west-germany-1960er-70er\\\/\",\"name\":\"Freischwinger St\u00fchle von Thur-Op-Seat, West Germany, 1960er\\\/70er | Vintage M\u00f6bel kaufen auf KURATO.CH\",\"isPartOf\":{\"@id\":\"https:\\\/\\\/kurato.ch\\\/#website\"},\"primaryImageOfPage\":{\"@id\":\"https:\\\/\\\/kurato.ch\\\/product\\\/freischwinger-stuehle-von-thur-op-seat-west-germany-1960er-70er\\\/#primaryimage\"},\"image\":{\"@id\":\"https:\\\/\\\/kurato.ch\\\/product\\\/freischwinger-stuehle-von-thur-op-seat-west-germany-1960er-70er\\\/#primaryimage\"},\"thumbnailUrl\":\"https:\\\/\\\/kurato.ch\\\/wp-content\\\/uploads\\\/2026\\\/04\\\/Freischwinger-Stuehle-von-Thur-Op-Seat-West-Germany-1960er-70er-vintage-secondhand-gebraucht-schweiz-Instagram-Post.jpg\",\"datePublished\":\"2026-04-12T09:00:06+00:00\",\"dateModified\":\"2026-04-12T09:00:07+00:00\",\"description\":\"Entdecke Vintage M\u00f6bel & Dekoration \u27a4 Freischwinger St\u00fchle von Thur-Op-Seat, West Germany, 1960er\\\/70er auf Kurato. \u2713Lieferung Schweiz \u271314-Tage R\u00fcckgabe \u2713Secondhand Unikat\",\"breadcrumb\":{\"@id\":\"https:\\\/\\\/kurato.ch\\\/product\\\/freischwinger-stuehle-von-thur-op-seat-west-germany-1960er-70er\\\/#breadcrumb\"},\"inLanguage\":\"fr-FR\",\"potentialAction\":[{\"@type\":\"ReadAction\",\"target\":[\"https:\\\/\\\/kurato.ch\\\/product\\\/freischwinger-stuehle-von-thur-op-seat-west-germany-1960er-70er\\\/\"]}]},{\"@type\":\"ImageObject\",\"inLanguage\":\"fr-FR\",\"@id\":\"https:\\\/\\\/kurato.ch\\\/product\\\/freischwinger-stuehle-von-thur-op-seat-west-germany-1960er-70er\\\/#primaryimage\",\"url\":\"https:\\\/\\\/kurato.ch\\\/wp-content\\\/uploads\\\/2026\\\/04\\\/Freischwinger-Stuehle-von-Thur-Op-Seat-West-Germany-1960er-70er-vintage-secondhand-gebraucht-schweiz-Instagram-Post.jpg\",\"contentUrl\":\"https:\\\/\\\/kurato.ch\\\/wp-content\\\/uploads\\\/2026\\\/04\\\/Freischwinger-Stuehle-von-Thur-Op-Seat-West-Germany-1960er-70er-vintage-secondhand-gebraucht-schweiz-Instagram-Post.jpg\",\"width\":810,\"height\":810,\"caption\":\"Freischwinger St\u00fchle von Thur-Op-Seat, West Germany, 1960er\\\/70er\"},{\"@type\":\"BreadcrumbList\",\"@id\":\"https:\\\/\\\/kurato.ch\\\/product\\\/freischwinger-stuehle-von-thur-op-seat-west-germany-1960er-70er\\\/#breadcrumb\",\"itemListElement\":[{\"@type\":\"ListItem\",\"position\":1,\"name\":\"Home\",\"item\":\"https:\\\/\\\/kurato.ch\\\/\"},{\"@type\":\"ListItem\",\"position\":2,\"name\":\"Neuheiten\",\"item\":\"https:\\\/\\\/kurato.ch\\\/neuheiten\\\/\"},{\"@type\":\"ListItem\",\"position\":3,\"name\":\"Freischwinger St\u00fchle von Thur-Op-Seat, West Germany, 1960er\\\/70er\"}]},{\"@type\":\"WebSite\",\"@id\":\"https:\\\/\\\/kurato.ch\\\/#website\",\"url\":\"https:\\\/\\\/kurato.ch\\\/\",\"name\":\"Vintage M\u00f6bel &amp; Dekoration I Kurato\",\"description\":\"Vintage M\u00f6bel &amp; Dekoration I Kurato\",\"publisher\":{\"@id\":\"https:\\\/\\\/kurato.ch\\\/#organization\"},\"potentialAction\":[{\"@type\":\"SearchAction\",\"target\":{\"@type\":\"EntryPoint\",\"urlTemplate\":\"https:\\\/\\\/kurato.ch\\\/?s={search_term_string}\"},\"query-input\":{\"@type\":\"PropertyValueSpecification\",\"valueRequired\":true,\"valueName\":\"search_term_string\"}}],\"inLanguage\":\"fr-FR\"},{\"@type\":\"Organization\",\"@id\":\"https:\\\/\\\/kurato.ch\\\/#organization\",\"name\":\"Kurato.\",\"url\":\"https:\\\/\\\/kurato.ch\\\/\",\"logo\":{\"@type\":\"ImageObject\",\"inLanguage\":\"fr-FR\",\"@id\":\"https:\\\/\\\/kurato.ch\\\/#\\\/schema\\\/logo\\\/image\\\/\",\"url\":\"\",\"contentUrl\":\"\",\"caption\":\"Kurato.\"},\"image\":{\"@id\":\"https:\\\/\\\/kurato.ch\\\/#\\\/schema\\\/logo\\\/image\\\/\"},\"sameAs\":[\"https:\\\/\\\/www.facebook.com\\\/kuratoswitzerland\",\"https:\\\/\\\/www.instagram.com\\\/kurato.ch\\\/\",\"https:\\\/\\\/www.pinterest.ch\\\/kurato_ch\\\/_created\\\/\"]}]}<\/script>\n<!-- \/ Yoast SEO plugin. -->","yoast_head_json":{"title":"Freischwinger St\u00fchle von Thur-Op-Seat, West Germany, 1960er\/70er | Vintage M\u00f6bel kaufen auf KURATO.CH","description":"Entdecke Vintage M\u00f6bel & Dekoration \u27a4 Freischwinger St\u00fchle von Thur-Op-Seat, West Germany, 1960er\/70er auf Kurato. \u2713Lieferung Schweiz \u271314-Tage R\u00fcckgabe \u2713Secondhand Unikat","robots":{"index":"index","follow":"follow","max-snippet":"max-snippet:-1","max-image-preview":"max-image-preview:large","max-video-preview":"max-video-preview:-1"},"canonical":"https:\/\/kurato.ch\/fr\/product\/freischwinger-stuehle-von-thur-op-seat-west-germany-1960er-70er\/","og_locale":"fr_FR","og_type":"article","og_title":"Freischwinger St\u00fchle von Thur-Op-Seat, West Germany, 1960er\/70er | Vintage M\u00f6bel kaufen auf KURATO.CH","og_description":"Entdecke Vintage M\u00f6bel & Dekoration \u27a4 Freischwinger St\u00fchle von Thur-Op-Seat, West Germany, 1960er\/70er auf Kurato. \u2713Lieferung Schweiz \u271314-Tage R\u00fcckgabe \u2713Secondhand Unikat","og_url":"https:\/\/kurato.ch\/fr\/product\/freischwinger-stuehle-von-thur-op-seat-west-germany-1960er-70er\/","og_site_name":"Vintage M\u00f6bel &amp; Dekoration I Kurato","article_publisher":"https:\/\/www.facebook.com\/kuratoswitzerland","article_modified_time":"2026-04-12T09:00:07+00:00","og_image":[{"width":810,"height":810,"url":"https:\/\/kurato.ch\/wp-content\/uploads\/2026\/04\/Freischwinger-Stuehle-von-Thur-Op-Seat-West-Germany-1960er-70er-vintage-secondhand-gebraucht-schweiz-Instagram-Post.jpg","type":"image\/jpeg"}],"twitter_misc":{"Dur\u00e9e de lecture estim\u00e9e":"1 minute"},"schema":{"@context":"https:\/\/schema.org","@graph":[{"@type":"WebPage","@id":"https:\/\/kurato.ch\/product\/freischwinger-stuehle-von-thur-op-seat-west-germany-1960er-70er\/","url":"https:\/\/kurato.ch\/product\/freischwinger-stuehle-von-thur-op-seat-west-germany-1960er-70er\/","name":"Freischwinger St\u00fchle von Thur-Op-Seat, West Germany, 1960er\/70er | Vintage M\u00f6bel kaufen auf KURATO.CH","isPartOf":{"@id":"https:\/\/kurato.ch\/#website"},"primaryImageOfPage":{"@id":"https:\/\/kurato.ch\/product\/freischwinger-stuehle-von-thur-op-seat-west-germany-1960er-70er\/#primaryimage"},"image":{"@id":"https:\/\/kurato.ch\/product\/freischwinger-stuehle-von-thur-op-seat-west-germany-1960er-70er\/#primaryimage"},"thumbnailUrl":"https:\/\/kurato.ch\/wp-content\/uploads\/2026\/04\/Freischwinger-Stuehle-von-Thur-Op-Seat-West-Germany-1960er-70er-vintage-secondhand-gebraucht-schweiz-Instagram-Post.jpg","datePublished":"2026-04-12T09:00:06+00:00","dateModified":"2026-04-12T09:00:07+00:00","description":"Entdecke Vintage M\u00f6bel & Dekoration \u27a4 Freischwinger St\u00fchle von Thur-Op-Seat, West Germany, 1960er\/70er auf Kurato. \u2713Lieferung Schweiz \u271314-Tage R\u00fcckgabe \u2713Secondhand Unikat","breadcrumb":{"@id":"https:\/\/kurato.ch\/product\/freischwinger-stuehle-von-thur-op-seat-west-germany-1960er-70er\/#breadcrumb"},"inLanguage":"fr-FR","potentialAction":[{"@type":"ReadAction","target":["https:\/\/kurato.ch\/product\/freischwinger-stuehle-von-thur-op-seat-west-germany-1960er-70er\/"]}]},{"@type":"ImageObject","inLanguage":"fr-FR","@id":"https:\/\/kurato.ch\/product\/freischwinger-stuehle-von-thur-op-seat-west-germany-1960er-70er\/#primaryimage","url":"https:\/\/kurato.ch\/wp-content\/uploads\/2026\/04\/Freischwinger-Stuehle-von-Thur-Op-Seat-West-Germany-1960er-70er-vintage-secondhand-gebraucht-schweiz-Instagram-Post.jpg","contentUrl":"https:\/\/kurato.ch\/wp-content\/uploads\/2026\/04\/Freischwinger-Stuehle-von-Thur-Op-Seat-West-Germany-1960er-70er-vintage-secondhand-gebraucht-schweiz-Instagram-Post.jpg","width":810,"height":810,"caption":"Freischwinger St\u00fchle von Thur-Op-Seat, West Germany, 1960er\/70er"},{"@type":"BreadcrumbList","@id":"https:\/\/kurato.ch\/product\/freischwinger-stuehle-von-thur-op-seat-west-germany-1960er-70er\/#breadcrumb","itemListElement":[{"@type":"ListItem","position":1,"name":"Home","item":"https:\/\/kurato.ch\/"},{"@type":"ListItem","position":2,"name":"Neuheiten","item":"https:\/\/kurato.ch\/neuheiten\/"},{"@type":"ListItem","position":3,"name":"Freischwinger St\u00fchle von Thur-Op-Seat, West Germany, 1960er\/70er"}]},{"@type":"WebSite","@id":"https:\/\/kurato.ch\/#website","url":"https:\/\/kurato.ch\/","name":"Meubles vintage &amp; d\u00e9coration I Kurato","description":"Meubles vintage &amp; d\u00e9coration I Kurato","publisher":{"@id":"https:\/\/kurato.ch\/#organization"},"potentialAction":[{"@type":"SearchAction","target":{"@type":"EntryPoint","urlTemplate":"https:\/\/kurato.ch\/?s={search_term_string}"},"query-input":{"@type":"PropertyValueSpecification","valueRequired":true,"valueName":"search_term_string"}}],"inLanguage":"fr-FR"},{"@type":"Organization","@id":"https:\/\/kurato.ch\/#organization","name":"Kurato.","url":"https:\/\/kurato.ch\/","logo":{"@type":"ImageObject","inLanguage":"fr-FR","@id":"https:\/\/kurato.ch\/#\/schema\/logo\/image\/","url":"","contentUrl":"","caption":"Kurato."},"image":{"@id":"https:\/\/kurato.ch\/#\/schema\/logo\/image\/"},"sameAs":["https:\/\/www.facebook.com\/kuratoswitzerland","https:\/\/www.instagram.com\/kurato.ch\/","https:\/\/www.pinterest.ch\/kurato_ch\/_created\/"]}]}},"_links":{"self":[{"href":"https:\/\/kurato.ch\/fr\/wp-json\/wp\/v2\/product\/73922","targetHints":{"allow":["GET"]}}],"collection":[{"href":"https:\/\/kurato.ch\/fr\/wp-json\/wp\/v2\/product"}],"about":[{"href":"https:\/\/kurato.ch\/fr\/wp-json\/wp\/v2\/types\/product"}],"wp:featuredmedia":[{"embeddable":true,"href":"https:\/\/kurato.ch\/fr\/wp-json\/wp\/v2\/media\/74107"}],"wp:attachment":[{"href":"https:\/\/kurato.ch\/fr\/wp-json\/wp\/v2\/media?parent=73922"}],"wp:term":[{"taxonomy":"product_brand","embeddable":true,"href":"https:\/\/kurato.ch\/fr\/wp-json\/wp\/v2\/product_brand?post=73922"},{"taxonomy":"product_cat","embeddable":true,"href":"https:\/\/kurato.ch\/fr\/wp-json\/wp\/v2\/product_cat?post=73922"},{"taxonomy":"product_tag","embeddable":true,"href":"https:\/\/kurato.ch\/fr\/wp-json\/wp\/v2\/product_tag?post=73922"}],"curies":[{"name":"wp","href":"https:\/\/api.w.org\/{rel}","templated":true}]}}