{"id":74063,"date":"2026-04-11T14:31:33","date_gmt":"2026-04-11T12:31:33","guid":{"rendered":"https:\/\/kurato.ch\/?post_type=product&#038;p=74063"},"modified":"2026-04-11T14:31:33","modified_gmt":"2026-04-11T12:31:33","slug":"vintage-ledersofa-2-sitzer-in-beige-schweiz-1980er-jahre","status":"publish","type":"product","link":"https:\/\/kurato.ch\/fr\/product\/vintage-ledersofa-2-sitzer-in-beige-schweiz-1980er-jahre\/","title":{"rendered":"Vintage Ledersofa 2-Sitzer in beige, Schweiz 1980er Jahre"},"content":{"rendered":"<p>Kompaktes, hochwertig verarbeitetes 2-Sitzer Ledersofa mit weicher, organischer Formensprache und ausgepr\u00e4gtem Sitzkomfort. Die grossz\u00fcgig gepolsterten Kissen und die rund ausgeformten Armlehnen verleihen dem Entwurf eine einladende, beinahe skulpturale Wirkung. Besonders charakteristisch ist die niedrige Sitzh\u00f6he in Kombination mit der tiefen, loungigen Sitzfl\u00e4che \u2013 typisch f\u00fcr hochwertige Schweizer Polsterm\u00f6bel dieser Zeit. Das helle, naturbelassene Leder entwickelt durch Gebrauch eine lebendige Patina und unterstreicht den wohnlichen, zeitlosen Charakter. Die feinen, zur\u00fcckgesetzten Metallf\u00fcsse lassen das Sofa optisch leicht wirken und geben ihm trotz der volumin\u00f6sen Polsterung eine moderne, fast schwebende Pr\u00e4senz. Ein vielseitig einsetzbares Designobjekt zwischen klassischem Komfort und zeitgen\u00f6ssischer Klarheit.<\/p>\n<p>Zustand: Guter gebrauchter Zustand mit sichtbarer Patina, leichten Verf\u00e4rbungen und Gebrauchsspuren im Leder. Polsterung weiterhin bequem, Struktur stabil.<\/p>\n<p>Masse: L150 x B85 x H67 cm<br \/>Hauteur d'assise 38 cm<br \/>Hauteur des accoudoirs 52 cm<\/p>\n<p><strong>Du m\u00f6chtest den Artikel zu Dir nach Hause geliefert bekommen:<\/strong> Bitte kontaktiere den Kundendienst von Kurato <a href=\"mailto:hello@kurato.ch\" data-mce-href=\"mailto:hello@kurato.ch\"><strong>hello@kurato.ch<\/strong><\/a> et demandez une offre de livraison personnalis\u00e9e.<\/p>","protected":false},"excerpt":{"rendered":"<p>Kompaktes, hochwertig verarbeitetes 2-Sitzer Ledersofa mit weicher, organischer Formensprache und ausgepr\u00e4gtem Sitzkomfort. Die grossz\u00fcgig gepolsterten Kissen und die rund ausgeformten Armlehnen verleihen dem Entwurf eine einladende, beinahe skulpturale Wirkung. Besonders charakteristisch ist die niedrige Sitzh\u00f6he in Kombination mit der tiefen, loungigen Sitzfl\u00e4che \u2013 typisch f\u00fcr hochwertige Schweizer Polsterm\u00f6bel dieser Zeit. Das helle, naturbelassene Leder entwickelt [&hellip;]<\/p>\n","protected":false},"featured_media":74095,"template":"","meta":{"_acf_changed":false,"site-sidebar-layout":"default","site-content-layout":"","ast-site-content-layout":"default","site-content-style":"default","site-sidebar-style":"default","ast-global-header-display":"","ast-banner-title-visibility":"","ast-main-header-display":"","ast-hfb-above-header-display":"","ast-hfb-below-header-display":"","ast-hfb-mobile-header-display":"","site-post-title":"","ast-breadcrumbs-content":"","ast-featured-img":"","footer-sml-layout":"","ast-disable-related-posts":"","theme-transparent-header-meta":"","adv-header-id-meta":"","stick-header-meta":"","header-above-stick-meta":"","header-main-stick-meta":"","header-below-stick-meta":"","astra-migrate-meta-layouts":"default","ast-page-background-enabled":"default","ast-page-background-meta":{"desktop":{"background-color":"","background-image":"","background-repeat":"repeat","background-position":"center center","background-size":"auto","background-attachment":"scroll","background-type":"","background-media":"","overlay-type":"","overlay-color":"","overlay-opacity":"","overlay-gradient":""},"tablet":{"background-color":"","background-image":"","background-repeat":"repeat","background-position":"center center","background-size":"auto","background-attachment":"scroll","background-type":"","background-media":"","overlay-type":"","overlay-color":"","overlay-opacity":"","overlay-gradient":""},"mobile":{"background-color":"","background-image":"","background-repeat":"repeat","background-position":"center center","background-size":"auto","background-attachment":"scroll","background-type":"","background-media":"","overlay-type":"","overlay-color":"","overlay-opacity":"","overlay-gradient":""}},"ast-content-background-meta":{"desktop":{"background-color":"var(--ast-global-color-5)","background-image":"","background-repeat":"repeat","background-position":"center center","background-size":"auto","background-attachment":"scroll","background-type":"","background-media":"","overlay-type":"","overlay-color":"","overlay-opacity":"","overlay-gradient":""},"tablet":{"background-color":"var(--ast-global-color-5)","background-image":"","background-repeat":"repeat","background-position":"center center","background-size":"auto","background-attachment":"scroll","background-type":"","background-media":"","overlay-type":"","overlay-color":"","overlay-opacity":"","overlay-gradient":""},"mobile":{"background-color":"var(--ast-global-color-5)","background-image":"","background-repeat":"repeat","background-position":"center center","background-size":"auto","background-attachment":"scroll","background-type":"","background-media":"","overlay-type":"","overlay-color":"","overlay-opacity":"","overlay-gradient":""}}},"product_brand":[],"product_cat":[156],"product_tag":[],"class_list":{"0":"post-74063","1":"product","2":"type-product","3":"status-publish","4":"has-post-thumbnail","6":"product_cat-vintage-sofas-sitzbank","7":"pa_farbe-farbebeige","8":"pa_material-leder","9":"pa_stil-vintage","10":"desktop-align-left","11":"tablet-align-left","12":"mobile-align-left","14":"first","15":"instock","16":"sold-individually","17":"shipping-taxable","18":"purchasable","19":"product-type-simple"},"acf":[],"yoast_head":"<!-- This site is optimized with the Yoast SEO plugin v27.3 - https:\/\/yoast.com\/product\/yoast-seo-wordpress\/ -->\n<title>Vintage Ledersofa 2-Sitzer in beige, Schweiz 1980er Jahre | Vintage M\u00f6bel kaufen auf KURATO.CH<\/title>\n<meta name=\"description\" content=\"Entdecke Vintage M\u00f6bel &amp; Dekoration \u27a4 Vintage Ledersofa 2-Sitzer in beige, Schweiz 1980er Jahre auf Kurato. \u2713Lieferung Schweiz \u271314-Tage R\u00fcckgabe \u2713Secondhand Unikat\" \/>\n<meta name=\"robots\" content=\"index, follow, max-snippet:-1, max-image-preview:large, max-video-preview:-1\" \/>\n<link rel=\"canonical\" href=\"https:\/\/kurato.ch\/fr\/product\/vintage-ledersofa-2-sitzer-in-beige-schweiz-1980er-jahre\/\" \/>\n<meta property=\"og:locale\" content=\"fr_FR\" \/>\n<meta property=\"og:type\" content=\"article\" \/>\n<meta property=\"og:title\" content=\"Vintage Ledersofa 2-Sitzer in beige, Schweiz 1980er Jahre | Vintage M\u00f6bel kaufen auf KURATO.CH\" \/>\n<meta property=\"og:description\" content=\"Entdecke Vintage M\u00f6bel &amp; Dekoration \u27a4 Vintage Ledersofa 2-Sitzer in beige, Schweiz 1980er Jahre auf Kurato. \u2713Lieferung Schweiz \u271314-Tage R\u00fcckgabe \u2713Secondhand Unikat\" \/>\n<meta property=\"og:url\" content=\"https:\/\/kurato.ch\/fr\/product\/vintage-ledersofa-2-sitzer-in-beige-schweiz-1980er-jahre\/\" \/>\n<meta property=\"og:site_name\" content=\"Vintage M\u00f6bel &amp; Dekoration I Kurato\" \/>\n<meta property=\"article:publisher\" content=\"https:\/\/www.facebook.com\/kuratoswitzerland\" \/>\n<meta property=\"og:image\" content=\"https:\/\/kurato.ch\/wp-content\/uploads\/2026\/04\/Vintage-Ledersofa-2-Sitzer-in-beige-Schweiz-1980er-Jahre-vintage-secondhand-gebraucht-schweiz-Instagram-Post.jpg\" \/>\n\t<meta property=\"og:image:width\" content=\"810\" \/>\n\t<meta property=\"og:image:height\" content=\"810\" \/>\n\t<meta property=\"og:image:type\" content=\"image\/jpeg\" \/>\n<meta name=\"twitter:label1\" content=\"Dur\u00e9e de lecture estim\u00e9e\" \/>\n\t<meta name=\"twitter:data1\" content=\"1 minute\" \/>\n<script type=\"application\/ld+json\" class=\"yoast-schema-graph\">{\"@context\":\"https:\\\/\\\/schema.org\",\"@graph\":[{\"@type\":\"WebPage\",\"@id\":\"https:\\\/\\\/kurato.ch\\\/product\\\/vintage-ledersofa-2-sitzer-in-beige-schweiz-1980er-jahre\\\/\",\"url\":\"https:\\\/\\\/kurato.ch\\\/product\\\/vintage-ledersofa-2-sitzer-in-beige-schweiz-1980er-jahre\\\/\",\"name\":\"Vintage Ledersofa 2-Sitzer in beige, Schweiz 1980er Jahre | Vintage M\u00f6bel kaufen auf KURATO.CH\",\"isPartOf\":{\"@id\":\"https:\\\/\\\/kurato.ch\\\/#website\"},\"primaryImageOfPage\":{\"@id\":\"https:\\\/\\\/kurato.ch\\\/product\\\/vintage-ledersofa-2-sitzer-in-beige-schweiz-1980er-jahre\\\/#primaryimage\"},\"image\":{\"@id\":\"https:\\\/\\\/kurato.ch\\\/product\\\/vintage-ledersofa-2-sitzer-in-beige-schweiz-1980er-jahre\\\/#primaryimage\"},\"thumbnailUrl\":\"https:\\\/\\\/kurato.ch\\\/wp-content\\\/uploads\\\/2026\\\/04\\\/Vintage-Ledersofa-2-Sitzer-in-beige-Schweiz-1980er-Jahre-vintage-secondhand-gebraucht-schweiz-Instagram-Post.jpg\",\"datePublished\":\"2026-04-11T12:31:33+00:00\",\"description\":\"Entdecke Vintage M\u00f6bel & Dekoration \u27a4 Vintage Ledersofa 2-Sitzer in beige, Schweiz 1980er Jahre auf Kurato. \u2713Lieferung Schweiz \u271314-Tage R\u00fcckgabe \u2713Secondhand Unikat\",\"breadcrumb\":{\"@id\":\"https:\\\/\\\/kurato.ch\\\/product\\\/vintage-ledersofa-2-sitzer-in-beige-schweiz-1980er-jahre\\\/#breadcrumb\"},\"inLanguage\":\"fr-FR\",\"potentialAction\":[{\"@type\":\"ReadAction\",\"target\":[\"https:\\\/\\\/kurato.ch\\\/product\\\/vintage-ledersofa-2-sitzer-in-beige-schweiz-1980er-jahre\\\/\"]}]},{\"@type\":\"ImageObject\",\"inLanguage\":\"fr-FR\",\"@id\":\"https:\\\/\\\/kurato.ch\\\/product\\\/vintage-ledersofa-2-sitzer-in-beige-schweiz-1980er-jahre\\\/#primaryimage\",\"url\":\"https:\\\/\\\/kurato.ch\\\/wp-content\\\/uploads\\\/2026\\\/04\\\/Vintage-Ledersofa-2-Sitzer-in-beige-Schweiz-1980er-Jahre-vintage-secondhand-gebraucht-schweiz-Instagram-Post.jpg\",\"contentUrl\":\"https:\\\/\\\/kurato.ch\\\/wp-content\\\/uploads\\\/2026\\\/04\\\/Vintage-Ledersofa-2-Sitzer-in-beige-Schweiz-1980er-Jahre-vintage-secondhand-gebraucht-schweiz-Instagram-Post.jpg\",\"width\":810,\"height\":810,\"caption\":\"Vintage Ledersofa 2-Sitzer in beige, Schweiz 1980er Jahre\"},{\"@type\":\"BreadcrumbList\",\"@id\":\"https:\\\/\\\/kurato.ch\\\/product\\\/vintage-ledersofa-2-sitzer-in-beige-schweiz-1980er-jahre\\\/#breadcrumb\",\"itemListElement\":[{\"@type\":\"ListItem\",\"position\":1,\"name\":\"Home\",\"item\":\"https:\\\/\\\/kurato.ch\\\/\"},{\"@type\":\"ListItem\",\"position\":2,\"name\":\"Neuheiten\",\"item\":\"https:\\\/\\\/kurato.ch\\\/neuheiten\\\/\"},{\"@type\":\"ListItem\",\"position\":3,\"name\":\"Vintage Ledersofa 2-Sitzer in beige, Schweiz 1980er Jahre\"}]},{\"@type\":\"WebSite\",\"@id\":\"https:\\\/\\\/kurato.ch\\\/#website\",\"url\":\"https:\\\/\\\/kurato.ch\\\/\",\"name\":\"Vintage M\u00f6bel &amp; Dekoration I Kurato\",\"description\":\"Vintage M\u00f6bel &amp; Dekoration I Kurato\",\"publisher\":{\"@id\":\"https:\\\/\\\/kurato.ch\\\/#organization\"},\"potentialAction\":[{\"@type\":\"SearchAction\",\"target\":{\"@type\":\"EntryPoint\",\"urlTemplate\":\"https:\\\/\\\/kurato.ch\\\/?s={search_term_string}\"},\"query-input\":{\"@type\":\"PropertyValueSpecification\",\"valueRequired\":true,\"valueName\":\"search_term_string\"}}],\"inLanguage\":\"fr-FR\"},{\"@type\":\"Organization\",\"@id\":\"https:\\\/\\\/kurato.ch\\\/#organization\",\"name\":\"Kurato.\",\"url\":\"https:\\\/\\\/kurato.ch\\\/\",\"logo\":{\"@type\":\"ImageObject\",\"inLanguage\":\"fr-FR\",\"@id\":\"https:\\\/\\\/kurato.ch\\\/#\\\/schema\\\/logo\\\/image\\\/\",\"url\":\"\",\"contentUrl\":\"\",\"caption\":\"Kurato.\"},\"image\":{\"@id\":\"https:\\\/\\\/kurato.ch\\\/#\\\/schema\\\/logo\\\/image\\\/\"},\"sameAs\":[\"https:\\\/\\\/www.facebook.com\\\/kuratoswitzerland\",\"https:\\\/\\\/www.instagram.com\\\/kurato.ch\\\/\",\"https:\\\/\\\/www.pinterest.ch\\\/kurato_ch\\\/_created\\\/\"]}]}<\/script>\n<!-- \/ Yoast SEO plugin. -->","yoast_head_json":{"title":"Vintage Ledersofa 2-Sitzer in beige, Schweiz 1980er Jahre | Vintage M\u00f6bel kaufen auf KURATO.CH","description":"Entdecke Vintage M\u00f6bel & Dekoration \u27a4 Vintage Ledersofa 2-Sitzer in beige, Schweiz 1980er Jahre auf Kurato. \u2713Lieferung Schweiz \u271314-Tage R\u00fcckgabe \u2713Secondhand Unikat","robots":{"index":"index","follow":"follow","max-snippet":"max-snippet:-1","max-image-preview":"max-image-preview:large","max-video-preview":"max-video-preview:-1"},"canonical":"https:\/\/kurato.ch\/fr\/product\/vintage-ledersofa-2-sitzer-in-beige-schweiz-1980er-jahre\/","og_locale":"fr_FR","og_type":"article","og_title":"Vintage Ledersofa 2-Sitzer in beige, Schweiz 1980er Jahre | Vintage M\u00f6bel kaufen auf KURATO.CH","og_description":"Entdecke Vintage M\u00f6bel & Dekoration \u27a4 Vintage Ledersofa 2-Sitzer in beige, Schweiz 1980er Jahre auf Kurato. \u2713Lieferung Schweiz \u271314-Tage R\u00fcckgabe \u2713Secondhand Unikat","og_url":"https:\/\/kurato.ch\/fr\/product\/vintage-ledersofa-2-sitzer-in-beige-schweiz-1980er-jahre\/","og_site_name":"Vintage M\u00f6bel &amp; Dekoration I Kurato","article_publisher":"https:\/\/www.facebook.com\/kuratoswitzerland","og_image":[{"width":810,"height":810,"url":"https:\/\/kurato.ch\/wp-content\/uploads\/2026\/04\/Vintage-Ledersofa-2-Sitzer-in-beige-Schweiz-1980er-Jahre-vintage-secondhand-gebraucht-schweiz-Instagram-Post.jpg","type":"image\/jpeg"}],"twitter_misc":{"Dur\u00e9e de lecture estim\u00e9e":"1 minute"},"schema":{"@context":"https:\/\/schema.org","@graph":[{"@type":"WebPage","@id":"https:\/\/kurato.ch\/product\/vintage-ledersofa-2-sitzer-in-beige-schweiz-1980er-jahre\/","url":"https:\/\/kurato.ch\/product\/vintage-ledersofa-2-sitzer-in-beige-schweiz-1980er-jahre\/","name":"Vintage Ledersofa 2-Sitzer in beige, Schweiz 1980er Jahre | Vintage M\u00f6bel kaufen auf KURATO.CH","isPartOf":{"@id":"https:\/\/kurato.ch\/#website"},"primaryImageOfPage":{"@id":"https:\/\/kurato.ch\/product\/vintage-ledersofa-2-sitzer-in-beige-schweiz-1980er-jahre\/#primaryimage"},"image":{"@id":"https:\/\/kurato.ch\/product\/vintage-ledersofa-2-sitzer-in-beige-schweiz-1980er-jahre\/#primaryimage"},"thumbnailUrl":"https:\/\/kurato.ch\/wp-content\/uploads\/2026\/04\/Vintage-Ledersofa-2-Sitzer-in-beige-Schweiz-1980er-Jahre-vintage-secondhand-gebraucht-schweiz-Instagram-Post.jpg","datePublished":"2026-04-11T12:31:33+00:00","description":"Entdecke Vintage M\u00f6bel & Dekoration \u27a4 Vintage Ledersofa 2-Sitzer in beige, Schweiz 1980er Jahre auf Kurato. \u2713Lieferung Schweiz \u271314-Tage R\u00fcckgabe \u2713Secondhand Unikat","breadcrumb":{"@id":"https:\/\/kurato.ch\/product\/vintage-ledersofa-2-sitzer-in-beige-schweiz-1980er-jahre\/#breadcrumb"},"inLanguage":"fr-FR","potentialAction":[{"@type":"ReadAction","target":["https:\/\/kurato.ch\/product\/vintage-ledersofa-2-sitzer-in-beige-schweiz-1980er-jahre\/"]}]},{"@type":"ImageObject","inLanguage":"fr-FR","@id":"https:\/\/kurato.ch\/product\/vintage-ledersofa-2-sitzer-in-beige-schweiz-1980er-jahre\/#primaryimage","url":"https:\/\/kurato.ch\/wp-content\/uploads\/2026\/04\/Vintage-Ledersofa-2-Sitzer-in-beige-Schweiz-1980er-Jahre-vintage-secondhand-gebraucht-schweiz-Instagram-Post.jpg","contentUrl":"https:\/\/kurato.ch\/wp-content\/uploads\/2026\/04\/Vintage-Ledersofa-2-Sitzer-in-beige-Schweiz-1980er-Jahre-vintage-secondhand-gebraucht-schweiz-Instagram-Post.jpg","width":810,"height":810,"caption":"Vintage Ledersofa 2-Sitzer in beige, Schweiz 1980er Jahre"},{"@type":"BreadcrumbList","@id":"https:\/\/kurato.ch\/product\/vintage-ledersofa-2-sitzer-in-beige-schweiz-1980er-jahre\/#breadcrumb","itemListElement":[{"@type":"ListItem","position":1,"name":"Home","item":"https:\/\/kurato.ch\/"},{"@type":"ListItem","position":2,"name":"Neuheiten","item":"https:\/\/kurato.ch\/neuheiten\/"},{"@type":"ListItem","position":3,"name":"Vintage Ledersofa 2-Sitzer in beige, Schweiz 1980er Jahre"}]},{"@type":"WebSite","@id":"https:\/\/kurato.ch\/#website","url":"https:\/\/kurato.ch\/","name":"Meubles vintage &amp; d\u00e9coration I Kurato","description":"Meubles vintage &amp; d\u00e9coration I Kurato","publisher":{"@id":"https:\/\/kurato.ch\/#organization"},"potentialAction":[{"@type":"SearchAction","target":{"@type":"EntryPoint","urlTemplate":"https:\/\/kurato.ch\/?s={search_term_string}"},"query-input":{"@type":"PropertyValueSpecification","valueRequired":true,"valueName":"search_term_string"}}],"inLanguage":"fr-FR"},{"@type":"Organization","@id":"https:\/\/kurato.ch\/#organization","name":"Kurato.","url":"https:\/\/kurato.ch\/","logo":{"@type":"ImageObject","inLanguage":"fr-FR","@id":"https:\/\/kurato.ch\/#\/schema\/logo\/image\/","url":"","contentUrl":"","caption":"Kurato."},"image":{"@id":"https:\/\/kurato.ch\/#\/schema\/logo\/image\/"},"sameAs":["https:\/\/www.facebook.com\/kuratoswitzerland","https:\/\/www.instagram.com\/kurato.ch\/","https:\/\/www.pinterest.ch\/kurato_ch\/_created\/"]}]}},"_links":{"self":[{"href":"https:\/\/kurato.ch\/fr\/wp-json\/wp\/v2\/product\/74063","targetHints":{"allow":["GET"]}}],"collection":[{"href":"https:\/\/kurato.ch\/fr\/wp-json\/wp\/v2\/product"}],"about":[{"href":"https:\/\/kurato.ch\/fr\/wp-json\/wp\/v2\/types\/product"}],"wp:featuredmedia":[{"embeddable":true,"href":"https:\/\/kurato.ch\/fr\/wp-json\/wp\/v2\/media\/74095"}],"wp:attachment":[{"href":"https:\/\/kurato.ch\/fr\/wp-json\/wp\/v2\/media?parent=74063"}],"wp:term":[{"taxonomy":"product_brand","embeddable":true,"href":"https:\/\/kurato.ch\/fr\/wp-json\/wp\/v2\/product_brand?post=74063"},{"taxonomy":"product_cat","embeddable":true,"href":"https:\/\/kurato.ch\/fr\/wp-json\/wp\/v2\/product_cat?post=74063"},{"taxonomy":"product_tag","embeddable":true,"href":"https:\/\/kurato.ch\/fr\/wp-json\/wp\/v2\/product_tag?post=74063"}],"curies":[{"name":"wp","href":"https:\/\/api.w.org\/{rel}","templated":true}]}}