{"id":74260,"date":"2026-05-08T11:05:54","date_gmt":"2026-05-08T09:05:54","guid":{"rendered":"https:\/\/kurato.ch\/?post_type=product&#038;p=74260"},"modified":"2026-05-08T11:06:31","modified_gmt":"2026-05-08T09:06:31","slug":"skandinavische-stuehle-aus-buche-mit-sitz-und-rueckenpolster-1960er-jahre","status":"publish","type":"product","link":"https:\/\/kurato.ch\/fr\/product\/skandinavische-stuehle-aus-buche-mit-sitz-und-rueckenpolster-1960er-jahre\/","title":{"rendered":"Skandinavische St\u00fchle aus Buche mit Sitz- und R\u00fcckenpolster, 1960er Jahre"},"content":{"rendered":"<p>Elegante Esszimmerst\u00fchle aus Buche mit klarer, skandinavisch gepr\u00e4gter Formensprache der 1960er bis 1970er Jahre. Die weich gerundeten Beine und die harmonisch geschwungenen R\u00fcckenlehnen verleihen den St\u00fchlen eine leichte, organische Ausstrahlung, die typisch f\u00fcr diese Epoche ist. Besonders charakteristisch ist die fein gearbeitete R\u00fcckenpartie: Mit dekorativen Holzsprossen und gepolsterter R\u00fcckenlehne ausgef\u00fchrt, bieten die St\u00fchle sowohl visuelle Abwechslung als auch hohen Sitzkomfort. Die angenehm proportionierten Sitzfl\u00e4chen sind mit einem hellen, strukturierten Stoff bezogen und sorgen zusammen mit der leicht nach hinten geneigten Lehne f\u00fcr ein komfortables Sitzgef\u00fchl \u2013 ideal f\u00fcr lange Abende am Esstisch.<\/p>\n<p>Die stabile Konstruktion aus massivem Buchenholz unterstreicht die hochwertige Verarbeitung und macht die St\u00fchle zu langlebigen Begleitern im Alltag. Durch ihr zeitloses Design lassen sie sich vielseitig kombinieren \u2013 sowohl mit klassischen Holztischen als auch in modernen Interieurs als warmer Kontrast.<\/p>\n<p>Zustand: Sch\u00f6ner Vintage Zustand mit leichten Gebrauchsspuren am Holz sowie minimalen Altersspuren am Stoff. Stabil, gepflegt und sofort einsatzbereit.<\/p>\n<p>Masse: L42.5 x B42 x H83 cm<br \/>Sitzh\u00f6he 47 cm<\/p>\n<p><strong>Du m\u00f6chtest den Artikel zu Dir nach Hause geliefert bekommen:<\/strong> Bitte kontaktiere den Kundendienst von Kurato <a href=\"mailto:hello@kurato.ch\" data-mce-href=\"mailto:hello@kurato.ch\"><strong>hello@kurato.ch<\/strong><\/a> et demandez une offre de livraison personnalis\u00e9e.<\/p>\n<p><br data-mce-bogus=\"1\"><\/p>","protected":false},"excerpt":{"rendered":"<p>Elegante Esszimmerst\u00fchle aus Buche mit klarer, skandinavisch gepr\u00e4gter Formensprache der 1960er bis 1970er Jahre. Die weich gerundeten Beine und die harmonisch geschwungenen R\u00fcckenlehnen verleihen den St\u00fchlen eine leichte, organische Ausstrahlung, die typisch f\u00fcr diese Epoche ist. Besonders charakteristisch ist die fein gearbeitete R\u00fcckenpartie: Mit dekorativen Holzsprossen und gepolsterter R\u00fcckenlehne ausgef\u00fchrt, bieten die St\u00fchle sowohl visuelle [&hellip;]<\/p>\n","protected":false},"featured_media":74539,"template":"","meta":{"_acf_changed":false,"site-sidebar-layout":"default","site-content-layout":"","ast-site-content-layout":"default","site-content-style":"default","site-sidebar-style":"default","ast-global-header-display":"","ast-banner-title-visibility":"","ast-main-header-display":"","ast-hfb-above-header-display":"","ast-hfb-below-header-display":"","ast-hfb-mobile-header-display":"","site-post-title":"","ast-breadcrumbs-content":"","ast-featured-img":"","footer-sml-layout":"","ast-disable-related-posts":"","theme-transparent-header-meta":"","adv-header-id-meta":"","stick-header-meta":"","header-above-stick-meta":"","header-main-stick-meta":"","header-below-stick-meta":"","astra-migrate-meta-layouts":"default","ast-page-background-enabled":"default","ast-page-background-meta":{"desktop":{"background-color":"","background-image":"","background-repeat":"repeat","background-position":"center center","background-size":"auto","background-attachment":"scroll","background-type":"","background-media":"","overlay-type":"","overlay-color":"","overlay-opacity":"","overlay-gradient":""},"tablet":{"background-color":"","background-image":"","background-repeat":"repeat","background-position":"center center","background-size":"auto","background-attachment":"scroll","background-type":"","background-media":"","overlay-type":"","overlay-color":"","overlay-opacity":"","overlay-gradient":""},"mobile":{"background-color":"","background-image":"","background-repeat":"repeat","background-position":"center center","background-size":"auto","background-attachment":"scroll","background-type":"","background-media":"","overlay-type":"","overlay-color":"","overlay-opacity":"","overlay-gradient":""}},"ast-content-background-meta":{"desktop":{"background-color":"var(--ast-global-color-5)","background-image":"","background-repeat":"repeat","background-position":"center center","background-size":"auto","background-attachment":"scroll","background-type":"","background-media":"","overlay-type":"","overlay-color":"","overlay-opacity":"","overlay-gradient":""},"tablet":{"background-color":"var(--ast-global-color-5)","background-image":"","background-repeat":"repeat","background-position":"center center","background-size":"auto","background-attachment":"scroll","background-type":"","background-media":"","overlay-type":"","overlay-color":"","overlay-opacity":"","overlay-gradient":""},"mobile":{"background-color":"var(--ast-global-color-5)","background-image":"","background-repeat":"repeat","background-position":"center center","background-size":"auto","background-attachment":"scroll","background-type":"","background-media":"","overlay-type":"","overlay-color":"","overlay-opacity":"","overlay-gradient":""}}},"product_brand":[],"product_cat":[163],"product_tag":[],"class_list":{"0":"post-74260","1":"product","2":"type-product","3":"status-publish","4":"has-post-thumbnail","6":"product_cat-vintage-stuhl","7":"pa_farbe-braun","8":"pa_material-holz","9":"pa_stil-skandinavisch-mid-century","10":"desktop-align-left","11":"tablet-align-left","12":"mobile-align-left","14":"first","15":"instock","16":"shipping-taxable","17":"purchasable","18":"product-type-simple"},"acf":[],"yoast_head":"<!-- This site is optimized with the Yoast SEO plugin v27.5 - https:\/\/yoast.com\/product\/yoast-seo-wordpress\/ -->\n<title>Skandinavische St\u00fchle aus Buche mit Sitz- und R\u00fcckenpolster, 1960er Jahre | Vintage M\u00f6bel kaufen auf KURATO.CH<\/title>\n<meta name=\"description\" content=\"Entdecke Vintage M\u00f6bel &amp; Dekoration \u27a4 Skandinavische St\u00fchle aus Buche mit Sitz- und R\u00fcckenpolster, 1960er Jahre auf Kurato. \u2713Lieferung Schweiz \u271314-Tage R\u00fcckgabe \u2713Secondhand Unikat\" \/>\n<meta name=\"robots\" content=\"index, follow, max-snippet:-1, max-image-preview:large, max-video-preview:-1\" \/>\n<link rel=\"canonical\" href=\"https:\/\/kurato.ch\/fr\/product\/skandinavische-stuehle-aus-buche-mit-sitz-und-rueckenpolster-1960er-jahre\/\" \/>\n<meta property=\"og:locale\" content=\"fr_FR\" \/>\n<meta property=\"og:type\" content=\"article\" \/>\n<meta property=\"og:title\" content=\"Skandinavische St\u00fchle aus Buche mit Sitz- und R\u00fcckenpolster, 1960er Jahre | Vintage M\u00f6bel kaufen auf KURATO.CH\" \/>\n<meta property=\"og:description\" content=\"Entdecke Vintage M\u00f6bel &amp; Dekoration \u27a4 Skandinavische St\u00fchle aus Buche mit Sitz- und R\u00fcckenpolster, 1960er Jahre auf Kurato. \u2713Lieferung Schweiz \u271314-Tage R\u00fcckgabe \u2713Secondhand Unikat\" \/>\n<meta property=\"og:url\" content=\"https:\/\/kurato.ch\/fr\/product\/skandinavische-stuehle-aus-buche-mit-sitz-und-rueckenpolster-1960er-jahre\/\" \/>\n<meta property=\"og:site_name\" content=\"Vintage M\u00f6bel &amp; Dekoration I Kurato\" \/>\n<meta property=\"article:publisher\" content=\"https:\/\/www.facebook.com\/kuratoswitzerland\" \/>\n<meta property=\"article:modified_time\" content=\"2026-05-08T09:06:31+00:00\" \/>\n<meta property=\"og:image\" content=\"https:\/\/kurato.ch\/wp-content\/uploads\/2026\/05\/Skandinavische-Stuehle-aus-Buche-mit-Sitz-und-Rueckenpolster-1960er-Jahre-vintage-secondhand-gebraucht-schweiz-Instagram-Post.jpg\" \/>\n\t<meta property=\"og:image:width\" content=\"810\" \/>\n\t<meta property=\"og:image:height\" content=\"810\" \/>\n\t<meta property=\"og:image:type\" content=\"image\/jpeg\" \/>\n<meta name=\"twitter:label1\" content=\"Dur\u00e9e de lecture estim\u00e9e\" \/>\n\t<meta name=\"twitter:data1\" content=\"1 minute\" \/>\n<script type=\"application\/ld+json\" class=\"yoast-schema-graph\">{\"@context\":\"https:\\\/\\\/schema.org\",\"@graph\":[{\"@type\":\"WebPage\",\"@id\":\"https:\\\/\\\/kurato.ch\\\/product\\\/skandinavische-stuehle-aus-buche-mit-sitz-und-rueckenpolster-1960er-jahre\\\/\",\"url\":\"https:\\\/\\\/kurato.ch\\\/product\\\/skandinavische-stuehle-aus-buche-mit-sitz-und-rueckenpolster-1960er-jahre\\\/\",\"name\":\"Skandinavische St\u00fchle aus Buche mit Sitz- und R\u00fcckenpolster, 1960er Jahre | Vintage M\u00f6bel kaufen auf KURATO.CH\",\"isPartOf\":{\"@id\":\"https:\\\/\\\/kurato.ch\\\/#website\"},\"primaryImageOfPage\":{\"@id\":\"https:\\\/\\\/kurato.ch\\\/product\\\/skandinavische-stuehle-aus-buche-mit-sitz-und-rueckenpolster-1960er-jahre\\\/#primaryimage\"},\"image\":{\"@id\":\"https:\\\/\\\/kurato.ch\\\/product\\\/skandinavische-stuehle-aus-buche-mit-sitz-und-rueckenpolster-1960er-jahre\\\/#primaryimage\"},\"thumbnailUrl\":\"https:\\\/\\\/kurato.ch\\\/wp-content\\\/uploads\\\/2026\\\/05\\\/Skandinavische-Stuehle-aus-Buche-mit-Sitz-und-Rueckenpolster-1960er-Jahre-vintage-secondhand-gebraucht-schweiz-Instagram-Post.jpg\",\"datePublished\":\"2026-05-08T09:05:54+00:00\",\"dateModified\":\"2026-05-08T09:06:31+00:00\",\"description\":\"Entdecke Vintage M\u00f6bel & Dekoration \u27a4 Skandinavische St\u00fchle aus Buche mit Sitz- und R\u00fcckenpolster, 1960er Jahre auf Kurato. \u2713Lieferung Schweiz \u271314-Tage R\u00fcckgabe \u2713Secondhand Unikat\",\"breadcrumb\":{\"@id\":\"https:\\\/\\\/kurato.ch\\\/product\\\/skandinavische-stuehle-aus-buche-mit-sitz-und-rueckenpolster-1960er-jahre\\\/#breadcrumb\"},\"inLanguage\":\"fr-FR\",\"potentialAction\":[{\"@type\":\"ReadAction\",\"target\":[\"https:\\\/\\\/kurato.ch\\\/product\\\/skandinavische-stuehle-aus-buche-mit-sitz-und-rueckenpolster-1960er-jahre\\\/\"]}]},{\"@type\":\"ImageObject\",\"inLanguage\":\"fr-FR\",\"@id\":\"https:\\\/\\\/kurato.ch\\\/product\\\/skandinavische-stuehle-aus-buche-mit-sitz-und-rueckenpolster-1960er-jahre\\\/#primaryimage\",\"url\":\"https:\\\/\\\/kurato.ch\\\/wp-content\\\/uploads\\\/2026\\\/05\\\/Skandinavische-Stuehle-aus-Buche-mit-Sitz-und-Rueckenpolster-1960er-Jahre-vintage-secondhand-gebraucht-schweiz-Instagram-Post.jpg\",\"contentUrl\":\"https:\\\/\\\/kurato.ch\\\/wp-content\\\/uploads\\\/2026\\\/05\\\/Skandinavische-Stuehle-aus-Buche-mit-Sitz-und-Rueckenpolster-1960er-Jahre-vintage-secondhand-gebraucht-schweiz-Instagram-Post.jpg\",\"width\":810,\"height\":810,\"caption\":\"Skandinavische St\u00fchle aus Buche mit Sitz- und R\u00fcckenpolster, 1960er Jahre\"},{\"@type\":\"BreadcrumbList\",\"@id\":\"https:\\\/\\\/kurato.ch\\\/product\\\/skandinavische-stuehle-aus-buche-mit-sitz-und-rueckenpolster-1960er-jahre\\\/#breadcrumb\",\"itemListElement\":[{\"@type\":\"ListItem\",\"position\":1,\"name\":\"Home\",\"item\":\"https:\\\/\\\/kurato.ch\\\/\"},{\"@type\":\"ListItem\",\"position\":2,\"name\":\"Neuheiten\",\"item\":\"https:\\\/\\\/kurato.ch\\\/neuheiten\\\/\"},{\"@type\":\"ListItem\",\"position\":3,\"name\":\"Skandinavische St\u00fchle aus Buche mit Sitz- und R\u00fcckenpolster, 1960er Jahre\"}]},{\"@type\":\"WebSite\",\"@id\":\"https:\\\/\\\/kurato.ch\\\/#website\",\"url\":\"https:\\\/\\\/kurato.ch\\\/\",\"name\":\"Vintage M\u00f6bel &amp; Dekoration I Kurato\",\"description\":\"Vintage M\u00f6bel &amp; Dekoration I Kurato\",\"publisher\":{\"@id\":\"https:\\\/\\\/kurato.ch\\\/#organization\"},\"potentialAction\":[{\"@type\":\"SearchAction\",\"target\":{\"@type\":\"EntryPoint\",\"urlTemplate\":\"https:\\\/\\\/kurato.ch\\\/?s={search_term_string}\"},\"query-input\":{\"@type\":\"PropertyValueSpecification\",\"valueRequired\":true,\"valueName\":\"search_term_string\"}}],\"inLanguage\":\"fr-FR\"},{\"@type\":\"Organization\",\"@id\":\"https:\\\/\\\/kurato.ch\\\/#organization\",\"name\":\"Kurato.\",\"url\":\"https:\\\/\\\/kurato.ch\\\/\",\"logo\":{\"@type\":\"ImageObject\",\"inLanguage\":\"fr-FR\",\"@id\":\"https:\\\/\\\/kurato.ch\\\/#\\\/schema\\\/logo\\\/image\\\/\",\"url\":\"\",\"contentUrl\":\"\",\"caption\":\"Kurato.\"},\"image\":{\"@id\":\"https:\\\/\\\/kurato.ch\\\/#\\\/schema\\\/logo\\\/image\\\/\"},\"sameAs\":[\"https:\\\/\\\/www.facebook.com\\\/kuratoswitzerland\",\"https:\\\/\\\/www.instagram.com\\\/kurato.ch\\\/\",\"https:\\\/\\\/www.pinterest.ch\\\/kurato_ch\\\/_created\\\/\"]}]}<\/script>\n<!-- \/ Yoast SEO plugin. -->","yoast_head_json":{"title":"Skandinavische St\u00fchle aus Buche mit Sitz- und R\u00fcckenpolster, 1960er Jahre | Vintage M\u00f6bel kaufen auf KURATO.CH","description":"Entdecke Vintage M\u00f6bel & Dekoration \u27a4 Skandinavische St\u00fchle aus Buche mit Sitz- und R\u00fcckenpolster, 1960er Jahre auf Kurato. \u2713Lieferung Schweiz \u271314-Tage R\u00fcckgabe \u2713Secondhand Unikat","robots":{"index":"index","follow":"follow","max-snippet":"max-snippet:-1","max-image-preview":"max-image-preview:large","max-video-preview":"max-video-preview:-1"},"canonical":"https:\/\/kurato.ch\/fr\/product\/skandinavische-stuehle-aus-buche-mit-sitz-und-rueckenpolster-1960er-jahre\/","og_locale":"fr_FR","og_type":"article","og_title":"Skandinavische St\u00fchle aus Buche mit Sitz- und R\u00fcckenpolster, 1960er Jahre | Vintage M\u00f6bel kaufen auf KURATO.CH","og_description":"Entdecke Vintage M\u00f6bel & Dekoration \u27a4 Skandinavische St\u00fchle aus Buche mit Sitz- und R\u00fcckenpolster, 1960er Jahre auf Kurato. \u2713Lieferung Schweiz \u271314-Tage R\u00fcckgabe \u2713Secondhand Unikat","og_url":"https:\/\/kurato.ch\/fr\/product\/skandinavische-stuehle-aus-buche-mit-sitz-und-rueckenpolster-1960er-jahre\/","og_site_name":"Vintage M\u00f6bel &amp; Dekoration I Kurato","article_publisher":"https:\/\/www.facebook.com\/kuratoswitzerland","article_modified_time":"2026-05-08T09:06:31+00:00","og_image":[{"width":810,"height":810,"url":"https:\/\/kurato.ch\/wp-content\/uploads\/2026\/05\/Skandinavische-Stuehle-aus-Buche-mit-Sitz-und-Rueckenpolster-1960er-Jahre-vintage-secondhand-gebraucht-schweiz-Instagram-Post.jpg","type":"image\/jpeg"}],"twitter_misc":{"Dur\u00e9e de lecture estim\u00e9e":"1 minute"},"schema":{"@context":"https:\/\/schema.org","@graph":[{"@type":"WebPage","@id":"https:\/\/kurato.ch\/product\/skandinavische-stuehle-aus-buche-mit-sitz-und-rueckenpolster-1960er-jahre\/","url":"https:\/\/kurato.ch\/product\/skandinavische-stuehle-aus-buche-mit-sitz-und-rueckenpolster-1960er-jahre\/","name":"Skandinavische St\u00fchle aus Buche mit Sitz- und R\u00fcckenpolster, 1960er Jahre | Vintage M\u00f6bel kaufen auf KURATO.CH","isPartOf":{"@id":"https:\/\/kurato.ch\/#website"},"primaryImageOfPage":{"@id":"https:\/\/kurato.ch\/product\/skandinavische-stuehle-aus-buche-mit-sitz-und-rueckenpolster-1960er-jahre\/#primaryimage"},"image":{"@id":"https:\/\/kurato.ch\/product\/skandinavische-stuehle-aus-buche-mit-sitz-und-rueckenpolster-1960er-jahre\/#primaryimage"},"thumbnailUrl":"https:\/\/kurato.ch\/wp-content\/uploads\/2026\/05\/Skandinavische-Stuehle-aus-Buche-mit-Sitz-und-Rueckenpolster-1960er-Jahre-vintage-secondhand-gebraucht-schweiz-Instagram-Post.jpg","datePublished":"2026-05-08T09:05:54+00:00","dateModified":"2026-05-08T09:06:31+00:00","description":"Entdecke Vintage M\u00f6bel & Dekoration \u27a4 Skandinavische St\u00fchle aus Buche mit Sitz- und R\u00fcckenpolster, 1960er Jahre auf Kurato. \u2713Lieferung Schweiz \u271314-Tage R\u00fcckgabe \u2713Secondhand Unikat","breadcrumb":{"@id":"https:\/\/kurato.ch\/product\/skandinavische-stuehle-aus-buche-mit-sitz-und-rueckenpolster-1960er-jahre\/#breadcrumb"},"inLanguage":"fr-FR","potentialAction":[{"@type":"ReadAction","target":["https:\/\/kurato.ch\/product\/skandinavische-stuehle-aus-buche-mit-sitz-und-rueckenpolster-1960er-jahre\/"]}]},{"@type":"ImageObject","inLanguage":"fr-FR","@id":"https:\/\/kurato.ch\/product\/skandinavische-stuehle-aus-buche-mit-sitz-und-rueckenpolster-1960er-jahre\/#primaryimage","url":"https:\/\/kurato.ch\/wp-content\/uploads\/2026\/05\/Skandinavische-Stuehle-aus-Buche-mit-Sitz-und-Rueckenpolster-1960er-Jahre-vintage-secondhand-gebraucht-schweiz-Instagram-Post.jpg","contentUrl":"https:\/\/kurato.ch\/wp-content\/uploads\/2026\/05\/Skandinavische-Stuehle-aus-Buche-mit-Sitz-und-Rueckenpolster-1960er-Jahre-vintage-secondhand-gebraucht-schweiz-Instagram-Post.jpg","width":810,"height":810,"caption":"Skandinavische St\u00fchle aus Buche mit Sitz- und R\u00fcckenpolster, 1960er Jahre"},{"@type":"BreadcrumbList","@id":"https:\/\/kurato.ch\/product\/skandinavische-stuehle-aus-buche-mit-sitz-und-rueckenpolster-1960er-jahre\/#breadcrumb","itemListElement":[{"@type":"ListItem","position":1,"name":"Home","item":"https:\/\/kurato.ch\/"},{"@type":"ListItem","position":2,"name":"Neuheiten","item":"https:\/\/kurato.ch\/neuheiten\/"},{"@type":"ListItem","position":3,"name":"Skandinavische St\u00fchle aus Buche mit Sitz- und R\u00fcckenpolster, 1960er Jahre"}]},{"@type":"WebSite","@id":"https:\/\/kurato.ch\/#website","url":"https:\/\/kurato.ch\/","name":"Meubles vintage &amp; d\u00e9coration I Kurato","description":"Meubles vintage &amp; d\u00e9coration I Kurato","publisher":{"@id":"https:\/\/kurato.ch\/#organization"},"potentialAction":[{"@type":"SearchAction","target":{"@type":"EntryPoint","urlTemplate":"https:\/\/kurato.ch\/?s={search_term_string}"},"query-input":{"@type":"PropertyValueSpecification","valueRequired":true,"valueName":"search_term_string"}}],"inLanguage":"fr-FR"},{"@type":"Organization","@id":"https:\/\/kurato.ch\/#organization","name":"Kurato.","url":"https:\/\/kurato.ch\/","logo":{"@type":"ImageObject","inLanguage":"fr-FR","@id":"https:\/\/kurato.ch\/#\/schema\/logo\/image\/","url":"","contentUrl":"","caption":"Kurato."},"image":{"@id":"https:\/\/kurato.ch\/#\/schema\/logo\/image\/"},"sameAs":["https:\/\/www.facebook.com\/kuratoswitzerland","https:\/\/www.instagram.com\/kurato.ch\/","https:\/\/www.pinterest.ch\/kurato_ch\/_created\/"]}]}},"_links":{"self":[{"href":"https:\/\/kurato.ch\/fr\/wp-json\/wp\/v2\/product\/74260","targetHints":{"allow":["GET"]}}],"collection":[{"href":"https:\/\/kurato.ch\/fr\/wp-json\/wp\/v2\/product"}],"about":[{"href":"https:\/\/kurato.ch\/fr\/wp-json\/wp\/v2\/types\/product"}],"wp:featuredmedia":[{"embeddable":true,"href":"https:\/\/kurato.ch\/fr\/wp-json\/wp\/v2\/media\/74539"}],"wp:attachment":[{"href":"https:\/\/kurato.ch\/fr\/wp-json\/wp\/v2\/media?parent=74260"}],"wp:term":[{"taxonomy":"product_brand","embeddable":true,"href":"https:\/\/kurato.ch\/fr\/wp-json\/wp\/v2\/product_brand?post=74260"},{"taxonomy":"product_cat","embeddable":true,"href":"https:\/\/kurato.ch\/fr\/wp-json\/wp\/v2\/product_cat?post=74260"},{"taxonomy":"product_tag","embeddable":true,"href":"https:\/\/kurato.ch\/fr\/wp-json\/wp\/v2\/product_tag?post=74260"}],"curies":[{"name":"wp","href":"https:\/\/api.w.org\/{rel}","templated":true}]}}