{"id":74580,"date":"2026-05-14T15:05:05","date_gmt":"2026-05-14T13:05:05","guid":{"rendered":"https:\/\/kurato.ch\/?post_type=product&#038;p=74580"},"modified":"2026-05-14T15:05:06","modified_gmt":"2026-05-14T13:05:06","slug":"stehleuchte-modell-aton-terra-von-ernesto-gismondi-fuer-artemide-1980er-jahre","status":"publish","type":"product","link":"https:\/\/kurato.ch\/fr\/product\/stehleuchte-modell-aton-terra-von-ernesto-gismondi-fuer-artemide-1980er-jahre\/","title":{"rendered":"Stehleuchte Modell Aton Terra von Ernesto Gismondi f\u00fcr Artemide, 1980er Jahre"},"content":{"rendered":"<p>Diese ikonische Stehleuchte Aton Terra wurde vom italienischen Designer Ernesto Gismondi f\u00fcr Artemide entworfen und steht exemplarisch f\u00fcr das reduzierte, funktionale Design der 1980er Jahre. Artemide geh\u00f6rt bis heute zu den pr\u00e4gendsten Herstellern im internationalen Leuchtendesign und wurde von Ernesto Gismondi selbst mitbegr\u00fcndet, was die gestalterische Authentizit\u00e4t dieses Modells zus\u00e4tzlich unterstreicht. Charakteristisch f\u00fcr die Aton Terra ist ihre klare Linienf\u00fchrung: Ein schlanker, vertikaler Stahlstab tr\u00e4gt den quer angeordneten Leuchtenkopf, der sich flexibel ausrichten l\u00e4sst und sowohl direktes als auch indirektes Licht erm\u00f6glicht. Die minimalistische Formsprache wird durch die kontrastreiche Kombination aus schwarzem Gestell und hellem Leuchtenk\u00f6rper betont, wodurch die Leuchte eine grafische, fast technische Pr\u00e4senz im Raum entfaltet. Der kompakte Fuss sorgt f\u00fcr Stabilit\u00e4t, w\u00e4hrend die integrierte Technik eine pr\u00e4zise, funktionale Lichtsteuerung erlaubt. Entwickelt um 1980, verk\u00f6rpert dieses Modell die typische Verbindung aus Ingenieursdenken und Design\u00e4sthetik, f\u00fcr die Gismondi bekannt ist.<\/p>\n<p>Zustand: Guter, gebrauchter Zustand mit altersbedingten Gebrauchsspuren wie leichten Kratzern am Kunststoff.<\/p>\n<p>Masse: Durchmesser 34 x H190 cm<\/p>\n<p><strong>Du m\u00f6chtest den Artikel zu Dir nach Hause geliefert bekommen:<\/strong> Bitte kontaktiere den Kundendienst von Kurato <a href=\"mailto:hello@kurato.ch\" data-mce-href=\"mailto:hello@kurato.ch\"><strong>hello@kurato.ch<\/strong><\/a> et demandez une offre de livraison personnalis\u00e9e.<\/p>\n<p><br data-mce-bogus=\"1\"><\/p>","protected":false},"excerpt":{"rendered":"<p>Diese ikonische Stehleuchte Aton Terra wurde vom italienischen Designer Ernesto Gismondi f\u00fcr Artemide entworfen und steht exemplarisch f\u00fcr das reduzierte, funktionale Design der 1980er Jahre. Artemide geh\u00f6rt bis heute zu den pr\u00e4gendsten Herstellern im internationalen Leuchtendesign und wurde von Ernesto Gismondi selbst mitbegr\u00fcndet, was die gestalterische Authentizit\u00e4t dieses Modells zus\u00e4tzlich unterstreicht. Charakteristisch f\u00fcr die Aton [&hellip;]<\/p>\n","protected":false},"featured_media":74656,"template":"","meta":{"_acf_changed":false,"site-sidebar-layout":"default","site-content-layout":"","ast-site-content-layout":"default","site-content-style":"default","site-sidebar-style":"default","ast-global-header-display":"","ast-banner-title-visibility":"","ast-main-header-display":"","ast-hfb-above-header-display":"","ast-hfb-below-header-display":"","ast-hfb-mobile-header-display":"","site-post-title":"","ast-breadcrumbs-content":"","ast-featured-img":"","footer-sml-layout":"","ast-disable-related-posts":"","theme-transparent-header-meta":"","adv-header-id-meta":"","stick-header-meta":"","header-above-stick-meta":"","header-main-stick-meta":"","header-below-stick-meta":"","astra-migrate-meta-layouts":"default","ast-page-background-enabled":"default","ast-page-background-meta":{"desktop":{"background-color":"","background-image":"","background-repeat":"repeat","background-position":"center center","background-size":"auto","background-attachment":"scroll","background-type":"","background-media":"","overlay-type":"","overlay-color":"","overlay-opacity":"","overlay-gradient":""},"tablet":{"background-color":"","background-image":"","background-repeat":"repeat","background-position":"center center","background-size":"auto","background-attachment":"scroll","background-type":"","background-media":"","overlay-type":"","overlay-color":"","overlay-opacity":"","overlay-gradient":""},"mobile":{"background-color":"","background-image":"","background-repeat":"repeat","background-position":"center center","background-size":"auto","background-attachment":"scroll","background-type":"","background-media":"","overlay-type":"","overlay-color":"","overlay-opacity":"","overlay-gradient":""}},"ast-content-background-meta":{"desktop":{"background-color":"var(--ast-global-color-5)","background-image":"","background-repeat":"repeat","background-position":"center center","background-size":"auto","background-attachment":"scroll","background-type":"","background-media":"","overlay-type":"","overlay-color":"","overlay-opacity":"","overlay-gradient":""},"tablet":{"background-color":"var(--ast-global-color-5)","background-image":"","background-repeat":"repeat","background-position":"center center","background-size":"auto","background-attachment":"scroll","background-type":"","background-media":"","overlay-type":"","overlay-color":"","overlay-opacity":"","overlay-gradient":""},"mobile":{"background-color":"var(--ast-global-color-5)","background-image":"","background-repeat":"repeat","background-position":"center center","background-size":"auto","background-attachment":"scroll","background-type":"","background-media":"","overlay-type":"","overlay-color":"","overlay-opacity":"","overlay-gradient":""}}},"product_brand":[],"product_cat":[69],"product_tag":[],"class_list":{"0":"post-74580","1":"product","2":"type-product","3":"status-publish","4":"has-post-thumbnail","6":"product_cat-vintage-stehlampe","7":"pa_designer-artemide","8":"pa_farbe-weiss","9":"pa_material-stahl","10":"pa_stil-design","11":"desktop-align-left","12":"tablet-align-left","13":"mobile-align-left","15":"first","16":"instock","17":"sold-individually","18":"shipping-taxable","19":"purchasable","20":"product-type-simple"},"acf":[],"yoast_head":"<!-- This site is optimized with the Yoast SEO plugin v27.6 - https:\/\/yoast.com\/product\/yoast-seo-wordpress\/ -->\n<title>Stehleuchte Modell Aton Terra von Ernesto Gismondi f\u00fcr Artemide, 1980er Jahre | Vintage M\u00f6bel kaufen auf KURATO.CH<\/title>\n<meta name=\"description\" content=\"Entdecke Vintage M\u00f6bel &amp; Dekoration \u27a4 Stehleuchte Modell Aton Terra von Ernesto Gismondi f\u00fcr Artemide, 1980er Jahre auf Kurato. \u2713Lieferung Schweiz \u271314-Tage R\u00fcckgabe \u2713Secondhand Unikat\" \/>\n<meta name=\"robots\" content=\"index, follow, max-snippet:-1, max-image-preview:large, max-video-preview:-1\" \/>\n<link rel=\"canonical\" href=\"https:\/\/kurato.ch\/fr\/product\/stehleuchte-modell-aton-terra-von-ernesto-gismondi-fuer-artemide-1980er-jahre\/\" \/>\n<meta property=\"og:locale\" content=\"fr_FR\" \/>\n<meta property=\"og:type\" content=\"article\" \/>\n<meta property=\"og:title\" content=\"Stehleuchte Modell Aton Terra von Ernesto Gismondi f\u00fcr Artemide, 1980er Jahre | Vintage M\u00f6bel kaufen auf KURATO.CH\" \/>\n<meta property=\"og:description\" content=\"Entdecke Vintage M\u00f6bel &amp; Dekoration \u27a4 Stehleuchte Modell Aton Terra von Ernesto Gismondi f\u00fcr Artemide, 1980er Jahre auf Kurato. \u2713Lieferung Schweiz \u271314-Tage R\u00fcckgabe \u2713Secondhand Unikat\" \/>\n<meta property=\"og:url\" content=\"https:\/\/kurato.ch\/fr\/product\/stehleuchte-modell-aton-terra-von-ernesto-gismondi-fuer-artemide-1980er-jahre\/\" \/>\n<meta property=\"og:site_name\" content=\"Vintage M\u00f6bel &amp; Dekoration I Kurato\" \/>\n<meta property=\"article:publisher\" content=\"https:\/\/www.facebook.com\/kuratoswitzerland\" \/>\n<meta property=\"article:modified_time\" content=\"2026-05-14T13:05:06+00:00\" \/>\n<meta property=\"og:image\" content=\"https:\/\/kurato.ch\/wp-content\/uploads\/2026\/05\/Stehleuchte-Modell-Aton-Terra-von-Ernesto-Gismondi-fuer-Artemide-1980er-Jahre-vintage-secondhand-gebraucht-schweiz-Instagram-Post.jpg\" \/>\n\t<meta property=\"og:image:width\" content=\"810\" \/>\n\t<meta property=\"og:image:height\" content=\"810\" \/>\n\t<meta property=\"og:image:type\" content=\"image\/jpeg\" \/>\n<meta name=\"twitter:label1\" content=\"Dur\u00e9e de lecture estim\u00e9e\" \/>\n\t<meta name=\"twitter:data1\" content=\"1 minute\" \/>\n<script type=\"application\/ld+json\" class=\"yoast-schema-graph\">{\"@context\":\"https:\\\/\\\/schema.org\",\"@graph\":[{\"@type\":\"WebPage\",\"@id\":\"https:\\\/\\\/kurato.ch\\\/product\\\/stehleuchte-modell-aton-terra-von-ernesto-gismondi-fuer-artemide-1980er-jahre\\\/\",\"url\":\"https:\\\/\\\/kurato.ch\\\/product\\\/stehleuchte-modell-aton-terra-von-ernesto-gismondi-fuer-artemide-1980er-jahre\\\/\",\"name\":\"Stehleuchte Modell Aton Terra von Ernesto Gismondi f\u00fcr Artemide, 1980er Jahre | Vintage M\u00f6bel kaufen auf KURATO.CH\",\"isPartOf\":{\"@id\":\"https:\\\/\\\/kurato.ch\\\/#website\"},\"primaryImageOfPage\":{\"@id\":\"https:\\\/\\\/kurato.ch\\\/product\\\/stehleuchte-modell-aton-terra-von-ernesto-gismondi-fuer-artemide-1980er-jahre\\\/#primaryimage\"},\"image\":{\"@id\":\"https:\\\/\\\/kurato.ch\\\/product\\\/stehleuchte-modell-aton-terra-von-ernesto-gismondi-fuer-artemide-1980er-jahre\\\/#primaryimage\"},\"thumbnailUrl\":\"https:\\\/\\\/kurato.ch\\\/wp-content\\\/uploads\\\/2026\\\/05\\\/Stehleuchte-Modell-Aton-Terra-von-Ernesto-Gismondi-fuer-Artemide-1980er-Jahre-vintage-secondhand-gebraucht-schweiz-Instagram-Post.jpg\",\"datePublished\":\"2026-05-14T13:05:05+00:00\",\"dateModified\":\"2026-05-14T13:05:06+00:00\",\"description\":\"Entdecke Vintage M\u00f6bel & Dekoration \u27a4 Stehleuchte Modell Aton Terra von Ernesto Gismondi f\u00fcr Artemide, 1980er Jahre auf Kurato. \u2713Lieferung Schweiz \u271314-Tage R\u00fcckgabe \u2713Secondhand Unikat\",\"breadcrumb\":{\"@id\":\"https:\\\/\\\/kurato.ch\\\/product\\\/stehleuchte-modell-aton-terra-von-ernesto-gismondi-fuer-artemide-1980er-jahre\\\/#breadcrumb\"},\"inLanguage\":\"fr-FR\",\"potentialAction\":[{\"@type\":\"ReadAction\",\"target\":[\"https:\\\/\\\/kurato.ch\\\/product\\\/stehleuchte-modell-aton-terra-von-ernesto-gismondi-fuer-artemide-1980er-jahre\\\/\"]}]},{\"@type\":\"ImageObject\",\"inLanguage\":\"fr-FR\",\"@id\":\"https:\\\/\\\/kurato.ch\\\/product\\\/stehleuchte-modell-aton-terra-von-ernesto-gismondi-fuer-artemide-1980er-jahre\\\/#primaryimage\",\"url\":\"https:\\\/\\\/kurato.ch\\\/wp-content\\\/uploads\\\/2026\\\/05\\\/Stehleuchte-Modell-Aton-Terra-von-Ernesto-Gismondi-fuer-Artemide-1980er-Jahre-vintage-secondhand-gebraucht-schweiz-Instagram-Post.jpg\",\"contentUrl\":\"https:\\\/\\\/kurato.ch\\\/wp-content\\\/uploads\\\/2026\\\/05\\\/Stehleuchte-Modell-Aton-Terra-von-Ernesto-Gismondi-fuer-Artemide-1980er-Jahre-vintage-secondhand-gebraucht-schweiz-Instagram-Post.jpg\",\"width\":810,\"height\":810,\"caption\":\"Stehleuchte Modell Aton Terra von Ernesto Gismondi f\u00fcr Artemide, 1980er Jahre\"},{\"@type\":\"BreadcrumbList\",\"@id\":\"https:\\\/\\\/kurato.ch\\\/product\\\/stehleuchte-modell-aton-terra-von-ernesto-gismondi-fuer-artemide-1980er-jahre\\\/#breadcrumb\",\"itemListElement\":[{\"@type\":\"ListItem\",\"position\":1,\"name\":\"Home\",\"item\":\"https:\\\/\\\/kurato.ch\\\/\"},{\"@type\":\"ListItem\",\"position\":2,\"name\":\"Neuheiten\",\"item\":\"https:\\\/\\\/kurato.ch\\\/neuheiten\\\/\"},{\"@type\":\"ListItem\",\"position\":3,\"name\":\"Stehleuchte Modell Aton Terra von Ernesto Gismondi f\u00fcr Artemide, 1980er Jahre\"}]},{\"@type\":\"WebSite\",\"@id\":\"https:\\\/\\\/kurato.ch\\\/#website\",\"url\":\"https:\\\/\\\/kurato.ch\\\/\",\"name\":\"Vintage M\u00f6bel &amp; Dekoration I Kurato\",\"description\":\"Vintage M\u00f6bel &amp; Dekoration I Kurato\",\"publisher\":{\"@id\":\"https:\\\/\\\/kurato.ch\\\/#organization\"},\"potentialAction\":[{\"@type\":\"SearchAction\",\"target\":{\"@type\":\"EntryPoint\",\"urlTemplate\":\"https:\\\/\\\/kurato.ch\\\/?s={search_term_string}\"},\"query-input\":{\"@type\":\"PropertyValueSpecification\",\"valueRequired\":true,\"valueName\":\"search_term_string\"}}],\"inLanguage\":\"fr-FR\"},{\"@type\":\"Organization\",\"@id\":\"https:\\\/\\\/kurato.ch\\\/#organization\",\"name\":\"Kurato.\",\"url\":\"https:\\\/\\\/kurato.ch\\\/\",\"logo\":{\"@type\":\"ImageObject\",\"inLanguage\":\"fr-FR\",\"@id\":\"https:\\\/\\\/kurato.ch\\\/#\\\/schema\\\/logo\\\/image\\\/\",\"url\":\"\",\"contentUrl\":\"\",\"caption\":\"Kurato.\"},\"image\":{\"@id\":\"https:\\\/\\\/kurato.ch\\\/#\\\/schema\\\/logo\\\/image\\\/\"},\"sameAs\":[\"https:\\\/\\\/www.facebook.com\\\/kuratoswitzerland\",\"https:\\\/\\\/www.instagram.com\\\/kurato.ch\\\/\",\"https:\\\/\\\/www.pinterest.ch\\\/kurato_ch\\\/_created\\\/\"]}]}<\/script>\n<!-- \/ Yoast SEO plugin. -->","yoast_head_json":{"title":"Stehleuchte Modell Aton Terra von Ernesto Gismondi f\u00fcr Artemide, 1980er Jahre | Vintage M\u00f6bel kaufen auf KURATO.CH","description":"Entdecke Vintage M\u00f6bel & Dekoration \u27a4 Stehleuchte Modell Aton Terra von Ernesto Gismondi f\u00fcr Artemide, 1980er Jahre auf Kurato. \u2713Lieferung Schweiz \u271314-Tage R\u00fcckgabe \u2713Secondhand Unikat","robots":{"index":"index","follow":"follow","max-snippet":"max-snippet:-1","max-image-preview":"max-image-preview:large","max-video-preview":"max-video-preview:-1"},"canonical":"https:\/\/kurato.ch\/fr\/product\/stehleuchte-modell-aton-terra-von-ernesto-gismondi-fuer-artemide-1980er-jahre\/","og_locale":"fr_FR","og_type":"article","og_title":"Stehleuchte Modell Aton Terra von Ernesto Gismondi f\u00fcr Artemide, 1980er Jahre | Vintage M\u00f6bel kaufen auf KURATO.CH","og_description":"Entdecke Vintage M\u00f6bel & Dekoration \u27a4 Stehleuchte Modell Aton Terra von Ernesto Gismondi f\u00fcr Artemide, 1980er Jahre auf Kurato. \u2713Lieferung Schweiz \u271314-Tage R\u00fcckgabe \u2713Secondhand Unikat","og_url":"https:\/\/kurato.ch\/fr\/product\/stehleuchte-modell-aton-terra-von-ernesto-gismondi-fuer-artemide-1980er-jahre\/","og_site_name":"Vintage M\u00f6bel &amp; Dekoration I Kurato","article_publisher":"https:\/\/www.facebook.com\/kuratoswitzerland","article_modified_time":"2026-05-14T13:05:06+00:00","og_image":[{"width":810,"height":810,"url":"https:\/\/kurato.ch\/wp-content\/uploads\/2026\/05\/Stehleuchte-Modell-Aton-Terra-von-Ernesto-Gismondi-fuer-Artemide-1980er-Jahre-vintage-secondhand-gebraucht-schweiz-Instagram-Post.jpg","type":"image\/jpeg"}],"twitter_misc":{"Dur\u00e9e de lecture estim\u00e9e":"1 minute"},"schema":{"@context":"https:\/\/schema.org","@graph":[{"@type":"WebPage","@id":"https:\/\/kurato.ch\/product\/stehleuchte-modell-aton-terra-von-ernesto-gismondi-fuer-artemide-1980er-jahre\/","url":"https:\/\/kurato.ch\/product\/stehleuchte-modell-aton-terra-von-ernesto-gismondi-fuer-artemide-1980er-jahre\/","name":"Stehleuchte Modell Aton Terra von Ernesto Gismondi f\u00fcr Artemide, 1980er Jahre | Vintage M\u00f6bel kaufen auf KURATO.CH","isPartOf":{"@id":"https:\/\/kurato.ch\/#website"},"primaryImageOfPage":{"@id":"https:\/\/kurato.ch\/product\/stehleuchte-modell-aton-terra-von-ernesto-gismondi-fuer-artemide-1980er-jahre\/#primaryimage"},"image":{"@id":"https:\/\/kurato.ch\/product\/stehleuchte-modell-aton-terra-von-ernesto-gismondi-fuer-artemide-1980er-jahre\/#primaryimage"},"thumbnailUrl":"https:\/\/kurato.ch\/wp-content\/uploads\/2026\/05\/Stehleuchte-Modell-Aton-Terra-von-Ernesto-Gismondi-fuer-Artemide-1980er-Jahre-vintage-secondhand-gebraucht-schweiz-Instagram-Post.jpg","datePublished":"2026-05-14T13:05:05+00:00","dateModified":"2026-05-14T13:05:06+00:00","description":"Entdecke Vintage M\u00f6bel & Dekoration \u27a4 Stehleuchte Modell Aton Terra von Ernesto Gismondi f\u00fcr Artemide, 1980er Jahre auf Kurato. \u2713Lieferung Schweiz \u271314-Tage R\u00fcckgabe \u2713Secondhand Unikat","breadcrumb":{"@id":"https:\/\/kurato.ch\/product\/stehleuchte-modell-aton-terra-von-ernesto-gismondi-fuer-artemide-1980er-jahre\/#breadcrumb"},"inLanguage":"fr-FR","potentialAction":[{"@type":"ReadAction","target":["https:\/\/kurato.ch\/product\/stehleuchte-modell-aton-terra-von-ernesto-gismondi-fuer-artemide-1980er-jahre\/"]}]},{"@type":"ImageObject","inLanguage":"fr-FR","@id":"https:\/\/kurato.ch\/product\/stehleuchte-modell-aton-terra-von-ernesto-gismondi-fuer-artemide-1980er-jahre\/#primaryimage","url":"https:\/\/kurato.ch\/wp-content\/uploads\/2026\/05\/Stehleuchte-Modell-Aton-Terra-von-Ernesto-Gismondi-fuer-Artemide-1980er-Jahre-vintage-secondhand-gebraucht-schweiz-Instagram-Post.jpg","contentUrl":"https:\/\/kurato.ch\/wp-content\/uploads\/2026\/05\/Stehleuchte-Modell-Aton-Terra-von-Ernesto-Gismondi-fuer-Artemide-1980er-Jahre-vintage-secondhand-gebraucht-schweiz-Instagram-Post.jpg","width":810,"height":810,"caption":"Stehleuchte Modell Aton Terra von Ernesto Gismondi f\u00fcr Artemide, 1980er Jahre"},{"@type":"BreadcrumbList","@id":"https:\/\/kurato.ch\/product\/stehleuchte-modell-aton-terra-von-ernesto-gismondi-fuer-artemide-1980er-jahre\/#breadcrumb","itemListElement":[{"@type":"ListItem","position":1,"name":"Home","item":"https:\/\/kurato.ch\/"},{"@type":"ListItem","position":2,"name":"Neuheiten","item":"https:\/\/kurato.ch\/neuheiten\/"},{"@type":"ListItem","position":3,"name":"Stehleuchte Modell Aton Terra von Ernesto Gismondi f\u00fcr Artemide, 1980er Jahre"}]},{"@type":"WebSite","@id":"https:\/\/kurato.ch\/#website","url":"https:\/\/kurato.ch\/","name":"Meubles vintage &amp; d\u00e9coration I Kurato","description":"Meubles vintage &amp; d\u00e9coration I Kurato","publisher":{"@id":"https:\/\/kurato.ch\/#organization"},"potentialAction":[{"@type":"SearchAction","target":{"@type":"EntryPoint","urlTemplate":"https:\/\/kurato.ch\/?s={search_term_string}"},"query-input":{"@type":"PropertyValueSpecification","valueRequired":true,"valueName":"search_term_string"}}],"inLanguage":"fr-FR"},{"@type":"Organization","@id":"https:\/\/kurato.ch\/#organization","name":"Kurato.","url":"https:\/\/kurato.ch\/","logo":{"@type":"ImageObject","inLanguage":"fr-FR","@id":"https:\/\/kurato.ch\/#\/schema\/logo\/image\/","url":"","contentUrl":"","caption":"Kurato."},"image":{"@id":"https:\/\/kurato.ch\/#\/schema\/logo\/image\/"},"sameAs":["https:\/\/www.facebook.com\/kuratoswitzerland","https:\/\/www.instagram.com\/kurato.ch\/","https:\/\/www.pinterest.ch\/kurato_ch\/_created\/"]}]}},"_links":{"self":[{"href":"https:\/\/kurato.ch\/fr\/wp-json\/wp\/v2\/product\/74580","targetHints":{"allow":["GET"]}}],"collection":[{"href":"https:\/\/kurato.ch\/fr\/wp-json\/wp\/v2\/product"}],"about":[{"href":"https:\/\/kurato.ch\/fr\/wp-json\/wp\/v2\/types\/product"}],"wp:featuredmedia":[{"embeddable":true,"href":"https:\/\/kurato.ch\/fr\/wp-json\/wp\/v2\/media\/74656"}],"wp:attachment":[{"href":"https:\/\/kurato.ch\/fr\/wp-json\/wp\/v2\/media?parent=74580"}],"wp:term":[{"taxonomy":"product_brand","embeddable":true,"href":"https:\/\/kurato.ch\/fr\/wp-json\/wp\/v2\/product_brand?post=74580"},{"taxonomy":"product_cat","embeddable":true,"href":"https:\/\/kurato.ch\/fr\/wp-json\/wp\/v2\/product_cat?post=74580"},{"taxonomy":"product_tag","embeddable":true,"href":"https:\/\/kurato.ch\/fr\/wp-json\/wp\/v2\/product_tag?post=74580"}],"curies":[{"name":"wp","href":"https:\/\/api.w.org\/{rel}","templated":true}]}}