{"id":74604,"date":"2026-05-14T14:46:58","date_gmt":"2026-05-14T12:46:58","guid":{"rendered":"https:\/\/kurato.ch\/?post_type=product&#038;p=74604"},"modified":"2026-05-14T14:46:59","modified_gmt":"2026-05-14T12:46:59","slug":"sitzbank-im-biedermeier-stil-aus-kirschbaum-1930er-jahre","status":"publish","type":"product","link":"https:\/\/kurato.ch\/fr\/product\/sitzbank-im-biedermeier-stil-aus-kirschbaum-1930er-jahre\/","title":{"rendered":"Sitzbank im Biedermeier Stil aus Kirschbaum, 1930er Jahre"},"content":{"rendered":"<p>Elegante Biedermeier Sitzbank mit klarer Linienf\u00fchrung und feiner handwerklicher Ausarbeitung. Gefertigt aus massivem Kirschbaumholz, \u00fcberzeugt dieses St\u00fcck durch seine warme, honigfarbene T\u00f6nung und die lebendige, fein verlaufende Maserung, die besonders auf der Sitzfl\u00e4che sch\u00f6n zur Geltung kommt. Die reduzierte Formensprache ist typisch f\u00fcr das Biedermeier und wird durch dezente, dekorative Elemente erg\u00e4nzt. Die seitlichen Wangen sind leicht geschwungen ausgef\u00fchrt und gehen harmonisch in die schlanken, nach aussen gestellten Beine \u00fcber. Die integrierten R\u00fcckenlehnen zeigen ein fein geschnitztes, symmetrisches Motiv, das dem M\u00f6bel eine subtile Eleganz verleiht, ohne die ruhige Gesamtwirkung zu st\u00f6ren. Die solide Konstruktion aus Massivholz unterstreicht die hohe handwerkliche Qualit\u00e4t und sorgt f\u00fcr eine stabile, langlebige Nutzung. Diese Bank eignet sich ideal als stilvolles Einzelst\u00fcck im Eingangsbereich, im Schlafzimmer oder als dekorative Erg\u00e4nzung in einem klassischen oder modernen Interieur mit historischen Akzenten.<\/p>\n<p>Zustand: Gebrachter, guter Zustand mit altersbedingten Gebrauchsspuren. Sch\u00f6ne, gleichm\u00e4ssige Patina, kleinere Kratzer und Druckstellen sowie leichte Verf\u00e4rbungen im Holz vorhanden, insgesamt stabil und funktionst\u00fcchtig.<\/p>\n<p>Masse: L118 x B36 x H82 cm<br \/>Hauteur du si\u00e8ge : 48 cm<\/p>\n<p><strong>Du m\u00f6chtest den Artikel zu Dir nach Hause geliefert bekommen:<\/strong> Bitte kontaktiere den Kundendienst von Kurato <a href=\"mailto:hello@kurato.ch\" data-mce-href=\"mailto:hello@kurato.ch\"><strong>hello@kurato.ch<\/strong><\/a> et demandez une offre de livraison personnalis\u00e9e.<\/p>\n<p><br data-mce-bogus=\"1\"><\/p>","protected":false},"excerpt":{"rendered":"<p>Elegante Biedermeier Sitzbank mit klarer Linienf\u00fchrung und feiner handwerklicher Ausarbeitung. Gefertigt aus massivem Kirschbaumholz, \u00fcberzeugt dieses St\u00fcck durch seine warme, honigfarbene T\u00f6nung und die lebendige, fein verlaufende Maserung, die besonders auf der Sitzfl\u00e4che sch\u00f6n zur Geltung kommt. Die reduzierte Formensprache ist typisch f\u00fcr das Biedermeier und wird durch dezente, dekorative Elemente erg\u00e4nzt. Die seitlichen Wangen [&hellip;]<\/p>\n","protected":false},"featured_media":74652,"template":"","meta":{"_acf_changed":false,"site-sidebar-layout":"default","site-content-layout":"","ast-site-content-layout":"default","site-content-style":"default","site-sidebar-style":"default","ast-global-header-display":"","ast-banner-title-visibility":"","ast-main-header-display":"","ast-hfb-above-header-display":"","ast-hfb-below-header-display":"","ast-hfb-mobile-header-display":"","site-post-title":"","ast-breadcrumbs-content":"","ast-featured-img":"","footer-sml-layout":"","ast-disable-related-posts":"","theme-transparent-header-meta":"","adv-header-id-meta":"","stick-header-meta":"","header-above-stick-meta":"","header-main-stick-meta":"","header-below-stick-meta":"","astra-migrate-meta-layouts":"default","ast-page-background-enabled":"default","ast-page-background-meta":{"desktop":{"background-color":"","background-image":"","background-repeat":"repeat","background-position":"center center","background-size":"auto","background-attachment":"scroll","background-type":"","background-media":"","overlay-type":"","overlay-color":"","overlay-opacity":"","overlay-gradient":""},"tablet":{"background-color":"","background-image":"","background-repeat":"repeat","background-position":"center center","background-size":"auto","background-attachment":"scroll","background-type":"","background-media":"","overlay-type":"","overlay-color":"","overlay-opacity":"","overlay-gradient":""},"mobile":{"background-color":"","background-image":"","background-repeat":"repeat","background-position":"center center","background-size":"auto","background-attachment":"scroll","background-type":"","background-media":"","overlay-type":"","overlay-color":"","overlay-opacity":"","overlay-gradient":""}},"ast-content-background-meta":{"desktop":{"background-color":"var(--ast-global-color-5)","background-image":"","background-repeat":"repeat","background-position":"center center","background-size":"auto","background-attachment":"scroll","background-type":"","background-media":"","overlay-type":"","overlay-color":"","overlay-opacity":"","overlay-gradient":""},"tablet":{"background-color":"var(--ast-global-color-5)","background-image":"","background-repeat":"repeat","background-position":"center center","background-size":"auto","background-attachment":"scroll","background-type":"","background-media":"","overlay-type":"","overlay-color":"","overlay-opacity":"","overlay-gradient":""},"mobile":{"background-color":"var(--ast-global-color-5)","background-image":"","background-repeat":"repeat","background-position":"center center","background-size":"auto","background-attachment":"scroll","background-type":"","background-media":"","overlay-type":"","overlay-color":"","overlay-opacity":"","overlay-gradient":""}}},"product_brand":[],"product_cat":[156],"product_tag":[],"class_list":{"0":"post-74604","1":"product","2":"type-product","3":"status-publish","4":"has-post-thumbnail","6":"product_cat-vintage-sofas-sitzbank","7":"pa_farbe-braun","8":"pa_material-holz","9":"pa_stil-vintage","10":"desktop-align-left","11":"tablet-align-left","12":"mobile-align-left","14":"first","15":"instock","16":"sold-individually","17":"shipping-taxable","18":"purchasable","19":"product-type-simple"},"acf":[],"yoast_head":"<!-- This site is optimized with the Yoast SEO plugin v27.6 - https:\/\/yoast.com\/product\/yoast-seo-wordpress\/ -->\n<title>Sitzbank im Biedermeier Stil aus Kirschbaum, 1930er Jahre | Vintage M\u00f6bel kaufen auf KURATO.CH<\/title>\n<meta name=\"description\" content=\"Entdecke Vintage M\u00f6bel &amp; Dekoration \u27a4 Sitzbank im Biedermeier Stil aus Kirschbaum, 1930er Jahre auf Kurato. \u2713Lieferung Schweiz \u271314-Tage R\u00fcckgabe \u2713Secondhand Unikat\" \/>\n<meta name=\"robots\" content=\"index, follow, max-snippet:-1, max-image-preview:large, max-video-preview:-1\" \/>\n<link rel=\"canonical\" href=\"https:\/\/kurato.ch\/fr\/product\/sitzbank-im-biedermeier-stil-aus-kirschbaum-1930er-jahre\/\" \/>\n<meta property=\"og:locale\" content=\"fr_FR\" \/>\n<meta property=\"og:type\" content=\"article\" \/>\n<meta property=\"og:title\" content=\"Sitzbank im Biedermeier Stil aus Kirschbaum, 1930er Jahre | Vintage M\u00f6bel kaufen auf KURATO.CH\" \/>\n<meta property=\"og:description\" content=\"Entdecke Vintage M\u00f6bel &amp; Dekoration \u27a4 Sitzbank im Biedermeier Stil aus Kirschbaum, 1930er Jahre auf Kurato. \u2713Lieferung Schweiz \u271314-Tage R\u00fcckgabe \u2713Secondhand Unikat\" \/>\n<meta property=\"og:url\" content=\"https:\/\/kurato.ch\/fr\/product\/sitzbank-im-biedermeier-stil-aus-kirschbaum-1930er-jahre\/\" \/>\n<meta property=\"og:site_name\" content=\"Vintage M\u00f6bel &amp; Dekoration I Kurato\" \/>\n<meta property=\"article:publisher\" content=\"https:\/\/www.facebook.com\/kuratoswitzerland\" \/>\n<meta property=\"article:modified_time\" content=\"2026-05-14T12:46:59+00:00\" \/>\n<meta property=\"og:image\" content=\"https:\/\/kurato.ch\/wp-content\/uploads\/2026\/05\/Sitzbank-im-Biedermeier-Stil-aus-Kirschbaum-1930er-Jahre-vintage-secondhand-gebraucht-schweiz-Instagram-Post.jpg\" \/>\n\t<meta property=\"og:image:width\" content=\"810\" \/>\n\t<meta property=\"og:image:height\" content=\"810\" \/>\n\t<meta property=\"og:image:type\" content=\"image\/jpeg\" \/>\n<meta name=\"twitter:label1\" content=\"Dur\u00e9e de lecture estim\u00e9e\" \/>\n\t<meta name=\"twitter:data1\" content=\"1 minute\" \/>\n<script type=\"application\/ld+json\" class=\"yoast-schema-graph\">{\"@context\":\"https:\\\/\\\/schema.org\",\"@graph\":[{\"@type\":\"WebPage\",\"@id\":\"https:\\\/\\\/kurato.ch\\\/product\\\/sitzbank-im-biedermeier-stil-aus-kirschbaum-1930er-jahre\\\/\",\"url\":\"https:\\\/\\\/kurato.ch\\\/product\\\/sitzbank-im-biedermeier-stil-aus-kirschbaum-1930er-jahre\\\/\",\"name\":\"Sitzbank im Biedermeier Stil aus Kirschbaum, 1930er Jahre | Vintage M\u00f6bel kaufen auf KURATO.CH\",\"isPartOf\":{\"@id\":\"https:\\\/\\\/kurato.ch\\\/#website\"},\"primaryImageOfPage\":{\"@id\":\"https:\\\/\\\/kurato.ch\\\/product\\\/sitzbank-im-biedermeier-stil-aus-kirschbaum-1930er-jahre\\\/#primaryimage\"},\"image\":{\"@id\":\"https:\\\/\\\/kurato.ch\\\/product\\\/sitzbank-im-biedermeier-stil-aus-kirschbaum-1930er-jahre\\\/#primaryimage\"},\"thumbnailUrl\":\"https:\\\/\\\/kurato.ch\\\/wp-content\\\/uploads\\\/2026\\\/05\\\/Sitzbank-im-Biedermeier-Stil-aus-Kirschbaum-1930er-Jahre-vintage-secondhand-gebraucht-schweiz-Instagram-Post.jpg\",\"datePublished\":\"2026-05-14T12:46:58+00:00\",\"dateModified\":\"2026-05-14T12:46:59+00:00\",\"description\":\"Entdecke Vintage M\u00f6bel & Dekoration \u27a4 Sitzbank im Biedermeier Stil aus Kirschbaum, 1930er Jahre auf Kurato. \u2713Lieferung Schweiz \u271314-Tage R\u00fcckgabe \u2713Secondhand Unikat\",\"breadcrumb\":{\"@id\":\"https:\\\/\\\/kurato.ch\\\/product\\\/sitzbank-im-biedermeier-stil-aus-kirschbaum-1930er-jahre\\\/#breadcrumb\"},\"inLanguage\":\"fr-FR\",\"potentialAction\":[{\"@type\":\"ReadAction\",\"target\":[\"https:\\\/\\\/kurato.ch\\\/product\\\/sitzbank-im-biedermeier-stil-aus-kirschbaum-1930er-jahre\\\/\"]}]},{\"@type\":\"ImageObject\",\"inLanguage\":\"fr-FR\",\"@id\":\"https:\\\/\\\/kurato.ch\\\/product\\\/sitzbank-im-biedermeier-stil-aus-kirschbaum-1930er-jahre\\\/#primaryimage\",\"url\":\"https:\\\/\\\/kurato.ch\\\/wp-content\\\/uploads\\\/2026\\\/05\\\/Sitzbank-im-Biedermeier-Stil-aus-Kirschbaum-1930er-Jahre-vintage-secondhand-gebraucht-schweiz-Instagram-Post.jpg\",\"contentUrl\":\"https:\\\/\\\/kurato.ch\\\/wp-content\\\/uploads\\\/2026\\\/05\\\/Sitzbank-im-Biedermeier-Stil-aus-Kirschbaum-1930er-Jahre-vintage-secondhand-gebraucht-schweiz-Instagram-Post.jpg\",\"width\":810,\"height\":810,\"caption\":\"Sitzbank im Biedermeier Stil aus Kirschbaum, 1930er Jahre\"},{\"@type\":\"BreadcrumbList\",\"@id\":\"https:\\\/\\\/kurato.ch\\\/product\\\/sitzbank-im-biedermeier-stil-aus-kirschbaum-1930er-jahre\\\/#breadcrumb\",\"itemListElement\":[{\"@type\":\"ListItem\",\"position\":1,\"name\":\"Home\",\"item\":\"https:\\\/\\\/kurato.ch\\\/\"},{\"@type\":\"ListItem\",\"position\":2,\"name\":\"Neuheiten\",\"item\":\"https:\\\/\\\/kurato.ch\\\/neuheiten\\\/\"},{\"@type\":\"ListItem\",\"position\":3,\"name\":\"Sitzbank im Biedermeier Stil aus Kirschbaum, 1930er Jahre\"}]},{\"@type\":\"WebSite\",\"@id\":\"https:\\\/\\\/kurato.ch\\\/#website\",\"url\":\"https:\\\/\\\/kurato.ch\\\/\",\"name\":\"Vintage M\u00f6bel &amp; Dekoration I Kurato\",\"description\":\"Vintage M\u00f6bel &amp; Dekoration I Kurato\",\"publisher\":{\"@id\":\"https:\\\/\\\/kurato.ch\\\/#organization\"},\"potentialAction\":[{\"@type\":\"SearchAction\",\"target\":{\"@type\":\"EntryPoint\",\"urlTemplate\":\"https:\\\/\\\/kurato.ch\\\/?s={search_term_string}\"},\"query-input\":{\"@type\":\"PropertyValueSpecification\",\"valueRequired\":true,\"valueName\":\"search_term_string\"}}],\"inLanguage\":\"fr-FR\"},{\"@type\":\"Organization\",\"@id\":\"https:\\\/\\\/kurato.ch\\\/#organization\",\"name\":\"Kurato.\",\"url\":\"https:\\\/\\\/kurato.ch\\\/\",\"logo\":{\"@type\":\"ImageObject\",\"inLanguage\":\"fr-FR\",\"@id\":\"https:\\\/\\\/kurato.ch\\\/#\\\/schema\\\/logo\\\/image\\\/\",\"url\":\"\",\"contentUrl\":\"\",\"caption\":\"Kurato.\"},\"image\":{\"@id\":\"https:\\\/\\\/kurato.ch\\\/#\\\/schema\\\/logo\\\/image\\\/\"},\"sameAs\":[\"https:\\\/\\\/www.facebook.com\\\/kuratoswitzerland\",\"https:\\\/\\\/www.instagram.com\\\/kurato.ch\\\/\",\"https:\\\/\\\/www.pinterest.ch\\\/kurato_ch\\\/_created\\\/\"]}]}<\/script>\n<!-- \/ Yoast SEO plugin. -->","yoast_head_json":{"title":"Sitzbank im Biedermeier Stil aus Kirschbaum, 1930er Jahre | Vintage M\u00f6bel kaufen auf KURATO.CH","description":"Entdecke Vintage M\u00f6bel & Dekoration \u27a4 Sitzbank im Biedermeier Stil aus Kirschbaum, 1930er Jahre auf Kurato. \u2713Lieferung Schweiz \u271314-Tage R\u00fcckgabe \u2713Secondhand Unikat","robots":{"index":"index","follow":"follow","max-snippet":"max-snippet:-1","max-image-preview":"max-image-preview:large","max-video-preview":"max-video-preview:-1"},"canonical":"https:\/\/kurato.ch\/fr\/product\/sitzbank-im-biedermeier-stil-aus-kirschbaum-1930er-jahre\/","og_locale":"fr_FR","og_type":"article","og_title":"Sitzbank im Biedermeier Stil aus Kirschbaum, 1930er Jahre | Vintage M\u00f6bel kaufen auf KURATO.CH","og_description":"Entdecke Vintage M\u00f6bel & Dekoration \u27a4 Sitzbank im Biedermeier Stil aus Kirschbaum, 1930er Jahre auf Kurato. \u2713Lieferung Schweiz \u271314-Tage R\u00fcckgabe \u2713Secondhand Unikat","og_url":"https:\/\/kurato.ch\/fr\/product\/sitzbank-im-biedermeier-stil-aus-kirschbaum-1930er-jahre\/","og_site_name":"Vintage M\u00f6bel &amp; Dekoration I Kurato","article_publisher":"https:\/\/www.facebook.com\/kuratoswitzerland","article_modified_time":"2026-05-14T12:46:59+00:00","og_image":[{"width":810,"height":810,"url":"https:\/\/kurato.ch\/wp-content\/uploads\/2026\/05\/Sitzbank-im-Biedermeier-Stil-aus-Kirschbaum-1930er-Jahre-vintage-secondhand-gebraucht-schweiz-Instagram-Post.jpg","type":"image\/jpeg"}],"twitter_misc":{"Dur\u00e9e de lecture estim\u00e9e":"1 minute"},"schema":{"@context":"https:\/\/schema.org","@graph":[{"@type":"WebPage","@id":"https:\/\/kurato.ch\/product\/sitzbank-im-biedermeier-stil-aus-kirschbaum-1930er-jahre\/","url":"https:\/\/kurato.ch\/product\/sitzbank-im-biedermeier-stil-aus-kirschbaum-1930er-jahre\/","name":"Sitzbank im Biedermeier Stil aus Kirschbaum, 1930er Jahre | Vintage M\u00f6bel kaufen auf KURATO.CH","isPartOf":{"@id":"https:\/\/kurato.ch\/#website"},"primaryImageOfPage":{"@id":"https:\/\/kurato.ch\/product\/sitzbank-im-biedermeier-stil-aus-kirschbaum-1930er-jahre\/#primaryimage"},"image":{"@id":"https:\/\/kurato.ch\/product\/sitzbank-im-biedermeier-stil-aus-kirschbaum-1930er-jahre\/#primaryimage"},"thumbnailUrl":"https:\/\/kurato.ch\/wp-content\/uploads\/2026\/05\/Sitzbank-im-Biedermeier-Stil-aus-Kirschbaum-1930er-Jahre-vintage-secondhand-gebraucht-schweiz-Instagram-Post.jpg","datePublished":"2026-05-14T12:46:58+00:00","dateModified":"2026-05-14T12:46:59+00:00","description":"Entdecke Vintage M\u00f6bel & Dekoration \u27a4 Sitzbank im Biedermeier Stil aus Kirschbaum, 1930er Jahre auf Kurato. \u2713Lieferung Schweiz \u271314-Tage R\u00fcckgabe \u2713Secondhand Unikat","breadcrumb":{"@id":"https:\/\/kurato.ch\/product\/sitzbank-im-biedermeier-stil-aus-kirschbaum-1930er-jahre\/#breadcrumb"},"inLanguage":"fr-FR","potentialAction":[{"@type":"ReadAction","target":["https:\/\/kurato.ch\/product\/sitzbank-im-biedermeier-stil-aus-kirschbaum-1930er-jahre\/"]}]},{"@type":"ImageObject","inLanguage":"fr-FR","@id":"https:\/\/kurato.ch\/product\/sitzbank-im-biedermeier-stil-aus-kirschbaum-1930er-jahre\/#primaryimage","url":"https:\/\/kurato.ch\/wp-content\/uploads\/2026\/05\/Sitzbank-im-Biedermeier-Stil-aus-Kirschbaum-1930er-Jahre-vintage-secondhand-gebraucht-schweiz-Instagram-Post.jpg","contentUrl":"https:\/\/kurato.ch\/wp-content\/uploads\/2026\/05\/Sitzbank-im-Biedermeier-Stil-aus-Kirschbaum-1930er-Jahre-vintage-secondhand-gebraucht-schweiz-Instagram-Post.jpg","width":810,"height":810,"caption":"Sitzbank im Biedermeier Stil aus Kirschbaum, 1930er Jahre"},{"@type":"BreadcrumbList","@id":"https:\/\/kurato.ch\/product\/sitzbank-im-biedermeier-stil-aus-kirschbaum-1930er-jahre\/#breadcrumb","itemListElement":[{"@type":"ListItem","position":1,"name":"Home","item":"https:\/\/kurato.ch\/"},{"@type":"ListItem","position":2,"name":"Neuheiten","item":"https:\/\/kurato.ch\/neuheiten\/"},{"@type":"ListItem","position":3,"name":"Sitzbank im Biedermeier Stil aus Kirschbaum, 1930er Jahre"}]},{"@type":"WebSite","@id":"https:\/\/kurato.ch\/#website","url":"https:\/\/kurato.ch\/","name":"Meubles vintage &amp; d\u00e9coration I Kurato","description":"Meubles vintage &amp; d\u00e9coration I Kurato","publisher":{"@id":"https:\/\/kurato.ch\/#organization"},"potentialAction":[{"@type":"SearchAction","target":{"@type":"EntryPoint","urlTemplate":"https:\/\/kurato.ch\/?s={search_term_string}"},"query-input":{"@type":"PropertyValueSpecification","valueRequired":true,"valueName":"search_term_string"}}],"inLanguage":"fr-FR"},{"@type":"Organization","@id":"https:\/\/kurato.ch\/#organization","name":"Kurato.","url":"https:\/\/kurato.ch\/","logo":{"@type":"ImageObject","inLanguage":"fr-FR","@id":"https:\/\/kurato.ch\/#\/schema\/logo\/image\/","url":"","contentUrl":"","caption":"Kurato."},"image":{"@id":"https:\/\/kurato.ch\/#\/schema\/logo\/image\/"},"sameAs":["https:\/\/www.facebook.com\/kuratoswitzerland","https:\/\/www.instagram.com\/kurato.ch\/","https:\/\/www.pinterest.ch\/kurato_ch\/_created\/"]}]}},"_links":{"self":[{"href":"https:\/\/kurato.ch\/fr\/wp-json\/wp\/v2\/product\/74604","targetHints":{"allow":["GET"]}}],"collection":[{"href":"https:\/\/kurato.ch\/fr\/wp-json\/wp\/v2\/product"}],"about":[{"href":"https:\/\/kurato.ch\/fr\/wp-json\/wp\/v2\/types\/product"}],"wp:featuredmedia":[{"embeddable":true,"href":"https:\/\/kurato.ch\/fr\/wp-json\/wp\/v2\/media\/74652"}],"wp:attachment":[{"href":"https:\/\/kurato.ch\/fr\/wp-json\/wp\/v2\/media?parent=74604"}],"wp:term":[{"taxonomy":"product_brand","embeddable":true,"href":"https:\/\/kurato.ch\/fr\/wp-json\/wp\/v2\/product_brand?post=74604"},{"taxonomy":"product_cat","embeddable":true,"href":"https:\/\/kurato.ch\/fr\/wp-json\/wp\/v2\/product_cat?post=74604"},{"taxonomy":"product_tag","embeddable":true,"href":"https:\/\/kurato.ch\/fr\/wp-json\/wp\/v2\/product_tag?post=74604"}],"curies":[{"name":"wp","href":"https:\/\/api.w.org\/{rel}","templated":true}]}}